{"id":245,"date":"2017-09-11T11:56:44","date_gmt":"2017-09-11T14:56:44","guid":{"rendered":"http:\/\/www.professores.uff.br\/jcolombo\/?page_id=245"},"modified":"2017-09-18T11:22:00","modified_gmt":"2017-09-18T14:22:00","slug":"algebra-linear-ii-gan00164-turma-b1-12015","status":"publish","type":"page","link":"https:\/\/www.professores.uff.br\/jcolombo\/algebra-linear-ii-gan00164-turma-b1-12015\/","title":{"rendered":"\u00c1lgebra Linear II- GAN00164 &#8211; Turma B1 &#8211; 1\/2015"},"content":{"rendered":"<p><strong>Carga hor\u00e1ria:<\/strong> 60 hs, turma B1<\/p>\n<p><strong>Informa\u00e7\u00f5es:<\/strong><br \/>\nAqui est\u00e3o alguns arquivos em pdf que baixei da rede e que tem aplica\u00e7\u00f5es de \u00e1lgebra linear. Caso algu\u00e9m queira ler algum destes arquivos e esteja encontrando dificuldades eu teria muito prazer ajudar, \u00e9 s\u00f3 me procurar.<br \/>\nMudan\u00e7a de coordenadas do sistema CIE-RBG para o sistema CIE-XYZ. (pdf)<br \/>\nUma aplica\u00e7\u00e3o de \u00e1lgebra linear a tomografia. Este trabalho foi apresentado pela Danielle Nascimento monitora de \u00e1lgebra linear no XIV Semana de Monitoria.<br \/>\nUtiliza\u00e7\u00e3o de \u00e1lgebra linear em Circuitos El\u00e9tricos. (pdf)<\/p>\n<p><strong>Trabalhos:<\/strong><\/p>\n<p># Mecanismos de buscas &#8211; Alexandre e victor<br \/>\nVeja o livro do <a href=\"http:\/\/www.professores.uff.br\/jcolombo\/wp-content\/uploads\/sites\/124\/2017\/09\/1-2015-al2.pdf\" target=\"_blank\" rel=\"noopener noreferrer\">Gregorio Malajovich<\/a> a partir da p\u00e1g. 121<\/p>\n<p># Processamento de som &#8211; Gustavo e Erick<br \/>\nVeja referr\u00eancia 7) p\u00e1g. 490<br \/>\nlivro do <a href=\"http:\/\/www.professores.uff.br\/jcolombo\/wp-content\/uploads\/sites\/124\/2017\/09\/1-2015-al2.pdf\" target=\"_blank\" rel=\"noopener noreferrer\">Gregorio Malajovich<\/a> a partir da p\u00e1g 155<br \/>\nlivro do <a href=\"https:\/\/homepages.abdn.ac.uk\/mth192\/pages\/html\/music.pdf\" target=\"_blank\" rel=\"noopener noreferrer\">Dave Beson<\/a> p\u00e1g 241<br \/>\nA partir <a href=\"https:\/\/www.cs.hmc.edu\/~kperdue\/MusicalDSP.html#top\" target=\"_blank\" rel=\"noopener noreferrer\">desta p\u00e1gina<\/a> voc\u00ea encontra links para alguns programas de an\u00e1lise de m\u00fasica profissionais.<br \/>\nEste <a href=\"http:\/\/leevaraiya.org\/\" target=\"_blank\" rel=\"noopener noreferrer\">site<\/a> tamb\u00e9m tem informa\u00e7\u00e3o interessante.<\/p>\n<p># Funcionamento do ultrasom &#8211; V\u00e2nia<br \/>\nVeja a referr\u00eancia 7) p\u00e1g 436.<\/p>\n<p># Processamento de Imagem &#8211; M\u00e9todos de compreens\u00e3o de imagens<br \/>\nInicie estudando o site do <a href=\"http:\/\/www.uff.br\/cdme\/matrix\/matrix-html\/matrix-br.html\" target=\"_blank\" rel=\"noopener noreferrer\">cdme<\/a>, Veja tamb\u00e9m o seguinte <a href=\"http:\/\/www.professores.uff.br\/jcolombo\/wp-content\/uploads\/sites\/124\/2017\/09\/1-2015-Imagem-Digital-UFF-Humberto-e-Dirsu.pdf\" target=\"_blank\" rel=\"noopener noreferrer\">arquivo<\/a>.<br \/>\nAgora veja o seguinte <a href=\"http:\/\/www.whydomath.org\/node\/wavlets\/hwt.html\" target=\"_blank\" rel=\"noopener noreferrer\">site<\/a> para a transforma\u00e7\u00e3o de Haar.<br \/>\nSugiro que procure pelo livro: David Lay, Linear Algebra and Its Applications, Addison-Wesley, 2011.<\/p>\n<p>Quem achar interessante usar um software para fazer as contas sugiro os seguintes que s\u00e3o livres. Caso voc\u00ea tenha uma licen\u00e7a do Mathematica, Mapple, Matlab todos eles oferecem inumeras ferramentas.<br \/>\n<a href=\"http:\/\/andrejv.github.io\/wxmaxima\/\" target=\"_blank\" rel=\"noopener noreferrer\">wxmaxima<\/a><\/p>\n<hr \/>\n<p><strong>Monitoria:<\/strong> NILTON ROBERTO DO CARMO<br \/>\n4\u00aa-&gt;das 14h \u00e0s 18h.<\/p>\n<hr \/>\n<p><strong>Lista de Exerc\u00edcios:<\/strong><br \/>\nEst\u00e3o na pasta 47 da x\u00e9rox do Instituto de Matem\u00e1tica.<\/p>\n<p>Listas de exerc\u00edcios para se preparar para a P2.<br \/>\n* Exerc\u00edcios do cap\u00edtulos: 8, 9 e 10 do livro do Boldrini<br \/>\n* Exerc\u00edcios do cap\u00edtulo de Produto Interno, Proje\u00e7\u00f5es e Operadores Ortogonais da minha apostila com o Koiller.<br \/>\n* Exerc\u00edcios extra\u00eddos da nossa refer\u00eancia 02.<\/p>\n<hr \/>\n<p><strong>Hor\u00e1rio:<\/strong> 2\u00aa e 4\u00aa-feiras na sala IM-101 das 20 \u00e0s 22hs.<br \/>\n<strong>Meu hor\u00e1rio de atendimento:<\/strong> 3\u00aa e 4\u00aa-feiras, das 17-18hs em meu gabinete.<\/p>\n<hr \/>\n<p><strong>Provas<\/strong><br \/>\n<a href=\"http:\/\/www.professores.uff.br\/jcolombo\/wp-content\/uploads\/sites\/124\/2017\/09\/1-2015-Prova1ALII.pdf\" target=\"_blank\" rel=\"noopener noreferrer\">P1<\/a> 05\/05<br \/>\n<a href=\"http:\/\/www.professores.uff.br\/jcolombo\/wp-content\/uploads\/sites\/124\/2017\/09\/1-2015-Prova2ALII.pdf\" target=\"_blank\" rel=\"noopener noreferrer\">P2<\/a> 30\/06<br \/>\n<a href=\"http:\/\/www.professores.uff.br\/jcolombo\/wp-content\/uploads\/sites\/124\/2017\/09\/1-2015-VRALII.pdf\" target=\"_blank\" rel=\"noopener noreferrer\">VR<\/a> 07\/07 (Toda a mat\u00e9ria)<br \/>\n<a href=\"http:\/\/www.professores.uff.br\/jcolombo\/wp-content\/uploads\/sites\/124\/2017\/09\/1-2015-VSALII.pdf\" target=\"_blank\" rel=\"noopener noreferrer\">VS<\/a> 09\/07 (Toda a mat\u00e9ria)<br \/>\n<a href=\"http:\/\/www.professores.uff.br\/jcolombo\/wp-content\/uploads\/sites\/124\/2017\/09\/1-2015-VSALII_Gabarito.pdf\" target=\"_blank\" rel=\"noopener noreferrer\">Gabarito da VS<\/a><\/p>\n<hr \/>\n<p><strong>Provas de 2009-2 quando dei esta disciplina:<\/strong> <a href=\"http:\/\/www.professores.uff.br\/jcolombo\/wp-content\/uploads\/sites\/124\/2017\/09\/1-2015-Prova1-Alg-Lin.pdf\" target=\"_blank\" rel=\"noopener noreferrer\">1\u00aa Prova<\/a>, <a href=\"http:\/\/www.professores.uff.br\/jcolombo\/wp-content\/uploads\/sites\/124\/2017\/09\/1-2015-Prova2-Alg-Lin.pdf\" target=\"_blank\" rel=\"noopener noreferrer\">2\u00aa Prova.<\/a><\/p>\n<hr \/>\n<p><strong>Cronograma<\/strong><\/p>\n<p>10\/03 &#8211; 1 Apresenta\u00e7\u00e3o do curso, ementa, avalia\u00e7\u00e3o e bibliografia<br \/>\n12\/03 &#8211; 2 Defini determinantes e dei as propriedades b\u00e1sicas.<\/p>\n<p>17\/03 &#8211; 3 Determinantes: Matrizes de Permuta\u00e7\u00e3o, Det(A)=Det(A^t), Matrizes Elementares, M\u00e9todo para calcular inversa.<br \/>\n19\/03 &#8211; 4 Determinantes: Laplace, Cramer, Adj(A);<\/p>\n<p>24\/03 &#8211; 5 Interpreta\u00e7\u00e3o geom\u00e9trica do determinante, Autovalores e autovetores<br \/>\n26\/03 &#8211; 6 Auto-espa\u00e7os (Terminei a aula mais cedo &#8211; concluir o assunto na pr\u00f3xima aula)<\/p>\n<p>31\/03 &#8211; 7 Auto-espa\u00e7os S\u00f3 faltou falar sobre polin\u00f4mio m\u00ednimo<br \/>\n02\/04 &#8211; N\u00e3o teve -5\u00aa-feira santa;<\/p>\n<p>07\/04 &#8211; 8 Polin\u00f4mio m\u00ednimo, diagonaliza\u00e7\u00e3o;<br \/>\n09\/04 &#8211; 9 Exerc\u00edcio &#8211; sobre diagonaliza\u00e7\u00e3o<\/p>\n<p>14\/04 &#8211; 10 Exerc\u00edcios &#8211; revis\u00e3o dos exerc\u00edcios sobre diagonaliza\u00e7\u00e3o<br \/>\n16\/04 &#8211; 11 Exerc\u00edcios &#8211; propriedades do determinante<\/p>\n<p>21\/04 -&gt; Tiradentes<br \/>\n23\/04 &#8211; N\u00e3o vou dar aula<\/p>\n<p>28\/04 &#8211; 12 &#8211; falar sobre proje\u00e7\u00e3o, simetria e fazer exerc\u00edcios<br \/>\n30\/04 &#8211; 13 &#8211; Aula de exerc\u00edcios<\/p>\n<p>05\/05 &#8211; 14 &#8211; P1<br \/>\n07\/05 &#8211; 15 &#8211; Corre\u00e7\u00e3o da P1 e Introdu\u00e7\u00e3o a Produto Interno<\/p>\n<p>12\/05 &#8211; 16 &#8211; Produto Interno, propriedades;<br \/>\n14\/05 &#8211; 17 &#8211; Proje\u00e7\u00f5es e Processo de Gram-Schmidt<\/p>\n<p>19\/05 &#8211; 18 &#8211; Operadores Ortogonais<br \/>\n21\/05 &#8211; 19 &#8211; Terminar Operadores Ortogonais, a Adjunta de um operador e operadores Auto adjunto<\/p>\n<p>26\/05 &#8211; 22 &#8211; Descri\u00e7\u00e3o de operadores ortogonais de ordem 3 e 4. Aplica\u00e7\u00e3o de proje\u00e7\u00f5es ortogonais<br \/>\n28\/05 &#8211; 23 &#8211; Terminar a aplica\u00e7\u00e3o da proje\u00e7\u00e3o. Matrizes associadas a formas bilineares<\/p>\n<p>02\/06 &#8211; 24 Produto Interno em espa\u00e7os complexos, classifica\u00e7\u00e3o das c\u00f4nicas e aplica\u00e7\u00e3o do conceito de produto interno &#8211; regress\u00e3o<br \/>\n04\/06 -&gt; Corpus Christi<\/p>\n<p>09\/06 &#8211; N\u00e3o haver\u00e1 aula &#8211; viajando<br \/>\n11\/06 &#8211; N\u00e3o haver\u00e1 aula &#8211; viajando<\/p>\n<p>16\/06 &#8211; 25 &#8211; Exerc\u00edcios<br \/>\n18\/06 &#8211; 26 &#8211; Exerc\u00edcios<\/p>\n<p>23\/06 &#8211; 27 &#8211; Exerc\u00edcios<br \/>\n25\/06 &#8211; 28 &#8211; Exerc\u00edcios<\/p>\n<p>30\/06 &#8211; 29 &#8211; P2<br \/>\n02\/07 &#8211; 30 &#8211; Gabarito da P2, vista da P2, apresenta\u00e7\u00e3o dos trabalhos<\/p>\n<p>07\/07 &#8211; VR &#8211; toda a mat\u00e9ria<br \/>\n09\/07 &#8211; VS &#8211; toda a mat\u00e9ria<\/p>\n<hr \/>\n<p><strong>Bibliografia:<\/strong><\/p>\n<p>0) <a href=\"http:\/\/www.professores.uff.br\/jcolombo\/wp-content\/uploads\/sites\/124\/2017\/09\/1-2015-NotasColomboKoiller_EM_PREPARACAO.pdf\" target=\"_blank\" rel=\"noopener noreferrer\">\u00c1lgebra Linear: Texto em prepara\u00e7\u00e3o<\/a>, Jones Colombo e Jos\u00e9 Koiller.<br \/>\n1) \u00c1lgebra Linear, Boldrini, Costa, Ribeiro,Wetzler, Editora Harbra, 3\u00aa edi\u00e7\u00e3o.<br \/>\n2) \u00c1lgebra Linear, Seymour Lipschutz, Cole\u00e7\u00e3o Schaum, MacGraw-Hill, 2\u00aa edi\u00e7\u00e3o, 1972.<br \/>\n3) \u00c1lgebra Linear e Aplica\u00e7\u00f5es, Carlos A. Callioli , Hygino H. Domingues, Roberto C.F. Costa, Editora Atual,6\u00aa edi\u00e7\u00e3o, 1990.<br \/>\n5) \u00c1lgebra Linear, S. Lang, Editora Edgar Blucher Ltda, 1971.<br \/>\n6) \u00c1lgebra Linear, E.L. Lima, Cole\u00e7\u00e3o Matematica Universit\u00e1ria, 2\u00aa edi\u00e7\u00e3o, 1996<br \/>\n7) \u00c1lgebra Linear com aplica\u00e7\u00f5es, Anton e Rorres, Bookman, 8\u00aa edi\u00e7\u00e3o, 2001.<\/p>\n<hr \/>\n<p><strong>Ementa:<\/strong><br \/>\n1. Determinantes sobre corpos<br \/>\n1.1 Breve revis\u00e3o sobre o corpo dos n\u00fameros complexos, conjuga\u00e7\u00e3o e norma.<br \/>\n1.2 Determinantes de matrizes de ordem n sobre corpos (C, R ou Q). Propriedades. Express\u00f5es dos determinantes de matrizes de ordens 1, 2 ou 3. C\u00e1lculo do determinante por redu\u00e7\u00e3o por linhas.<br \/>\n1.3 Adjunta cl\u00e1ssica e cofatora. Propriedade. Regra de Cramer.<br \/>\n2. Autovalores e autovetores em espa\u00e7os vetoriais sobre R ou C<br \/>\n2.1 C-espa\u00e7o vetorial. Cn e Mnxn(C).<br \/>\n2.2 Subespa\u00e7os invariantes. Autovalores e autovetores: defini\u00e7\u00e3o e exemplos (n\u00e3o esquecer das fun\u00e7\u00f5es C\u221e: exponenciais, seno e coseno, importantes em EDO).<br \/>\n2.3 Determinante de operadores lineares em espa\u00e7os vetoriais sobre R ou C de dimens\u00e3o finita.Polin\u00f4mio caracter\u00edstico. Subespa\u00e7o caracter\u00edstico. Propriedades de autovalores e autovetores.<br \/>\n2.4 Operadores diagonaliz\u00e1veis. Multiplicidade alg\u00e9brica e multiplicidade geom\u00e9trica.<br \/>\n2.5 Teorema de Hamilton-Cayley. Aplica\u00e7\u00f5es.<br \/>\n3. Espa\u00e7os com produto interno.<br \/>\n3.1 Produto interno em espa\u00e7os vetoriais reais e complexos: defini\u00e7\u00e3o e exemplos.<br \/>\n3.2 Norma, desigualdade de Cauchy-Schwarz, desigualdade triangular. O conceito de \u00e2ngulo em espa\u00e7os vetoriais reais.<br \/>\n3.3 Conjuntos ortogonais, ortonormais. Bases ortogonais e ortonormais. Complemento ortogonal. Proje\u00e7\u00e3o ortogonal. Processo de ortonormaliza\u00e7\u00e3o de Gram-Schmidt.<br \/>\n4. Transforma\u00e7\u00f5es lineares em espa\u00e7os vetoriais de dimens\u00e3o finita com produto interno.<br \/>\n4.1 A adjunta de uma transforma\u00e7\u00e3o linear. Matriz da adjunta.<br \/>\n4.2 Operadores auto-adjuntos. Propriedades. Teorema espectral sobre R e C.<br \/>\n4.3 Transforma\u00e7\u00f5es lineares unit\u00e1rias e ortogonais. Isometrias. Classifica\u00e7\u00e3o das isometrias do plano.<br \/>\n4.4 Forma R-bilinear, forma quadr\u00e1tica. Aplica\u00e7\u00e3o: identifica\u00e7\u00e3o de c\u00f4nicas e qu\u00e1dricas.<\/p>\n<hr \/>\n<p>\u00daltima revis\u00e3o em julho, 2015.<\/p>\n<p style=\"text-align: center;\"><strong><a href=\"http:\/\/www.professores.uff.br\/jcolombo\/disciplinas\/\">Voltar<\/a><\/strong><\/p>\n","protected":false},"excerpt":{"rendered":"<p>Carga hor\u00e1ria: 60 hs, turma B1 Informa\u00e7\u00f5es: Aqui est\u00e3o alguns arquivos em pdf que baixei da rede e que tem aplica\u00e7\u00f5es de \u00e1lgebra linear. Caso algu\u00e9m queira ler algum destes arquivos e esteja encontrando dificuldades eu teria muito prazer ajudar, \u00e9 s\u00f3 me procurar. Mudan\u00e7a de coordenadas do sistema CIE-RBG para o sistema CIE-XYZ. (pdf) [&hellip;]<\/p>\n","protected":false},"author":70,"featured_media":0,"parent":0,"menu_order":0,"comment_status":"closed","ping_status":"closed","template":"","meta":{"_exactmetrics_skip_tracking":false,"_exactmetrics_sitenote_active":false,"_exactmetrics_sitenote_note":"","_exactmetrics_sitenote_category":0,"footnotes":""},"categories":[],"tags":[],"class_list":["post-245","page","type-page","status-publish","hentry"],"_links":{"self":[{"href":"https:\/\/www.professores.uff.br\/jcolombo\/wp-json\/wp\/v2\/pages\/245","targetHints":{"allow":["GET"]}}],"collection":[{"href":"https:\/\/www.professores.uff.br\/jcolombo\/wp-json\/wp\/v2\/pages"}],"about":[{"href":"https:\/\/www.professores.uff.br\/jcolombo\/wp-json\/wp\/v2\/types\/page"}],"author":[{"embeddable":true,"href":"https:\/\/www.professores.uff.br\/jcolombo\/wp-json\/wp\/v2\/users\/70"}],"replies":[{"embeddable":true,"href":"https:\/\/www.professores.uff.br\/jcolombo\/wp-json\/wp\/v2\/comments?post=245"}],"version-history":[{"count":5,"href":"https:\/\/www.professores.uff.br\/jcolombo\/wp-json\/wp\/v2\/pages\/245\/revisions"}],"predecessor-version":[{"id":637,"href":"https:\/\/www.professores.uff.br\/jcolombo\/wp-json\/wp\/v2\/pages\/245\/revisions\/637"}],"wp:attachment":[{"href":"https:\/\/www.professores.uff.br\/jcolombo\/wp-json\/wp\/v2\/media?parent=245"}],"wp:term":[{"taxonomy":"category","embeddable":true,"href":"https:\/\/www.professores.uff.br\/jcolombo\/wp-json\/wp\/v2\/categories?post=245"},{"taxonomy":"post_tag","embeddable":true,"href":"https:\/\/www.professores.uff.br\/jcolombo\/wp-json\/wp\/v2\/tags?post=245"}],"curies":[{"name":"wp","href":"https:\/\/api.w.org\/{rel}","templated":true}]}}