{"id":275,"date":"2017-09-11T14:56:42","date_gmt":"2017-09-11T17:56:42","guid":{"rendered":"http:\/\/www.professores.uff.br\/jcolombo\/?page_id=275"},"modified":"2017-09-18T11:24:10","modified_gmt":"2017-09-18T14:24:10","slug":"analise-ii-gan00153-turma-b-12014","status":"publish","type":"page","link":"https:\/\/www.professores.uff.br\/jcolombo\/analise-ii-gan00153-turma-b-12014\/","title":{"rendered":"An\u00e1lise II \u2013 GAN00153 \u2013 Turma B \u2013 1\/2014"},"content":{"rendered":"<p><strong>Carga hor\u00e1ria:<\/strong> 68 hs, turma: B, Matem\u00e1tica.<\/p>\n<hr \/>\n<p><strong>Monitoria:<\/strong><br \/>\n<strong>Hor\u00e1rio da aula:<\/strong> 3\u00aa e 5\u00aa-feiras na sala IM-101 das 18-20h.<br \/>\n<strong>Meu hor\u00e1rio de atendimento:<\/strong> 2\u00aa e 4\u00aa-feiras, das 14-18hs em meu gabinete. O meu gabinete \u00e9 o 4 do 4\u00ba andar &#8211; IME &#8211; Valonguinho.<\/p>\n<hr \/>\n<p><strong>Provas<\/strong><br \/>\n<strong>P1<\/strong> &#8211; 15\/04\/2014<br \/>\n<strong>P2<\/strong> &#8211; 10\/06\/2014 <a href=\"http:\/\/www.professores.uff.br\/jcolombo\/wp-content\/uploads\/sites\/124\/2017\/09\/notas_Analise_20141.xlsx\" target=\"_blank\" rel=\"noopener noreferrer\"><span style=\"color: #ff0000;\">Notas<\/span><\/a> <strong>Vista da P2 ser\u00e1 no dia 16\/06 das 15h at\u00e9 as 17h.<\/strong><br \/>\n<strong>VR<\/strong> &#8211; 19\/06\/2014 (Toda a mat\u00e9ria) &#8211; Por causa dos jogos ser\u00e1 no dia 24\/06\/2014<br \/>\n<strong>VS<\/strong> &#8211; 26\/06\/2014 (Toda a mat\u00e9ria)<\/p>\n<hr \/>\n<p><strong>Listas de Exerc\u00edcios e Apostilas<\/strong><\/p>\n<p>Lista 1 &#8211; exerc\u00edcios na p\u00e1g. 128<br \/>\nLista 2 &#8211; exerc\u00edcios na p\u00e1g. 134<br \/>\nLista 3 &#8211; Leitura crit\u00e9riosa das Notas Hist\u00f3ricas e complementares<br \/>\nLista 4 &#8211; exerc\u00edcios sobre m\u00e9todo de aproxima\u00e7\u00f5es de Newton no livro de An\u00e1lise (pequeno) do Elon Lages Lima.<br \/>\nLista 5 &#8211; Exerc\u00edcios da p\u00e1g. 148<br \/>\nLista 6 &#8211; Exerc\u00edcios da p\u00e1g. 151<br \/>\nLista 7 &#8211; Exerc\u00edcios da p\u00e1g. 155<br \/>\nLista 8 &#8211; Exerc\u00edcios da p\u00e1g. 158 e 159<br \/>\nLista 9 &#8211; Exerc\u00edcios da p\u00e1g. 172 e 173<\/p>\n<hr \/>\n<p><strong>Cronograma:<\/strong><br \/>\n18FEV &#8211; Aula de apresenta\u00e7\u00e3o: ementa, avalia\u00e7\u00f5es, bibliografia.<br \/>\n20FEV &#8211; Defini\u00e7\u00e3o de derivada<\/p>\n<p>25FEV &#8211; Teorema de Rolle<br \/>\n27FEV &#8211; N\u00e3o teve aula<\/p>\n<p>04MAR Carnaval<br \/>\n06MAR Carnaval<\/p>\n<p>11MAR &#8211; Teorema do Valor M\u00e9dio e Teorema do Valor M\u00e9dio Generalizado<br \/>\n13MAR &#8211; N\u00e3o teve aula &#8211; Palestra na Uff do <a href=\"http:\/\/en.wikipedia.org\/wiki\/Vaughan_Jones\" target=\"_blank\" rel=\"noopener noreferrer\">Vaughan Jones<\/a><\/p>\n<p>18MAR &#8211; M\u00e9todo de aproxima\u00e7\u00e3o de Newton e exerc\u00edcios.<br \/>\n20MAR &#8211; Exerc\u00edcios &#8211; fizemos<\/p>\n<p>25MAR &#8211; Polin\u00f4mio de Taylor<br \/>\n27MAR &#8211; Exerc\u00edcios<\/p>\n<p>01ABR &#8211; Exerc\u00edcios<br \/>\n03ABR &#8211; Exerc\u00edcios<\/p>\n<p>08ABR &#8211; Exerc\u00edcios<br \/>\n10ABR &#8211; Exerc\u00edcios<\/p>\n<p>15ABR &#8211; P1<br \/>\n17ABR &#8211; N\u00e3o haver\u00e1 aula feriado<\/p>\n<p>22ABR &#8211; Corre\u00e7\u00e3o da P1 e vista<br \/>\n24ABR &#8211; Integral<\/p>\n<p>29ABR &#8211; Integral Superior e Inferior.<br \/>\n01MAI &#8211; N\u00e3o haver\u00e1 aula &#8211; feriado dia do trabalhador<\/p>\n<p>06MAI &#8211; Entrega da P1 &#8211; Propriedades da Integral<br \/>\n08MAI &#8211; Conjuntos de Medida Zero<\/p>\n<p>13MAI &#8211; Aula de exerc\u00edcios, conjunto de Cantor, fun\u00e7\u00e3o de Cantor.<br \/>\n15MAI &#8211; Conjunto de medida Zero e fun\u00e7\u00f5es integr\u00e1veis, Teorema Fundamental do C\u00e1lculo<\/p>\n<p>21MAI &#8211; Apresenta\u00e7\u00f5es de exerc\u00edcios (Tiago(ok) e discutimos os exerc\u00edcios da Geysa e do Alexandre)<br \/>\n23MAI &#8211; Apresenta\u00e7\u00f5es de exerc\u00edcios (Guilherme, Geisa, Alexandre, Helton e Helemy)<\/p>\n<p>27MAI &#8211; Apresenta\u00e7\u00f5es de exerc\u00edcios (Guilherme, Geisa, Alexandre, Helton e Helemy)<br \/>\n29MAI &#8211; Aula de exerc\u00edcios<\/p>\n<p>03JUN &#8211; Aula de exerc\u00edcios<br \/>\n05JUN &#8211; N\u00e3o teve aula<\/p>\n<p>10JUN &#8211; P2<br \/>\n12JUN &#8211; In\u00edcio da Copa<\/p>\n<p>17JUN &#8211; N\u00e3o haver\u00e1 aula<br \/>\n19JUN &#8211; N\u00e3o haver\u00e1 aula<\/p>\n<p>24JUN &#8211; VR<br \/>\n26JUN &#8211; VS<\/p>\n<hr \/>\n<p><strong>Ementa: GAN00153<\/strong><\/p>\n<p>1 Derivadas<br \/>\n1.1 &#8211; Defini\u00e7\u00e3o e propriedades.<br \/>\n1.2 &#8211; Derivabilidade em um intervalo.<br \/>\n1.3 &#8211; Derivada da Inversa.<br \/>\n1.4 &#8211; Derivada da Fun\u00e7\u00e3o Composta.<br \/>\n1.5 &#8211; Teorema do Valor M\u00e9dio.<br \/>\n1.6 &#8211; F\u00f3rmula de Taylor.<\/p>\n<p>2 Integral de Riemann<br \/>\n2.1 &#8211; Integral Superior e Inferior.<br \/>\n2.2 &#8211; Fun\u00e7\u00f5es Integr\u00e1veis.<br \/>\n2.3 &#8211; Teoremas Cl\u00e1ssicos.<br \/>\n2.4 &#8211; Integra\u00e7\u00e3o e Continuidade.<\/p>\n<hr \/>\n<p><strong>Bibliografia:<\/strong><br \/>\n[1] \u00c1vila, G.S.S., Introdu\u00e7\u00e3o \u00e0 \u00c1nalise Matem\u00e1tica, Editora Edgard Bl\u00fccher Ltda, S\u00e3o Paulo, 1999.<\/p>\n<p>[2] LIMA, E. L., An\u00e1lise Real 1 &#8211; Volume 1..<\/p>\n<p>[3] Figueiredo D., Um Curso de An\u00e1lise &#8211; Volume 1.<\/p>\n<hr \/>\n<p>\u00daltima revis\u00e3o em Maio, 2014.<\/p>\n<p style=\"text-align: center;\"><strong><a href=\"http:\/\/www.professores.uff.br\/jcolombo\/disciplinas\/\">Voltar<\/a><\/strong><\/p>\n","protected":false},"excerpt":{"rendered":"<p>Carga hor\u00e1ria: 68 hs, turma: B, Matem\u00e1tica. Monitoria: Hor\u00e1rio da aula: 3\u00aa e 5\u00aa-feiras na sala IM-101 das 18-20h. Meu hor\u00e1rio de atendimento: 2\u00aa e 4\u00aa-feiras, das 14-18hs em meu gabinete. O meu gabinete \u00e9 o 4 do 4\u00ba andar &#8211; IME &#8211; Valonguinho. Provas P1 &#8211; 15\/04\/2014 P2 &#8211; 10\/06\/2014 Notas Vista da P2 [&hellip;]<\/p>\n","protected":false},"author":70,"featured_media":0,"parent":0,"menu_order":0,"comment_status":"closed","ping_status":"closed","template":"","meta":{"_exactmetrics_skip_tracking":false,"_exactmetrics_sitenote_active":false,"_exactmetrics_sitenote_note":"","_exactmetrics_sitenote_category":0,"footnotes":""},"categories":[],"tags":[],"class_list":["post-275","page","type-page","status-publish","hentry"],"_links":{"self":[{"href":"https:\/\/www.professores.uff.br\/jcolombo\/wp-json\/wp\/v2\/pages\/275","targetHints":{"allow":["GET"]}}],"collection":[{"href":"https:\/\/www.professores.uff.br\/jcolombo\/wp-json\/wp\/v2\/pages"}],"about":[{"href":"https:\/\/www.professores.uff.br\/jcolombo\/wp-json\/wp\/v2\/types\/page"}],"author":[{"embeddable":true,"href":"https:\/\/www.professores.uff.br\/jcolombo\/wp-json\/wp\/v2\/users\/70"}],"replies":[{"embeddable":true,"href":"https:\/\/www.professores.uff.br\/jcolombo\/wp-json\/wp\/v2\/comments?post=275"}],"version-history":[{"count":5,"href":"https:\/\/www.professores.uff.br\/jcolombo\/wp-json\/wp\/v2\/pages\/275\/revisions"}],"predecessor-version":[{"id":643,"href":"https:\/\/www.professores.uff.br\/jcolombo\/wp-json\/wp\/v2\/pages\/275\/revisions\/643"}],"wp:attachment":[{"href":"https:\/\/www.professores.uff.br\/jcolombo\/wp-json\/wp\/v2\/media?parent=275"}],"wp:term":[{"taxonomy":"category","embeddable":true,"href":"https:\/\/www.professores.uff.br\/jcolombo\/wp-json\/wp\/v2\/categories?post=275"},{"taxonomy":"post_tag","embeddable":true,"href":"https:\/\/www.professores.uff.br\/jcolombo\/wp-json\/wp\/v2\/tags?post=275"}],"curies":[{"name":"wp","href":"https:\/\/api.w.org\/{rel}","templated":true}]}}