{"id":303,"date":"2017-09-11T15:45:04","date_gmt":"2017-09-11T18:45:04","guid":{"rendered":"http:\/\/www.professores.uff.br\/jcolombo\/?page_id=303"},"modified":"2025-02-26T16:36:21","modified_gmt":"2025-02-26T19:36:21","slug":"matematica-discreta-i-gan00170-2-2013","status":"publish","type":"page","link":"https:\/\/www.professores.uff.br\/jcolombo\/matematica-discreta-i-gan00170-2-2013\/","title":{"rendered":"Matem\u00e1tica Discreta I &#8211; GAN00170 &#8211; Turma A1 e B1 &#8211; 2\/2013"},"content":{"rendered":"<p><strong>Carga hor\u00e1ria:<\/strong> 68 hs, turmas: A1 e B1, Sistema de Informa\u00e7\u00e3o.<\/p>\n<hr>\n<p><strong>Monitoria:<\/strong> Marcos Pedro F. Leal Silva 3\u00aa 8-9, 5\u00aa 8-9 e 14-16 e 6\u00aa 11-16 e a Suzana Barboza Carvalho 5\u00aa 14-16 e 6\u00aa 8-12. Na sala de monitoria do Instituto de Computa\u00e7\u00e3o.<br \/>\n<strong>Hor\u00e1rio da aula:<\/strong><br \/>\nTurma A: 3\u00aa-feiras na sala H-303 e 5\u00aa-feiras H-401 das 18-20h.<br \/>\nTurma B: 3\u00aa-feiras na sala H-403 e 5\u00aa-feiras H-401 das 10-22h.<br \/>\n<strong>Meu hor\u00e1rio de atendimento:<\/strong> 2\u00aa e 4\u00aa-feiras, das 14-18hs em meu gabinete. O meu gabinete \u00e9 o 4 do 4\u00ba andar &#8211; IME &#8211; Valonguinho.<\/p>\n<hr>\n<p><strong>Provas<\/strong><br \/>\n<strong>P1<\/strong> &#8211; 05\/11\/2013 (P1 turma <a href=\"http:\/\/www.professores.uff.br\/jcolombo\/wp-content\/uploads\/sites\/124\/2017\/09\/2-2013-P1_GAN00170_MatDisA1.pdf\" target=\"_blank\" rel=\"noopener noreferrer\">A1<\/a> e <a href=\"http:\/\/www.professores.uff.br\/jcolombo\/wp-content\/uploads\/sites\/124\/2017\/09\/2-2013-P1_GAN00170_MatDisB1.pdf\" target=\"_blank\" rel=\"noopener noreferrer\">B1<\/a>).<br \/>\n<strong>P2<\/strong> &#8211; 19\/12\/2013 \u00e0 partir das 18h na sala 204 &#8211; (P2 da turma <a href=\"http:\/\/www.professores.uff.br\/jcolombo\/wp-content\/uploads\/sites\/124\/2017\/09\/2-2013-P2_GAN00170_MatDisA1.pdf\" target=\"_blank\" rel=\"noopener noreferrer\">A1<\/a> e <a href=\"http:\/\/www.professores.uff.br\/jcolombo\/wp-content\/uploads\/sites\/124\/2017\/09\/2-2013-P2_GAN00170_MatDisB1.pdf\" target=\"_blank\" rel=\"noopener noreferrer\">A2<\/a> e o <a href=\"http:\/\/www.professores.uff.br\/jcolombo\/wp-content\/uploads\/sites\/124\/2017\/09\/2-2013-P2_Gabarito.pdf\" target=\"_blank\" rel=\"noopener noreferrer\">gabarito<\/a> das duas.)<br \/>\nM\u00e9dias at\u00e9 o momento da turma <a href=\"http:\/\/www.professores.uff.br\/jcolombo\/wp-content\/uploads\/sites\/124\/2017\/09\/2-2013-notas_A1-arquivo1.pdf\" target=\"_blank\" rel=\"noopener noreferrer\">A1<\/a> e da <a href=\"http:\/\/www.professores.uff.br\/jcolombo\/wp-content\/uploads\/sites\/124\/2017\/09\/2-2013-notas_B1-arquivo1.pdf\" target=\"_blank\" rel=\"noopener noreferrer\">B1<\/a>. <span style=\"color: #ff0000;\">Vista da P2 dia 8\/01\/2013 das 14-17h e das 18-19h em meu gabinete.<\/span><br \/>\n<strong>VR<\/strong> &#8211; 09\/01\/2014 (Toda a mat\u00e9ria) &#8211; <strong>Atendendo a inumeros pedidos <a href=\"http:\/\/www.professores.uff.br\/jcolombo\/wp-content\/uploads\/sites\/124\/2017\/09\/2-2013-VR_GAN00170_MatDis_Gabarito.pdf\" target=\"_blank\" rel=\"noopener noreferrer\">aqui<\/a> esta o gabarito da VR. E aqui (<a href=\"http:\/\/www.professores.uff.br\/jcolombo\/wp-content\/uploads\/sites\/124\/2017\/09\/2-2013-notas_A1-arquivo2.pdf\" target=\"_blank\" rel=\"noopener noreferrer\">A1<\/a>, <a href=\"http:\/\/www.professores.uff.br\/jcolombo\/wp-content\/uploads\/sites\/124\/2017\/09\/2-20132-notas_B1-arquivo2.pdf\" target=\"_blank\" rel=\"noopener noreferrer\">B1<\/a>) as notas. A vista da VR ser\u00e1 no dia 14\/01\/2013 a partir das 18h na H-303<\/strong>.<br \/>\n<strong>VS<\/strong> &#8211; 16\/01\/2014 (Toda a mat\u00e9ria) &#8211; <a href=\"http:\/\/www.professores.uff.br\/jcolombo\/wp-content\/uploads\/sites\/124\/2017\/09\/2-2013-Notas_VS_GAN00170_20131_Jones.txt\" target=\"_blank\" rel=\"noopener noreferrer\">Nota da VS<\/a> &#8211; A vista da VS ser\u00e1 dia 17\/01\/2014 das 16-18h no meu gabinete.<\/p>\n<hr>\n<p style=\"text-align: center;\"><strong>Trabalho !!!<\/strong><\/p>\n<p>O trabalho pode valer at\u00e9 1 ponto na m\u00e9dia. Dividi a turma em 5 grupos e os chamei de: Grupo A, Grupo B, Grupo C, Grupo D e Grupo E.<br \/>\nCada grupo deve me entregar apenas 1 trabalho redigido e ser\u00e1 esse trabalho que ser\u00e1 avaliado e a nota ser\u00e1 compartilhada por todos os membros do grupo. Cada grupo poder\u00e1 ter at\u00e9 7 pessoas.<\/p>\n<p><strong>O trabalho dever\u00e1 ser entregue no dia da P2<\/strong> &#8211; <span style=\"color: #ff0000;\">impreterivelmente<\/span><\/p>\n<p><strong>Assuntos por grupo:<\/strong><br \/>\n<span style=\"color: #ff0000;\"><strong> Grupo A<\/strong><\/span><br \/>\n<strong> fazer os exerc\u00edcios: 20.6, 21.4b e c, 22.3 a, 22.15, 23.13, 24.7, 26.2 e 26.18<\/strong><br \/>\n<span style=\"color: #ff0000;\"><strong> Grupo B<\/strong><\/span><br \/>\n<strong> fazer os exerc\u00edcios: 20.3, 21.8 a e b, 22.3b, 22.16 itens b e d, 23.14, 24.8 e 26.3<\/strong><br \/>\n<span style=\"color: #ff0000;\"><strong> Grupo C<\/strong><\/span><br \/>\n<strong> fazer os exerc\u00edcios: 20.4, 21.15, 21.8 c at\u00e9 d, 22.3 c, 23.15, 25.8 e 26.13<\/strong><br \/>\n<span style=\"color: #ff0000;\"><strong> Grupo D<\/strong><\/span><br \/>\n<strong> fazer os exerc\u00edcios: 21.3 a e b, 22.1, 22.3 d, 24.3, 25.9, 26.15 e 26.16<\/strong><br \/>\n<span style=\"color: #ff0000;\"><strong> Grupo E<\/strong><\/span><br \/>\n<strong> fazer os exerc\u00edcios: 21.4a, 21.8 e at\u00e9 f, 22.2 itens e at\u00e9 j, 22.8, 24.5, 25.10 e 26.20.<\/strong><\/p>\n<p>Explicando os n\u00fameros do exerc\u00edcio. Por exemplo 21.4b corresponde ao item b do 4\u00aa exerc\u00edcio da lista 21 do livro do Scheinerman.<\/p>\n<p><span style=\"color: #ff0000;\">Grupo por turma:<\/span><br \/>\n<a href=\"\" target=\"_blank\" rel=\"noopener noreferrer\">Turma A1<\/a> (Confira se seu nome esta no grupo correto); <a href=\"http:\/\/www.professores.uff.br\/jcolombo\/wp-content\/uploads\/sites\/124\/2017\/09\/2-2013-Distr_grupo_B1.xlsx\" target=\"_blank\" rel=\"noopener noreferrer\">Turma B1<\/a> (Confira se seu nome esta no grupo correto).<\/p>\n<hr>\n<p><strong>Listas de Exerc\u00edcios e Apostilas<br \/>\n<\/strong><br \/>\n<a href=\"http:\/\/www.professores.uff.br\/jcolombo\/wp-content\/uploads\/sites\/124\/2017\/09\/2-2013-Lista1.pdf\" target=\"_blank\" rel=\"noopener noreferrer\">Lista 1<\/a><br \/>\n<a href=\"http:\/\/www.professores.uff.br\/jcolombo\/wp-content\/uploads\/sites\/124\/2017\/09\/2-2013-Lista1.pdf\" target=\"_blank\" rel=\"noopener noreferrer\">Lista 2<\/a><br \/>\n<a href=\"http:\/\/www.professores.uff.br\/jcolombo\/wp-content\/uploads\/sites\/124\/2017\/09\/2-2013-Lista3.pdf\" target=\"_blank\" rel=\"noopener noreferrer\">Lista 3<\/a><br \/>\n<a href=\"http:\/\/www.professores.uff.br\/jcolombo\/wp-content\/uploads\/sites\/124\/2017\/09\/2-2013-Lista-4.pdf\" target=\"_blank\" rel=\"noopener noreferrer\">Lista 4<\/a><br \/>\n<a href=\"http:\/\/www.professores.uff.br\/jcolombo\/wp-content\/uploads\/sites\/124\/2017\/09\/2-2013-Lista-5.pdf\" target=\"_blank\" rel=\"noopener noreferrer\">Lista 5<\/a><br \/>\n<a href=\"http:\/\/www.professores.uff.br\/jcolombo\/wp-content\/uploads\/sites\/124\/2017\/09\/2-2013-Lista-6.pdf\" target=\"_blank\" rel=\"noopener noreferrer\">Lista 6<\/a><br \/>\n<a href=\"http:\/\/www.professores.uff.br\/jcolombo\/wp-content\/uploads\/sites\/124\/2017\/09\/2-2013-Lista-7.pdf\" target=\"_blank\" rel=\"noopener noreferrer\">Lista 7<\/a><br \/>\n<a href=\"http:\/\/www.professores.uff.br\/jcolombo\/wp-content\/uploads\/sites\/124\/2017\/09\/2-2013-Lista-8.pdf\" target=\"_blank\" rel=\"noopener noreferrer\">Lista 8<\/a><br \/>\n<a href=\"http:\/\/www.professores.uff.br\/jcolombo\/wp-content\/uploads\/sites\/124\/2017\/09\/2-2013-Lista-9.pdf\" target=\"_blank\" rel=\"noopener noreferrer\">Lista 9<\/a><br \/>\n<a href=\"http:\/\/www.professores.uff.br\/jcolombo\/wp-content\/uploads\/sites\/124\/2017\/09\/2-2013-Lista-10.pdf\" target=\"_blank\" rel=\"noopener noreferrer\">Lista 10<\/a><br \/>\n<a href=\"http:\/\/www.professores.uff.br\/jcolombo\/wp-content\/uploads\/sites\/124\/2017\/09\/2-2013-Lista-11.pdf\" target=\"_blank\" rel=\"noopener noreferrer\">Lista 11<\/a><br \/>\n<a href=\"http:\/\/www.professores.uff.br\/jcolombo\/wp-content\/uploads\/sites\/124\/2017\/09\/2-2013-Lista-12.pdf\" target=\"_blank\" rel=\"noopener noreferrer\">Lista 12<\/a><br \/>\n<a href=\"http:\/\/www.professores.uff.br\/jcolombo\/wp-content\/uploads\/sites\/124\/2017\/09\/2-2013-Lista-13.pdf\" target=\"_blank\" rel=\"noopener noreferrer\">Lista 13<\/a><br \/>\n<a href=\"http:\/\/www.professores.uff.br\/jcolombo\/wp-content\/uploads\/sites\/124\/2017\/09\/2-2013-Lista-14.pdf\" target=\"_blank\" rel=\"noopener noreferrer\">Lista 14<\/a> (<a href=\"http:\/\/www.professores.uff.br\/jcolombo\/wp-content\/uploads\/sites\/124\/2017\/09\/2-2013-sol1.pdf\" target=\"_blank\" rel=\"noopener noreferrer\">Exerc\u00edcio<\/a> 17.8 e 17.9 feito)<br \/>\n<a href=\"http:\/\/www.professores.uff.br\/jcolombo\/wp-content\/uploads\/sites\/124\/2017\/09\/2-2013-Lista-15.pdf\" target=\"_blank\" rel=\"noopener noreferrer\">Lista 15<\/a><\/p>\n<p><strong>Listas para a P2<\/strong><\/p>\n<p><a href=\"http:\/\/www.professores.uff.br\/jcolombo\/wp-content\/uploads\/sites\/124\/2017\/09\/2-2013-lista-19.pdf\" target=\"_blank\" rel=\"noopener noreferrer\">Lista 19<\/a><br \/>\n<a href=\"http:\/\/www.professores.uff.br\/jcolombo\/wp-content\/uploads\/sites\/124\/2017\/09\/2-2013-lista-20.pdf\" target=\"_blank\" rel=\"noopener noreferrer\">Lista 20<\/a><br \/>\n<a href=\"http:\/\/www.professores.uff.br\/jcolombo\/wp-content\/uploads\/sites\/124\/2017\/09\/2-2013-lista-21.pdf\" target=\"_blank\" rel=\"noopener noreferrer\">Lista 21<\/a><br \/>\n<a href=\"http:\/\/www.professores.uff.br\/jcolombo\/wp-content\/uploads\/sites\/124\/2017\/09\/2-2013-lista-22.pdf\" target=\"_blank\" rel=\"noopener noreferrer\">Lista 22<\/a><br \/>\n<a href=\"http:\/\/www.professores.uff.br\/jcolombo\/wp-content\/uploads\/sites\/124\/2017\/09\/2-2013-Lista-23.pdf\" target=\"_blank\" rel=\"noopener noreferrer\">Lista 23<\/a><br \/>\n<a href=\"http:\/\/www.professores.uff.br\/jcolombo\/wp-content\/uploads\/sites\/124\/2017\/09\/2-2013-Lista-24.pdf\" target=\"_blank\" rel=\"noopener noreferrer\">Lista 24<\/a><br \/>\n<a href=\"http:\/\/www.professores.uff.br\/jcolombo\/wp-content\/uploads\/sites\/124\/2017\/09\/2-2013-Lista-25.pdf\" target=\"_blank\" rel=\"noopener noreferrer\">Lista 25<\/a><br \/>\n<a href=\"http:\/\/www.professores.uff.br\/jcolombo\/wp-content\/uploads\/sites\/124\/2017\/09\/2-2013-Lista-26.pdf\" target=\"_blank\" rel=\"noopener noreferrer\">Lista 26<\/a><\/p>\n<hr>\n<p><strong>Cronograma:<br \/>\n<\/strong><br \/>\n10Set &#8211; N\u00e3o houve aula<br \/>\n12Set &#8211; Apresenta\u00e7\u00e3o, ementa da disciplina, data de provas, crit\u00e9rios de avalia\u00e7\u00e3o, bibliografia e outras fontes.<\/p>\n<p>17Set &#8211; Esquemas de Prova (ou demonstra\u00e7\u00e3o)<br \/>\n19Set &#8211; \u00c1lgebra Booleana e Cole\u00e7\u00f5es<\/p>\n<p>24Set &#8211; Contagem em Listas<br \/>\n26Set &#8211; Conjuntos: defini\u00e7\u00f5es, contagem<\/p>\n<p>01Out &#8211; Opera\u00e7\u00f5es com Conjunto e contagem em conjuntos<br \/>\n03Out &#8211; Rela\u00e7\u00f5es<\/p>\n<p>08Out &#8211; Rela\u00e7\u00f5es e Contagem<br \/>\n10Out &#8211; Coeficiente binomial,Coeficiente Binomial e o Tri\u00e2ngulo de Pascal.<\/p>\n<p>15Out &#8211; Feriado &#8211; Dia dos Professores<br \/>\n17Out &#8211; Multiconjuntos e mais uma t\u00e9cnica de contagem<\/p>\n<p>22Out &#8211; N\u00e3o haver\u00e1 aula &#8211; Semana Acad\u00eamica.<br \/>\n24Out &#8211; N\u00e3o haver\u00e1 aula &#8211; Semana Acad\u00eamica.<\/p>\n<p>29Out &#8211; N\u00e3o haver\u00e1 aula &#8211; estarei fora de Niter\u00f3i<br \/>\n31Out &#8211; Aula de revis\u00e3o e exerc\u00edcios para a P1.<\/p>\n<p>05Nov &#8211; P1 &#8211; cap\u00edtulos 1 (Fundamentos), 2 (Cole\u00e7\u00f5es) e 3 (Contagem e Rela\u00e7\u00f5es) do livro do Scheinerman.<br \/>\n07Nov &#8211; Corre\u00e7\u00e3o da prova &#8211; prova contrapositiva e por absurdo<\/p>\n<p>11Nov &#8211; Indu\u00e7\u00e3o e Recorr\u00eancia<br \/>\n13Nov &#8211; Sequ\u00eancia de Fibonacci, Torre de Han\u00f3i, Indu\u00e7\u00e3o Forte.<\/p>\n<p>19Nov &#8211; Recorr\u00eancia de 1\u00aa ordem: PA, PG e Mista; de 2\u00aa ordem: Fibonacci<br \/>\n21Nov &#8211; Recorr\u00eancia em geral e operadores diferen\u00e7a<\/p>\n<p>26Nov &#8211; Recorr\u00eancia em geral e operadores diferen\u00e7a<br \/>\n28Nov &#8211; Fun\u00e7\u00f5es<\/p>\n<p>03Dez &#8211; A1-Fun\u00e7\u00f5es e B1- Princ\u00edpio da casa dos pombos e teorema de Cantor<br \/>\n05Dez &#8211; A1 &#8211; Princ\u00edpio da casa dos pombos e teorema de Cantor e B1 &#8211; Permuta\u00e7\u00f5es<\/p>\n<p>10Dez &#8211; Permuta\u00e7\u00f5es e exerc\u00edcios<br \/>\n12Dez &#8211; Turma A1: Paridade de uma permuta\u00e7\u00e3o, Turma B1: Aula de exerc\u00edcios<\/p>\n<p>17Dez &#8211; Aula de exerc\u00edcios<br \/>\n19Dez &#8211; P2 &#8211; Na sala 204 a partir das 18h tanto para a turma A1, como para a B1.<br \/>\n20Dez &#8211; divulga\u00e7\u00e3o do resultado da P2 no site.<\/p>\n<p>08Jan &#8211; Vista da P2 &#8211; Gabinete do professor<br \/>\n09Jan &#8211; VR<\/p>\n<p>14Jan &#8211; Vistas da VR e coment\u00e1rios para a VS<br \/>\n16Jan &#8211; VS<br \/>\n17Jan &#8211; Vista da VS.<\/p>\n<hr>\n<p><strong>Ementa: GAN00170<br \/>\n<\/strong><br \/>\n1- Constru\u00e7\u00f5es indutivas.<\/p>\n<p>2- Provas por indu\u00e7\u00e3o.<\/p>\n<p>3- Rela\u00e7\u00f5es de recorr\u00eancia: torre de Han\u00f3i, n\u00fameros de Fibonacci.<\/p>\n<p>4- Conjuntos: conjuntos num\u00e9ricos (naturais, inteiros, racionais, reais); subconjuntos; conjuntos das partes. Opera\u00e7\u00f5es com conjuntos; \u00e1lgebra de conjuntos. Cardinalidade de conjuntos; conjuntos finitos; princ\u00edpio da casa do pombo. Conjuntos infinitos, enumer\u00e1veis e n\u00e3o-enumer\u00e1veis.<\/p>\n<p>5- M\u00e9todos de contagem: princ\u00edpios da adi\u00e7\u00e3o, da inclus\u00e3o-exclus\u00e3o e da multiplica\u00e7\u00e3o. Permuta\u00e7\u00f5es; combina\u00e7\u00f5es.<\/p>\n<p>6- Rela\u00e7\u00f5es bin\u00e1rias: fecho reflexivo, fecho sim\u00e9trico, fecho transitivo. Rela\u00e7\u00e3o de equival\u00eancia (inteiros m\u00f3dulo n). Ordem parcial (diagrama de Hasse). Ordena\u00e7\u00e3o topol\u00f3gica (diagrama PERT).<\/p>\n<p>7- Fun\u00e7\u00f5es (parciais e totais): composi\u00e7\u00e3o de fun\u00e7\u00f5es; fun\u00e7\u00e3o sobrejetiva, injetiva e bijetiva; fun\u00e7\u00e3o inversa. Permuta\u00e7\u00f5es de um conjunto, ciclos.<\/p>\n<hr>\n<p><strong>Bibliografia:<\/strong><\/p>\n<p>[1] E. R. Scheinerman, Matem\u00e1tica Discreta: Uma Introdu\u00e7\u00e3o, Cengage Learning, S\u00e3o Paulo, 2011.<\/p>\n<p>[2] P.B. Menezes, Matem\u00e1tica Discreta para Computa\u00e7\u00e3o e Inform\u00e1tica. S\u00e9rie Livros Did\u00e1ticos, n. 16. Sagra Luzzatto \/ Instituto de Inform\u00e1tica da UFRGS, Porto Alegre, 2005.<\/p>\n<p>[3] A.C. Morgado et al. An\u00e1lise Combinat\u00f3ria e Probabilidade, 9a. ed. SBM, Rio de Janeiro, 2006.<\/p>\n<hr>\n<p>\u00daltima revis\u00e3o em Dezembro, 2013.<\/p>\n<p style=\"text-align: center;\"><strong><a href=\"http:\/\/www.professores.uff.br\/jcolombo\/disciplinas\/\">Voltar<\/a><\/strong><\/p>\n","protected":false},"excerpt":{"rendered":"<p>Carga hor\u00e1ria: 68 hs, turmas: A1 e B1, Sistema de Informa\u00e7\u00e3o. Monitoria: Marcos Pedro F. Leal Silva 3\u00aa 8-9, 5\u00aa 8-9 e 14-16 e 6\u00aa 11-16 e a Suzana Barboza Carvalho 5\u00aa 14-16 e 6\u00aa 8-12. Na sala de monitoria do Instituto de Computa\u00e7\u00e3o. Hor\u00e1rio da aula: Turma A: 3\u00aa-feiras na sala H-303 e 5\u00aa-feiras [&hellip;]<\/p>\n","protected":false},"author":70,"featured_media":0,"parent":0,"menu_order":0,"comment_status":"closed","ping_status":"closed","template":"","meta":{"_exactmetrics_skip_tracking":false,"_exactmetrics_sitenote_active":false,"_exactmetrics_sitenote_note":"","_exactmetrics_sitenote_category":0,"footnotes":""},"categories":[],"tags":[],"class_list":["post-303","page","type-page","status-publish","hentry"],"_links":{"self":[{"href":"https:\/\/www.professores.uff.br\/jcolombo\/wp-json\/wp\/v2\/pages\/303","targetHints":{"allow":["GET"]}}],"collection":[{"href":"https:\/\/www.professores.uff.br\/jcolombo\/wp-json\/wp\/v2\/pages"}],"about":[{"href":"https:\/\/www.professores.uff.br\/jcolombo\/wp-json\/wp\/v2\/types\/page"}],"author":[{"embeddable":true,"href":"https:\/\/www.professores.uff.br\/jcolombo\/wp-json\/wp\/v2\/users\/70"}],"replies":[{"embeddable":true,"href":"https:\/\/www.professores.uff.br\/jcolombo\/wp-json\/wp\/v2\/comments?post=303"}],"version-history":[{"count":13,"href":"https:\/\/www.professores.uff.br\/jcolombo\/wp-json\/wp\/v2\/pages\/303\/revisions"}],"predecessor-version":[{"id":1570,"href":"https:\/\/www.professores.uff.br\/jcolombo\/wp-json\/wp\/v2\/pages\/303\/revisions\/1570"}],"wp:attachment":[{"href":"https:\/\/www.professores.uff.br\/jcolombo\/wp-json\/wp\/v2\/media?parent=303"}],"wp:term":[{"taxonomy":"category","embeddable":true,"href":"https:\/\/www.professores.uff.br\/jcolombo\/wp-json\/wp\/v2\/categories?post=303"},{"taxonomy":"post_tag","embeddable":true,"href":"https:\/\/www.professores.uff.br\/jcolombo\/wp-json\/wp\/v2\/tags?post=303"}],"curies":[{"name":"wp","href":"https:\/\/api.w.org\/{rel}","templated":true}]}}