{"id":359,"date":"2017-09-12T10:31:28","date_gmt":"2017-09-12T13:31:28","guid":{"rendered":"http:\/\/www.professores.uff.br\/jcolombo\/?page_id=359"},"modified":"2017-09-18T11:25:57","modified_gmt":"2017-09-18T14:25:57","slug":"matematica-ii-gan00151-farmacia-22013","status":"publish","type":"page","link":"https:\/\/www.professores.uff.br\/jcolombo\/matematica-ii-gan00151-farmacia-22013\/","title":{"rendered":"Matem\u00e1tica II &#8211; GAN00151 &#8211; Turma B1 &#8211; 2\/2013"},"content":{"rendered":"<p><strong>Carga hor\u00e1ria:<\/strong> 54 hs, turma B1, Farm\u00e1cia.<\/p>\n<hr \/>\n<p><strong>Monitoria<\/strong>: N\u00e3o temos monitor<br \/>\n<strong>Hor\u00e1rio da aula<\/strong>: 3\u00aa-feiras na sala IM-107 e 5\u00aa-feiras IM-107 das 18-19h30<br \/>\n<strong>Meu hor\u00e1rio de atendimento<\/strong>: 3\u00aa,4\u00aa e 5\u00aa-feiras, das 14-18hs na minha sala.<\/p>\n<hr \/>\n<p><strong>Provas<\/strong><br \/>\n<strong> P1<\/strong> &#8211; xx\/06\/2013 (ATEN\u00c7\u00c3O: Transferida para 3\u00aa-feira 27\/06)<br \/>\n<strong>P2<\/strong> &#8211; 06\/08\/2013<br \/>\n<strong>VR<\/strong> &#8211; 13\/08\/2013 (Toda a mat\u00e9ria)<br \/>\n<strong>VS<\/strong> &#8211; 15\/08\/2013 (Toda a mat\u00e9ria)<\/p>\n<hr \/>\n<p><strong>Listas de Exerc\u00edcios e Apostilas<\/strong><br \/>\nAs nossas listas de exerc\u00edcios est\u00e3o na pasta 39 da fotocopiadora da Matem\u00e1tica<br \/>\n* <a href=\"http:\/\/www.professores.uff.br\/jcolombo\/wp-content\/uploads\/sites\/124\/2017\/09\/1-2013-lista_1.pdf\" target=\"_blank\" rel=\"noopener noreferrer\">Lista 1<\/a><br \/>\n* Deixei na xerox 16\/05 &#8211; gabarito da lista 1 &#8211; e material do m\u00e9todo de integra\u00e7\u00e3o de fun\u00e7\u00f5es racionais.<br \/>\nListas para a P2<br \/>\n* Passei no quadro 04\/11 uma lista de fun\u00e7\u00f5es que voc\u00eas deveriam fazer um esbo\u00e7o do gr\u00e1fico usando curvas de n\u00edveis;<br \/>\n* Deixei na xerox 11\/07 &#8211; duas listas com gabarito &#8211; derivadas parciais e diferenciais<br \/>\n* Deixei na xerox 23\/07 &#8211; duas listas com gabarito &#8211; Otimiza\u00e7\u00e3o de fun\u00e7\u00f5es e Multiplicadores de Lagrange<\/p>\n<hr \/>\n<p><strong>Cronograma:<\/strong><br \/>\n23\/abr n\u00e3o dei aula<br \/>\n25\/abr 1 Apresenta\u00e7\u00e3o<\/p>\n<p>30\/abr 2 Primitiva e t\u00e9cnica de integrar x^n<br \/>\n02\/mai 3 Integral definida e c\u00e1lculo de \u00e1rea<\/p>\n<p>07\/mai 4 T\u00e9cnica de integra\u00e7\u00e3o: mudan\u00e7a de var\u00edavel, escrever produto de fra\u00e7\u00f5es como soma de fra\u00e7\u00f5es;<br \/>\n09\/mai 5 T\u00e9cnica de integra\u00e7\u00e3o: integral por partes; Logaritmo e Fun\u00e7\u00f5es Trignom\u00e9tricas Hiperb\u00f3licas;<\/p>\n<p>14\/mai 6 T\u00e9cnica de integra\u00e7\u00e3o de fun\u00e7\u00f5es racionais;<br \/>\n16\/mai 7 C\u00e1culo de \u00e1rea e Exerc\u00edcios<\/p>\n<p>21\/mai 8 T\u00e9cnicas de integra\u00e7\u00e3o de fun\u00e7\u00f5es racional.<br \/>\n23\/mai &#8211; N\u00e3o houve aula &#8211; poucos alunos vieram \u00e0 aula.<\/p>\n<p>28\/mai 9 Terminei o m\u00e9todo de integra\u00e7\u00e3o de fun\u00e7\u00f5es racionais, fiz um resumo da mat\u00e9ria e exerc\u00edcios<br \/>\n30\/mai Corpus Christi<\/p>\n<p>04\/jun 10 Equa\u00e7\u00f5es Diferenciais Ordin\u00e1rias e Exerc\u00edcios<br \/>\n06\/jun 11 Equa\u00e7\u00f5es Diferenciais Ordin\u00e1rias e Exerc\u00edcios<\/p>\n<p>11\/jun Exerc\u00edcios<br \/>\n13\/jun Exerc\u00edcios<\/p>\n<p>18\/jun Exerc\u00edcios<br \/>\n20\/jun N\u00e3o vai haver aula.- motivo: Jogo no Maracan\u00e3 e manifesta\u00e7\u00f5es no Rio.<br \/>\nEstou transferindo a 1\u00aa prova (P1) para a pr\u00f3xima 3\u00aa-feira (25\/jun), pois muitos alunos precisam passar pela regi\u00e3o do Maracan\u00e3 para voltar para suas casas, e amanh\u00e3, por causa do jogo no Maracan\u00e3 e dos protestos n\u00e3o h\u00e1 garantias que aquela regi\u00e3o esteja transit\u00e1vel. Pe\u00e7o a compreens\u00e3o de todos.<\/p>\n<p>25\/jun Novamente a prova foi transferida para a pr\u00f3xima aula. Boas Manifesta\u00e7\u00f5es.!!<br \/>\n27\/jun P1<\/p>\n<p>02\/jul Corre\u00e7\u00e3o da P1, fun\u00e7\u00f5es Reais de v\u00e1rias vari\u00e1veis, defini\u00e7\u00e3o e propriedades.<br \/>\n04\/jul Gr\u00e1fico e curva de n\u00edveis<\/p>\n<p>09\/jul Gr\u00e1ficos e curvas de n\u00edveis &#8211; como comentei com voc\u00eas existem in\u00fameras formas de fazer gr\u00e1ficos na internet. Segue um site: <a href=\"http:\/\/www.wolframalpha.com\/\" target=\"_blank\" rel=\"noopener noreferrer\">http:\/\/www.wolframalpha.com\/<\/a> na linha de comando digite Plot3D[x^2-y^2+20,{x,-20,25},{y,-20,25}], para visualizar o gr\u00e1fico que estavamos discutindo na \u00faltima aula e suas curvas de n\u00edveis.<br \/>\n11\/ju Paralisa\u00e7\u00e3o &#8211; como alguns de voc\u00eas vir\u00e3o de \u00f4nibus &#8211; acho melhor n\u00e3o ter aula amanh\u00e3.<\/p>\n<p>16\/jul Derivadas parciais, plano tangente, diferenciais.<br \/>\n18\/jul Regra da cadeia<\/p>\n<p>23\/jul Otimiza\u00e7\u00e3o de fun\u00e7\u00f5es &#8211; derivadas parciais iguais a zero e do discriminante &#8211; determinante da matriz henssiano.<br \/>\n25\/jul N\u00e3o vai haver aula para &#8211; por causa a JMJ.<\/p>\n<p>30\/jul Multiplicadores de Lagrange<br \/>\n01\/ago Aula de exerc\u00edcios<\/p>\n<p>06\/ago P2<br \/>\n08\/ago corre\u00e7\u00e3o da P2<\/p>\n<p>13\/ago VR<br \/>\n*15\/ago VS<br \/>\n* = Previs\u00e3o<\/p>\n<hr \/>\n<p><strong>GAN 00151<\/strong><br \/>\n<strong>Matem\u00e1tica II<\/strong><\/p>\n<p>1 \u2013 Integrais de fun\u00e7\u00f5es reais a uma vari\u00e1vel<br \/>\n1.1 \u2013 Diferenciais<br \/>\n1.2 \u2013 Defini\u00e7\u00e3o de integral indefinida<br \/>\n1.3 \u2013 Regras b\u00e1sicas de integra\u00e7\u00e3o<br \/>\n1.4 \u2013 Equa\u00e7\u00f5es diferenciais simples e suas solu\u00e7\u00f5es<br \/>\n1.5 \u2013 M\u00e9todo de substitui\u00e7\u00e3o de vari\u00e1veis<br \/>\n1.6 \u2013 M\u00e9todo de integra\u00e7\u00e3o por partes<br \/>\n1.7 \u2013 Integral definida \u2013 defini\u00e7\u00e3o e propriedades<br \/>\n1.8 \u2013 Teorema fundamental do c\u00e1lculo<br \/>\n1.9 \u2013 \u00c1reas de regi\u00f5es planas<\/p>\n<p>2 \u2013 Fun\u00e7\u00f5es reais de v\u00e1rias vari\u00e1veis<br \/>\n2.1 \u2013 Fun\u00e7\u00e3o de v\u00e1rias vari\u00e1veis \u2013 defini\u00e7\u00e3o e dom\u00ednio<br \/>\n2.2 \u2013 Derivadas parciais<br \/>\n2.3 \u2013 Derivadas parciais de ordem superior<br \/>\n2.4 \u2013 Extremos relativos de fun\u00e7\u00f5es de duas vari\u00e1veis<br \/>\n2.5 \u2013 Multiplicadores de Lagrange<\/p>\n<p><strong>Bibliografia:<\/strong><\/p>\n<p>C\u00e1lculo &#8211; volumes 1 e 2 Munem-Foulis<br \/>\nEditora LTC<\/p>\n<p>Um curso de C\u00e1lculo vol.2<br \/>\nHamilton Luiz Guidorizzi<\/p>\n<p>C\u00e1lculo vol.2<br \/>\nJames Stewart<\/p>\n<p>C\u00e1lculo: Um curso moderno e suas aplica\u00e7\u00f5es<br \/>\nLaurence D. Hoffmann e Gerald Bradley<br \/>\nEditora LTC<\/p>\n<hr \/>\n<p>\u00daltima revis\u00e3o em Agosto, 2013.<\/p>\n<p style=\"text-align: center;\"><strong><a href=\"http:\/\/www.professores.uff.br\/jcolombo\/disciplinas\/\">Voltar<\/a><\/strong><\/p>\n","protected":false},"excerpt":{"rendered":"<p>Carga hor\u00e1ria: 54 hs, turma B1, Farm\u00e1cia. Monitoria: N\u00e3o temos monitor Hor\u00e1rio da aula: 3\u00aa-feiras na sala IM-107 e 5\u00aa-feiras IM-107 das 18-19h30 Meu hor\u00e1rio de atendimento: 3\u00aa,4\u00aa e 5\u00aa-feiras, das 14-18hs na minha sala. Provas P1 &#8211; xx\/06\/2013 (ATEN\u00c7\u00c3O: Transferida para 3\u00aa-feira 27\/06) P2 &#8211; 06\/08\/2013 VR &#8211; 13\/08\/2013 (Toda a mat\u00e9ria) VS &#8211; [&hellip;]<\/p>\n","protected":false},"author":70,"featured_media":0,"parent":0,"menu_order":0,"comment_status":"closed","ping_status":"closed","template":"","meta":{"_exactmetrics_skip_tracking":false,"_exactmetrics_sitenote_active":false,"_exactmetrics_sitenote_note":"","_exactmetrics_sitenote_category":0,"footnotes":""},"categories":[],"tags":[],"class_list":["post-359","page","type-page","status-publish","hentry"],"_links":{"self":[{"href":"https:\/\/www.professores.uff.br\/jcolombo\/wp-json\/wp\/v2\/pages\/359","targetHints":{"allow":["GET"]}}],"collection":[{"href":"https:\/\/www.professores.uff.br\/jcolombo\/wp-json\/wp\/v2\/pages"}],"about":[{"href":"https:\/\/www.professores.uff.br\/jcolombo\/wp-json\/wp\/v2\/types\/page"}],"author":[{"embeddable":true,"href":"https:\/\/www.professores.uff.br\/jcolombo\/wp-json\/wp\/v2\/users\/70"}],"replies":[{"embeddable":true,"href":"https:\/\/www.professores.uff.br\/jcolombo\/wp-json\/wp\/v2\/comments?post=359"}],"version-history":[{"count":7,"href":"https:\/\/www.professores.uff.br\/jcolombo\/wp-json\/wp\/v2\/pages\/359\/revisions"}],"predecessor-version":[{"id":648,"href":"https:\/\/www.professores.uff.br\/jcolombo\/wp-json\/wp\/v2\/pages\/359\/revisions\/648"}],"wp:attachment":[{"href":"https:\/\/www.professores.uff.br\/jcolombo\/wp-json\/wp\/v2\/media?parent=359"}],"wp:term":[{"taxonomy":"category","embeddable":true,"href":"https:\/\/www.professores.uff.br\/jcolombo\/wp-json\/wp\/v2\/categories?post=359"},{"taxonomy":"post_tag","embeddable":true,"href":"https:\/\/www.professores.uff.br\/jcolombo\/wp-json\/wp\/v2\/tags?post=359"}],"curies":[{"name":"wp","href":"https:\/\/api.w.org\/{rel}","templated":true}]}}