{"id":367,"date":"2017-09-12T10:47:28","date_gmt":"2017-09-12T13:47:28","guid":{"rendered":"http:\/\/www.professores.uff.br\/jcolombo\/?page_id=367"},"modified":"2017-09-18T11:24:52","modified_gmt":"2017-09-18T14:24:52","slug":"edo-gan06128-turma-a1-12013","status":"publish","type":"page","link":"https:\/\/www.professores.uff.br\/jcolombo\/edo-gan06128-turma-a1-12013\/","title":{"rendered":"EDO- GAN06128 &#8211; Turma A1 &#8211; 1\/2013"},"content":{"rendered":"<p><strong>Carga hor\u00e1ria:<\/strong> 68 hs, turma A1 &#8211; Matem\u00e1tica.<\/p>\n<hr \/>\n<p><strong>Monitoria:<\/strong> N\u00e3o temos monitor<br \/>\n<strong>Hor\u00e1rio da aula:<\/strong> 3\u00aa-feiras na sala IM-107 e 5\u00aa-feiras IM-107 das 11-13hs<br \/>\n<strong>Meu hor\u00e1rio de atendimento<\/strong>: 3\u00aa,4\u00aa e 5\u00aa-feiras, das 14-18hs na minha sala.<\/p>\n<hr \/>\n<p><strong>Provas<\/strong><br \/>\n<strong>P1<\/strong> &#8211; 20\/06\/2013<br \/>\n<strong>P2<\/strong> &#8211; 06\/08\/2013<br \/>\n<strong>VR<\/strong> &#8211; 13\/08\/2013 (Toda a mat\u00e9ria)<br \/>\n<strong>VS<\/strong> &#8211; 15\/08\/2013 (Toda a mat\u00e9ria)<\/p>\n<hr \/>\n<p><strong>Listas de Exerc\u00edcios retirado da apostila do Haroldo Clark<\/strong><br \/>\n* Exerc\u00edcios da Li\u00e7\u00e3o 1 &#8211; pg. 8 -10<br \/>\n* Exerc\u00edcios da Li\u00e7\u00e3o 2 &#8211; pg. 21-23<br \/>\n* Exerc\u00edcios da Li\u00e7\u00e3o 3 &#8211; pg. 29-32<br \/>\n* Exerc\u00edcio do cap\u00edtulo 1 do livro DOERING&amp;LOPES<br \/>\n* Exerc\u00edcios do cap\u00edtuko 2 do livro do DOERING&amp;LOPES<\/p>\n<hr \/>\n<p><strong>Cronograma:<\/strong><br \/>\n23\/abr n\u00e3o dei aula<br \/>\n25\/abr 1 Apresenta\u00e7\u00e3o<\/p>\n<p>30\/abr 2 Recorda\u00e7\u00e3o dos m\u00e9todos de resolu\u00e7\u00e3o x'(t)<br \/>\n2\/maio 3 Equival\u00eancia de equa\u00e7\u00e3o diferencial e equa\u00e7\u00e3o integral e o m\u00e9todo de aproxima\u00e7\u00e3o sucessivas<\/p>\n<p>07\/mai 4 (nenhum aluno)<br \/>\n09\/mai 5 (nenhum aluno)<\/p>\n<p>14\/mai N\u00e3o dei aula (estive doente)<br \/>\n16\/mai 6 Condi\u00e7\u00e3o de Lipschitz; Teorema da Exist\u00eancia, exerc\u00edcio proposto; Solu\u00e7\u00f5es n\u00e3o-local;<\/p>\n<p>21\/mai 7 Unicidade de Solu\u00e7\u00f5es; Enunciado e coment\u00e1rios do teorema de Peano;<br \/>\n23\/mai 8 Iniciei a leitura do livro DOERING&amp;LOPES &#8211; Falei da resolu\u00e7\u00e3o de Sistemas de Equa\u00e7\u00f5es Diagonalizaveis.<\/p>\n<p>28\/mai 9 Classifiquei as matrizes 2X2 a menos de semelhan\u00e7a &#8211; Iniciei a Classifica\u00e7\u00e3o das solu\u00e7\u00f5es do sistema x&#8217;=Ax no plano<br \/>\n30\/mai Corpus Christi<\/p>\n<p>04\/jun 10 Terminei de fazer a classifica\u00e7\u00e3o das solu\u00e7\u00f5es de x&#8217;=Ax no plano<br \/>\n06\/jun 11 N\u00e3o teve aula<\/p>\n<p>11\/jun 12 Capitulo 2 &#8211; Resultados de \u00c1lgebra Linear<br \/>\n13\/jun 13 Coment\u00e1rios e contas admitindo que quando AB=BA ent\u00e3o exp(A+B)=exp(A)exp(B) e exerc\u00edcios.<\/p>\n<p>18\/jun 14 aula de exerc\u00edcios<br \/>\n20\/jun 15 P1<\/p>\n<p>25\/jun 16 fiz AB=BA ent\u00e3o exp(A+B)=exp(A)exp(B) e coment\u00e1rios sobre a prova.<br \/>\n27\/jun 17 Terminei o cap\u00edtulo 2 do livro.<\/p>\n<p>02\/jul 18 In\u00edcio cap.3 Equa\u00e7\u00f5es lineares n\u00e3o-aut\u00f4nomas<br \/>\n04\/jul 19 cap.3 Equa\u00e7\u00f5es lineares n\u00e3o-aut\u00f4nomas<\/p>\n<p>09\/jul 20 F\u00f3rmula de Liouville<br \/>\n11\/jul n\u00e3o teve aula<\/p>\n<p>16\/jul 21 terminamos de comentar sobre (det X)&#8217; =tr A x e a f\u00f3rmula de Liouville<br \/>\n18\/jul 22 P\u00eandulo e sistemas quase lineares<\/p>\n<p>23\/jul 23 Terminei o exemplo do p\u00eandulo com atrito e comecei o modelo de esp\u00e9cies em competi\u00e7\u00e3o<br \/>\n25\/jul 24 Estabilidade de Liaponov<\/p>\n<p>30\/jul 25 Semin\u00e1rio a respeito da se\u00e7\u00e3o 8.4<br \/>\n01\/ago 26 Estabilidade de Liaponov<\/p>\n<p>06\/ago 27 Semin\u00e1rio: Teorema de exist\u00eancia e unicidade de solu\u00e7\u00f5es para fun\u00e7\u00f5es que satisfazem a condi\u00e7\u00e3o de Lipschitz.<br \/>\n13\/ago 28 Semin\u00e1rio: Teorema de exist\u00eancia de Solu\u00e7\u00f5es (Cachy-Peano) para fun\u00e7\u00f5es cont\u00ednuas.<\/p>\n<hr \/>\n<p><strong>GAN 06128<\/strong><br \/>\n<strong> Equa\u00e7\u00f5es Diferenciais Ordin\u00e1rias<\/strong><\/p>\n<p>1 Equa\u00e7\u00f5es Diferenciais Ordin\u00e1rias de Primeira Ordem<br \/>\n1.1 Solu\u00e7\u00f5es aproximadas de uma EDO<br \/>\n1.2 M\u00e9todos de Cauchy-Peano: teorema de exist\u00eancia de solu\u00e7\u00f5es, teorema de exist\u00eancia e unicidade.<br \/>\n1.3 M\u00e9todo de Picard: Aproxima\u00e7\u00f5es sucessivas.<br \/>\n1.4 Depend\u00eancia de solu\u00e7\u00f5es sobre os dados iniciais.<br \/>\n1.5 Extens\u00e3o de uma solu\u00e7\u00e3o: Solu\u00e7\u00f5es m\u00e1ximas &#8211; Teorema de Carath\u00e9odory<\/p>\n<p>2 Sistemas de Equa\u00e7\u00f5es Diferenciais<br \/>\n2.1 Solu\u00e7\u00e3o de sistemas lineares &#8211; solu\u00e7\u00f5es aproximadas.<br \/>\n2.2 Exist\u00eancia e propriedades das solu\u00e7\u00f5es de sistemas &#8211; Teoria b\u00e1sica.<br \/>\n2.3 Solu\u00e7\u00f5es em forma matricial &#8211; Matrizes fundamentais.<br \/>\n2.4 Sistemas de ordem superior, redu\u00e7\u00e3o de ordem de um sistema, sistemas n\u00e3o homog\u00eaneos.<br \/>\n2.5 Sistemas lineares com coeficientes constantes.<br \/>\n2.6 Singularidade de um sistema Aut\u00f4nomo: Curvas caracter\u00edsticas, singularidades isoladas; pontos nodais; pontos de sela; pontos nodais degenerados; pontos de v\u00f3rtices; pontos espirais. &#8211; Interpreta\u00e7\u00e3o din\u00e2mica.<br \/>\n2.7 Sistemas n\u00e3o lineares: Pontos nodais; pontos de sela; pontos espirais.<\/p>\n<hr \/>\n<p><strong>Bibliografia:<\/strong><\/p>\n<p>Apostila: Clark, R.H., Medeiros, L.R, Aldo, L.T. <a href=\"http:\/\/www.professores.uff.br\/jcolombo\/wp-content\/uploads\/sites\/124\/2017\/09\/1-2013-EDO_Haroldo_Clarck.pdf\" target=\"_blank\" rel=\"noopener noreferrer\">Li\u00e7\u00f5es de Equa\u00e7\u00f5es Diferenciais Ordin\u00e1rias<\/a><br \/>\nCODDINGTON, E. A. An Introduction to Ordinary Differential Equations. Prentice &#8211; Hall, Englewood,1961.ora Atual 1993<br \/>\nDOERING, C.I., LOPES, A.O. Equa\u00e7\u00f5es Diferenciais Ordin\u00e1rias, CMU &#8211; IMPA- Rio de Janeiro &#8211; 2005.<br \/>\nBOYCE, W. E., DISPRINA, R. C. Equa\u00e7\u00f5es Diferenciais Elementares e Problemas de Valores de Contorno. Guanabara Dois,1977.<br \/>\nHUREWIEZ, Witold. Lectures on Ordinary Differential Equations. The M. I. T. press &#8211; Massachusetts Institute of Technology (1956): First printing.<br \/>\nCODDINGTONT, E. A., LEVINSON, N. Theory of Ordinary Differential Equations. Krieger Publishing Company. Malabar- Fl\u00f3rida,1983.<br \/>\nHIRSCH, M. W., SMALE, S. Differential Equations: Dynamical Systems, and Linear Algebra. Academic Press.1970.<\/p>\n<hr \/>\n<p>\u00daltima revis\u00e3o em Agosto, 2013.<\/p>\n<p style=\"text-align: center;\"><strong><a href=\"http:\/\/www.professores.uff.br\/jcolombo\/disciplinas\/\">Voltar<\/a><\/strong><\/p>\n","protected":false},"excerpt":{"rendered":"<p>Carga hor\u00e1ria: 68 hs, turma A1 &#8211; Matem\u00e1tica. Monitoria: N\u00e3o temos monitor Hor\u00e1rio da aula: 3\u00aa-feiras na sala IM-107 e 5\u00aa-feiras IM-107 das 11-13hs Meu hor\u00e1rio de atendimento: 3\u00aa,4\u00aa e 5\u00aa-feiras, das 14-18hs na minha sala. Provas P1 &#8211; 20\/06\/2013 P2 &#8211; 06\/08\/2013 VR &#8211; 13\/08\/2013 (Toda a mat\u00e9ria) VS &#8211; 15\/08\/2013 (Toda a mat\u00e9ria) [&hellip;]<\/p>\n","protected":false},"author":70,"featured_media":0,"parent":0,"menu_order":0,"comment_status":"closed","ping_status":"closed","template":"","meta":{"_exactmetrics_skip_tracking":false,"_exactmetrics_sitenote_active":false,"_exactmetrics_sitenote_note":"","_exactmetrics_sitenote_category":0,"footnotes":""},"categories":[],"tags":[],"class_list":["post-367","page","type-page","status-publish","hentry"],"_links":{"self":[{"href":"https:\/\/www.professores.uff.br\/jcolombo\/wp-json\/wp\/v2\/pages\/367","targetHints":{"allow":["GET"]}}],"collection":[{"href":"https:\/\/www.professores.uff.br\/jcolombo\/wp-json\/wp\/v2\/pages"}],"about":[{"href":"https:\/\/www.professores.uff.br\/jcolombo\/wp-json\/wp\/v2\/types\/page"}],"author":[{"embeddable":true,"href":"https:\/\/www.professores.uff.br\/jcolombo\/wp-json\/wp\/v2\/users\/70"}],"replies":[{"embeddable":true,"href":"https:\/\/www.professores.uff.br\/jcolombo\/wp-json\/wp\/v2\/comments?post=367"}],"version-history":[{"count":6,"href":"https:\/\/www.professores.uff.br\/jcolombo\/wp-json\/wp\/v2\/pages\/367\/revisions"}],"predecessor-version":[{"id":645,"href":"https:\/\/www.professores.uff.br\/jcolombo\/wp-json\/wp\/v2\/pages\/367\/revisions\/645"}],"wp:attachment":[{"href":"https:\/\/www.professores.uff.br\/jcolombo\/wp-json\/wp\/v2\/media?parent=367"}],"wp:term":[{"taxonomy":"category","embeddable":true,"href":"https:\/\/www.professores.uff.br\/jcolombo\/wp-json\/wp\/v2\/categories?post=367"},{"taxonomy":"post_tag","embeddable":true,"href":"https:\/\/www.professores.uff.br\/jcolombo\/wp-json\/wp\/v2\/tags?post=367"}],"curies":[{"name":"wp","href":"https:\/\/api.w.org\/{rel}","templated":true}]}}