{"id":37,"date":"2017-09-04T12:56:22","date_gmt":"2017-09-04T15:56:22","guid":{"rendered":"http:\/\/www.professores.uff.br\/jcolombo\/?page_id=37"},"modified":"2019-11-23T17:54:23","modified_gmt":"2019-11-23T20:54:23","slug":"divulgacao-cientifica-2","status":"publish","type":"page","link":"https:\/\/www.professores.uff.br\/jcolombo\/divulgacao-cientifica-2\/","title":{"rendered":"Divulga\u00e7\u00e3o Cient\u00edfica"},"content":{"rendered":"\n<p><strong><br \/>Abaixo esta disponibilizado alguns cursos de divulga\u00e7\u00e3o cient\u00edfica. Tamb\u00e9m esta o local que ministrei o minicurso.<\/strong><\/p>\n\n<p><strong>1. \u00a0Veloso, P. M, Colombo, J.,\u00a0<a href=\"http:\/\/www.sbm.org.br\/docs\/coloquios\/NE-3-03.pdf\" target=\"_blank\" rel=\"noopener noreferrer\">Introdu\u00e7\u00e3o \u00e0 \u00e1lgebra n\u00e3o comutativa via Exemplos<\/a>,\u00a0 3\u00ba Col\u00f3quio da Regi\u00e3o Nordeste &#8211; Universidade de Santa Cruz &#8211; Ilh\u00e9us &#8211; BA, 2014.<\/strong><\/p>\n<p>2. Colombo, J.,\u00a0<a href=\"http:\/\/www.sbm.org.br\/coloquio-centro-oeste-4\/images\/Conexoes_Elipticas_Versao_Final.pdf\" target=\"_blank\" rel=\"noopener noreferrer\">Conex\u00f5es entre curvas e integrais el\u00edptica<\/a>, 4\u00aa Col\u00f3quio da Regi\u00e3o Centro-Oeste, Universidade Federal de Goi\u00e1s, Campus de Catal\u00e3o, Catal\u00e3o &#8211; GO, 2015.<\/strong><\/p>\n<p>3. Oficina:<a href=\"http:\/\/www.professores.uff.br\/jcolombo\/wp-content\/uploads\/sites\/124\/2019\/11\/Regua_Compasso_hiperbolico.pdf\" target=\"_blank\" rel=\"noopener noreferrer\">R\u00e9gua e Compasso Hiperb\u00f3lico <\/a>  \u2013 oficina ministrada no <a href=\"https:\/\/www.sbm.org.br\/bienal-2017\/\">VIII Bienal da Sociedade Brasileira de Matem\u00e1tica<\/a> Col\u00e9gio SESC \u2013 RJ, 2017.<\/p>\n\n<p>4. <strong>Colombo, J.,\u00a0<\/strong>Minicurso: Compasso Hiperb\u00f3lico \u2013 IX Semana da Matem\u00e1tica \u2013 IME &#8211; UFF.<\/p>\n\n<p>5. Oficina: <a href=\"http:\/\/www.professores.uff.br\/jcolombo\/wp-content\/uploads\/sites\/124\/2019\/07\/of04__compasso_hiperbolico_IX_bienal_SBM_2019.pdf\">R\u00e9gua e Compasso na Geometria Hiperb\u00f3lica<\/a>\u2013 J.Colombo e D. Dantas \u2013 oficina ministrada no\u00a0<a href=\"https:\/\/www.sbm.org.br\/bienal\/\">IX Bienal da Sociedade Brasileira de Matem\u00e1tica,<\/a>\u00a0Juazeiro do Norte \u2013 CE, 25-28\/02\/2019.<\/p>\n<p>\u00a0<\/p>\n\n\n\n<p><\/p>\n","protected":false},"excerpt":{"rendered":"<p>Abaixo esta disponibilizado alguns cursos de divulga\u00e7\u00e3o cient\u00edfica. Tamb\u00e9m esta o local que ministrei o minicurso. 1. \u00a0Veloso, P. M, Colombo, J.,\u00a0Introdu\u00e7\u00e3o \u00e0 \u00e1lgebra n\u00e3o comutativa via Exemplos,\u00a0 3\u00ba Col\u00f3quio da Regi\u00e3o Nordeste &#8211; Universidade de Santa Cruz &#8211; Ilh\u00e9us &#8211; BA, 2014. 2. Colombo, J.,\u00a0Conex\u00f5es entre curvas e integrais el\u00edptica, 4\u00aa Col\u00f3quio da Regi\u00e3o [&hellip;]<\/p>\n","protected":false},"author":70,"featured_media":0,"parent":0,"menu_order":0,"comment_status":"closed","ping_status":"closed","template":"","meta":{"_exactmetrics_skip_tracking":false,"_exactmetrics_sitenote_active":false,"_exactmetrics_sitenote_note":"","_exactmetrics_sitenote_category":0,"footnotes":""},"categories":[],"tags":[],"class_list":["post-37","page","type-page","status-publish","hentry"],"_links":{"self":[{"href":"https:\/\/www.professores.uff.br\/jcolombo\/wp-json\/wp\/v2\/pages\/37","targetHints":{"allow":["GET"]}}],"collection":[{"href":"https:\/\/www.professores.uff.br\/jcolombo\/wp-json\/wp\/v2\/pages"}],"about":[{"href":"https:\/\/www.professores.uff.br\/jcolombo\/wp-json\/wp\/v2\/types\/page"}],"author":[{"embeddable":true,"href":"https:\/\/www.professores.uff.br\/jcolombo\/wp-json\/wp\/v2\/users\/70"}],"replies":[{"embeddable":true,"href":"https:\/\/www.professores.uff.br\/jcolombo\/wp-json\/wp\/v2\/comments?post=37"}],"version-history":[{"count":9,"href":"https:\/\/www.professores.uff.br\/jcolombo\/wp-json\/wp\/v2\/pages\/37\/revisions"}],"predecessor-version":[{"id":1423,"href":"https:\/\/www.professores.uff.br\/jcolombo\/wp-json\/wp\/v2\/pages\/37\/revisions\/1423"}],"wp:attachment":[{"href":"https:\/\/www.professores.uff.br\/jcolombo\/wp-json\/wp\/v2\/media?parent=37"}],"wp:term":[{"taxonomy":"category","embeddable":true,"href":"https:\/\/www.professores.uff.br\/jcolombo\/wp-json\/wp\/v2\/categories?post=37"},{"taxonomy":"post_tag","embeddable":true,"href":"https:\/\/www.professores.uff.br\/jcolombo\/wp-json\/wp\/v2\/tags?post=37"}],"curies":[{"name":"wp","href":"https:\/\/api.w.org\/{rel}","templated":true}]}}