{"id":375,"date":"2017-09-14T09:10:33","date_gmt":"2017-09-14T12:10:33","guid":{"rendered":"http:\/\/www.professores.uff.br\/jcolombo\/?page_id=375"},"modified":"2017-09-18T11:20:42","modified_gmt":"2017-09-18T14:20:42","slug":"algebra-linear-i-gan00148-turma-b1-22012","status":"publish","type":"page","link":"https:\/\/www.professores.uff.br\/jcolombo\/algebra-linear-i-gan00148-turma-b1-22012\/","title":{"rendered":"\u00c1lgebra Linear I &#8211; GAN00148 &#8211; Turma B1 &#8211; 2\/2012"},"content":{"rendered":"<p>Para quem n\u00e3o esta entendo nada do que estou falando em classe tem o seguinte recurso, v\u00e1 a p\u00e1gina do professor <a href=\"http:\/\/www.youtube.com\/playlist?list=PL800B5EA51EE16BFC&amp;feature=plcp\" target=\"_blank\" rel=\"noopener noreferrer\">Matusalem<\/a> e assista os videos dele. Para os que entendem ingl\u00eas existe o site da <a href=\"https:\/\/www.khanacademy.org\/math\/linear-algebra\/matrix_transformations\/linear_transformations\/v\/linear-transformations\" target=\"_blank\" rel=\"noopener noreferrer\">KhanAcademy.<\/a><\/p>\n<hr \/>\n<p><strong>Carga hor\u00e1ria<\/strong>: 68 hs, turma B1 &#8211; Matem\u00e1tica. <a href=\"http:\/\/www.professores.uff.br\/jcolombo\/wp-content\/uploads\/sites\/124\/2017\/09\/2-2012-Ementa-da-disciplina-GAN0148.docx\" target=\"_blank\" rel=\"noopener noreferrer\">Folha<\/a> entregue no 1\u00aa dia de aula<\/p>\n<hr \/>\n<p><strong>Monitoria<\/strong>: N\u00e3o temos monitor &#8211; Mas voc\u00ea pode tirar d\u00favidas com os outros monitores de \u00e1lgebra linear<br \/>\n<strong>Hor\u00e1rio da aula:<\/strong> 3\u00aa-feiras na sala IM-403 e 5\u00aa-feiras IM-403 das 18-20hs<br \/>\n<strong>Meu hor\u00e1rio de atendimento:<\/strong> 3\u00aa,4\u00aa e 5\u00aa-feiras, das 14-18hs na minha sala.<\/p>\n<hr \/>\n<p><strong>Provas<\/strong><br \/>\n<strong>P1<\/strong> &#8211; 17\/01\/2013 (Segunda chance &#8211; 19\/02\/2013)<br \/>\n<strong>P2<\/strong> &#8211; 19\/03\/2013<br \/>\n<strong>VR<\/strong> &#8211; 26\/03\/2013 (Toda a mat\u00e9ria)<br \/>\nAqui est\u00e1 o <a href=\"http:\/\/www.professores.uff.br\/jcolombo\/wp-content\/uploads\/sites\/124\/2017\/09\/2-2012-VR_Alg_Lin_20122_Gabarito.pdf\" target=\"_blank\" rel=\"noopener noreferrer\">gabarito da VR.<\/a><br \/>\nLembro \u00e0 voc\u00eas que para calcular a M\u00e9dia, voc\u00ea deve calcular P0= Max{P1,P1&#8242;}| e depois voc\u00ea deve somar e dividir por 2, as duas maiores notas entre P0, P2 e VR.<br \/>\n<strong>VS<\/strong> &#8211; 28\/03\/2013 (Toda a mat\u00e9ria)<br \/>\nAqui est\u00e3o as <a href=\"http:\/\/www.professores.uff.br\/jcolombo\/wp-content\/uploads\/sites\/124\/2017\/09\/2-2012-Notas-GAN00148-20122.pdf\" target=\"_blank\" rel=\"noopener noreferrer\">notas<\/a> e aqui est\u00e1 o <a href=\"http:\/\/www.professores.uff.br\/jcolombo\/wp-content\/uploads\/sites\/124\/2017\/09\/2-2012-VS_Alg_Lin_20122_Gabarito.pdf\" target=\"_blank\" rel=\"noopener noreferrer\">gabarito da VS<\/a>.<br \/>\nQuem quiser ver a VS na 3\u00aa-feria (02\/04) estarei em minha sala apartir das 14:30h at\u00e9 17:30h.<\/p>\n<hr \/>\n<p><strong>Listas de Exerc\u00edcios e apostilas<\/strong><br \/>\nJ\u00e1 coloquei duas listas na pasta 81 da Xerox de Matem\u00e1tica<br \/>\n1\u00aa lista &#8211; pg. 49 a 52 do Boldrini.<br \/>\nApostila sobre <a href=\"http:\/\/www.professores.uff.br\/jcolombo\/wp-content\/uploads\/sites\/124\/2017\/09\/2-2012-Determinante.pdf\" target=\"_blank\" rel=\"noopener noreferrer\">determinante<\/a> (da forma que estou abordando na sala de aula).<br \/>\n2\u00aa lista &#8211; pg. 129 a 141 do Boldrini.<br \/>\n3\u00aa lista &#8211; pg. 171 a 177 do Boldrini.<br \/>\n4\u00aa <a href=\"http:\/\/www.professores.uff.br\/jcolombo\/wp-content\/uploads\/sites\/124\/2017\/09\/2-2012-Lista-5.doc\" target=\"_blank\" rel=\"noopener noreferrer\">lista 5<\/a><br \/>\n5\u00aa <a href=\"http:\/\/www.professores.uff.br\/jcolombo\/wp-content\/uploads\/sites\/124\/2017\/09\/2-2012-Lista-6.docx\" target=\"_blank\" rel=\"noopener noreferrer\">lista 6<\/a><br \/>\n6\u00aa <a href=\"http:\/\/www.professores.uff.br\/jcolombo\/wp-content\/uploads\/sites\/124\/2017\/09\/2-2012-Lista-7.docx\" target=\"_blank\" rel=\"noopener noreferrer\">lista 7<\/a><\/p>\n<hr \/>\n<p><strong>Cronograma:<\/strong><br \/>\n20\/11 01 Apresenta\u00e7\u00e3o do curso<br \/>\n22\/11 02 Sistemas lineares e processos de escalonamento<\/p>\n<p>27\/11 03 Escalonamento de matrizes &#8211; consequ\u00eancias do escalonamento<br \/>\n29\/11 04 Prova dos teoremas que envolvem fatos a respeito do escalonamento.<\/p>\n<p>04\/12 05 Determinantes: Defini\u00e7\u00e3o e propriedades do determinante;<br \/>\n06\/12 06 Determinantes: outra f\u00f3rmula para o determinante;<\/p>\n<p>11\/12 07 Determinantes: C\u00e1lculo do determinante, Regra de cramer.<br \/>\n13\/12 08 Matrizes elementares e o processo de invers\u00e3o de matrizes &#8211; Adjunta e Inversa<\/p>\n<p>18\/12 08 Determinantes: Volume e \u00c1rea e exerc\u00edcios<br \/>\n20\/12 09 Espa\u00e7os Vetoriais: Axiomas e exemplos<br \/>\nEm 2013<br \/>\n08\/01 10 Subespa\u00e7os vetoriais e combina\u00e7\u00f5es lineares<br \/>\n10\/01 11 LD X LI, bases e dimens\u00e3o.<\/p>\n<p>15\/01 13 Exerc\u00edcios<br \/>\n17\/01 14 P1<\/p>\n<p>22\/01 15 Corre\u00e7\u00e3o da P1<br \/>\n24\/01 16 Coordenadas Matrizes Mudan\u00e7a de Coordenadas<\/p>\n<p>29\/01 17 Transforma\u00e7\u00f5es Lineares e Matrizes<br \/>\n31\/01 18 Exerc\u00edcios<\/p>\n<p>04\/01 19 Exerc\u00edcios &#8211; entrega da P1<br \/>\n07\/01 20 Teorema do posto e Dim(U+V)=Dim U +Dim V- Dim U\\cap V &#8211; falar a respeito da P1&#8242;<\/p>\n<p>19\/02 19 P1&#8242;<br \/>\n21\/02 20 Teorema do posto e Dim(U+V)=Dim U +Dim V- Dim U\\cap V<\/p>\n<p>30\/05 21 exerc\u00edcios<br \/>\n26\/06 22 Falar da rela\u00e7\u00e3o de equival\u00eancia ~<\/p>\n<p>26\/02 23 Autovalores e Autovetores<br \/>\n28\/02 24 Fiz exerc\u00edcios<\/p>\n<p>05\/03 25 Falei sobre proje\u00e7\u00f5es<br \/>\n07\/03 26 Falei a respeito de proje\u00e7\u00f5es e reflex\u00f5es<\/p>\n<p>12\/03 27 exerc\u00edcios<br \/>\n14\/03 28 exerc\u00edvios<\/p>\n<p>19\/03 29 P2<br \/>\n21\/03 30 Corre\u00e7\u00e3o da P2 e o que vai cair na VR e VS.<\/p>\n<p>26\/03 31 VR<br \/>\n28\/03 22 VS &#8211; \u00faltimo dia letivo do curso.<\/p>\n<hr \/>\n<p><strong>Ementa:<\/strong><br \/>\n<strong>GAN 00148<\/strong><br \/>\n<strong> \u00c1lgebra Linear I<\/strong><br \/>\n<strong> 68 horas semestrais<\/strong><\/p>\n<p>1 Matrizes e Sistemas Lineares<br \/>\n1.1 Matrizes Elementares<br \/>\n1.2 Rela\u00e7\u00e3o de Equival\u00eancia nas matrizes<br \/>\n1.3 Equival\u00eancia segundo linhas<br \/>\n1.4 Sistemas de equa\u00e7\u00f5es lineares e matrizes<\/p>\n<p>2 Espa\u00e7os Vetoriais<br \/>\n2.1 Espa\u00e7os vetoriais<br \/>\n2.2 Subespa\u00e7os Vetoriais, interse\u00e7\u00e3o<br \/>\n2.3 Subespa\u00e7os gerados<br \/>\n2.4 Depend\u00eancia e independ\u00eancia linear<\/p>\n<p>3 Bases e Dimens\u00f5es<br \/>\n3.1 Base, base coordenada, coordenada numa base, vetor coordenadas, mudan\u00e7a de base<br \/>\n3.2 Dimens\u00e3o<br \/>\n3.3 Soma de subespa\u00e7o vetoriais<\/p>\n<p>4 Transforma\u00e7\u00f5es Lineares<br \/>\n4.1 Transforma\u00e7\u00e3o Linear.<br \/>\n4.2 N\u00facleo e imagem. Teorema do n\u00facleo e da imagem.<br \/>\n4.3 Matriz associada a uma transforma\u00e7\u00e3o linear.<br \/>\n4.4 \u00c1lgebra das transforma\u00e7\u00f5es lineares.<br \/>\n4.5 Equival\u00eancia e similaridade<\/p>\n<hr \/>\n<p><strong>Livro texto:<\/strong><br \/>\nBOLDRINI, J.L., COSTA, S.I., FIGUEIREDO, V.L., WETZLER,H.G., \u00c1lgebra linear. 3\u00aa edi\u00e7\u00e3o, Harpra, 1980<\/p>\n<p><strong>Bibliografia:<\/strong><br \/>\nLIPSCHUTZ. S, \u00c1lgebra Linear &#8211; Cole\u00e7\u00e3o Schaum, 1972<br \/>\nLIMA, Elon L., \u00c1lgebra Linear. SBM, 1996 (Cole\u00e7\u00e3o Matem\u00e1tica universit\u00e1ria)<br \/>\nCALLIOLI,C. A., DOMINGUES, H. e COSTA, R., \u00c1lgebra Linear e Aplica\u00e7\u00f5es &#8211; Editora Atual 1993<\/p>\n<hr \/>\n<p>\u00daltima revis\u00e3o em Mar\u00e7o, 2013.<\/p>\n<p style=\"text-align: center;\"><strong><a href=\"http:\/\/www.professores.uff.br\/jcolombo\/disciplinas\/\">Voltar<\/a><\/strong><\/p>\n","protected":false},"excerpt":{"rendered":"<p>Para quem n\u00e3o esta entendo nada do que estou falando em classe tem o seguinte recurso, v\u00e1 a p\u00e1gina do professor Matusalem e assista os videos dele. Para os que entendem ingl\u00eas existe o site da KhanAcademy. Carga hor\u00e1ria: 68 hs, turma B1 &#8211; Matem\u00e1tica. Folha entregue no 1\u00aa dia de aula Monitoria: N\u00e3o temos [&hellip;]<\/p>\n","protected":false},"author":70,"featured_media":0,"parent":0,"menu_order":0,"comment_status":"closed","ping_status":"closed","template":"","meta":{"_exactmetrics_skip_tracking":false,"_exactmetrics_sitenote_active":false,"_exactmetrics_sitenote_note":"","_exactmetrics_sitenote_category":0,"footnotes":""},"categories":[],"tags":[],"class_list":["post-375","page","type-page","status-publish","hentry"],"_links":{"self":[{"href":"https:\/\/www.professores.uff.br\/jcolombo\/wp-json\/wp\/v2\/pages\/375","targetHints":{"allow":["GET"]}}],"collection":[{"href":"https:\/\/www.professores.uff.br\/jcolombo\/wp-json\/wp\/v2\/pages"}],"about":[{"href":"https:\/\/www.professores.uff.br\/jcolombo\/wp-json\/wp\/v2\/types\/page"}],"author":[{"embeddable":true,"href":"https:\/\/www.professores.uff.br\/jcolombo\/wp-json\/wp\/v2\/users\/70"}],"replies":[{"embeddable":true,"href":"https:\/\/www.professores.uff.br\/jcolombo\/wp-json\/wp\/v2\/comments?post=375"}],"version-history":[{"count":4,"href":"https:\/\/www.professores.uff.br\/jcolombo\/wp-json\/wp\/v2\/pages\/375\/revisions"}],"predecessor-version":[{"id":635,"href":"https:\/\/www.professores.uff.br\/jcolombo\/wp-json\/wp\/v2\/pages\/375\/revisions\/635"}],"wp:attachment":[{"href":"https:\/\/www.professores.uff.br\/jcolombo\/wp-json\/wp\/v2\/media?parent=375"}],"wp:term":[{"taxonomy":"category","embeddable":true,"href":"https:\/\/www.professores.uff.br\/jcolombo\/wp-json\/wp\/v2\/categories?post=375"},{"taxonomy":"post_tag","embeddable":true,"href":"https:\/\/www.professores.uff.br\/jcolombo\/wp-json\/wp\/v2\/tags?post=375"}],"curies":[{"name":"wp","href":"https:\/\/api.w.org\/{rel}","templated":true}]}}