{"id":432,"date":"2017-09-15T09:29:54","date_gmt":"2017-09-15T12:29:54","guid":{"rendered":"http:\/\/www.professores.uff.br\/jcolombo\/?page_id=432"},"modified":"2017-09-18T11:24:29","modified_gmt":"2017-09-18T14:24:29","slug":"calculo-aplicado-i-gma0097-22012","status":"publish","type":"page","link":"https:\/\/www.professores.uff.br\/jcolombo\/calculo-aplicado-i-gma0097-22012\/","title":{"rendered":"Calculo Aplicado I &#8211; GMA00097 &#8211; 2\/2011"},"content":{"rendered":"<p><strong>Carga hor\u00e1ria<\/strong>: 75 hs<\/p>\n<p><strong>Ementa:<\/strong> Fun\u00e7\u00e3o real de uma vari\u00e1vel real. Limite e continuidade. Derivada e diferencial. Aplica\u00e7\u00f5es. M\u00e1ximos e m\u00ednimos. Anti-derivadas. Primitivas imediatas. Integral definida. Aplica\u00e7\u00f5es. Fun\u00e7\u00f5es transcendentes. Formas indeterminadas. F\u00f3rmula de Taylor.<\/p>\n<p><strong>Monitoria.<\/strong><\/p>\n<p><strong>Hor\u00e1rio:<\/strong> 2\u00aa-feiras na sala FA-602,4\u00aa-feiras na sala FA-810 e 6\u00aa &#8211; feiras na sala IM-202 das 11-13hs<br \/>\n(estamos tendo 3 aulas por semana, para que no final do semestre tenhamos apenas dois dias por semana.)<\/p>\n<p><strong>Provas:<br \/>\n<\/strong><br \/>\n<strong>P1<\/strong> data: 05\/09\/11. abaixo est\u00e3o as listas de exerc\u00edcios referentes a esta prova:<br \/>\n<a href=\"http:\/\/www.professores.uff.br\/jcolombo\/wp-content\/uploads\/sites\/124\/2017\/09\/2-2011-lista-01-calc-di-ap-01-2009-1.pdf\" target=\"_blank\" rel=\"noopener noreferrer\">lista 1<\/a>, <a href=\"http:\/\/www.professores.uff.br\/jcolombo\/wp-content\/uploads\/sites\/124\/2017\/09\/2-2011-lista-02-calc-di-ap-01-2009-1.pdf\" target=\"_blank\" rel=\"noopener noreferrer\">lista 2<\/a>, <a href=\"http:\/\/www.professores.uff.br\/jcolombo\/wp-content\/uploads\/sites\/124\/2017\/09\/2-2011-lista-03-calc-di-ap-01-2009-1.pdf\" target=\"_blank\" rel=\"noopener noreferrer\">lista 3<\/a>, <a href=\"http:\/\/www.professores.uff.br\/jcolombo\/wp-content\/uploads\/sites\/124\/2017\/09\/2-2011-lista-04-calc-di-ap-01-2009-1.pdf\" target=\"_blank\" rel=\"noopener noreferrer\">lista 4<\/a>.<br \/>\nOs assuntos abordados nesta prova foram: inequa\u00e7\u00f5es: raiz, m\u00f3dulo; Fun\u00e7\u00e3o: dom\u00ednio, imagem e paridade; Gr\u00e1ficos que envolvem retas; c\u00f4nicas e m\u00f3dulo; Opera\u00e7\u00f5es com fun\u00e7\u00f5es; Fun\u00e7\u00e3o composta; Transforma\u00e7\u00f5es em gr\u00e1ficos; limites; limites laterais e continuidade.<br \/>\n<a href=\"http:\/\/www.professores.uff.br\/jcolombo\/wp-content\/uploads\/sites\/124\/2017\/09\/2-2011-Prova1-C\u00e1lculo-Quimica.pdf\" target=\"_blank\" rel=\"noopener noreferrer\">Prova aplicada.<\/a><\/p>\n<p><strong>P2<\/strong> data: 14\/10\/11. Abaixo est\u00e3o as listas de exerc\u00edcios referentes a esta prova:<br \/>\n<a href=\"http:\/\/www.professores.uff.br\/jcolombo\/wp-content\/uploads\/sites\/124\/2017\/09\/2-2011-Prova1-C\u00e1lculo-Quimica.pdf\" target=\"_blank\" rel=\"noopener noreferrer\">lista 5<\/a>, <a href=\"http:\/\/www.professores.uff.br\/jcolombo\/wp-content\/uploads\/sites\/124\/2017\/09\/2-2011-lista-06-calc-di-ap-01-2009-1.pdf\" target=\"_blank\" rel=\"noopener noreferrer\">lista 6<\/a>,<a href=\"http:\/\/www.professores.uff.br\/jcolombo\/wp-content\/uploads\/sites\/124\/2017\/09\/2-2011-lista-07-calc-di-ap-01-2009-1.pdf\" target=\"_blank\" rel=\"noopener noreferrer\"> lista 7<\/a>, <a href=\"http:\/\/www.professores.uff.br\/jcolombo\/wp-content\/uploads\/sites\/124\/2017\/09\/2-2011-lista-08-calc-di-ap-01-2009-1.pdf\" target=\"_blank\" rel=\"noopener noreferrer\">lista 8<\/a>, <a href=\"http:\/\/www.professores.uff.br\/jcolombo\/wp-content\/uploads\/sites\/124\/2017\/09\/2-2011-lista-09-calc-di-ap-01-2009-1.pdf\" target=\"_blank\" rel=\"noopener noreferrer\">lista 9<\/a>, <a href=\"http:\/\/www.professores.uff.br\/jcolombo\/wp-content\/uploads\/sites\/124\/2017\/09\/2-2011-lista-10-calc-di-ap-01-2009-1.pdf\" target=\"_blank\" rel=\"noopener noreferrer\">lista 10<\/a>, <a href=\"http:\/\/www.professores.uff.br\/jcolombo\/wp-content\/uploads\/sites\/124\/2017\/09\/2-2011-lista-11calc-di-ap-01-2009-1.pdf\" target=\"_blank\" rel=\"noopener noreferrer\">lista 11<\/a> e <a href=\"http:\/\/www.professores.uff.br\/jcolombo\/wp-content\/uploads\/sites\/124\/2017\/09\/2-2011-lista-11calc-di-ap-01-2009-1.pdf\" target=\"_blank\" rel=\"noopener noreferrer\">lista 12<\/a>.<br \/>\nOs assuntos que caem nesta prova s\u00e3o: limite e continuidade; derivada (por defini\u00e7\u00e3o e regras de deriva\u00e7\u00e3o); diferencia\u00e7\u00e3o X continuidade; regra da cadeia; derivadas de ordem superior; diferencial; fun\u00e7\u00e3o implicita; fun\u00e7\u00f5es inversas e suas derivadas; fun\u00e7\u00f5es hiperb\u00f3licas; exponencial e sua inversa; teorema de Rolle e o teorema do valor m\u00e9dio (TVM).<br \/>\n<a href=\"http:\/\/www.professores.uff.br\/jcolombo\/wp-content\/uploads\/sites\/124\/2017\/09\/2-2011-Prova2-C\u00e1lculo-Quimica.pdf\" target=\"_blank\" rel=\"noopener noreferrer\">Prova aplicada<\/a>.<\/p>\n<p><strong>P3<\/strong> data: 30\/11. Abaixo est\u00e3o as listas de exerc\u00edcios referentes a esta prova:<br \/>\n<a href=\"http:\/\/www.professores.uff.br\/jcolombo\/wp-content\/uploads\/sites\/124\/2017\/09\/2-2011-lista-14-calc-di-ap-01-2009-1.pdf\" target=\"_blank\" rel=\"noopener noreferrer\">lista 14<\/a>, <a href=\"http:\/\/www.professores.uff.br\/jcolombo\/wp-content\/uploads\/sites\/124\/2017\/09\/2-2011-lista-15-calc-di-ap-01-2009-1.pdf\" target=\"_blank\" rel=\"noopener noreferrer\">lista 15<\/a>, <a href=\"http:\/\/www.professores.uff.br\/jcolombo\/wp-content\/uploads\/sites\/124\/2017\/09\/2-2011-lista-16-calc-di-ap-01-2009-1.pdf\" target=\"_blank\" rel=\"noopener noreferrer\">lista 16<\/a>, <a href=\"http:\/\/www.professores.uff.br\/jcolombo\/wp-content\/uploads\/sites\/124\/2017\/09\/2-2011-lista-17-calc-di-ap-01-2009-1.pdf\" target=\"_blank\" rel=\"noopener noreferrer\">lista 17<\/a>, <a href=\"http:\/\/www.professores.uff.br\/jcolombo\/wp-content\/uploads\/sites\/124\/2017\/09\/2-2011-lista-18-calc-di-ap-01-2009-1.pdf\" target=\"_blank\" rel=\"noopener noreferrer\">lista 18<\/a>.<br \/>\nOs assuntos que ca\u00edram na prova s\u00e3o: Estudo de gr\u00e1ficos usando as derivadas: aplica\u00e7\u00f5es, anti-derivada, integrais definidas e indefinidas, teorema fundamental do c\u00e1lculo, algumas t\u00e9cnicas de integra\u00e7\u00e3o, c\u00e1lculo de \u00e1reas e aplica\u00e7\u00f5es, expans\u00e3o de Taylor.<br \/>\nAqui esta a <a href=\"http:\/\/www.professores.uff.br\/jcolombo\/wp-content\/uploads\/sites\/124\/2017\/09\/2-2011-Prova3-C\u00e1lculo-Quimica.pdf\" target=\"_blank\" rel=\"noopener noreferrer\">prova aplicada<\/a> e aqui esta o <a href=\"http:\/\/www.professores.uff.br\/jcolombo\/wp-content\/uploads\/sites\/124\/2017\/09\/2-2011-Prova3-C\u00e1lculo-Quimica-gabarito.pdf\" target=\"_blank\" rel=\"noopener noreferrer\">gabarito<\/a> desta prova.<\/p>\n<p><strong>VR<\/strong> data: 07\/12. <a href=\"http:\/\/www.professores.uff.br\/jcolombo\/wp-content\/uploads\/sites\/124\/2017\/09\/2-2011-VR-C\u00e1lculo-Quimica.pdf\" target=\"_blank\" rel=\"noopener noreferrer\">Aqui<\/a> esta a prova aplicada.<\/p>\n<p><strong>VS<\/strong> data: 12\/12.<a href=\"http:\/\/www.professores.uff.br\/jcolombo\/wp-content\/uploads\/sites\/124\/2017\/09\/2-2011-VS_Calculo_Quimica.pdf\" target=\"_blank\" rel=\"noopener noreferrer\"> Aqui <\/a>esta a prova aplicada. <a href=\"http:\/\/www.professores.uff.br\/jcolombo\/wp-content\/uploads\/sites\/124\/2017\/09\/2-2011-VS_Calculo_Gabarito.pdf\" target=\"_blank\" rel=\"noopener noreferrer\">Aqui<\/a> esta o gabarito da prova aplicada.<\/p>\n<p><strong>Material Complementar:<\/strong> No come\u00e7o do curso falei que at\u00e9 o final do mesmo ir\u00edamos poder explicar algumas fen\u00f4menos tais como:<br \/>\n1\u00aa O \u00e2ngulo formado entre a sua sobra e qualquer ponto do arco-\u00edris \u00e9 de 42\u00aa.<br \/>\nPara isto j\u00e1 passei um material em sala de aula &#8211; pretendo fazer as contas mais para a frente. Quem tiver interesse por favor assista este video que esta no YouTube em duas partes: <a href=\"http:\/\/youtu.be\/r_hFjFM91C4\" target=\"_blank\" rel=\"noopener noreferrer\">parte 1<\/a>, <a href=\"http:\/\/youtu.be\/AZsuZL89Tcs\" target=\"_blank\" rel=\"noopener noreferrer\">parte 2<\/a> (15&#8217;24&#8221;). Detalhe \u00e9 que o video esta em ingl\u00eas, mas o que importa s\u00e3o as figuras.<br \/>\nQuem quiser entender melhor a parte f\u00edsica tem um <a href=\"http:\/\/www.sc.ehu.es\/sbweb\/fisica\/ondas\/snell\/snell.htm\" target=\"_blank\" rel=\"noopener noreferrer\">p\u00e1gina muito boa<\/a> que d\u00e1 os fundamentos de refra\u00e7\u00e3o da luz (detalhe: esta em espanhol).<br \/>\n2\u00aa Por que as latas de um supermercado tem a forma que t\u00eam?<br \/>\n3\u00aa Qual o melhor lugar para se sentar em um cinema, inclusive em uma sala de cinema 3D.<br \/>\n4\u00aa Como juntar curvas de modo a formarem letras para uma impress\u00e3o ao laser?<br \/>\n5\u00aa Como se faz a predi\u00e7\u00e3o do crescimento populacional?<br \/>\n6\u00aa Como os computadores calculam o valor de fun\u00e7\u00f5es tais como: seno e cosseno, j\u00e1 que ele somente sabe somar e multiplicar.<\/p>\n<p>PS: Gostaria de lembrar que estas listas foram baixada da p\u00e1gina do GMA, Click <a href=\"http:\/\/www.uff.br\/gma\/informacoes%20disciplinas\/informacoes%20disciplinas%202011-2.htm#calcap01\" target=\"_blank\" rel=\"noopener noreferrer\">aqui<\/a> para ir a p\u00e1gina.<\/p>\n<hr \/>\n<p><strong>Para Descontrair<\/strong><\/p>\n<p><img loading=\"lazy\" decoding=\"async\" class=\"alignnone wp-image-464 size-full\" src=\"http:\/\/www.professores.uff.br\/jcolombo\/wp-content\/uploads\/sites\/124\/2017\/09\/descontrair.jpg\" alt=\"\" width=\"665\" height=\"720\" srcset=\"https:\/\/www.professores.uff.br\/jcolombo\/wp-content\/uploads\/sites\/124\/2017\/09\/descontrair.jpg 665w, https:\/\/www.professores.uff.br\/jcolombo\/wp-content\/uploads\/sites\/124\/2017\/09\/descontrair-277x300.jpg 277w\" sizes=\"auto, (max-width: 665px) 100vw, 665px\" \/><\/p>\n<hr \/>\n<p>\u00daltima\u00a0 revis\u00e3o em Mar\u00e7o, 2012.<\/p>\n<p style=\"text-align: center;\"><strong><a href=\"http:\/\/www.professores.uff.br\/jcolombo\/disciplinas\/\">Voltar<\/a><\/strong><\/p>\n","protected":false},"excerpt":{"rendered":"<p>Carga hor\u00e1ria: 75 hs Ementa: Fun\u00e7\u00e3o real de uma vari\u00e1vel real. Limite e continuidade. Derivada e diferencial. Aplica\u00e7\u00f5es. M\u00e1ximos e m\u00ednimos. Anti-derivadas. Primitivas imediatas. Integral definida. Aplica\u00e7\u00f5es. Fun\u00e7\u00f5es transcendentes. Formas indeterminadas. F\u00f3rmula de Taylor. Monitoria. Hor\u00e1rio: 2\u00aa-feiras na sala FA-602,4\u00aa-feiras na sala FA-810 e 6\u00aa &#8211; feiras na sala IM-202 das 11-13hs (estamos tendo 3 [&hellip;]<\/p>\n","protected":false},"author":70,"featured_media":0,"parent":0,"menu_order":0,"comment_status":"closed","ping_status":"closed","template":"","meta":{"_exactmetrics_skip_tracking":false,"_exactmetrics_sitenote_active":false,"_exactmetrics_sitenote_note":"","_exactmetrics_sitenote_category":0,"footnotes":""},"categories":[],"tags":[],"class_list":["post-432","page","type-page","status-publish","hentry"],"_links":{"self":[{"href":"https:\/\/www.professores.uff.br\/jcolombo\/wp-json\/wp\/v2\/pages\/432","targetHints":{"allow":["GET"]}}],"collection":[{"href":"https:\/\/www.professores.uff.br\/jcolombo\/wp-json\/wp\/v2\/pages"}],"about":[{"href":"https:\/\/www.professores.uff.br\/jcolombo\/wp-json\/wp\/v2\/types\/page"}],"author":[{"embeddable":true,"href":"https:\/\/www.professores.uff.br\/jcolombo\/wp-json\/wp\/v2\/users\/70"}],"replies":[{"embeddable":true,"href":"https:\/\/www.professores.uff.br\/jcolombo\/wp-json\/wp\/v2\/comments?post=432"}],"version-history":[{"count":11,"href":"https:\/\/www.professores.uff.br\/jcolombo\/wp-json\/wp\/v2\/pages\/432\/revisions"}],"predecessor-version":[{"id":644,"href":"https:\/\/www.professores.uff.br\/jcolombo\/wp-json\/wp\/v2\/pages\/432\/revisions\/644"}],"wp:attachment":[{"href":"https:\/\/www.professores.uff.br\/jcolombo\/wp-json\/wp\/v2\/media?parent=432"}],"wp:term":[{"taxonomy":"category","embeddable":true,"href":"https:\/\/www.professores.uff.br\/jcolombo\/wp-json\/wp\/v2\/categories?post=432"},{"taxonomy":"post_tag","embeddable":true,"href":"https:\/\/www.professores.uff.br\/jcolombo\/wp-json\/wp\/v2\/tags?post=432"}],"curies":[{"name":"wp","href":"https:\/\/api.w.org\/{rel}","templated":true}]}}