{"id":514,"date":"2017-09-15T13:25:58","date_gmt":"2017-09-15T16:25:58","guid":{"rendered":"http:\/\/www.professores.uff.br\/jcolombo\/?page_id=514"},"modified":"2017-09-18T11:23:05","modified_gmt":"2017-09-18T14:23:05","slug":"algebra-linear-ii-gan00164-turma-b1-22016","status":"publish","type":"page","link":"https:\/\/www.professores.uff.br\/jcolombo\/algebra-linear-ii-gan00164-turma-b1-22016\/","title":{"rendered":"\u00c1lgebra Linear II- GAN00164 &#8211; Turma B1 &#8211; 2\/2016"},"content":{"rendered":"<p><strong>Carga hor\u00e1ria<\/strong>: 68 hs, turma B1<\/p>\n<p><strong>Informa\u00e7\u00f5es:<\/strong><br \/>\nAqui est\u00e3o alguns arquivos em pdf que baixei da rede e que tem aplica\u00e7\u00f5es de \u00e1lgebra linear. Caso algu\u00e9m queira ler algum destes arquivos e esteja encontrando dificuldades eu teria muito prazer ajudar, \u00e9 s\u00f3 me procurar.<br \/>\nMudan\u00e7a de coordenadas do sistema CIE-RBG para o sistema CIE-XYZ. (<a href=\"http:\/\/www.professores.uff.br\/jcolombo\/wp-content\/uploads\/sites\/124\/2017\/09\/2-2016-sistemas_de_coordenadas_de_cores.pdf\" target=\"_blank\" rel=\"noopener noreferrer\">pdf<\/a>)<br \/>\nUma aplica\u00e7\u00e3o de \u00e1lgebra linear a <a href=\"http:\/\/www.professores.uff.br\/jcolombo\/wp-content\/uploads\/sites\/124\/2017\/09\/2-2016-Tomografia.pdf\" target=\"_blank\" rel=\"noopener noreferrer\">tomografia<\/a>. Este trabalho foi apresentado pela Danielle Nascimento monitora de \u00e1lgebra linear no XIV Semana de Monitoria.<br \/>\nUtiliza\u00e7\u00e3o de \u00e1lgebra linear em Circuitos El\u00e9tricos. (<a href=\"http:\/\/www.professores.uff.br\/jcolombo\/wp-content\/uploads\/sites\/124\/2017\/09\/2-2016-curto_circuitos.pdf\" target=\"_blank\" rel=\"noopener noreferrer\">pdf<\/a>)<\/p>\n<hr \/>\n<p><strong>Monitoria:<br \/>\n<\/strong><\/p>\n<hr \/>\n<p><strong>Lista de Exerc\u00edcios para a P1<\/strong><br \/>\nLista 1 &#8211; Sobre determinantes- da apostila: \u00c1lgebra Linear: Texto em prepara\u00e7\u00e3o, Jones Colombo e Jos\u00e9 Koiller pg.166 -167.<br \/>\nLista 2 &#8211; Estudo de Operadores Lineares &#8211; Pag.189 1-14 da refer\u00eancia 7<br \/>\nLista 3 &#8211; Estudo de Operadores Lineares -p\u00e1g.213 ex.1-9 da refer\u00eancia 7<br \/>\nLista 4 &#8211; Estudo de Operadores Lineares &#8211; p\u00e1g.198 ex, 1-7 da refer\u00eancia 7<br \/>\nLista 5 &#8211; Estudo de Operadores Lineares &#8211; p\u00e1g. 225 ex.1-4 da refer\u00eancia 7<br \/>\nLista 6 &#8211; Lista de exerc\u00edcios cap. 6 da refer\u00eancia 1.<br \/>\nLista 7 &#8211; Lista de exerc\u00edcios cap 7 da refer\u00eancia 1.<\/p>\n<p><strong>Lista de Exerc\u00edcios para a P2<\/strong><br \/>\nLista 1 &#8211; Cap\u00edtulo 9 da apostila: \u00c1lgebra Linear: Texto em prepara\u00e7\u00e3o, Jones Colombo e Jos\u00e9 Koiller pg.202.<br \/>\nLista 2 &#8211; Na refer\u00eancia [2] Contemporary Linear Algebra que \u00e9 a vers\u00e3o inglesa fa\u00e7a os exerc\u00edcios da p\u00e1gina 368-370 (na vers\u00e3o Portuguesa 366-367)<br \/>\nLista 3 &#8211; Na refer\u00eancia [2] Contemporary Linear Algebra que \u00e9 a vers\u00e3o inglesa fa\u00e7a os exerc\u00edcios da p\u00e1gina 391-393 (na vers\u00e3o Portuguesa 387-389)<br \/>\nLista 4 &#8211; Leia e siga o exemplo 3, p\u00e1g 246 do livro do Boldrini &#8211; refer\u00eancia [1].<br \/>\nLista 5 &#8211; Fa\u00e7a a lista 8.9 do livro do Boldrini refer\u00eancia [1] &#8211; P\u00e1ginas: 247-252.<br \/>\nLista 6 &#8211; Fa\u00e7a a lista 9.4 do livro do Boldrini refer\u00eancia [1] &#8211; P\u00e1ginas: 264 -268.<br \/>\nLista 7 &#8211; Cap\u00edtulo 10 da apostila: \u00c1lgebra Linear: Texto em prepara\u00e7\u00e3o, Jones Colombo e Jos\u00e9 Koiller pg.241.<br \/>\nLista 8 &#8211; p\u00e1g. 329 do livro refer\u00eancia [3];<br \/>\nLista 9 &#8211; p\u00e1g. 381 do livro refer\u00eancia [3];<\/p>\n<hr \/>\n<p><strong>Hor\u00e1rio:<\/strong> 3\u00aa e 5\u00aa-feiras na sala IM-202G das 20 \u00e0s 22hs.<br \/>\n<strong>Meu hor\u00e1rio de atendimento:<\/strong> 3\u00aa e 4\u00aa-feiras, das 14-17:30hs em meu gabinete.<\/p>\n<hr \/>\n<p><strong>Provas<\/strong><br \/>\n<a href=\"http:\/\/www.professores.uff.br\/jcolombo\/wp-content\/uploads\/sites\/124\/2017\/09\/2-2016-Prova1ALII_20162.pdf\" target=\"_blank\" rel=\"noopener noreferrer\">P1<\/a> &#8211; 27\/10\/2016 &#8211; <a href=\"http:\/\/www.professores.uff.br\/jcolombo\/wp-content\/uploads\/sites\/124\/2017\/09\/2-2016-Prova1ALII_20162_Gabarito.pdf\" target=\"_blank\" rel=\"noopener noreferrer\">Gabarito <\/a>da P1.<br \/>\n<a href=\"http:\/\/www.professores.uff.br\/jcolombo\/wp-content\/uploads\/sites\/124\/2017\/09\/2-2016-Prova2ALII_20162.pdf\" target=\"_blank\" rel=\"noopener noreferrer\">P2<\/a> &#8211; 05\/01\/17 &#8211;<a href=\"http:\/\/www.professores.uff.br\/jcolombo\/wp-content\/uploads\/sites\/124\/2017\/09\/2-2016-Prova2ALII_20162_Gabarito.pdf\" target=\"_blank\" rel=\"noopener noreferrer\"> Gabarito <\/a>da P2 &#8211; <a href=\"http:\/\/www.professores.uff.br\/jcolombo\/wp-content\/uploads\/sites\/124\/2017\/09\/2-2016-P2.txt\" target=\"_blank\" rel=\"noopener noreferrer\">Notas<\/a> da P2.<br \/>\n<a href=\"http:\/\/www.professores.uff.br\/jcolombo\/wp-content\/uploads\/sites\/124\/2017\/09\/2-2016-VR_ALII_20162.pdf\" target=\"_blank\" rel=\"noopener noreferrer\">VR<\/a> &#8211; 10\/01\/17 &#8211; <a href=\"http:\/\/www.professores.uff.br\/jcolombo\/wp-content\/uploads\/sites\/124\/2017\/09\/2-2016-Gabarito_VR_ALII_20162.pdf\" target=\"_blank\" rel=\"noopener noreferrer\">Gabarito <\/a>da VR &#8211; <a href=\"http:\/\/www.professores.uff.br\/jcolombo\/wp-content\/uploads\/sites\/124\/2017\/09\/2-2016-VR.txt\" target=\"_blank\" rel=\"noopener noreferrer\">Notas<\/a> da VR.<br \/>\nVS &#8211; 12\/01\/17 &#8211; N\u00e3o teve!<\/p>\n<hr \/>\n<p><strong>Cronograma<\/strong><\/p>\n<p>30\/08 &#8211; Me apresentei, ementa, bibliografia, m\u00e9todo de avalia\u00e7\u00e3o e datas para as avalia\u00e7\u00f5es.<br \/>\n01\/09 &#8211; Introdu\u00e7\u00e3o aos determinantes.<\/p>\n<p>06\/09 &#8211; Terminei determinantes: A. Adj(A)= det(A)I, outra forma de calcular a inversa de uma matriz, det(AB)= det(A)det(B), determinantes e \u00e1rea e volume.<br \/>\n07\/09 &#8211; Feriado &#8211; Independ\u00eancia do Brasil<br \/>\n08\/09 &#8211; In\u00edcio do estudo dos operadores lineares: Soma Direta, Proje\u00e7\u00f5es, MDC, Teorema da decomposi\u00e7\u00e3o Prim\u00e1ria, Autovalores e Autovetores, polin\u00f4mios caracter\u00edstico.<br \/>\n13\/09 &#8211; Revis\u00e3o e aprofundamento: autovalores, autovetores, autoespa\u00e7os generalizados, polin\u00f4mio caracter\u00edstico, polin\u00f4mio m\u00ednimo, operadores diagonalizaveis, Teorema da decomposi\u00e7\u00e3o prim\u00e1ria .<br \/>\n15\/09 &#8211; Aula de exerc\u00edcios.<\/p>\n<p>20\/09 &#8211; Vamos continuar explorando os exerc\u00edcios da aula passada &#8211; com o objetivo de entender como funciona a forma can\u00f4nica de Jordan de uma matriz.<br \/>\n22\/09 &#8211; Resum\u00e3o e exerc\u00edcios a respeito de operadores lineares.<\/p>\n<p>27\/09 &#8211; Exponencia\u00e7\u00e3o de matrizes.<br \/>\n29\/09 &#8211; Estudo de operadores nilpotentes<\/p>\n<p>04\/10 &#8211; Funcionais lineares e a transposta.<br \/>\n06\/10 &#8211; Aula de Exerc\u00edcios<\/p>\n<p>11\/10 &#8211; Aula de Exerc\u00edcios &#8211; foram dados 9 exerc\u00edcios.<br \/>\n13\/10 &#8211; Aula de exerc\u00edcios<\/p>\n<p>18\/10 &#8211; Semana de Monitoria 17\/10 e o 18\/10.<br \/>\n20\/10 &#8211; Entre os dias 19-22\/10 Semana da Matem\u00e1tica UFF &#8211; P1<\/p>\n<p>25\/10 Estarei fora do Rio &#8211; Corre\u00e7\u00e3o Nacional da OBMEP<br \/>\n27\/10 Estarei fora do Rio &#8211; Corre\u00e7\u00e3o Nacional da OBMEP &#8211; <span style=\"color: #ff0000;\">P1 aplicada neste dia.<\/span><\/p>\n<p>01\/11 &#8211; Resolu\u00e7\u00e3o da P1 &#8211; Produto interno.<br \/>\n03\/11 &#8211; Proje\u00e7\u00e3o ortogonal, Reflex\u00e3o, Processo de ortonormaliza\u00e7\u00e3o de Gram-Schmidt, fatora\u00e7\u00e3o <a href=\"https:\/\/en.wikipedia.org\/wiki\/QR_decomposition\" target=\"_blank\" rel=\"noopener noreferrer\">QR<\/a>.<\/p>\n<p>08\/11 &#8211; Adjunta, propriedades dos operadores A, A* e A*A.<br \/>\n10\/11 &#8211; M\u00e9todos dos M\u00ednimos Quadrados e Operadores Ortogonais.<\/p>\n<p>15\/11 &#8211; Proclama\u00e7\u00e3o da Rep\u00fablica<br \/>\n17\/11 &#8211; Resolvendo Ax=b e com a decomposi\u00e7\u00e3o QR e exerc\u00edcios;<\/p>\n<p>22\/11 &#8211; Feriado 21 Arariboia<br \/>\n24\/11 &#8211; Operadores autoadjuntos, teorema espectral, classifica\u00e7\u00e3o das quadr\u00e1ticas;<\/p>\n<p>29\/11 &#8211; Aula de exerc\u00edcios &#8211; <a href=\"https:\/\/en.wikipedia.org\/wiki\/Householder_transformation\" target=\"_blank\" rel=\"noopener noreferrer\">Reflex\u00e3o<\/a> e a fatora\u00e7\u00e3o QR;<br \/>\n01\/12 &#8211; Aula de exerc\u00edcios &#8211; <a href=\"https:\/\/pt.wikipedia.org\/wiki\/Decomposi%C3%A7%C3%A3o_em_valores_singulares\" target=\"_blank\" rel=\"noopener noreferrer\">SVD<\/a> e Processamento de Imagens;<\/p>\n<p>06\/12 &#8211; Aula de exerc\u00edcios &#8211; Operadores Ortogonais no R^3 (Neste artigo tem as id\u00e9ias deste dia) e fatora\u00e7\u00e3o A=PQ;<br \/>\n08\/12 &#8211; N\u00e3o teve aula<\/p>\n<p>13\/12 &#8211; Aula de exerc\u00edcios &#8211; Fatora\u00e7\u00e3o <a href=\"https:\/\/en.wikipedia.org\/wiki\/LU_decomposition\" target=\"_blank\" rel=\"noopener noreferrer\">LU<\/a><br \/>\n15\/12 &#8211; Aula de exerc\u00edcios &#8211; Formas Bilineares e suas matrizes e mudan\u00e7as de base, formas quadr\u00e1ticas, problemas l\u00f3gicos.<\/p>\n<p>03\/01\/2017 &#8211; Aula de exerc\u00edcios<br \/>\n05\/01 &#8211; <a href=\"http:\/\/www.professores.uff.br\/jcolombo\/wp-content\/uploads\/sites\/124\/2017\/09\/2-2016-Prova2ALII_20162.pdf\" target=\"_blank\" rel=\"noopener noreferrer\">P2<\/a> &#8211; <a href=\"http:\/\/www.professores.uff.br\/jcolombo\/wp-content\/uploads\/sites\/124\/2017\/09\/2-2016-Prova2ALII_20162_Gabarito.pdf\" target=\"_blank\" rel=\"noopener noreferrer\">Gabarito<\/a> da P2 &#8211; <a href=\"http:\/\/www.professores.uff.br\/jcolombo\/wp-content\/uploads\/sites\/124\/2017\/09\/2-2016-P2.txt\" target=\"_blank\" rel=\"noopener noreferrer\">Notas<\/a> da P2.<\/p>\n<p>10\/01 &#8211; <a href=\"http:\/\/www.professores.uff.br\/jcolombo\/wp-content\/uploads\/sites\/124\/2017\/09\/2-2016-VR_ALII_20162.pdf\" target=\"_blank\" rel=\"noopener noreferrer\">VR<\/a> &#8211; <a href=\"http:\/\/www.professores.uff.br\/jcolombo\/wp-content\/uploads\/sites\/124\/2017\/09\/2-2016-Gabarito_VR_ALII_20162.pdf\" target=\"_blank\" rel=\"noopener noreferrer\">Gabarito<\/a> da VR &#8211;<a href=\"http:\/\/www.professores.uff.br\/jcolombo\/wp-content\/uploads\/sites\/124\/2017\/09\/2-2016-VR.txt\" target=\"_blank\" rel=\"noopener noreferrer\"> Notas<\/a> da VR.<br \/>\n12\/01 &#8211; VS &#8211; N\u00e3o tem nenhum aluno habilitado para esta avalia\u00e7\u00e3o.<\/p>\n<hr \/>\n<p><strong>Bibliografia:<\/strong><br \/>\n0) <a href=\"http:\/\/www.professores.uff.br\/jcolombo\/wp-content\/uploads\/sites\/124\/2017\/09\/2-2016-NotasColomboKoiller_EM_PREPARACAO.pdf\" target=\"_blank\" rel=\"noopener noreferrer\">\u00c1lgebra Linear: Texto em prepara\u00e7\u00e3o<\/a>, Jones Colombo e Jos\u00e9 Koiller.<br \/>\n1) \u00c1lgebra Linear, Boldrini, Costa, Ribeiro,Wetzler, Editora Harbra, 3\u00aa edi\u00e7\u00e3o.<br \/>\n2) Contemporary Linear Algebra, Anton,H, Busby, Robert C., John Wiley &amp; Sons, Inc.<br \/>\n3) \u00c1lgebra Linear, Seymour Lipschutz, Cole\u00e7\u00e3o Schaum, MacGraw-Hill, 2\u00aa edi\u00e7\u00e3o, 1972.<br \/>\n3) \u00c1lgebra Linear e Aplica\u00e7\u00f5es, Carlos A. Callioli , Hygino H. Domingues, Roberto C.F. Costa, Editora Atual,6\u00aa edi\u00e7\u00e3o, 1990.<br \/>\n5) \u00c1lgebra Linear, S. Lang, Editora Edgar Blucher Ltda, 1971.<br \/>\n6) \u00c1lgebra Linear, E.L. Lima, Cole\u00e7\u00e3o Matematica Universit\u00e1ria, 2\u00aa edi\u00e7\u00e3o, 1996.<br \/>\n7) \u00c1lgebra Linear, Hoffman, K., Kunze, R. Prentice-Hall, INC, Englewood Cliff, New Jersey, 1971.<\/p>\n<hr \/>\n<p><strong>Ementa:<\/strong><br \/>\n1. Determinantes sobre corpos<br \/>\n1.1 Breve revis\u00e3o sobre o corpo dos n\u00fameros complexos, conjuga\u00e7\u00e3o e norma.<br \/>\n1.2 Determinantes de matrizes de ordem n sobre corpos (C, R ou Q). Propriedades. Express\u00f5es dos determinantes de matrizes de ordens 1, 2 ou 3. C\u00e1lculo do determinante por redu\u00e7\u00e3o por linhas.<br \/>\n1.3 Adjunta cl\u00e1ssica e cofatora. Propriedade. Regra de Cramer.<br \/>\n2. Autovalores e autovetores em espa\u00e7os vetoriais sobre R ou C<br \/>\n2.1 C-espa\u00e7o vetorial. Cn e Mnxn(C).<br \/>\n2.2 Subespa\u00e7os invariantes. Autovalores e autovetores: defini\u00e7\u00e3o e exemplos (n\u00e3o esquecer das fun\u00e7\u00f5es C\u221e: exponenciais, seno e coseno, importantes em EDO).<br \/>\n2.3 Determinante de operadores lineares em espa\u00e7os vetoriais sobre R ou C de dimens\u00e3o finita.Polin\u00f4mio caracter\u00edstico. Subespa\u00e7o caracter\u00edstico. Propriedades de autovalores e autovetores.<br \/>\n2.4 Operadores diagonaliz\u00e1veis. Multiplicidade alg\u00e9brica e multiplicidade geom\u00e9trica.<br \/>\n2.5 Teorema de Hamilton-Cayley. Aplica\u00e7\u00f5es.<br \/>\n3. Espa\u00e7os com produto interno.<br \/>\n3.1 Produto interno em espa\u00e7os vetoriais reais e complexos: defini\u00e7\u00e3o e exemplos.<br \/>\n3.2 Norma, desigualdade de Cauchy-Schwarz, desigualdade triangular. O conceito de \u00e2ngulo em espa\u00e7os vetoriais reais.<br \/>\n3.3 Conjuntos ortogonais, ortonormais. Bases ortogonais e ortonormais. Complemento ortogonal. Proje\u00e7\u00e3o ortogonal. Processo de ortonormaliza\u00e7\u00e3o de Gram-Schmidt.<br \/>\n4. Transforma\u00e7\u00f5es lineares em espa\u00e7os vetoriais de dimens\u00e3o finita com produto interno.<br \/>\n4.1 A adjunta de uma transforma\u00e7\u00e3o linear. Matriz da adjunta.<br \/>\n4.2 Operadores auto-adjuntos. Propriedades. Teorema espectral sobre R e C.<br \/>\n4.3 Transforma\u00e7\u00f5es lineares unit\u00e1rias e ortogonais. Isometrias. Classifica\u00e7\u00e3o das isometrias do plano.<br \/>\n4.4 Forma R-bilinear, forma quadr\u00e1tica. Aplica\u00e7\u00e3o: identifica\u00e7\u00e3o de c\u00f4nicas e qu\u00e1dricas.<\/p>\n<hr \/>\n<p>\u00daltima revis\u00e3o em Janeiro, 2017.<\/p>\n<p style=\"text-align: center;\"><strong><a href=\"http:\/\/www.professores.uff.br\/jcolombo\/disciplinas\/\">Voltar<\/a><\/strong><\/p>\n","protected":false},"excerpt":{"rendered":"<p>Carga hor\u00e1ria: 68 hs, turma B1 Informa\u00e7\u00f5es: Aqui est\u00e3o alguns arquivos em pdf que baixei da rede e que tem aplica\u00e7\u00f5es de \u00e1lgebra linear. Caso algu\u00e9m queira ler algum destes arquivos e esteja encontrando dificuldades eu teria muito prazer ajudar, \u00e9 s\u00f3 me procurar. Mudan\u00e7a de coordenadas do sistema CIE-RBG para o sistema CIE-XYZ. (pdf) [&hellip;]<\/p>\n","protected":false},"author":70,"featured_media":0,"parent":0,"menu_order":0,"comment_status":"closed","ping_status":"closed","template":"","meta":{"_exactmetrics_skip_tracking":false,"_exactmetrics_sitenote_active":false,"_exactmetrics_sitenote_note":"","_exactmetrics_sitenote_category":0,"footnotes":""},"categories":[],"tags":[],"class_list":["post-514","page","type-page","status-publish","hentry"],"_links":{"self":[{"href":"https:\/\/www.professores.uff.br\/jcolombo\/wp-json\/wp\/v2\/pages\/514","targetHints":{"allow":["GET"]}}],"collection":[{"href":"https:\/\/www.professores.uff.br\/jcolombo\/wp-json\/wp\/v2\/pages"}],"about":[{"href":"https:\/\/www.professores.uff.br\/jcolombo\/wp-json\/wp\/v2\/types\/page"}],"author":[{"embeddable":true,"href":"https:\/\/www.professores.uff.br\/jcolombo\/wp-json\/wp\/v2\/users\/70"}],"replies":[{"embeddable":true,"href":"https:\/\/www.professores.uff.br\/jcolombo\/wp-json\/wp\/v2\/comments?post=514"}],"version-history":[{"count":8,"href":"https:\/\/www.professores.uff.br\/jcolombo\/wp-json\/wp\/v2\/pages\/514\/revisions"}],"predecessor-version":[{"id":640,"href":"https:\/\/www.professores.uff.br\/jcolombo\/wp-json\/wp\/v2\/pages\/514\/revisions\/640"}],"wp:attachment":[{"href":"https:\/\/www.professores.uff.br\/jcolombo\/wp-json\/wp\/v2\/media?parent=514"}],"wp:term":[{"taxonomy":"category","embeddable":true,"href":"https:\/\/www.professores.uff.br\/jcolombo\/wp-json\/wp\/v2\/categories?post=514"},{"taxonomy":"post_tag","embeddable":true,"href":"https:\/\/www.professores.uff.br\/jcolombo\/wp-json\/wp\/v2\/tags?post=514"}],"curies":[{"name":"wp","href":"https:\/\/api.w.org\/{rel}","templated":true}]}}