{"id":7,"date":"2017-09-04T11:37:04","date_gmt":"2017-09-04T14:37:04","guid":{"rendered":"http:\/\/www.professores.uff.br\/jcolombo\/?page_id=7"},"modified":"2025-05-29T14:34:34","modified_gmt":"2025-05-29T17:34:34","slug":"obmep","status":"publish","type":"page","link":"https:\/\/www.professores.uff.br\/jcolombo\/obmep\/","title":{"rendered":"OBMEP"},"content":{"rendered":"<p><strong>Coordenei o Programa de Inicia\u00e7\u00e3o Cient\u00edfica Junior &#8211; da regi\u00e3o RJ02, da <a href=\"http:\/\/www.obmep.org.br\/\" target=\"_blank\" rel=\"noopener noreferrer\">OBMEP,<\/a> entre 2009 at\u00e9 o 2\u00ba semestre de 2018.<\/strong><\/p>\n<p>Foi um oportunidade \u00edmpar onde apreendi muito com os in\u00fameros professores que participam deste maravilhoso programa de forma\u00e7\u00e3o.\u00a0<\/p>\n\n\n<hr class=\"wp-block-separator\" \/>\n\n\n<p><strong>Sou Coordenador Regional &#8211; da regi\u00e3o RJ01, da <a href=\"http:\/\/www.obmep.org.br\/\" target=\"_blank\" rel=\"noopener noreferrer\">OBMEP,<\/a>\u00a0 desde o in\u00edcio de 2024.\u00a0<\/strong><\/p>\n<p>Oportunidade \u00fanica para estabelecer rela\u00e7\u00f5es com as Secretarias de Educa\u00e7\u00e3o do Estado do Rio de Janeiro, assim como as Secretarias municipais dos 65 munic\u00edpios que atuo.\u00a0<\/p>\n\n\n<p><\/p>\n","protected":false},"excerpt":{"rendered":"<p>Coordenei o Programa de Inicia\u00e7\u00e3o Cient\u00edfica Junior &#8211; da regi\u00e3o RJ02, da OBMEP, entre 2009 at\u00e9 o 2\u00ba semestre de 2018. Foi um oportunidade \u00edmpar onde apreendi muito com os in\u00fameros professores que participam deste maravilhoso programa de forma\u00e7\u00e3o.\u00a0 Sou Coordenador Regional &#8211; da regi\u00e3o RJ01, da OBMEP,\u00a0 desde o in\u00edcio de 2024.\u00a0 Oportunidade \u00fanica [&hellip;]<\/p>\n","protected":false},"author":70,"featured_media":0,"parent":0,"menu_order":0,"comment_status":"closed","ping_status":"closed","template":"","meta":{"_exactmetrics_skip_tracking":false,"_exactmetrics_sitenote_active":false,"_exactmetrics_sitenote_note":"","_exactmetrics_sitenote_category":0,"footnotes":""},"categories":[],"tags":[],"class_list":["post-7","page","type-page","status-publish","hentry"],"_links":{"self":[{"href":"https:\/\/www.professores.uff.br\/jcolombo\/wp-json\/wp\/v2\/pages\/7","targetHints":{"allow":["GET"]}}],"collection":[{"href":"https:\/\/www.professores.uff.br\/jcolombo\/wp-json\/wp\/v2\/pages"}],"about":[{"href":"https:\/\/www.professores.uff.br\/jcolombo\/wp-json\/wp\/v2\/types\/page"}],"author":[{"embeddable":true,"href":"https:\/\/www.professores.uff.br\/jcolombo\/wp-json\/wp\/v2\/users\/70"}],"replies":[{"embeddable":true,"href":"https:\/\/www.professores.uff.br\/jcolombo\/wp-json\/wp\/v2\/comments?post=7"}],"version-history":[{"count":8,"href":"https:\/\/www.professores.uff.br\/jcolombo\/wp-json\/wp\/v2\/pages\/7\/revisions"}],"predecessor-version":[{"id":1577,"href":"https:\/\/www.professores.uff.br\/jcolombo\/wp-json\/wp\/v2\/pages\/7\/revisions\/1577"}],"wp:attachment":[{"href":"https:\/\/www.professores.uff.br\/jcolombo\/wp-json\/wp\/v2\/media?parent=7"}],"wp:term":[{"taxonomy":"category","embeddable":true,"href":"https:\/\/www.professores.uff.br\/jcolombo\/wp-json\/wp\/v2\/categories?post=7"},{"taxonomy":"post_tag","embeddable":true,"href":"https:\/\/www.professores.uff.br\/jcolombo\/wp-json\/wp\/v2\/tags?post=7"}],"curies":[{"name":"wp","href":"https:\/\/api.w.org\/{rel}","templated":true}]}}