{"id":704,"date":"2018-03-13T19:32:22","date_gmt":"2018-03-13T22:32:22","guid":{"rendered":"http:\/\/www.professores.uff.br\/jcolombo\/?page_id=704"},"modified":"2018-07-18T09:17:41","modified_gmt":"2018-07-18T12:17:41","slug":"topicos-de-matematica-aplicada-gan00030-2018_1","status":"publish","type":"page","link":"https:\/\/www.professores.uff.br\/jcolombo\/topicos-de-matematica-aplicada-gan00030-2018_1\/","title":{"rendered":"T\u00f3picos de Matem\u00e1tica Aplicada &#8211; GAN00030 &#8211; 2018_1"},"content":{"rendered":"<p><strong>Carga hor\u00e1ria:<\/strong> 68 hs, turma A1.<\/p>\n<hr \/>\n<p><strong>Monitoria:<\/strong><\/p>\n<hr \/>\n<p><strong>Lista de Exerc\u00edcios para a P1<\/strong><\/p>\n<p>Lista 1 &#8211; Exerc\u00edcios p\u00e1g. 14 -16 da apostila da Maria Em\u00edlia e da Carla.<br \/>\nExerc\u00edcios de aprofundamento: <a href=\"http:\/\/www.professores.uff.br\/jcolombo\/wp-content\/uploads\/sites\/124\/2018\/03\/lista-03-calc-di-ap-01-2009-1.pdf\" target=\"_blank\" rel=\"noopener noreferrer\">Lista 1.1<\/a>, <a href=\"http:\/\/www.professores.uff.br\/jcolombo\/wp-content\/uploads\/sites\/124\/2018\/03\/lista-01-calc-di-ap-01-2009-1.pdf\">Lista 1.2<\/a><br \/>\nLista 2\u00a0 P\u00e1gina 31 da apostila da Maria Em\u00edlia e da Carla.<br \/>\nLista 3\u00a0 P\u00e1gina 37 da apostila da Maria Em\u00edlia e da Carla.<br \/>\nLista 4\u00a0 P\u00e1gina 41 da apostila da Maria Em\u00edlia e da Carla.<br \/>\nLista 5\u00a0 P\u00e1gina 45 da apostila da Maria Em\u00edlia e da Carla.<br \/>\nLista 7\u00a0 P\u00e1gina 52 da apostila da Maria Em\u00edlia e da Carla.<br \/>\nLista 8\u00a0 P\u00e1gina 62 da apostila da Maria Em\u00edlia e da Carla.<br \/>\nLista 9\u00a0 P\u00e1gina 69 da apostila da Maria Em\u00edlia e da Carla.<\/p>\n<p>&nbsp;<\/p>\n<p><strong>Lista de Exerc\u00edcios para a P2<\/strong><\/p>\n<p>Lista 10 p\u00e1g.75 da apostila da Maria Em\u00edlia e da Carla.<br \/>\nLista 11 p\u00e1g. 81 da apostila da Maria Em\u00edlia e da Carla.<br \/>\nLista 12 p\u00e1g. 86 da apostila da Maria Em\u00edlia e da Carla.<br \/>\nLista 13 p\u00e1g. 90 da apostila da Maria Em\u00edlia e da Carla.<br \/>\nLista 14 p\u00e1g. 93 da apostila da Maria Em\u00edlia e da Carla.<br \/>\nLista 15 p\u00e1g. 96 da apostila da Maria Em\u00edlia e da Carla.<br \/>\nLista 16 p\u00e1g. 105 da apostila da Maria Em\u00edlia e da Carla.<br \/>\nLista 17 p\u00e1g. 110 da apostila da Maria Em\u00edlia e da Carla.<br \/>\nLista 18 p\u00e1g. 116 da apostila da Maria Em\u00edlia e da Carla.<br \/>\nLista 19 p\u00e1g. 119 da apostila da Maria Em\u00edlia e da Carla.<\/p>\n<hr \/>\n<p><strong>Hor\u00e1rio:<\/strong> 3\u00aa na sala IM-202G das 16 \u00e0s 19hs e 5\u00aa-feiras na sala IMG-202 das 16hs \u00e0s 18hs.<br \/>\n<strong>Meu hor\u00e1rio de atendimento:<\/strong> 4\u00aa-feiras, das 14-18hs em meu gabinete.<\/p>\n<hr \/>\n<p><strong>Provas<\/strong><br \/>\n<a href=\"http:\/\/www.professores.uff.br\/jcolombo\/wp-content\/uploads\/sites\/124\/2018\/03\/P1_Top_Mat_Apl.pdf\">P1<\/a> &#8211;\u00a0 \/05\/2018 &#8211; <a href=\"http:\/\/www.professores.uff.br\/jcolombo\/wp-content\/uploads\/sites\/124\/2018\/03\/P1_Gabarito_Top_Mat_Apl.pdf\">P1_Gabarito<\/a><br \/>\n<a href=\"http:\/\/www.professores.uff.br\/jcolombo\/wp-content\/uploads\/sites\/124\/2018\/03\/P2_Top_Mat_Apl.pdf\">P2\u00a0<\/a> &#8211; 03\/07\/2018 &#8211; <a href=\"http:\/\/www.professores.uff.br\/jcolombo\/wp-content\/uploads\/sites\/124\/2018\/03\/P2_Gabarito_Top_Mat_Apl.pdf\">P2_Gabarito<\/a><br \/>\n<a href=\"http:\/\/www.professores.uff.br\/jcolombo\/wp-content\/uploads\/sites\/124\/2018\/03\/VR_Top_Mat_Apl.pdf\">VR<\/a> &#8211; 12\/07\/2018<br \/>\nVS &#8211; 17\/07\/2018<\/p>\n<hr \/>\n<p><strong>Cronograma<\/strong><\/p>\n<p>Aula \u00a0 \u00a0 Data\u00a0\u00a0 \u00a0 \u00a0 \u00a0 \u00a0 \u00a0 \u00a0 \u00a0 \u00a0 Assunto<\/p>\n<p>01\u00a0\u00a0\u00a0\u00a0\u00a0\u00a0\u00a0 13\/03\u00a0\u00a0\u00a0\u00a0 Apresenta\u00e7\u00e3o\u00a0 da\u00a0 disciplina, ementa, bibliografia e avalia\u00e7\u00e3o. Iniciei o conte\u00fado: Fatora\u00e7\u00e3o, simplifica\u00e7\u00e3o, equa\u00e7\u00e3o do 2\u00aa grau.<br \/>\n02\u00a0\u00a0\u00a0\u00a0\u00a0\u00a0\u00a0 15\/03\u00a0\u00a0\u00a0\u00a0 Fun\u00e7\u00f5es: defini\u00e7\u00e3o, composi\u00e7\u00e3o, inversa e injetora e sobrejetora.<br \/>\n03\u00a0\u00a0\u00a0\u00a0\u00a0\u00a0\u00a0 20\/03\u00a0\u00a0\u00a0 Ra\u00edzes de polin\u00f4mios, divis\u00e3o de polin\u00f4mios e fun\u00e7\u00e3o exponencial e logaritmica.<br \/>\n04\u00a0\u00a0\u00a0\u00a0\u00a0\u00a0\u00a0 22\/03\u00a0\u00a0\u00a0 Limites: defini\u00e7\u00e3o e propriedades, limites laterais.<br \/>\n05\u00a0\u00a0\u00a0\u00a0\u00a0\u00a0\u00a0 27\/03\u00a0\u00a0\u00a0 Limites envolvendo o infinito, Introdu\u00e7\u00e3o a derivada de uma fun\u00e7\u00e3o.<br \/>\nXX\u00a0\u00a0\u00a0\u00a0\u00a0\u00a0 29\/03\u00a0\u00a0\u00a0 Feriado<br \/>\n06\u00a0\u00a0\u00a0\u00a0\u00a0\u00a0\u00a0 03\/04\u00a0\u00a0\u00a0 Derivadas &#8211; F\u00f3rmulas: derivada da constante; da soma e de x^n.<br \/>\n07\u00a0\u00a0\u00a0\u00a0\u00a0\u00a0\u00a0 05\/04\u00a0\u00a0\u00a0 Derivadas &#8211; F\u00f3rmulas: derivada do produto, quociente e regra da cadeia.<br \/>\n08\u00a0\u00a0\u00a0\u00a0\u00a0\u00a0 10\/04\u00a0\u00a0\u00a0 Derivada das fun\u00e7\u00f5es exponencial e logaritmo e derivadas impl\u00edcita.<br \/>\n09\u00a0\u00a0\u00a0\u00a0\u00a0\u00a0 12\/04\u00a0\u00a0\u00a0 Diferenciais e M\u00e1ximo &amp; M\u00ednimo.<br \/>\n10 \u00a0\u00a0\u00a0 \u00a0\u00a017\/04\u00a0\u00a0\u00a0 Crit\u00e9rios para M\u00e1ximo &amp; M\u00ednimo e concavidade<br \/>\n11 \u00a0\u00a0\u00a0 \u00a0 19\/04\u00a0\u00a0\u00a0 Derivadas de ordem superior, concavidade, gr\u00e1fico de fun\u00e7\u00f5es.<br \/>\n12\u00a0\u00a0\u00a0\u00a0\u00a0\u00a0\u00a0\u00a0 24\/04\u00a0\u00a0\u00a0 Ass\u00edntotas, esbo\u00e7o do gr\u00e1fico de fun\u00e7\u00f5es.<br \/>\n13\u00a0\u00a0\u00a0\u00a0\u00a0\u00a0 \u00a0 26\/04\u00a0\u00a0\u00a0 Minimiza\u00e7\u00e3o e maximiza\u00e7\u00e3o, <a href=\"http:\/\/www.professores.uff.br\/jcolombo\/wp-content\/uploads\/sites\/124\/2018\/03\/Teste-TOP_Mat_apl_2018_1.pdf\">Teste<\/a>.<br \/>\nXX\u00a0\u00a0\u00a0\u00a0\u00a0 \u00a0 01\/05\u00a0\u00a0\u00a0 Feriado &#8211; dia do trabalho<br \/>\n14\u00a0\u00a0\u00a0\u00a0\u00a0\u00a0\u00a0\u00a0 03\/05\u00a0\u00a0\u00a0 Aula de exerc\u00edcios<br \/>\n15\u00a0\u00a0\u00a0\u00a0\u00a0\u00a0\u00a0\u00a0\u00a008\/05\u00a0\u00a0\u00a0 <a href=\"http:\/\/www.professores.uff.br\/jcolombo\/wp-content\/uploads\/sites\/124\/2018\/03\/P1_Top_Mat_Apl.pdf\">P1<\/a><br \/>\n16\u00a0\u00a0\u00a0\u00a0\u00a0\u00a0\u00a0\u00a0 10\/05\u00a0\u00a0\u00a0\u00a0 Corre\u00e7\u00e3o da P1 e Fun\u00e7\u00f5es de duas vari\u00e1veis<br \/>\n17 \u00a0\u00a0\u00a0\u00a0\u00a0\u00a0\u00a0 15\/05\u00a0\u00a0\u00a0 \u00a0 Sistemas de coordenadas tridimensionais, vetores, produto escalar,\u00a0 equa\u00e7\u00e3o de plano e reta no espa\u00e7o.<br \/>\n18 \u00a0\u00a0\u00a0\u00a0\u00a0\u00a0\u00a0 17\/05\u00a0\u00a0\u00a0\u00a0\u00a0 Gr\u00e1fico de fun\u00e7\u00f5es de duas vari\u00e1veis reais, curvas de n\u00edveis,\u00a0 reconhecimento de pontos de m\u00ednimo, m\u00e1ximo e pontos de cela.<br \/>\n19 \u00a0 \u00a0\u00a0\u00a0\u00a0 \u00a0 24\/05\u00a0\u00a0\u00a0\u00a0\u00a0 M\u00e1ximos e M\u00ednimos &#8211; crit\u00e9rios utilizando a Hessiana.<br \/>\nXX \u00a0 \u00a0\u00a0\u00a0\u00a0\u00a0 29\/05\u00a0\u00a0\u00a0\u00a0\u00a0 N\u00e3o teve aula &#8211; greve dos caminhoneiros<br \/>\nXX \u00a0\u00a0 \u00a0 \u00a0 31\/05\u00a0\u00a0\u00a0\u00a0\u00a0\u00a0 N\u00e3o teve aula &#8211; greve dos caminhoneiros<br \/>\n20 \u00a0 \u00a0 \u00a0 \u00a0 05\/06 \u00a0\u00a0\u00a0\u00a0 Vetor Gradiente, Multiplicadores de Lagrange (Prof. S\u00e9rgio)<br \/>\n21\u00a0\u00a0\u00a0\u00a0\u00a0\u00a0\u00a0 07\/06\u00a0\u00a0\u00a0\u00a0\u00a0 \u00a0 Primitiva &#8211; Anti derivada (Prof. S\u00e9rgio)<br \/>\n22\u00a0\u00a0\u00a0\u00a0 \u00a0\u00a0 12\/06\u00a0\u00a0\u00a0\u00a0 \u00a0\u00a0 Integral definida (Prof. S\u00e9rgio)<br \/>\n23\u00a0\u00a0\u00a0\u00a0\u00a0 \u00a0 14\/06\u00a0\u00a0\u00a0\u00a0 \u00a0\u00a0 T\u00e9cnicas de integra\u00e7\u00e3o: mudan\u00e7a de vari\u00e1vel e integra\u00e7\u00e3o por parte (Prof. S\u00e9rgio)<br \/>\n24\u00a0\u00a0\u00a0\u00a0\u00a0 \u00a0 19\/06\u00a0\u00a0\u00a0\u00a0\u00a0\u00a0\u00a0 Aula de exerc\u00edcios<br \/>\n25\u00a0\u00a0\u00a0\u00a0\u00a0 \u00a0 21\/06 \u00a0 \u00a0\u00a0\u00a0\u00a0 Equa\u00e7\u00f5es Diferenciais<br \/>\n26\u00a0\u00a0\u00a0\u00a0\u00a0\u00a0\u00a0 26\/06\u00a0\u00a0\u00a0 \u00a0\u00a0 Equa\u00e7\u00f5es Diferenciais + Aula de exerc\u00edcios<br \/>\n27\u00a0\u00a0\u00a0\u00a0\u00a0 \u00a0\u00a028\/06\u00a0\u00a0\u00a0 \u00a0\u00a0 Aula de exerc\u00edcios<br \/>\n28\u00a0\u00a0\u00a0\u00a0\u00a0 \u00a0 03\/07\u00a0 \u00a0 \u00a0\u00a0 P2<br \/>\n29\u00a0\u00a0\u00a0\u00a0\u00a0\u00a0\u00a0 05\/07\u00a0\u00a0\u00a0\u00a0\u00a0\u00a0 Corre\u00e7\u00e3o e entrega da P2 + detalhes sobre a VR.<br \/>\n30 \u00a0\u00a0\u00a0\u00a0\u00a0\u00a0 10\/07\u00a0\u00a0\u00a0\u00a0\u00a0\u00a0 Aula de exerc\u00edcios<br \/>\n31 \u00a0\u00a0\u00a0\u00a0\u00a0\u00a0 12\/07\u00a0\u00a0\u00a0\u00a0\u00a0 \u00a0 <a href=\"http:\/\/www.professores.uff.br\/jcolombo\/wp-content\/uploads\/sites\/124\/2018\/03\/VR_Top_Mat_Apl.pdf\">VR<\/a><br \/>\n32\u00a0 \u00a0\u00a0\u00a0\u00a0\u00a0 17\/07\u00a0\u00a0\u00a0\u00a0\u00a0 \u00a0\u00a0<a href=\"http:\/\/www.professores.uff.br\/jcolombo\/wp-content\/uploads\/sites\/124\/2018\/03\/VS_Top_Mat_Apl.pdf\">VS<\/a>\u00a0\u00a0 <a href=\"http:\/\/www.professores.uff.br\/jcolombo\/wp-content\/uploads\/sites\/124\/2018\/03\/Notas_T\u00f3p_Mat_Apl_vs.pdf\">Notas<\/a><\/p>\n<hr \/>\n<p><strong>Dia a Dia<br \/>\n<\/strong><\/p>\n<p><img loading=\"lazy\" decoding=\"async\" class=\"alignnone size-medium wp-image-715\" src=\"http:\/\/www.professores.uff.br\/jcolombo\/wp-content\/uploads\/sites\/124\/2018\/03\/ponto_de_vista-277x300.jpg\" alt=\"\" width=\"277\" height=\"300\" srcset=\"https:\/\/www.professores.uff.br\/jcolombo\/wp-content\/uploads\/sites\/124\/2018\/03\/ponto_de_vista-277x300.jpg 277w, https:\/\/www.professores.uff.br\/jcolombo\/wp-content\/uploads\/sites\/124\/2018\/03\/ponto_de_vista.jpg 665w\" sizes=\"auto, (max-width: 277px) 100vw, 277px\" \/><\/p>\n<p>O estudo do limite<\/p>\n<p><img loading=\"lazy\" decoding=\"async\" class=\"alignnone size-medium wp-image-761\" src=\"http:\/\/www.professores.uff.br\/jcolombo\/wp-content\/uploads\/sites\/124\/2018\/03\/Averiguar-300x200.jpg\" alt=\"\" width=\"300\" height=\"200\" srcset=\"https:\/\/www.professores.uff.br\/jcolombo\/wp-content\/uploads\/sites\/124\/2018\/03\/Averiguar-300x200.jpg 300w, https:\/\/www.professores.uff.br\/jcolombo\/wp-content\/uploads\/sites\/124\/2018\/03\/Averiguar.jpg 720w\" sizes=\"auto, (max-width: 300px) 100vw, 300px\" \/><\/p>\n<hr \/>\n<p><strong>Ementa oficial<br \/>\n<\/strong><\/p>\n<p>Limite de fun\u00e7\u00f5es reais de uma vari\u00e1vel real<br \/>\nDerivadas de fun\u00e7\u00f5es reais de uma vari\u00e1vel real<br \/>\nFun\u00e7\u00f5es de Duas Vari\u00e1veis<br \/>\nIntegrais de fun\u00e7\u00f5es reais de uma vari\u00e1vel real<br \/>\nEqua\u00e7\u00f5es Diferenciais Ordin\u00e1rias<\/p>\n<p><a href=\"http:\/\/www.professores.uff.br\/jcolombo\/wp-content\/uploads\/sites\/124\/2018\/03\/gan00173-1.pdf\">Ementa Oficial da Disciplina<\/a><\/p>\n<hr \/>\n<p><strong>bibliografia<\/strong><\/p>\n<ul>\n<li><a href=\"http:\/\/www.professores.uff.br\/jcolombo\/wp-content\/uploads\/sites\/124\/2018\/03\/Apostila-de-Farm\u00e1cia_emilia.pdf\">T\u00f3picos de Matem\u00e1tica Aplicada<\/a>, Maria Em\u00edlia e Carla Nascimento,<\/li>\n<li>\u00a0C\u00e1lculo: Um curso moderno e suas aplica\u00e7\u00f5es Laurence D. Hoffmann e Gerald Bradley. Editora LTC.<\/li>\n<\/ul>\n<hr \/>\n<p>\u00faltima atualiza\u00e7\u00e3o em Julho\/2018.<strong><br \/>\n<\/strong><\/p>\n","protected":false},"excerpt":{"rendered":"<p>Carga hor\u00e1ria: 68 hs, turma A1. Monitoria: Lista de Exerc\u00edcios para a P1 Lista 1 &#8211; Exerc\u00edcios p\u00e1g. 14 -16 da apostila da Maria Em\u00edlia e da Carla. Exerc\u00edcios de aprofundamento: Lista 1.1, Lista 1.2 Lista 2\u00a0 P\u00e1gina 31 da apostila da Maria Em\u00edlia e da Carla. Lista 3\u00a0 P\u00e1gina 37 da apostila da Maria [&hellip;]<\/p>\n","protected":false},"author":129,"featured_media":0,"parent":0,"menu_order":0,"comment_status":"closed","ping_status":"closed","template":"","meta":{"_exactmetrics_skip_tracking":false,"_exactmetrics_sitenote_active":false,"_exactmetrics_sitenote_note":"","_exactmetrics_sitenote_category":0,"footnotes":""},"categories":[],"tags":[],"class_list":["post-704","page","type-page","status-publish","hentry"],"_links":{"self":[{"href":"https:\/\/www.professores.uff.br\/jcolombo\/wp-json\/wp\/v2\/pages\/704","targetHints":{"allow":["GET"]}}],"collection":[{"href":"https:\/\/www.professores.uff.br\/jcolombo\/wp-json\/wp\/v2\/pages"}],"about":[{"href":"https:\/\/www.professores.uff.br\/jcolombo\/wp-json\/wp\/v2\/types\/page"}],"author":[{"embeddable":true,"href":"https:\/\/www.professores.uff.br\/jcolombo\/wp-json\/wp\/v2\/users\/129"}],"replies":[{"embeddable":true,"href":"https:\/\/www.professores.uff.br\/jcolombo\/wp-json\/wp\/v2\/comments?post=704"}],"version-history":[{"count":38,"href":"https:\/\/www.professores.uff.br\/jcolombo\/wp-json\/wp\/v2\/pages\/704\/revisions"}],"predecessor-version":[{"id":833,"href":"https:\/\/www.professores.uff.br\/jcolombo\/wp-json\/wp\/v2\/pages\/704\/revisions\/833"}],"wp:attachment":[{"href":"https:\/\/www.professores.uff.br\/jcolombo\/wp-json\/wp\/v2\/media?parent=704"}],"wp:term":[{"taxonomy":"category","embeddable":true,"href":"https:\/\/www.professores.uff.br\/jcolombo\/wp-json\/wp\/v2\/categories?post=704"},{"taxonomy":"post_tag","embeddable":true,"href":"https:\/\/www.professores.uff.br\/jcolombo\/wp-json\/wp\/v2\/tags?post=704"}],"curies":[{"name":"wp","href":"https:\/\/api.w.org\/{rel}","templated":true}]}}