{"id":726,"date":"2018-03-19T14:36:21","date_gmt":"2018-03-19T17:36:21","guid":{"rendered":"http:\/\/www.professores.uff.br\/jcolombo\/?page_id=726"},"modified":"2023-05-03T11:46:11","modified_gmt":"2023-05-03T14:46:11","slug":"prof-jones-colombo","status":"publish","type":"page","link":"https:\/\/www.professores.uff.br\/jcolombo\/","title":{"rendered":"Prof. Colombo_home"},"content":{"rendered":"<hr>\n<p><img loading=\"lazy\" decoding=\"async\" class=\"alignnone  wp-image-728\" src=\"http:\/\/www.professores.uff.br\/jcolombo\/wp-content\/uploads\/sites\/124\/2018\/03\/Jones-300x234.jpg\" alt=\"\" width=\"209\" height=\"163\" srcset=\"https:\/\/www.professores.uff.br\/jcolombo\/wp-content\/uploads\/sites\/124\/2018\/03\/Jones-300x234.jpg 300w, https:\/\/www.professores.uff.br\/jcolombo\/wp-content\/uploads\/sites\/124\/2018\/03\/Jones.jpg 301w\" sizes=\"auto, (max-width: 209px) 100vw, 209px\" \/><\/p>\n<hr>\n<p>Meu nome \u00e9 Jones Colombo e sou professor de \u00e1lgebra no Instituto de Matem\u00e1tica da UFF. Nesta p\u00e1gina est\u00e3o dispon\u00edveis informa\u00e7\u00f5es sobre as disciplinas que estou ministrando, bem como meus atuais interesses.<\/p>\n<p><em>Para contato por email:<\/em><br \/>\nprimeiro nome.segundo nome (tudo em letra min\u00fascula) (no) gmail.com<br \/>\nPor Telefone:<br \/>\n+55 (21) 2629-5000 (ramal:6502)<br \/>\n<em>Pessoalmente:<\/em><br \/>\nUniversidade Federal Fluminense &#8211; UFF, Campus Gragoat\u00e1, 5\u00aa andar do bloco G, gabinete 02.<br \/>\n<em>Endere\u00e7o para correspond\u00eancia:<\/em><br \/>\nUniversidade Federal Fluminense &#8211; UFF<br \/>\nInstituto de Matem\u00e1tica e Estat\u00edstica &#8211; IME<br \/>\nR. Marcos Waldemar de Freitas Reis, s\/ n\u00ba, sala 509, bloco H, Campus Gragoat\u00e1,<br \/>\nS\u00e3o domingos, 24 210 &#8211; 201 &#8211; Niter\u00f3i &#8211; RJ.<\/p>\n","protected":false},"excerpt":{"rendered":"<p>Meu nome \u00e9 Jones Colombo e sou professor de \u00e1lgebra no Instituto de Matem\u00e1tica da UFF. Nesta p\u00e1gina est\u00e3o dispon\u00edveis informa\u00e7\u00f5es sobre as disciplinas que estou ministrando, bem como meus atuais interesses. Para contato por email: primeiro nome.segundo nome (tudo em letra min\u00fascula) (no) gmail.com Por Telefone: +55 (21) 2629-5000 (ramal:6502) Pessoalmente: Universidade Federal Fluminense [&hellip;]<\/p>\n","protected":false},"author":129,"featured_media":0,"parent":0,"menu_order":0,"comment_status":"closed","ping_status":"closed","template":"","meta":{"_exactmetrics_skip_tracking":false,"_exactmetrics_sitenote_active":false,"_exactmetrics_sitenote_note":"","_exactmetrics_sitenote_category":0,"footnotes":""},"categories":[],"tags":[],"class_list":["post-726","page","type-page","status-publish","hentry"],"_links":{"self":[{"href":"https:\/\/www.professores.uff.br\/jcolombo\/wp-json\/wp\/v2\/pages\/726","targetHints":{"allow":["GET"]}}],"collection":[{"href":"https:\/\/www.professores.uff.br\/jcolombo\/wp-json\/wp\/v2\/pages"}],"about":[{"href":"https:\/\/www.professores.uff.br\/jcolombo\/wp-json\/wp\/v2\/types\/page"}],"author":[{"embeddable":true,"href":"https:\/\/www.professores.uff.br\/jcolombo\/wp-json\/wp\/v2\/users\/129"}],"replies":[{"embeddable":true,"href":"https:\/\/www.professores.uff.br\/jcolombo\/wp-json\/wp\/v2\/comments?post=726"}],"version-history":[{"count":9,"href":"https:\/\/www.professores.uff.br\/jcolombo\/wp-json\/wp\/v2\/pages\/726\/revisions"}],"predecessor-version":[{"id":1573,"href":"https:\/\/www.professores.uff.br\/jcolombo\/wp-json\/wp\/v2\/pages\/726\/revisions\/1573"}],"wp:attachment":[{"href":"https:\/\/www.professores.uff.br\/jcolombo\/wp-json\/wp\/v2\/media?parent=726"}],"wp:term":[{"taxonomy":"category","embeddable":true,"href":"https:\/\/www.professores.uff.br\/jcolombo\/wp-json\/wp\/v2\/categories?post=726"},{"taxonomy":"post_tag","embeddable":true,"href":"https:\/\/www.professores.uff.br\/jcolombo\/wp-json\/wp\/v2\/tags?post=726"}],"curies":[{"name":"wp","href":"https:\/\/api.w.org\/{rel}","templated":true}]}}