{"id":837,"date":"2018-08-14T14:02:33","date_gmt":"2018-08-14T17:02:33","guid":{"rendered":"http:\/\/www.professores.uff.br\/jcolombo\/?page_id=837"},"modified":"2022-03-31T15:40:41","modified_gmt":"2022-03-31T18:40:41","slug":"algebra-linear-aplicada-gan00143_e1_2018_2","status":"publish","type":"page","link":"https:\/\/www.professores.uff.br\/jcolombo\/algebra-linear-aplicada-gan00143_e1_2018_2\/","title":{"rendered":"\u00c1lgebra Linear Aplicada 2018.2"},"content":{"rendered":"<dl>\n<dt>\n<hr align=\"center\" size=\"2\" width=\"100%\" \/>\n<\/dt>\n<dt><strong>Carga hor\u00e1ria:<\/strong>\u00a0 90 hs, turma E1<\/dt>\n<dt><strong>Monitoria:<\/strong> Theo: 2\u00aa(9-11hs), 4\u00aa(9-11hs) e 6\u00aa(14-18hs) e Douglas: 4\u00aa(13-17hs) e 5\u00aa(13-17hs).<\/dt>\n<dt><strong>Hor\u00e1rio :<\/strong> 2\u00aa, 4\u00aa e 6\u00aa-feiras na sala H-301(UFASA) das 14-16hs.<\/dt>\n<dt><strong>Hor\u00e1rio de atendimento<\/strong>: 3\u00aa-feira das 14-16hs<\/dt>\n<\/dl>\n<hr \/>\n<p><strong>Listas de Exerc\u00edcios para a P1<\/strong><br \/>\n1\u00aa Lista &#8211; p\u00e1ginas 9 e 10 da refer\u00eancia [2];<br \/>\n2\u00aa Lista &#8211; p\u00e1ginas 22 e 25 da refer\u00eancia [2];<br \/>\n3\u00aa Lista &#8211; p\u00e1ginas 128 e 130 da refer\u00eancia [2];<br \/>\n4\u00aa Lista &#8211; p\u00e1ginas 141 e 143 da refer\u00eancia [2];<br \/>\n5\u00aa Lista &#8211; p\u00e1ginas 150 e 152 da refer\u00eancia [2];<br \/>\n6\u00aa Lista &#8211; p\u00e1ginas 159 e 160 da refer\u00eancia [2];<br \/>\n7\u00aa Lista &#8211; p\u00e1ginas 105 e 106 da refer\u00eancia [2];<br \/>\n8\u00aa Lista &#8211; p\u00e1ginas 115 e 118 da refer\u00eancia [2];<br \/>\n9\u00aa Lista &#8211; p\u00e1ginas 178 e 179 da refer\u00eancia [2];<br \/>\n10\u00aa Lista &#8211; p\u00e1ginas 188 e 190 da refer\u00eancia [2];<br \/>\n11\u00aa Lista &#8211; p\u00e1ginas 199 e 200 da refer\u00eancia [2];<br \/>\n12\u00aa Lista &#8211; p\u00e1ginas 207 e 209 da refer\u00eancia [2];<\/p>\n<p><strong><br \/>\nListas de Exerc\u00edcios para a P2<\/strong><br \/>\n1\u00aa Lista &#8211; p\u00e1ginas 235 e 237 da refer\u00eancia [2];<br \/>\n2\u00aa Lista &#8211; p\u00e1ginas 260 e 262 da refer\u00eancia [2];<br \/>\n3\u00aa Lista &#8211; p\u00e1ginas 125 e 130 da refer\u00eancia [0];<br \/>\n4\u00aa Lista &#8211; p\u00e1ginas 163 e 166 da refer\u00eancia [0];<br \/>\n5\u00aa Lista &#8211; p\u00e1ginas 280 e 282 da refer\u00eancia [2];<\/p>\n<p><strong>Listas de Exerc\u00edcios para a P3<\/strong><br \/>\n1\u00aa Lista de exerc\u00edcios 5.3 p\u00e1g. 326 da refer\u00eancia [2];<br \/>\n2\u00aa Lista de exerc\u00edcios 6.1 p\u00e1g. 343 da refer\u00eancia [2];<br \/>\n3\u00aa Lista de exerc\u00edcios 6.1 p\u00e1g. 214-216 da refer\u00eancia [0];<br \/>\n4\u00aa Lista de exerc\u00edcios 6.1 p\u00e1g. 238-239 da refer\u00eancia [0];<\/p>\n<hr \/>\n<dl>\n<dt><strong>Informa\u00e7\u00f5es:<\/strong><b><\/b><\/dt>\n<dt><span class=\"Apple-style-span\">Aqui est\u00e3o alguns arquivos em pdf que baixei da rede e que tem aplica\u00e7\u00f5es de \u00e1lgebra linear. Caso algu\u00e9m queira ler algum destes arquivos e esteja encontrando dificuldades eu teria muito prazer\u00a0ajudar, \u00e9 s\u00f3 me procurar.\u00a0<\/span><\/dt>\n<\/dl>\n<div>\n<ul>\n<li>Mudan\u00e7a de\u00a0coordenadas do sistema CIE-RBG para o sistema CIE-XYZ. (<a href=\"http:\/\/www.professores.uff.br\/jcolombo\/wp-content\/uploads\/sites\/124\/2017\/09\/2-2017-sistemas_de_coordenadas_de_cores.pdf\" target=\"_blank\" rel=\"noopener noreferrer\">pdf<\/a>)<\/li>\n<li><span class=\"Apple-style-span\">Uma aplica\u00e7\u00e3o de \u00e1lgebra linear a\u00a0<a href=\"http:\/\/www.professores.uff.br\/jcolombo\/wp-content\/uploads\/sites\/124\/2017\/09\/2-2017-Tomografia.pdf\" target=\"_blank\" rel=\"noopener noreferrer\">tomografia<\/a>. Este trabalho foi \u00a0apresentado pela Danielle Nascimento monitora de \u00e1lgebra linear no XIV Semana de Monitoria.<\/span><\/li>\n<li><span class=\"Apple-style-span\">Utiliza\u00e7\u00e3o de \u00e1lgebra linear em Circuitos El\u00e9tricos. (<a href=\"http:\/\/www.professores.uff.br\/jcolombo\/wp-content\/uploads\/sites\/124\/2017\/09\/2-2017-curto_circuitos.pdf\" target=\"_blank\" rel=\"noopener noreferrer\">pdf<\/a>)<\/span><\/li>\n<\/ul>\n<hr \/>\n<p><a href=\"http:\/\/www.professores.uff.br\/jcolombo\/orientacoes-para-o-estudo-22017\/\">Orienta\u00e7\u00f5es Gerais aos alunos<\/a><\/p>\n<hr \/>\n<p><strong>Data das provas:<\/strong><\/p>\n<p><a href=\"http:\/\/www.professores.uff.br\/jcolombo\/wp-content\/uploads\/sites\/124\/2018\/08\/Prova1ALII.pdf\">P1<\/a> &#8211; 17\/09\/2018 <a href=\"http:\/\/www.professores.uff.br\/jcolombo\/wp-content\/uploads\/sites\/124\/2018\/08\/Prova1ALII_Gabarit-1.pdf\">Gabarito da P1<\/a><br \/>\n<a href=\"http:\/\/www.professores.uff.br\/jcolombo\/wp-content\/uploads\/sites\/124\/2018\/08\/Prova2AL.pdf\">P2<\/a> &#8211; 31\/10\/2018 <a href=\"http:\/\/www.professores.uff.br\/jcolombo\/wp-content\/uploads\/sites\/124\/2018\/08\/Gab_P2_ALA-2.pdf\">Gabarito da_P2<\/a><br \/>\n<a href=\"http:\/\/www.professores.uff.br\/jcolombo\/wp-content\/uploads\/sites\/124\/2018\/08\/P3_AL_2018_2.pdf\">P3<\/a> &#8211; 07\/12\/2018<br \/>\n<a href=\"http:\/\/www.professores.uff.br\/jcolombo\/wp-content\/uploads\/sites\/124\/2018\/08\/VR_ALA_2018_2.pdf\">VR<\/a> &#8211; 12\/12\/2018<br \/>\n<a href=\"http:\/\/www.professores.uff.br\/jcolombo\/wp-content\/uploads\/sites\/124\/2018\/08\/VS_ALA_2018_2.pdf\">VS<\/a> &#8211; 17\/12\/2018<\/p>\n<hr \/>\n<\/div>\n<div>\n<dl>\n<dt><b>Cronograma da disciplina<\/b><\/dt>\n<\/dl>\n<p>Aula \u00a0 Data\u00a0\u00a0\u00a0\u00a0\u00a0\u00a0\u00a0\u00a0\u00a0\u00a0\u00a0\u00a0\u00a0\u00a0\u00a0\u00a0\u00a0\u00a0\u00a0\u00a0\u00a0\u00a0\u00a0\u00a0 Assunto<br \/>\n<span style=\"color: #ff00ff\">01<\/span>\u00a0\u00a0\u00a0\u00a0\u00a0 <span style=\"color: #008000\">13\/08<\/span>\u00a0\u00a0 Apresenta\u00e7\u00e3o, ementa, bibliografia e avalia\u00e7\u00e3o. Matrizes e Sistemas Lineares.<br \/>\n<span style=\"color: #ff00ff\">02<\/span>\u00a0\u00a0\u00a0\u00a0\u00a0 <span style=\"color: #008000\">15\/08 \u00a0<\/span> Resolu\u00e7\u00e3o de sistemas lineares e matrizes escalonadas, escalonadas reduzidas.<br \/>\n<span style=\"color: #ff00ff\">03<\/span>\u00a0\u00a0\u00a0\u00a0\u00a0 <span style=\"color: #008000\">17\/08<span style=\"color: #000000\">\u00a0\u00a0 Posto e nulidade e suas conex\u00f5es com a resolu\u00e7\u00e3o de sistema de equa\u00e7\u00f5es lineares, fatos gerais a respeito de matrizes.<\/span><\/span><br \/>\n<span style=\"color: #ff00ff\">04<\/span>\u00a0\u00a0\u00a0\u00a0\u00a0 <span style=\"color: #008000\">20\/08\u00a0\u00a0 <span style=\"color: #000000\"> Vetores, opera\u00e7\u00f5es com vetores, vetores equivalentes, norma de um vetor, produto escalar de vetores.<\/span><\/span><br \/>\n<span style=\"color: #ff00ff\">05<\/span>\u00a0\u00a0\u00a0\u00a0\u00a0 <span style=\"color: #008000\">22\/08 \u00a0\u00a0<span style=\"color: #000000\"> Produto escalar, Conjunto ortogonal, proje\u00e7\u00e3o ortogonal, parametriza\u00e7\u00e3o de variedades lineares e as solu\u00e7\u00f5es de sistemas lineares.<\/span><\/span><br \/>\n<span style=\"color: #ff00ff\">06<\/span>\u00a0\u00a0\u00a0\u00a0\u00a0 <span style=\"color: #008000\">24\/08 \u00a0\u00a0<span style=\"color: #000000\"> Minimiza\u00e7\u00e3o de dist\u00e2ncia, dist\u00e2ncia entre ponto e plano, exerc\u00edcios.<\/span><\/span><br \/>\n<span style=\"color: #ff00ff\">07<\/span>\u00a0\u00a0\u00a0\u00a0\u00a0 <span style=\"color: #008000\">27\/08\u00a0\u00a0\u00a0 <span style=\"color: #000000\"> Determinantes: propriedades b\u00e1sicas.<\/span><\/span><br \/>\n<span style=\"color: #ff00ff\">08<\/span>\u00a0\u00a0\u00a0\u00a0\u00a0 <span style=\"color: #008000\">29\/08 \u00a0\u00a0<span style=\"color: #000000\"> Determinantes: Adjunta, \u00e1rea e volume, matrizes elementares, inversa de matrizes.<\/span><\/span><br \/>\n<span style=\"color: #ff00ff\">09<\/span>\u00a0\u00a0\u00a0\u00a0\u00a0 <span style=\"color: #008000\">31\/08\u00a0\u00a0\u00a0 <span style=\"color: #000000\"> Determinantes: regra de Cramer, aula de exerc\u00edcios.<\/span><\/span><br \/>\n<span style=\"color: #ff00ff\">10<\/span>\u00a0\u00a0\u00a0\u00a0\u00a0 <span style=\"color: #008000\">03\/09 \u00a0\u00a0<span style=\"color: #000000\"> Espa\u00e7os vetoriais, sub espa\u00e7o vetorial<\/span><\/span><br \/>\n<span style=\"color: #ff00ff\">11<\/span>\u00a0\u00a0\u00a0\u00a0\u00a0 <span style=\"color: #008000\">05\/09 \u00a0\u00a0<span style=\"color: #000000\"> Combina\u00e7\u00e3o linear, LI e LD. Aula de exerc\u00edcios.<\/span><\/span><br \/>\n<span style=\"color: #ff00ff\">XX<\/span>\u00a0\u00a0\u00a0\u00a0\u00a0 <span style=\"color: #008000\">07\/09 \u00a0\u00a0<span style=\"color: #000000\"> Feriado &#8211; Diga a todos que: -Fico!<\/span><\/span><br \/>\n<span style=\"color: #ff00ff\">12<\/span>\u00a0\u00a0\u00a0\u00a0\u00a0 <span style=\"color: #008000\">10\/09 \u00a0\u00a0<span style=\"color: #000000\"> Base e dimens\u00e3o.<\/span><\/span><br \/>\n<span style=\"color: #ff00ff\">13<\/span>\u00a0\u00a0\u00a0\u00a0\u00a0 <span style=\"color: #008000\">12\/09 \u00a0\u00a0<span style=\"color: #000000\"> Aula de exerc\u00edcios.<\/span><\/span><br \/>\n<span style=\"color: #ff00ff\">14<\/span>\u00a0\u00a0\u00a0\u00a0\u00a0 <span style=\"color: #008000\">14\/09 \u00a0\u00a0<span style=\"color: #000000\"> Aula de exerc\u00edcios.<\/span><\/span><br \/>\n<span style=\"color: #ff00ff\">15<\/span>\u00a0\u00a0\u00a0\u00a0\u00a0 <span style=\"color: #008000\">17\/09 \u00a0\u00a0<span style=\"color: #000000\">\u00a0 P1. <\/span><\/span><br \/>\n<span style=\"color: #ff00ff\">16<\/span> \u00a0\u00a0\u00a0\u00a0 <span style=\"color: #008000\">19\/09 \u00a0\u00a0<span style=\"color: #000000\">\u00a0 Corre\u00e7\u00e3o da P1 + Matrizes de mudan\u00e7a de coordenadas<br \/>\n<\/span><\/span> <span style=\"color: #ff00ff\">17<\/span>\u00a0\u00a0\u00a0\u00a0\u00a0 <span style=\"color: #008000\">21\/09 \u00a0\u00a0<span style=\"color: #000000\">\u00a0 Espa\u00e7o coluna, espa\u00e7o nulo e espa\u00e7o linha.<\/span><\/span><br \/>\n<span style=\"color: #ff00ff\">18<\/span> \u00a0\u00a0\u00a0\u00a0 <span style=\"color: #008000\">24\/09 \u00a0\u00a0<span style=\"color: #000000\"> Transforma\u00e7\u00f5es lineares, n\u00facleo e imagem<br \/>\n<\/span><\/span> <span style=\"color: #ff00ff\">19<\/span> \u00a0\u00a0\u00a0\u00a0 <span style=\"color: #008000\">26\/09 \u00a0\u00a0<span style=\"color: #000000\">\u00a0 Cisalhamento, simetria, matriz associada a uma transforma\u00e7\u00e3o linear.<\/span><\/span><br \/>\n<span style=\"color: #ff00ff\">20<\/span> \u00a0\u00a0\u00a0\u00a0 <span style=\"color: #008000\">28\/09 \u00a0\u00a0<span style=\"color: #000000\"> Teorema do n\u00facleo e da imagem.<br \/>\n<\/span><\/span> <span style=\"color: #ff00ff\">21<\/span> \u00a0\u00a0\u00a0\u00a0 <span style=\"color: #008000\">01\/10 \u00a0 \u00a0\u00a0 <span style=\"color: #000000\">Auto valores e auto vetores.<\/span><span style=\"color: #000000\"><br \/>\n<\/span><\/span><span style=\"color: #ff00ff\">22<\/span> \u00a0\u00a0\u00a0\u00a0 <span style=\"color: #008000\">03\/10 \u00a0 \u00a0\u00a0 <span style=\"color: #000000\">Aula de exerc\u00edcios<\/span><span style=\"color: #000000\"><br \/>\n<\/span><\/span><span style=\"color: #ff00ff\">23<\/span> \u00a0\u00a0\u00a0\u00a0 <span style=\"color: #008000\">05\/10 \u00a0 \u00a0\u00a0 <span style=\"color: #000000\"><a href=\"http:\/\/www.professores.uff.br\/jcolombo\/wp-content\/uploads\/sites\/124\/2018\/08\/Prova1_linha_ALII.pdf\">P1&#8242;<\/a><br \/>\n<\/span><\/span><span style=\"color: #ff00ff\">24<\/span> \u00a0\u00a0\u00a0\u00a0 <span style=\"color: #008000\">08\/10 \u00a0 \u00a0 <span style=\"color: #000000\">Corre\u00e7\u00e3o da P1 + estudo do processo de diagonaliza\u00e7\u00e3o.<\/span><span style=\"color: #000000\"><br \/>\n<\/span><\/span><span style=\"color: #ff00ff\">25<\/span> \u00a0\u00a0\u00a0\u00a0 <span style=\"color: #008000\">10\/10 \u00a0 \u00a0\u00a0 <span style=\"color: #000000\">Aula de exerc\u00edcios para a P2 &#8211; foi aprovada\u00a0 a troca da data da P2 para\u00a0 31\/10.<\/span><\/span><br \/>\n<span style=\"color: #ff00ff\">XX<\/span> \u00a0\u00a0\u00a0\u00a0 <span style=\"color: #008000\">12\/10 \u00a0 \u00a0\u00a0 <span style=\"color: #000000\">Feriado &#8211; n\u00e3o haver\u00e1(teve) aula<\/span><\/span><br \/>\n<span style=\"color: #ff00ff\">XX<\/span> \u00a0\u00a0\u00a0\u00a0 <span style=\"color: #008000\">15\/10 \u00a0 \u00a0\u00a0 <span style=\"color: #000000\">Semana Acad\u00eamica &#8211; n\u00e3o haver\u00e1(teve) aula<br \/>\n<\/span><\/span><span style=\"color: #ff00ff\">XX<\/span> \u00a0\u00a0\u00a0\u00a0 <span style=\"color: #008000\">17\/10 \u00a0 \u00a0\u00a0 <span style=\"color: #000000\">Semana Acad\u00eamica &#8211; n\u00e3o haver\u00e1(teve) aula<br \/>\n<\/span><\/span><span style=\"color: #ff00ff\">XX<\/span> \u00a0\u00a0\u00a0\u00a0 <span style=\"color: #008000\">19\/10 \u00a0 \u00a0\u00a0 <span style=\"color: #000000\">Semana Acad\u00eamica &#8211; n\u00e3o haver\u00e1(teve) aula<\/span><\/span><br \/>\n<span style=\"color: #ff00ff\">XX<\/span> \u00a0\u00a0\u00a0 <span style=\"color: #008000\">22\/10 \u00a0 \u00a0\u00a0 <span style=\"color: #000000\">Assistir no m\u00ednimo os v\u00eddeos da 26, 27 e 28 da playlist <span style=\"color: #0000ff\">https:\/\/www.youtube.com\/watch?v=uGTMtwLLB6U&amp;list=PL7PW7YXa8HO3vata0DUsMPrzgOuXvoDSI&amp;index=26<\/span><br \/>\n<\/span><\/span><span style=\"color: #ff00ff\">XX<\/span> \u00a0\u00a0\u00a0\u00a0 <span style=\"color: #008000\">24\/10 \u00a0 \u00a0\u00a0 <span style=\"color: #000000\">Assistir os v\u00eddeos https:\/\/youtu.be\/zaDVFII0XjY e https:\/\/youtu.be\/LqWg2zZF05A<br \/>\n<\/span><\/span><span style=\"color: #ff00ff\">XX<\/span> \u00a0\u00a0\u00a0\u00a0 <span style=\"color: #008000\">26\/10 \u00a0 \u00a0\u00a0 <span style=\"color: #000000\"><strong>N\u00e3o<\/strong><\/span> <span style=\"color: #000000\">Teve aula!<br \/>\n<\/span><\/span><span style=\"color: #ff00ff\">26<\/span> \u00a0\u00a0\u00a0\u00a0\u00a0 <span style=\"color: #008000\">29\/10 \u00a0 \u00a0\u00a0 <span style=\"color: #000000\">Aula de d\u00favidas<\/span><span style=\"color: #000000\"><br \/>\n<\/span><\/span><span style=\"color: #ff00ff\">27<\/span> \u00a0\u00a0\u00a0\u00a0\u00a0 <span style=\"color: #008000\">31\/10 \u00a0 \u00a0\u00a0 <span style=\"color: #000000\"><strong>P2<\/strong><\/span><span style=\"color: #000000\"><br \/>\n<\/span><\/span><span style=\"color: #ff00ff\">28<\/span> \u00a0\u00a0\u00a0\u00a0 <span style=\"color: #008000\">05\/11 \u00a0\u00a0\u00a0\u00a0\u00a0 <span style=\"color: #000000\">Corre\u00e7\u00e3o da P2<strong><br \/>\n<\/strong><\/span><\/span><span style=\"color: #ff00ff\">29<\/span> \u00a0\u00a0\u00a0\u00a0 <span style=\"color: #008000\">07\/11 \u00a0 \u00a0\u00a0\u00a0 <span style=\"color: #000000\">Diagonaliza\u00e7\u00e3o de operadores: polin\u00f4mio m\u00ednimo.<\/span><br \/>\n<\/span><span style=\"color: #ff00ff\">30<\/span> \u00a0\u00a0\u00a0\u00a0 <span style=\"color: #008000\">09\/11 \u00a0\u00a0\u00a0\u00a0 <\/span><span style=\"color: #000000\">Exemplos da forma can\u00f4nica de Jordan e de operadores com autovalores complexos.<\/span><br \/>\n<span style=\"color: #ff00ff\">31<\/span> \u00a0\u00a0\u00a0\u00a0 <span style=\"color: #008000\">12\/11 \u00a0 \u00a0 \u00a0\u00a0 <\/span>Aula de exerc\u00edcios<br \/>\n<span style=\"color: #ff00ff\">32<\/span> \u00a0\u00a0\u00a0\u00a0 <span style=\"color: #008000\">14\/11 \u00a0 \u00a0 \u00a0\u00a0 <\/span><a href=\"http:\/\/www.professores.uff.br\/jcolombo\/wp-content\/uploads\/sites\/124\/2018\/08\/Prova2_linha_AL.pdf\">P2&#8242;<\/a>\u00a0\u00a0 <a href=\"http:\/\/www.professores.uff.br\/jcolombo\/wp-content\/uploads\/sites\/124\/2018\/08\/Gab_P2_linha_AL.pdf\">Gabarito _P2&#8242;<\/a><br \/>\n<span style=\"color: #ff00ff\">XX<\/span> \u00a0\u00a0\u00a0\u00a0 <span style=\"color: #008000\">16\/11 \u00a0 \u00a0 \u00a0<\/span><span style=\"color: #000000\"> Feriado<\/span><br \/>\n<span style=\"color: #ff00ff\">XX<\/span> \u00a0\u00a0\u00a0\u00a0 <span style=\"color: #008000\">19\/11 \u00a0 \u00a0 \u00a0<\/span><span style=\"color: #000000\"> Feriado <\/span><br \/>\n<span style=\"color: #ff00ff\">33<\/span> \u00a0\u00a0\u00a0\u00a0\u00a0 <span style=\"color: #008000\">21\/11 \u00a0 \u00a0 \u00a0<\/span><span style=\"color: #000000\"> Produto interno desigualdade de Cauchy-Schwarz.<\/span><br \/>\n<span style=\"color: #ff00ff\">34<\/span> \u00a0\u00a0\u00a0\u00a0\u00a0 <span style=\"color: #008000\">23\/11 \u00a0 \u00a0\u00a0\u00a0 <\/span><span style=\"color: #000000\">Processo de Gram-Schmidt e operadores ortogonais.<\/span><br \/>\n<span style=\"color: #ff00ff\">35<\/span> \u00a0\u00a0\u00a0\u00a0\u00a0 <span style=\"color: #008000\">26\/11 \u00a0 \u00a0 \u00a0 <\/span><span style=\"color: #000000\">Operadores auto adjuntos e classifica\u00e7\u00e3o das c\u00f4nicas.<br \/>\n<\/span><span style=\"color: #ff00ff\">36<\/span> \u00a0\u00a0\u00a0\u00a0\u00a0 <span style=\"color: #008000\">28\/11 \u00a0 \u00a0\u00a0\u00a0 <\/span>Aula de exerc\u00edcios.<br \/>\n<span style=\"color: #ff00ff\">37<\/span> \u00a0\u00a0\u00a0\u00a0\u00a0 <span style=\"color: #008000\">30\/11 \u00a0 \u00a0\u00a0\u00a0 <\/span><span style=\"color: #000000\">Aula de exerc\u00edcios e C\u00f4nicas e Quadr\u00e1ticas.<br \/>\n<\/span><span style=\"color: #ff00ff\">38<\/span> \u00a0\u00a0\u00a0\u00a0\u00a0 <span style=\"color: #008000\">03\/11 \u00a0 \u00a0\u00a0\u00a0 <\/span><span style=\"color: #000000\">Aula de exerc\u00edcios.<\/span><br \/>\n<span style=\"color: #ff00ff\">39<\/span> \u00a0\u00a0\u00a0\u00a0\u00a0 <span style=\"color: #008000\">05\/11 \u00a0 \u00a0\u00a0\u00a0 <\/span><span style=\"color: #000000\">Aula de exerc\u00edcios.<\/span><br \/>\n<span style=\"color: #ff00ff\">40<\/span> \u00a0\u00a0\u00a0\u00a0\u00a0 <span style=\"color: #008000\">07\/11 \u00a0 \u00a0\u00a0\u00a0 <\/span><span style=\"color: #000000\">P3.<\/span><br \/>\n<span style=\"color: #ff00ff\">41<\/span> \u00a0\u00a0\u00a0\u00a0\u00a0 <span style=\"color: #008000\">10\/11 \u00a0 \u00a0\u00a0\u00a0 <\/span><span style=\"color: #000000\">Corre\u00e7\u00e3o da P3, vista da P3 e revis\u00e3o para a VR.<\/span><br \/>\n<span style=\"color: #ff00ff\">42<\/span> \u00a0\u00a0\u00a0\u00a0\u00a0 <span style=\"color: #008000\">12\/11 \u00a0 \u00a0\u00a0\u00a0 <\/span><span style=\"color: #000000\">VR<\/span><br \/>\n<span style=\"color: #ff00ff\">43<\/span> \u00a0\u00a0\u00a0\u00a0\u00a0 <span style=\"color: #008000\">14\/11 \u00a0 \u00a0\u00a0\u00a0 <\/span><span style=\"color: #000000\">Corre\u00e7\u00e3o da VR, vista da VR e revis\u00e3o para a VS.<\/span><br \/>\n<span style=\"color: #ff00ff\">44<\/span> \u00a0\u00a0\u00a0\u00a0\u00a0 <span style=\"color: #008000\">17\/11 \u00a0 \u00a0\u00a0\u00a0\u00a0<\/span><span style=\"color: #000000\"> VS (corrigi e dei vistas no final da aplica\u00e7\u00e3o da prova).<br \/>\n<\/span><\/p>\n<hr \/>\n<div>\n<p><strong>Bibliografia:<\/strong><\/p>\n<\/div>\n<p>0) <a href=\"http:\/\/www.professores.uff.br\/jcolombo\/wp-content\/uploads\/sites\/124\/2017\/09\/2-2017-NotasColomboKoiller_EM_PREPARACAO.pdf\" target=\"_blank\" rel=\"noopener noreferrer\">\u00c1lgebra Linear: Texto em prepara\u00e7\u00e3o<\/a>, Jones Colombo e Jos\u00e9 Koiller.<br \/>\n1) \u00c1lgebra Linear, Boldrini, Costa, Ribeiro,Wetzler, Editora Harbra, 3\u00aa edi\u00e7\u00e3o.<br \/>\n2) \u00c1lgebra Linear com Aplica\u00e7\u00f5es, Howard Anton, Chris Rorres. 10\u00baedi\u00e7\u00e3o, editora Bookman, 2012.<br \/>\n3) Contemporary Linear Algebra, Anton,H, Busby, Robert C., John Wiley &amp; Sons, Inc.<br \/>\n4) \u00c1lgebra Linear, Seymour Lipschutz, Cole\u00e7\u00e3o Schaum, MacGraw-Hill, 2\u00aa edi\u00e7\u00e3o, 1972.<br \/>\n5) \u00c1lgebra Linear e Aplica\u00e7\u00f5es, Carlos A. Callioli , Hygino H. Domingues, Roberto C.F. Costa, Editora Atual,6\u00aa edi\u00e7\u00e3o, 1990.<br \/>\n6) \u00c1lgebra Linear, S. Lang, Editora Edgar Blucher Ltda, 1971.<br \/>\n7) \u00c1lgebra Linear, E.L. Lima, Cole\u00e7\u00e3o Matem\u00e1tica Universit\u00e1ria, 2\u00aa edi\u00e7\u00e3o, 1996.<br \/>\n8) \u00c1lgebra Linear, Hoffman, K., Kunze, R. Prentice-Hall, INC, Englewood Cliff, New Jersey, 1971.<\/p>\n<hr \/>\n<p><strong>Ementa: <\/strong>1) Sistemas Lineares. Matrizes. Determinantes. 2) Vetores. 3) Retas e Planos. 4) Espa\u00e7os Vetoriais. 5) Transforma\u00e7\u00f5es Lineares.\u00a0 6) Operadores Lineares. 7) Diagonaliza\u00e7\u00e3o de operadores lineares sim\u00e9tricos. 8) C\u00f4nicas. 9)Formas quadr\u00e1ticas. (<a href=\"http:\/\/www.professores.uff.br\/jcolombo\/wp-content\/uploads\/sites\/124\/2018\/08\/gan00143.pdf\">Ementa Oficial-GAN00143<\/a>).<\/p>\n<hr \/>\n<p>\u00daltima revis\u00e3o em Dezembro, 2018<\/p>\n<p style=\"text-align: center\"><strong><a href=\"http:\/\/www.professores.uff.br\/jcolombo\/disciplinas\/\">Voltar<\/a><\/strong><\/p>\n<\/div>\n","protected":false},"excerpt":{"rendered":"<p>Carga hor\u00e1ria:\u00a0 90 hs, turma E1 Monitoria: Theo: 2\u00aa(9-11hs), 4\u00aa(9-11hs) e 6\u00aa(14-18hs) e Douglas: 4\u00aa(13-17hs) e 5\u00aa(13-17hs). Hor\u00e1rio : 2\u00aa, 4\u00aa e 6\u00aa-feiras na sala H-301(UFASA) das 14-16hs. Hor\u00e1rio de atendimento: 3\u00aa-feira das 14-16hs Listas de Exerc\u00edcios para a P1 1\u00aa Lista &#8211; p\u00e1ginas 9 e 10 da refer\u00eancia [2]; 2\u00aa Lista &#8211; p\u00e1ginas 22 [&hellip;]<\/p>\n","protected":false},"author":129,"featured_media":0,"parent":0,"menu_order":0,"comment_status":"closed","ping_status":"closed","template":"","meta":{"_exactmetrics_skip_tracking":false,"_exactmetrics_sitenote_active":false,"_exactmetrics_sitenote_note":"","_exactmetrics_sitenote_category":0,"footnotes":""},"categories":[],"tags":[],"class_list":["post-837","page","type-page","status-publish","hentry"],"_links":{"self":[{"href":"https:\/\/www.professores.uff.br\/jcolombo\/wp-json\/wp\/v2\/pages\/837","targetHints":{"allow":["GET"]}}],"collection":[{"href":"https:\/\/www.professores.uff.br\/jcolombo\/wp-json\/wp\/v2\/pages"}],"about":[{"href":"https:\/\/www.professores.uff.br\/jcolombo\/wp-json\/wp\/v2\/types\/page"}],"author":[{"embeddable":true,"href":"https:\/\/www.professores.uff.br\/jcolombo\/wp-json\/wp\/v2\/users\/129"}],"replies":[{"embeddable":true,"href":"https:\/\/www.professores.uff.br\/jcolombo\/wp-json\/wp\/v2\/comments?post=837"}],"version-history":[{"count":42,"href":"https:\/\/www.professores.uff.br\/jcolombo\/wp-json\/wp\/v2\/pages\/837\/revisions"}],"predecessor-version":[{"id":1002,"href":"https:\/\/www.professores.uff.br\/jcolombo\/wp-json\/wp\/v2\/pages\/837\/revisions\/1002"}],"wp:attachment":[{"href":"https:\/\/www.professores.uff.br\/jcolombo\/wp-json\/wp\/v2\/media?parent=837"}],"wp:term":[{"taxonomy":"category","embeddable":true,"href":"https:\/\/www.professores.uff.br\/jcolombo\/wp-json\/wp\/v2\/categories?post=837"},{"taxonomy":"post_tag","embeddable":true,"href":"https:\/\/www.professores.uff.br\/jcolombo\/wp-json\/wp\/v2\/tags?post=837"}],"curies":[{"name":"wp","href":"https:\/\/api.w.org\/{rel}","templated":true}]}}