{"id":994,"date":"2019-03-22T09:24:55","date_gmt":"2019-03-22T12:24:55","guid":{"rendered":"http:\/\/www.professores.uff.br\/jcolombo\/?page_id=994"},"modified":"2023-05-03T11:48:53","modified_gmt":"2023-05-03T14:48:53","slug":"introducao-a-matematica-financeira","status":"publish","type":"page","link":"https:\/\/www.professores.uff.br\/jcolombo\/introducao-a-matematica-financeira\/","title":{"rendered":"Introdu\u00e7\u00e3o \u00e0 Matem\u00e1tica Financeira (Diurno)"},"content":{"rendered":"\n<dl>\n<dt><hr align=\"center\" size=\"2\" width=\"100%\" \/><\/dt>\n<dt><strong>Carga hor\u00e1ria:<\/strong>\u00a0 68 hs, turma A1<\/dt>\n<dt><strong>Monitoria: <\/strong> N\u00e3o temos.<\/dt>\n<dt><strong>Hor\u00e1rio: <\/strong>  2\u00aa e 4\u00aa-feiras na sala 201-IMH das 9-11hs.<\/dt>\n<dt><strong>Hor\u00e1rio de atendimento<\/strong>: 2\u00aa-feiras das 15-17hs. <\/dt>\n<\/dl>\n<hr \/>\n<p><strong>Listas de Exerc\u00edcios para a P1<\/strong><\/p>\n1\u00aa Lista &#8211; p\u00e1ginas 8 a 21 da refer\u00eancia [0];<br>\n2\u00aa Lista &#8211; p\u00e1ginas 33 a 51 da refer\u00eancia [0];<br>\n3\u00aa Lista &#8211; p\u00e1ginas 72 a 87 da refer\u00eancia [0];<br>\n<p><strong><br \/>Listas de Exerc\u00edcios para a P2<\/strong><\/p>\n1\u00aa Lista &#8211;  ainda por definir; <br><a href=\"http:\/\/www.professores.uff.br\/jcolombo\/wp-content\/uploads\/sites\/124\/2019\/06\/lista-2.pdf\"> <strike>2\u00aa lista <\/strike><\/a> &#8211; <strike>p\u00e1ginas 59 a 60, ex. 2 e 4 da refer\u00eancia [6]<\/strike>;<br>\n<a href=\"http:\/\/www.professores.uff.br\/jcolombo\/wp-content\/uploads\/sites\/124\/2019\/06\/lista-3.pdf\">3\u00aa lista<\/a> &#8211; p\u00e1ginas 90 a 91, ex.2, 3, 7 e 9 da refer\u00eancia [6];<br>\n<a href=\"http:\/\/www.professores.uff.br\/jcolombo\/wp-content\/uploads\/sites\/124\/2019\/06\/lista-4.pdf\"><strike>4\u00aa lista<\/strike><\/a> &#8211; <strike>p\u00e1ginas 159 a 160, ex. 1, 3, 4 e 5 da refer\u00eancia [6]<\/strike>;<br>\n<a href=\"http:\/\/www.professores.uff.br\/jcolombo\/wp-content\/uploads\/sites\/124\/2019\/06\/lista-5.pdf\">5\u00aa lista<\/a> &#8211; p\u00e1ginas 201 a 202, ex. 3 e 4 da refer\u00eancia [6];<br>\n<a href=\"http:\/\/www.professores.uff.br\/jcolombo\/wp-content\/uploads\/sites\/124\/2019\/06\/lista-6.pdf\"><strike>6\u00aa lista<\/strike><\/a> &#8211; <strike> p\u00e1ginas 224 a 225, ex. 3, 5 e 13 da refer\u00eancia [6]<\/strike>;<br>\n<a href=\"http:\/\/www.professores.uff.br\/jcolombo\/wp-content\/uploads\/sites\/124\/2019\/06\/lista-7.pdf\">7\u00aa lista<\/a> &#8211; p\u00e1ginas 552 a 553, ex. 1, 2 e 5 da refer\u00eancia [6];<br>\n<a href=\"http:\/\/www.professores.uff.br\/jcolombo\/wp-content\/uploads\/sites\/124\/2019\/06\/lista-8.pdf\">8\u00aa lista<\/a> &#8211; p\u00e1ginas 578 a 579, ex. 3, 5 e 9 da refer\u00eancia [6];<br>\n<a href=\"http:\/\/www.professores.uff.br\/jcolombo\/wp-content\/uploads\/sites\/124\/2019\/06\/lista-9.pdf\">9\u00aa lista<\/a> &#8211; p\u00e1ginas 626 a 627, ex. 7, 8 e 10 da refer\u00eancia [6];<br>\n<a href=\"http:\/\/www.professores.uff.br\/jcolombo\/wp-content\/uploads\/sites\/124\/2019\/06\/lista-10.pdf\">10\u00aa lista<\/a> &#8211; p\u00e1ginas 653 a 655, ex. 2, 4 e 5 da refer\u00eancia [6];<br>\n<hr \/>\n<dl>\n<dt><strong>Informa\u00e7\u00f5es:<\/strong><\/dt>\n<\/dl>\n<div><hr \/>\n<p><a href=\"http:\/\/www.professores.uff.br\/jcolombo\/orientacoes-para-o-estudo-22017\/\">Orienta\u00e7\u00f5es Gerais aos alunos<\/a><\/p>\n<hr \/>\n<p><strong>Data das provas:<\/strong><\/p>\n<a href=\"http:\/\/www.professores.uff.br\/jcolombo\/wp-content\/uploads\/sites\/124\/2019\/05\/Mat_Financeira_2019_1.pdf\"> P1 <\/a> &#8211;\u00a0 08\/05\/2019 &#8211; <a href=\"http:\/\/www.professores.uff.br\/jcolombo\/wp-content\/uploads\/sites\/124\/2019\/05\/Gaba_Mat_Financeira_2019_1.pdf\"> Gabarito. <\/a> <br \/>\n<a href=\"http:\/\/www.professores.uff.br\/jcolombo\/wp-content\/uploads\/sites\/124\/2019\/06\/P2_Edu_Mat_Fin_2019_1.pdf\"> P2 <\/a> &#8211;\u00a0 26\/06\/2019  <br \/><a href=\"http:\/\/www.professores.uff.br\/jcolombo\/wp-content\/uploads\/sites\/124\/2019\/07\/VR_Edu_Mat_Fin_2019_1.pdf\"> VR <\/a> &#8211; 08\/07\/2019<br \/>\n<a href=\"http:\/\/www.professores.uff.br\/jcolombo\/wp-content\/uploads\/sites\/124\/2019\/07\/VS_Edu_Mat_Fin_2019_1.pdf\"> VS <\/a> &#8211;\u00a0 15\/07\/2019 &#8211; <a href=\"http:\/\/www.professores.uff.br\/jcolombo\/wp-content\/uploads\/sites\/124\/2019\/07\/NotasAlunos_Finaceira_div.pdf\"> Notas<\/a>.<\/p>\n<hr \/><\/div>\n<div>\n<dl>\n<dt><b>Cronograma da disciplina<\/b><\/dt>\n<\/dl>\n<p>Aula &nbsp;&nbsp;Data &nbsp;&nbsp;&nbsp;&nbsp;&nbsp;&nbsp;&nbsp;&nbsp;&nbsp;&nbsp;&nbsp;&nbsp;&nbsp; \nAssunto <br>\n&nbsp;<span style=\"color: #ff00ff\">01<\/span>\u00a0&nbsp;&nbsp;<span style=\"color: #008000\"> 18\/03 <span style=\"color: #000000\">\u00a0 &nbsp;&nbsp;&nbsp;&nbsp; Apresenta\u00e7\u00e3o, ementa, bibliografia e avalia\u00e7\u00e3o. Vis\u00e3o Geral do que faremos nesta disciplina.<br>\n&nbsp;<span style=\"color: #ff00ff\">02<\/span>\u00a0&nbsp;&nbsp;<span style=\"color: #008000\"> 20\/03 <span style=\"color: #000000\">\u00a0 &nbsp;&nbsp;&nbsp;&nbsp; Progress\u00f5es Aritm\u00e9ticas (PA).<br>\n&nbsp;<span style=\"color: #ff00ff\">03<\/span>\u00a0&nbsp;&nbsp;<span style=\"color: #008000\"> 25\/03 <span style=\"color: #000000\">\u00a0 &nbsp;&nbsp;&nbsp;&nbsp; PA + Progress\u00f5es Geom\u00e9tricas (PG).<br>\n&nbsp;<span style=\"color: #ff00ff\">04<\/span>\u00a0&nbsp;&nbsp;<span style=\"color: #008000\"> 27\/03 <span style=\"color: #000000\">\u00a0 &nbsp;&nbsp;&nbsp;&nbsp; PG + N\u00fameros Reais.<br>\n&nbsp;<span style=\"color: #ff00ff\">05<\/span>\u00a0&nbsp;&nbsp;<span style=\"color: #008000\"> 01\/04 <span style=\"color: #000000\">\u00a0 &nbsp;&nbsp;&nbsp;&nbsp; Aula de exerc\u00edcios.<br>\n&nbsp;<span style=\"color: #ff00ff\">06<\/span>\u00a0&nbsp;&nbsp;<span style=\"color: #008000\"> 03\/04 <span style=\"color: #000000\">\u00a0 &nbsp;&nbsp;&nbsp;&nbsp; Matem\u00e1tica Financeira &#8211; parte 1: at\u00e9 exemplo 3.5 &#8211; O dinheiro no Tempo. <br>\n&nbsp;<span style=\"color: #ff00ff\">07<\/span>\u00a0&nbsp;&nbsp;<span style=\"color: #008000\"> 08\/04 <span style=\"color: #000000\">\u00a0 &nbsp;&nbsp;&nbsp;&nbsp; Matem\u00e1tica Financeira &#8211; parte 2: at\u00e9 exemplo 3.13 &#8211; Taxas proporcionais, taxas m\u00ednimas de atratividade. <br>\n&nbsp;<span style=\"color: #ff00ff\">08<\/span>\u00a0&nbsp;&nbsp;<span style=\"color: #008000\"> 10\/04 <span style=\"color: #000000\">\u00a0 &nbsp;&nbsp;&nbsp;&nbsp; Aula de Exerc\u00edcios. <br>\n&nbsp;<span style=\"color: #ff00ff\">09<\/span>\u00a0&nbsp;&nbsp;<span style=\"color: #008000\"> 15\/04 <span style=\"color: #000000\">\u00a0 &nbsp;&nbsp;&nbsp;&nbsp; Matem\u00e1tica Financeira &#8211; parte 3: do exemplo 3.13 at\u00e9 o 3.19. Presta\u00e7\u00f5es; descontos e a &#8220;Regra de Ouro&#8221;.  <br>\n&nbsp;<span style=\"color: #ff00ff\">10<\/span>\u00a0&nbsp;&nbsp;<span style=\"color: #008000\"> 17\/04 <span style=\"color: #000000\">\u00a0 &nbsp;&nbsp;&nbsp;&nbsp; Matem\u00e1tica Financeira &#8211; parte 4: do exemplo 3.20 at\u00e9 o final.  Amortiza\u00e7\u00e3o: Price e SAC, infla\u00e7\u00e3o e taxa real. <br>\n&nbsp;<span style=\"color: #ff00ff\">XX<\/span>\u00a0&nbsp;&nbsp;<span style=\"color: #008000\"> 22\/04 <span style=\"color: #000000\">\u00a0 &nbsp;&nbsp;&nbsp;&nbsp; N\u00e3o teve aula.  <br>\n&nbsp;<span style=\"color: #ff00ff\">11<\/span>\u00a0&nbsp;&nbsp;<span style=\"color: #008000\"> 24\/04 <span style=\"color: #000000\">\u00a0 &nbsp;&nbsp;&nbsp;&nbsp; Aula de exerc\u00edcios.  <br>\n&nbsp;<span style=\"color: #ff00ff\">12<\/span>\u00a0&nbsp;&nbsp;<span style=\"color: #008000\"> 29\/04 <span style=\"color: #000000\">\u00a0 &nbsp;&nbsp;&nbsp;&nbsp; Aula de exerc\u00edcios. <br>\n&nbsp;<span style=\"color: #ff00ff\">XX<\/span>\u00a0&nbsp;&nbsp;<span style=\"color: #008000\"> 01\/05 <span style=\"color: #000000\">\u00a0 &nbsp;&nbsp;&nbsp;&nbsp; Dia do trabalhador. <br>\n&nbsp;<span style=\"color: #ff00ff\">14<\/span>\u00a0&nbsp;&nbsp;<span style=\"color: #008000\"> 06\/05 <span style=\"color: #000000\">\u00a0 &nbsp;&nbsp;&nbsp;&nbsp; Aula de exerc\u00edcios. <br>\n&nbsp;<span style=\"color: #ff00ff\">15<\/span>\u00a0&nbsp;&nbsp;<span style=\"color: #008000\"> 08\/05 <span style=\"color: #000000\">\u00a0 &nbsp;&nbsp;&nbsp;&nbsp; P1. <br>\n&nbsp;<span style=\"color: #ff00ff\">16<\/span>\u00a0&nbsp;&nbsp;<span style=\"color: #008000\"> 13\/05 <span style=\"color: #000000\">\u00a0 &nbsp;&nbsp;&nbsp;&nbsp; Entrega da P1.  An\u00e1lise de sensibilidade discreta com aula no laborat\u00f3rio, fun\u00e7\u00f5es no calc (cenarios, atingir meta e multiopera\u00e7\u00f5es) no excel (na aba: Teste de hip\u00f3teses: cen\u00e1rios,  atingir a meta e Tabela de dados). <br>\n&nbsp;<span style=\"color: #ff00ff\">XX<\/span>\u00a0&nbsp;&nbsp;<span style=\"color: #008000\"> 15\/05 <span style=\"color: #000000\">\u00a0 &nbsp;&nbsp;&nbsp;&nbsp; N\u00e3o teve aula. <br>\n&nbsp;<span style=\"color: #ff00ff\">17<\/span>\u00a0&nbsp;&nbsp;<span style=\"color: #008000\"> 20\/05 <span style=\"color: #000000\">\u00a0 &nbsp;&nbsp;&nbsp;&nbsp; <a href=\"http:\/\/www.professores.uff.br\/jcolombo\/wp-content\/uploads\/sites\/124\/2019\/05\/Trabalho_Mat_Financeira.pdf\"> Organiza\u00e7\u00e3o dos Trabalhos.<\/a>  Introdu\u00e7\u00e3o \u00e0 economia: Os 10 princ\u00edpios da economia. Cap.1 da refer\u00eancia [6].  <br>\n&nbsp;<span style=\"color: #ff00ff\">18<\/span>\u00a0&nbsp;&nbsp;<span style=\"color: #008000\"> 22\/05 <span style=\"color: #000000\">\u00a0 &nbsp;&nbsp;&nbsp;&nbsp;  Oferta e Demanda. Cap.4 p\u00e1g.66. <br>\n&nbsp;<span style=\"color: #ff00ff\">19<\/span>\u00a0&nbsp;&nbsp;<span style=\"color: #008000\"> 27\/05 <span style=\"color: #000000\">\u00a0 &nbsp;&nbsp;&nbsp;&nbsp;  Sistemas financeiro e sistema monet\u00e1rio. cap.25 p\u00e1g. 556. <br>\n&nbsp;<span style=\"color: #ff00ff\">20<\/span>\u00a0&nbsp;&nbsp;<span style=\"color: #008000\"> 29\/05 <span style=\"color: #000000\">\u00a0 &nbsp;&nbsp;&nbsp;&nbsp;  Sistema monet\u00e1rio e mecanismos de controle de infla\u00e7\u00e3o. cap 27 p\u00e1g.609 e cap.28 p\u00e1g.630. <br>\n&nbsp;<span style=\"color: #ff00ff\">21<\/span>\u00a0&nbsp;&nbsp;<span style=\"color: #008000\"> 03\/06 <span style=\"color: #000000\">\u00a0 &nbsp;&nbsp;&nbsp;&nbsp;  Publicidade: Pescaria de tolos ou persuas\u00e3o? p\u00e1g.385-393 da refer\u00eancia [6] e a <a href=\"http:\/\/www.professores.uff.br\/jcolombo\/wp-content\/uploads\/sites\/124\/2019\/06\/texto.txt\">refer\u00eancia [7].<\/a> <br>\n&nbsp;<span style=\"color: #ff00ff\">22<\/span>\u00a0&nbsp;&nbsp;<span style=\"color: #008000\"> 05\/06 <span style=\"color: #000000\">\u00a0 &nbsp;&nbsp;&nbsp;&nbsp;  O que faz um pais ser pr\u00f3spero? cap.3 p\u00e1g.48, cap. 7 p\u00e1g.142 e cap 9 p\u00e1g.179 da refer\u00eancia [6].<br>\n&nbsp;<span style=\"color: #ff00ff\">23<\/span>\u00a0&nbsp;&nbsp;<span style=\"color: #008000\"> 10\/06 <span style=\"color: #000000\">\u00a0 &nbsp;&nbsp;&nbsp;&nbsp;  O que faz um pais ser pr\u00f3spero? cap.10 p\u00e1g.208 &#8211; Externalidades, bens p\u00fablicos e recursos comuns,  cap.8 Custos da tributa\u00e7\u00e3o p\u00e1g.161 e cap.24 produ\u00e7\u00e3o e crescimento p\u00e1g.531. da refer\u00eancia [6].  <br>\n&nbsp;<span style=\"color: #ff00ff\">24<\/span>\u00a0&nbsp;&nbsp;<span style=\"color: #008000\"> 12\/06 <span style=\"color: #000000\">\u00a0 &nbsp;&nbsp;&nbsp;&nbsp;  Aula para fazer o trabalho. <br>\n&nbsp;<span style=\"color: #ff00ff\">25<\/span>\u00a0&nbsp;&nbsp;<span style=\"color: #008000\"> 17\/06 <span style=\"color: #000000\">\u00a0 &nbsp;&nbsp;&nbsp;&nbsp;  Apresenta\u00e7\u00e3o dos Trabalhos. <br>\n&nbsp;<span style=\"color: #ff00ff\">26<\/span>\u00a0&nbsp;&nbsp;<span style=\"color: #008000\"> 19\/06 <span style=\"color: #000000\">\u00a0 &nbsp;&nbsp;&nbsp;&nbsp;  Apresenta\u00e7\u00e3o dos Trabalhos. <br>\n&nbsp;<span style=\"color: #ff00ff\">27<\/span>\u00a0&nbsp;&nbsp;<span style=\"color: #008000\"> 24\/06 <span style=\"color: #000000\">\u00a0 &nbsp;&nbsp;&nbsp;&nbsp;  Aula de exerc\u00edcios. <br>\n&nbsp;<span style=\"color: #ff00ff\">28<\/span>\u00a0&nbsp;&nbsp;<span style=\"color: #008000\"> 26\/06 <span style=\"color: #000000\">\u00a0 &nbsp;&nbsp;&nbsp;&nbsp; P2 <br>\n&nbsp;<span style=\"color: #ff00ff\">29<\/span>\u00a0&nbsp;&nbsp;<span style=\"color: #008000\"> 01\/07 <span style=\"color: #000000\">\u00a0 &nbsp;&nbsp;&nbsp;&nbsp; Corre\u00e7\u00e3o e vista da P2 e detalhes sobre a VR. <br>\n&nbsp;<span style=\"color: #ff00ff\">30<\/span>\u00a0&nbsp;&nbsp;<span style=\"color: #008000\"> 03\/07 <span style=\"color: #000000\">\u00a0 &nbsp;&nbsp;&nbsp;&nbsp; N\u00e3o haver\u00e1 aula. <br>\n&nbsp;<span style=\"color: #ff00ff\">31<\/span>\u00a0&nbsp;&nbsp;<span style=\"color: #008000\"> 08\/07 <span style=\"color: #000000\">\u00a0 &nbsp;&nbsp;&nbsp;&nbsp; VR. <br>\n&nbsp;<span style=\"color: #ff00ff\">32<\/span>\u00a0&nbsp;&nbsp;<span style=\"color: #008000\"> 10\/07 <span style=\"color: #000000\">\u00a0 &nbsp;&nbsp;&nbsp;&nbsp; Vista da VR e Aula de exerc\u00edcios. <br>\n&nbsp;<span style=\"color: #ff00ff\">33<\/span>\u00a0&nbsp;&nbsp;<span style=\"color: #008000\"> 15\/07 <span style=\"color: #000000\">\u00a0 &nbsp;&nbsp;&nbsp;&nbsp; VS. <br>\n&nbsp;<span style=\"color: #ff00ff\">34<\/span>\u00a0&nbsp;&nbsp;<span style=\"color: #008000\"> 17\/07 <span style=\"color: #000000\">\u00a0 &nbsp;&nbsp;&nbsp;&nbsp; Vista da VS. <br>\n\n<hr \/>\n<div>\n<p><strong>Bibliografia:<\/strong><\/p>\n<\/div>\n<p>[0] MORGADO, A. C. O.; WAGNER, E.; ZANI, S.. <em>Progress\u00f5es e Matem\u00e1tica Financeira<\/em>. Sexta edi\u00e7\u00e3o. Cole\u00e7\u00e3o do Professor de Matem\u00e1tica. Sociedade Brasileira de Matem\u00e1tica, 2015.<\/p>\n<p>[1] PUCCINI, A. L.. <em>Matem\u00e1tica Financeira: Objetiva e Aplicada<\/em>. Nona edi\u00e7\u00e3o. Elsevier, 2011.<\/p>\n<p>[2] SAMANEZ, C. P. Matem\u00e1tica Financeira: Aplica\u00e7\u00f5es \u00c0 An\u00e1lise de Investimentos. 3 ed. Prentice Hall, 2012.<\/p>\n<p>[3] LAPPONI, J. C.. Matem\u00e1tica Financeira. 2 ed.. Elsevier, 2014.<\/p>\n<p>[4]\u00a0ASSAF NETO, A. Matem\u00e1tica Financeira e Suas Aplica\u00e7\u00f5es. 13 ed. Editora Atlas, 2016.<\/p>\n<p>[5]\u00a0Minist\u00e9rio da Educa\u00e7\u00e3o do Brasil. Programa de Educa\u00e7\u00e3o Financeira nas Escolas http:\/\/www.edufinanceiranaescola.gov.br\/. Acesso em: 10 de abril de 2017.<\/p>\n<p>[6]\u00a0MANKIW, N.G. Introdu\u00e7\u00e3o \u00e0 Economia. 2\u00aa edi\u00e7\u00e3o americana 16\u00aa tirarem. Elsevier Editora, 2001.<\/p>\n<p>[7]\u00a0CIALDINI, R.B., As armas da persuas\u00e3o. Rio de  Janeiro, Sextante, 2012.<\/p>\n<hr \/>\n<p><strong>Ementa: <\/strong>Porcentagem, acr\u00e9scimos e decr\u00e9scimos simples e sucessivos. Juros simples e compostos. O Valor do Dinheiro no Tempo. Amortiza\u00e7\u00e3o de Empr\u00e9stimos e Sistemas de Amortiza\u00e7\u00e3o SAC, Price e Americano. Aplica\u00e7\u00f5es (cart\u00e3o de cr\u00e9dito, financiamento, previd\u00eancia, infla\u00e7\u00e3o e poder de compra, corre\u00e7\u00e3o monet\u00e1ria, varia\u00e7\u00e3o cambial, impostos, etc.). Aplica\u00e7\u00f5es Financeiras (Rentabilidade e Liquidez de Um Investimento). An\u00e1lise de sensibilidade discreta e cont\u00ednua. O uso de calculadoras, planilhas de c\u00e1lculo e aplicativos\/simuladores em Educa\u00e7\u00e3o Financeira. (<a href=\"http:\/\/www.professores.uff.br\/jcolombo\/wp-content\/uploads\/sites\/124\/2019\/03\/formulario_13_educa\u00e7\u00e3o_financeira.pdf\">Ementa oficial GMA00143<\/a>).<\/p>\n<hr \/>\n<p>\u00daltima revis\u00e3o em Julho, 2019<\/p>\n<p style=\"text-align: center\"><strong><a href=\"http:\/\/www.professores.uff.br\/jcolombo\/disciplinas\/\">Voltar<\/a><\/strong><\/p>\n<\/div>\n","protected":false},"excerpt":{"rendered":"<p>Carga hor\u00e1ria:\u00a0 68 hs, turma A1 Monitoria: N\u00e3o temos. Hor\u00e1rio: 2\u00aa e 4\u00aa-feiras na sala 201-IMH das 9-11hs. Hor\u00e1rio de atendimento: 2\u00aa-feiras das 15-17hs. Listas de Exerc\u00edcios para a P1 1\u00aa Lista &#8211; p\u00e1ginas 8 a 21 da refer\u00eancia [0]; 2\u00aa Lista &#8211; p\u00e1ginas 33 a 51 da refer\u00eancia [0]; 3\u00aa Lista &#8211; p\u00e1ginas 72 [&hellip;]<\/p>\n","protected":false},"author":129,"featured_media":0,"parent":0,"menu_order":0,"comment_status":"closed","ping_status":"closed","template":"","meta":{"_exactmetrics_skip_tracking":false,"_exactmetrics_sitenote_active":false,"_exactmetrics_sitenote_note":"","_exactmetrics_sitenote_category":0,"footnotes":""},"categories":[],"tags":[],"class_list":["post-994","page","type-page","status-publish","hentry"],"_links":{"self":[{"href":"https:\/\/www.professores.uff.br\/jcolombo\/wp-json\/wp\/v2\/pages\/994","targetHints":{"allow":["GET"]}}],"collection":[{"href":"https:\/\/www.professores.uff.br\/jcolombo\/wp-json\/wp\/v2\/pages"}],"about":[{"href":"https:\/\/www.professores.uff.br\/jcolombo\/wp-json\/wp\/v2\/types\/page"}],"author":[{"embeddable":true,"href":"https:\/\/www.professores.uff.br\/jcolombo\/wp-json\/wp\/v2\/users\/129"}],"replies":[{"embeddable":true,"href":"https:\/\/www.professores.uff.br\/jcolombo\/wp-json\/wp\/v2\/comments?post=994"}],"version-history":[{"count":68,"href":"https:\/\/www.professores.uff.br\/jcolombo\/wp-json\/wp\/v2\/pages\/994\/revisions"}],"predecessor-version":[{"id":1269,"href":"https:\/\/www.professores.uff.br\/jcolombo\/wp-json\/wp\/v2\/pages\/994\/revisions\/1269"}],"wp:attachment":[{"href":"https:\/\/www.professores.uff.br\/jcolombo\/wp-json\/wp\/v2\/media?parent=994"}],"wp:term":[{"taxonomy":"category","embeddable":true,"href":"https:\/\/www.professores.uff.br\/jcolombo\/wp-json\/wp\/v2\/categories?post=994"},{"taxonomy":"post_tag","embeddable":true,"href":"https:\/\/www.professores.uff.br\/jcolombo\/wp-json\/wp\/v2\/tags?post=994"}],"curies":[{"name":"wp","href":"https:\/\/api.w.org\/{rel}","templated":true}]}}