{"id":133,"date":"2018-03-08T14:21:58","date_gmt":"2018-03-08T17:21:58","guid":{"rendered":"http:\/\/www.professores.uff.br\/jessica\/?page_id=133"},"modified":"2022-03-18T19:03:35","modified_gmt":"2022-03-18T22:03:35","slug":"material-didatico","status":"publish","type":"page","link":"https:\/\/www.professores.uff.br\/jessica\/","title":{"rendered":"Material Did\u00e1tico"},"content":{"rendered":"<hr \/>\n<p><strong>Infer\u00eancia Estat\u00edstica<\/strong><\/p>\n<p>\u00faltima atualiza\u00e7\u00e3o: mar\u00e7o de 2022<\/p>\n<p>tamanho do arquivo: 11,5 MB<\/p>\n<p>n\u00famero de downloads: 598<\/p>\n<a href=\"https:\/\/www.professores.uff.br\/jessica\/?ddownload=160\" title=\"Apostila para Infer\u00eancia\" rel=\"nofollow\" class=\"ddownload-button button-blue id-160 ext-pdf\">Apostila para Infer\u00eancia<\/a>\n<hr \/>\n<p><strong>Programa\u00e7\u00e3o Estat\u00edstica<\/strong><\/p>\n<p>\u00faltima atualiza\u00e7\u00e3o: 2021<\/p>\n<p>Link:\u00a0<a href=\"https:\/\/bookdown.org\/jessicakubrusly\/programacao-estatistica\/\">https:\/\/bookdown.org\/jessicakubrusly\/programacao-estatistica\/<\/a><\/p>\n<hr \/>\n<p><strong>Probabilidade I<\/strong><\/p>\n<p>\u00faltima atualiza\u00e7\u00e3o: dezembro de 2019<\/p>\n<p>tamanho do arquivo: 5,7 MB<\/p>\n<p>n\u00famero de downloads: 1.243<\/p>\n<a href=\"https:\/\/www.professores.uff.br\/jessica\/?ddownload=588\" title=\"Apostila de Probabilidade I\" rel=\"nofollow\" class=\"ddownload-button button-blue id-588 ext-pdf\">Apostila de Probabilidade I<\/a>\n<hr \/>\n<p><strong>LaTeX B\u00e1sico<\/strong><\/p>\n<p>\u00faltima atualiza\u00e7\u00e3o:\u00a0maio\u00a0de 2018<\/p>\n<p>tamanho do arquivo:\u00a0485,8 KB<\/p>\n<p>n\u00famero de downloads: 1.502<\/p>\n<a href=\"https:\/\/www.professores.uff.br\/jessica\/?ddownload=148\" title=\"Apostila de LaTeX B\u00e1sico\" rel=\"nofollow\" class=\"ddownload-button button-blue id-148 ext-pdf\">Apostila de LaTeX B\u00e1sico<\/a>\n<hr \/>\n<p><strong>LaTeX Intermedi\u00e1rio<\/strong><\/p>\n<p>\u00faltima atualiza\u00e7\u00e3o: junho de 2016<\/p>\n<p>Link:\u00a0<a href=\"http:\/\/www.professores.uff.br\/jessica\/wp-content\/uploads\/sites\/137\/2017\/09\/aulas_latex_intermediario.pdf\" target=\"_blank\" rel=\"noopener noreferrer\">aulas_latex_intermediario.pdf<\/a>\u00a0;\u00a0<a href=\"http:\/\/www.professores.uff.br\/jessica\/wp-content\/uploads\/sites\/137\/2017\/09\/aula_latex_interm.pdf\" target=\"_blank\" rel=\"noopener noreferrer\">aula_beamer.pdf<\/a>\u00a0;\u00a0<a href=\"http:\/\/www.professores.uff.br\/jessica\/wp-content\/uploads\/sites\/137\/2017\/09\/aula_sweave.pdf\" target=\"_blank\" rel=\"noopener noreferrer\">aula_sweave.pdf<\/a><\/p>\n<hr \/>\n<p><strong>Modelos Lineares<\/strong><\/p>\n<p>\u00faltima atualiza\u00e7\u00e3o: julho de 2014<\/p>\n<p>Link:\u00a0<a href=\"http:\/\/www.professores.uff.br\/jessica\/wp-content\/uploads\/sites\/137\/2017\/09\/notas_de_aula_modelos_lineares.pdf\" target=\"_blank\" rel=\"noopener noreferrer\">notas_de_aula_modelos_lineares.pdf<\/a><\/p>\n<hr \/>\n<p><strong>Probabilidade III<\/strong><\/p>\n<p>\u00faltima atualiza\u00e7\u00e3o: julho de 2014<\/p>\n<p>Listas de exerc\u00edcios com refer\u00eancia:<\/p>\n<p><a href=\"http:\/\/www.professores.uff.br\/jessica\/wp-content\/uploads\/sites\/137\/2017\/09\/lista_1_prob_3.pdf\" target=\"_blank\" rel=\"noopener noreferrer\">lista_1_prob_3.pdf<\/a>\u00a0;\u00a0<a href=\"http:\/\/www.professores.uff.br\/jessica\/wp-content\/uploads\/sites\/137\/2017\/09\/lista_2_prob_3.pdf\" target=\"_blank\" rel=\"noopener noreferrer\">lista_2_prob_3.pdf<\/a>\u00a0;\u00a0<a href=\"http:\/\/www.professores.uff.br\/jessica\/wp-content\/uploads\/sites\/137\/2017\/09\/lista_3_prob_3.pdf\">lista_3_prob_3.pdf<\/a>\u00a0;<\/p>\n<p><a href=\"http:\/\/www.professores.uff.br\/jessica\/wp-content\/uploads\/sites\/137\/2017\/09\/lista_4_prob_3.pdf\" target=\"_blank\" rel=\"noopener noreferrer\">lista_4_prob_3.pdf<\/a>\u00a0;\u00a0<a href=\"http:\/\/www.professores.uff.br\/jessica\/wp-content\/uploads\/sites\/137\/2017\/09\/lista_5_prob_3.pdf\" target=\"_blank\" rel=\"noopener noreferrer\">lista_5_prob_3.pdf<\/a>\u00a0;\u00a0<a href=\"http:\/\/www.professores.uff.br\/jessica\/wp-content\/uploads\/sites\/137\/2017\/09\/lista_6_prob_3.pdf\" target=\"_blank\" rel=\"noopener noreferrer\">lista_6_prob_3.pdf<\/a>\u00a0;<\/p>\n<p><a href=\"http:\/\/www.professores.uff.br\/jessica\/wp-content\/uploads\/sites\/137\/2017\/09\/lista_7_prob_3.pdf\" target=\"_blank\" rel=\"noopener noreferrer\">lista_7_prob_3.pdf<\/a>\u00a0;\u00a0<a href=\"http:\/\/www.professores.uff.br\/jessica\/wp-content\/uploads\/sites\/137\/2017\/09\/lista_8_prob_3.pdf\" target=\"_blank\" rel=\"noopener noreferrer\">lista_8_prob_3.pdf<\/a>\u00a0;\u00a0<a href=\"http:\/\/www.professores.uff.br\/jessica\/wp-content\/uploads\/sites\/137\/2017\/09\/lista_9_prob_3.pdf\" target=\"_blank\" rel=\"noopener noreferrer\">lista_9_prob_3.pdf<\/a>\u00a0;<\/p>\n<p><a href=\"http:\/\/www.professores.uff.br\/jessica\/wp-content\/uploads\/sites\/137\/2017\/09\/lista_10_prob_3.pdf\" target=\"_blank\" rel=\"noopener noreferrer\">lista_10_prob_3.pdf<\/a>\u00a0;\u00a0<a href=\"http:\/\/www.professores.uff.br\/jessica\/wp-content\/uploads\/sites\/137\/2017\/09\/lista_11_prob_3.pdf\" target=\"_blank\" rel=\"noopener noreferrer\">lista_11_prob_3.pdf<\/a>\u00a0;\u00a0<a href=\"http:\/\/www.professores.uff.br\/jessica\/wp-content\/uploads\/sites\/137\/2017\/09\/lista_12_prob_3.pdf\" target=\"_blank\" rel=\"noopener noreferrer\">lista_12_prob_3.pdf<\/a>\u00a0;<\/p>\n<p><a href=\"http:\/\/www.professores.uff.br\/jessica\/wp-content\/uploads\/sites\/137\/2017\/09\/referencias.pdf\" target=\"_blank\" rel=\"noopener noreferrer\">referencias.pdf<\/a>\u00a0.<\/p>\n<hr \/>\n\n\n<p><\/p>\n","protected":false},"excerpt":{"rendered":"<p>Infer\u00eancia Estat\u00edstica \u00faltima atualiza\u00e7\u00e3o: mar\u00e7o de 2022 tamanho do arquivo: n\u00famero de downloads: Programa\u00e7\u00e3o Estat\u00edstica \u00faltima atualiza\u00e7\u00e3o: 2021 Link:\u00a0https:\/\/bookdown.org\/jessicakubrusly\/programacao-estatistica\/ Probabilidade I \u00faltima atualiza\u00e7\u00e3o: dezembro de 2019 tamanho do arquivo: n\u00famero de downloads: LaTeX B\u00e1sico \u00faltima atualiza\u00e7\u00e3o:\u00a0maio\u00a0de 2018 tamanho do arquivo:\u00a0 n\u00famero de downloads: LaTeX Intermedi\u00e1rio \u00faltima atualiza\u00e7\u00e3o: junho de 2016 Link:\u00a0aulas_latex_intermediario.pdf\u00a0;\u00a0aula_beamer.pdf\u00a0;\u00a0aula_sweave.pdf Modelos Lineares \u00faltima atualiza\u00e7\u00e3o: [&hellip;]<\/p>\n","protected":false},"author":143,"featured_media":0,"parent":0,"menu_order":0,"comment_status":"closed","ping_status":"closed","template":"","meta":{"_exactmetrics_skip_tracking":false,"_exactmetrics_sitenote_active":false,"_exactmetrics_sitenote_note":"","_exactmetrics_sitenote_category":0,"footnotes":""},"categories":[3],"tags":[],"class_list":["post-133","page","type-page","status-publish","hentry","category-materiais"],"_links":{"self":[{"href":"https:\/\/www.professores.uff.br\/jessica\/wp-json\/wp\/v2\/pages\/133","targetHints":{"allow":["GET"]}}],"collection":[{"href":"https:\/\/www.professores.uff.br\/jessica\/wp-json\/wp\/v2\/pages"}],"about":[{"href":"https:\/\/www.professores.uff.br\/jessica\/wp-json\/wp\/v2\/types\/page"}],"author":[{"embeddable":true,"href":"https:\/\/www.professores.uff.br\/jessica\/wp-json\/wp\/v2\/users\/143"}],"replies":[{"embeddable":true,"href":"https:\/\/www.professores.uff.br\/jessica\/wp-json\/wp\/v2\/comments?post=133"}],"version-history":[{"count":23,"href":"https:\/\/www.professores.uff.br\/jessica\/wp-json\/wp\/v2\/pages\/133\/revisions"}],"predecessor-version":[{"id":730,"href":"https:\/\/www.professores.uff.br\/jessica\/wp-json\/wp\/v2\/pages\/133\/revisions\/730"}],"wp:attachment":[{"href":"https:\/\/www.professores.uff.br\/jessica\/wp-json\/wp\/v2\/media?parent=133"}],"wp:term":[{"taxonomy":"category","embeddable":true,"href":"https:\/\/www.professores.uff.br\/jessica\/wp-json\/wp\/v2\/categories?post=133"},{"taxonomy":"post_tag","embeddable":true,"href":"https:\/\/www.professores.uff.br\/jessica\/wp-json\/wp\/v2\/tags?post=133"}],"curies":[{"name":"wp","href":"https:\/\/api.w.org\/{rel}","templated":true}]}}