{"id":68,"date":"2017-10-10T09:41:05","date_gmt":"2017-10-10T12:41:05","guid":{"rendered":"http:\/\/www.professores.uff.br\/jorge\/?page_id=68"},"modified":"2017-10-10T09:45:47","modified_gmt":"2017-10-10T12:45:47","slug":"a-equipe-objetivos","status":"publish","type":"page","link":"https:\/\/www.professores.uff.br\/jorge\/a-equipe-objetivos\/","title":{"rendered":"A EQUIPE + OBJETIVOS"},"content":{"rendered":"<p><img loading=\"lazy\" decoding=\"async\" class=\"alignnone wp-image-27\" src=\"http:\/\/www.professores.uff.br\/jorge\/wp-content\/uploads\/sites\/141\/2017\/10\/Screenshot-4.png\" alt=\"\" width=\"745\" height=\"114\" srcset=\"https:\/\/www.professores.uff.br\/jorge\/wp-content\/uploads\/sites\/141\/2017\/10\/Screenshot-4.png 672w, https:\/\/www.professores.uff.br\/jorge\/wp-content\/uploads\/sites\/141\/2017\/10\/Screenshot-4-300x46.png 300w\" sizes=\"auto, (max-width: 745px) 100vw, 745px\" \/><\/p>\n<p>A equipe de professores\u00a0 do MFE envolvidos no evento foi:<\/p>\n<p>Prof. Jorge Luiz Lima da Silva\u00a0\u00a0\u00a0 (Semiologia e\u00a0\u00a0 Semiot\u00e9cnica II)<br \/>\nProf \u00aa Maria Esther de Souza Saramago (Semiologia e\u00a0\u00a0 Semiot\u00e9cnica I)<br \/>\nProf \u00aa Rosa Elena Rodrigues Leit\u00e3o\u00a0 (Administra\u00e7\u00e3o em rede hospitalar)<br \/>\nProf \u00aa Suely Lopes de Azevedo(Semiologia e\u00a0\u00a0 Semiot\u00e9cnica I)<br \/>\nProf \u00aa Simone Cruz Machado (Semiologia e\u00a0\u00a0 Semiot\u00e9cnica II)<br \/>\nProf \u00aa Ver\u00f4nica Pinheiro (Semiologia e\u00a0\u00a0 Semiot\u00e9cnica I)<br \/>\nProf \u00aa Vera Maria Sab\u00f3ia\u00a0 (Semiologia e\u00a0\u00a0 Semiot\u00e9cnica I)<\/p>\n<p><strong>\u00a0\u00a0\u00a0\u00a0\u00a0\u00a0 Os principais objetivos foram:<\/strong><\/p>\n<p>1 Verificar a press\u00e3o arterial e realizar teste de glicemia\u00a0 da demanda espont\u00e2nea;<\/p>\n<p>2 Esclarecer a popula\u00e7\u00e3o sobre a import\u00e2ncia da preven\u00e7\u00e3o e controle da hipertens\u00e3o arterial e do diabetes, bem como informa\u00e7\u00f5es gerais sobre as patologias em quest\u00e3o;<\/p>\n<p>3 Fornecer informa\u00e7\u00f5es a popula\u00e7\u00e3o sobre as complica\u00e7\u00f5es trazidas \u00e0 sa\u00fade trazidas pelo consumo do tabaco;<\/p>\n<p>4 Envolver os alunos do Curso de Gradua\u00e7\u00e3o em Enfermagem com atividades de educa\u00e7\u00e3o em sa\u00fade;<\/p>\n<p>5 Integrar universidade \/ comunidade.<\/p>\n","protected":false},"excerpt":{"rendered":"<p>A equipe de professores\u00a0 do MFE envolvidos no evento foi: Prof. Jorge Luiz Lima da Silva\u00a0\u00a0\u00a0 (Semiologia e\u00a0\u00a0 Semiot\u00e9cnica II) Prof \u00aa Maria Esther de Souza Saramago (Semiologia e\u00a0\u00a0 Semiot\u00e9cnica I) Prof \u00aa Rosa Elena Rodrigues Leit\u00e3o\u00a0 (Administra\u00e7\u00e3o em rede hospitalar) Prof \u00aa Suely Lopes de Azevedo(Semiologia e\u00a0\u00a0 Semiot\u00e9cnica I) Prof \u00aa Simone Cruz Machado [&hellip;]<\/p>\n","protected":false},"author":22,"featured_media":0,"parent":0,"menu_order":0,"comment_status":"closed","ping_status":"closed","template":"","meta":{"_exactmetrics_skip_tracking":false,"_exactmetrics_sitenote_active":false,"_exactmetrics_sitenote_note":"","_exactmetrics_sitenote_category":0,"footnotes":""},"categories":[2],"tags":[],"class_list":["post-68","page","type-page","status-publish","hentry","category-entrar-niteroi"],"_links":{"self":[{"href":"https:\/\/www.professores.uff.br\/jorge\/wp-json\/wp\/v2\/pages\/68","targetHints":{"allow":["GET"]}}],"collection":[{"href":"https:\/\/www.professores.uff.br\/jorge\/wp-json\/wp\/v2\/pages"}],"about":[{"href":"https:\/\/www.professores.uff.br\/jorge\/wp-json\/wp\/v2\/types\/page"}],"author":[{"embeddable":true,"href":"https:\/\/www.professores.uff.br\/jorge\/wp-json\/wp\/v2\/users\/22"}],"replies":[{"embeddable":true,"href":"https:\/\/www.professores.uff.br\/jorge\/wp-json\/wp\/v2\/comments?post=68"}],"version-history":[{"count":2,"href":"https:\/\/www.professores.uff.br\/jorge\/wp-json\/wp\/v2\/pages\/68\/revisions"}],"predecessor-version":[{"id":71,"href":"https:\/\/www.professores.uff.br\/jorge\/wp-json\/wp\/v2\/pages\/68\/revisions\/71"}],"wp:attachment":[{"href":"https:\/\/www.professores.uff.br\/jorge\/wp-json\/wp\/v2\/media?parent=68"}],"wp:term":[{"taxonomy":"category","embeddable":true,"href":"https:\/\/www.professores.uff.br\/jorge\/wp-json\/wp\/v2\/categories?post=68"},{"taxonomy":"post_tag","embeddable":true,"href":"https:\/\/www.professores.uff.br\/jorge\/wp-json\/wp\/v2\/tags?post=68"}],"curies":[{"name":"wp","href":"https:\/\/api.w.org\/{rel}","templated":true}]}}