{"id":177,"date":"2018-04-05T20:34:57","date_gmt":"2018-04-05T23:34:57","guid":{"rendered":"http:\/\/www.professores.uff.br\/juanpardal\/?page_id=177"},"modified":"2020-03-26T19:09:49","modified_gmt":"2020-03-26T22:09:49","slug":"principal","status":"publish","type":"page","link":"https:\/\/www.professores.uff.br\/juanpardal\/principal\/","title":{"rendered":"Principal"},"content":{"rendered":"<h4 style=\"text-align: center\"><em><strong>\r\n\t<div class=\"slideshow_container slideshow_container_style-light\" style=\" \" data-slideshow-id=\"189\" data-style-name=\"style-light\" data-style-version=\"2.3.1\" >\r\n\r\n\t\t\t\t\t<div class=\"slideshow_loading_icon\"><\/div>\r\n\t\t\r\n\t\t<div class=\"slideshow_content\" style=\"display: none;\">\r\n\r\n\t\t\t<div class=\"slideshow_view\">\r\n\t\t\t\t<div class=\"slideshow_slide slideshow_slide_image\">\r\n\t\t\t\t\t\t\t\t\t\t\t<img src=\"https:\/\/www.professores.uff.br\/juanpardal\/wp-content\/uploads\/sites\/177\/2018\/04\/DSC06017.jpg\" alt=\"DSC06017\" width=\"640\" height=\"480\" \/>\r\n\t\t\t\t\t\t\t\t\t\t<div class=\"slideshow_description_box slideshow_transparent\">\r\n\t\t\t\t\t\t\t\t\t\t\t\t\t\t\t\t\t<\/div>\r\n\t\t\t\t<\/div>\r\n\r\n\t\t\t\t\t\t<div style=\"clear: both;\"><\/div><\/div><div class=\"slideshow_view\">\r\n\t\t\t\t<div class=\"slideshow_slide slideshow_slide_image\">\r\n\t\t\t\t\t\t\t\t\t\t\t<img src=\"https:\/\/www.professores.uff.br\/juanpardal\/wp-content\/uploads\/sites\/177\/2018\/04\/DSC05946.jpg\" alt=\"DSC05946\" width=\"640\" height=\"480\" \/>\r\n\t\t\t\t\t\t\t\t\t\t<div class=\"slideshow_description_box slideshow_transparent\">\r\n\t\t\t\t\t\t\t\t\t\t\t\t\t\t\t\t\t<\/div>\r\n\t\t\t\t<\/div>\r\n\r\n\t\t\t\t\t\t<div style=\"clear: both;\"><\/div><\/div><div class=\"slideshow_view\">\r\n\t\t\t\t<div class=\"slideshow_slide slideshow_slide_image\">\r\n\t\t\t\t\t\t\t\t\t\t\t<img src=\"https:\/\/www.professores.uff.br\/juanpardal\/wp-content\/uploads\/sites\/177\/2018\/04\/Recortada.jpg\" alt=\"Recortada\" width=\"2596\" height=\"1844\" \/>\r\n\t\t\t\t\t\t\t\t\t\t<div class=\"slideshow_description_box slideshow_transparent\">\r\n\t\t\t\t\t\t\t\t\t\t\t\t\t\t\t\t\t<\/div>\r\n\t\t\t\t<\/div>\r\n\r\n\t\t\t\t\t\t<div style=\"clear: both;\"><\/div><\/div><div class=\"slideshow_view\">\r\n\t\t\t\t<div class=\"slideshow_slide slideshow_slide_image\">\r\n\t\t\t\t\t\t\t\t\t\t\t<img src=\"https:\/\/www.professores.uff.br\/juanpardal\/wp-content\/uploads\/sites\/177\/2018\/04\/DSC01301.jpg\" alt=\"DSC01301\" width=\"2592\" height=\"1944\" \/>\r\n\t\t\t\t\t\t\t\t\t\t<div class=\"slideshow_description_box slideshow_transparent\">\r\n\t\t\t\t\t\t\t\t\t\t\t\t\t\t\t\t\t<\/div>\r\n\t\t\t\t<\/div>\r\n\r\n\t\t\t\t\t\t<div style=\"clear: both;\"><\/div><\/div><div class=\"slideshow_view\">\r\n\t\t\t\t<div class=\"slideshow_slide slideshow_slide_image\">\r\n\t\t\t\t\t\t\t\t\t\t\t<img src=\"https:\/\/www.professores.uff.br\/juanpardal\/wp-content\/uploads\/sites\/177\/2018\/04\/DSC04069.jpg\" alt=\"DSC04069\" width=\"2304\" height=\"1728\" \/>\r\n\t\t\t\t\t\t\t\t\t\t<div class=\"slideshow_description_box slideshow_transparent\">\r\n\t\t\t\t\t\t\t\t\t\t\t\t\t\t\t\t\t<\/div>\r\n\t\t\t\t<\/div>\r\n\r\n\t\t\t\t\t\t<div style=\"clear: both;\"><\/div><\/div><div class=\"slideshow_view\">\r\n\t\t\t\t<div class=\"slideshow_slide slideshow_slide_image\">\r\n\t\t\t\t\t\t\t\t\t\t\t<img src=\"https:\/\/www.professores.uff.br\/juanpardal\/wp-content\/uploads\/sites\/177\/2018\/04\/DSC04062.jpg\" alt=\"DSC04062\" width=\"2304\" height=\"1728\" \/>\r\n\t\t\t\t\t\t\t\t\t\t<div class=\"slideshow_description_box slideshow_transparent\">\r\n\t\t\t\t\t\t\t\t\t\t\t\t\t\t\t\t\t<\/div>\r\n\t\t\t\t<\/div>\r\n\r\n\t\t\t\t\t\t<div style=\"clear: both;\"><\/div><\/div>\r\n\t\t<\/div>\r\n\r\n\t\t<div class=\"slideshow_controlPanel slideshow_transparent\" style=\"display: none;\"><ul><li class=\"slideshow_togglePlay\" data-play-text=\"Acionar\" data-pause-text=\"Pausar\"><\/li><\/ul><\/div>\r\n\r\n\t\t<div class=\"slideshow_button slideshow_previous slideshow_transparent\" role=\"button\" data-previous-text=\"Anterior\" style=\"display: none;\"><\/div>\r\n\t\t<div class=\"slideshow_button slideshow_next slideshow_transparent\" role=\"button\" data-next-text=\"Pr\u00f3ximo\" style=\"display: none;\"><\/div>\r\n\r\n\t\t<div class=\"slideshow_pagination\" style=\"display: none;\" data-go-to-text=\"Ir para o slide\"><div class=\"slideshow_pagination_center\"><\/div><\/div>\r\n\r\n\t\t<!-- WordPress Slideshow Version 2.3.1 -->\r\n\r\n\t\t\t<\/div>\r\n\r\n<\/strong><\/em><\/h4>\n<h4 style=\"text-align: center\"><em><strong>Possui gradua\u00e7\u00e3o em Engenharia Mec\u00e2nica &#8211; Universidad Tecnol\u00f3gica Nacional da Argentina (2002), mestrado em Engenharia Mec\u00e2nica pela Universidade Federal Fluminense (2004) e Doutorado em Engenharia Mec\u00e2nica pela Universidade Federal Fluminense (2009). Atualmente \u00e9 Professor Associado I da UFF &#8211; Universidade Federal Fluminense, atuando no Departamento, no Programa de P\u00f3s-Gradua\u00e7\u00e3o em Engenharia Mec\u00e2nica e no Mestrado Profissional em Montagem Industrial, assim como no Programa de P\u00f3s-Gradua\u00e7\u00e3o em Engenharia Mec\u00e2nica e Tecnologia de Materiais do CEFET-RJ. Atualmente exerce atividades de coordena\u00e7\u00e3o dos Laborat\u00f3rios de Ensaios N\u00e3o Destrutivos (LENDE), Montagem Industrial e Soldagem (LAMIS) e de Ensaios Mec\u00e2nicos (LEM) da UFF. Tem experi\u00eancia na \u00e1rea de Engenharia de Materiais e Metal\u00fargica, com \u00eanfase na soldagem e caracteriza\u00e7\u00e3o de metais e ligas, atuando principalmente nos seguintes temas: a\u00e7os inoxid\u00e1veis duplex, a\u00e7os maraging, propriedades mec\u00e2nicas, resist\u00eancia \u00e0 corros\u00e3o de ligas, propriedades magn\u00e9ticas e modelagem em ligas endurec\u00edveis por precipita\u00e7\u00e3o.<\/strong><\/em><\/h4>\n","protected":false},"excerpt":{"rendered":"<p>Possui gradua\u00e7\u00e3o em Engenharia Mec\u00e2nica &#8211; Universidad Tecnol\u00f3gica Nacional da Argentina (2002), mestrado em Engenharia Mec\u00e2nica pela Universidade Federal Fluminense (2004) e Doutorado em Engenharia Mec\u00e2nica pela Universidade Federal Fluminense (2009). Atualmente \u00e9 Professor Associado I da UFF &#8211; Universidade Federal Fluminense, atuando no Departamento, no Programa de P\u00f3s-Gradua\u00e7\u00e3o em Engenharia Mec\u00e2nica e no Mestrado [&hellip;]<\/p>\n","protected":false},"author":188,"featured_media":0,"parent":0,"menu_order":0,"comment_status":"closed","ping_status":"closed","template":"","meta":{"_exactmetrics_skip_tracking":false,"_exactmetrics_sitenote_active":false,"_exactmetrics_sitenote_note":"","_exactmetrics_sitenote_category":0,"footnotes":""},"categories":[],"tags":[],"class_list":["post-177","page","type-page","status-publish","hentry"],"_links":{"self":[{"href":"https:\/\/www.professores.uff.br\/juanpardal\/wp-json\/wp\/v2\/pages\/177","targetHints":{"allow":["GET"]}}],"collection":[{"href":"https:\/\/www.professores.uff.br\/juanpardal\/wp-json\/wp\/v2\/pages"}],"about":[{"href":"https:\/\/www.professores.uff.br\/juanpardal\/wp-json\/wp\/v2\/types\/page"}],"author":[{"embeddable":true,"href":"https:\/\/www.professores.uff.br\/juanpardal\/wp-json\/wp\/v2\/users\/188"}],"replies":[{"embeddable":true,"href":"https:\/\/www.professores.uff.br\/juanpardal\/wp-json\/wp\/v2\/comments?post=177"}],"version-history":[{"count":15,"href":"https:\/\/www.professores.uff.br\/juanpardal\/wp-json\/wp\/v2\/pages\/177\/revisions"}],"predecessor-version":[{"id":1014,"href":"https:\/\/www.professores.uff.br\/juanpardal\/wp-json\/wp\/v2\/pages\/177\/revisions\/1014"}],"wp:attachment":[{"href":"https:\/\/www.professores.uff.br\/juanpardal\/wp-json\/wp\/v2\/media?parent=177"}],"wp:term":[{"taxonomy":"category","embeddable":true,"href":"https:\/\/www.professores.uff.br\/juanpardal\/wp-json\/wp\/v2\/categories?post=177"},{"taxonomy":"post_tag","embeddable":true,"href":"https:\/\/www.professores.uff.br\/juanpardal\/wp-json\/wp\/v2\/tags?post=177"}],"curies":[{"name":"wp","href":"https:\/\/api.w.org\/{rel}","templated":true}]}}