{"id":274,"date":"2018-04-06T16:38:22","date_gmt":"2018-04-06T19:38:22","guid":{"rendered":"http:\/\/www.professores.uff.br\/juanpardal\/?page_id=274"},"modified":"2020-06-22T10:43:51","modified_gmt":"2020-06-22T13:43:51","slug":"publicacoes-recentes","status":"publish","type":"page","link":"https:\/\/www.professores.uff.br\/juanpardal\/publicacoes-recentes\/","title":{"rendered":"Publica\u00e7\u00f5es Recentes"},"content":{"rendered":"<div class=\"artigo-completo\">\n<div class=\"layout-cell layout-cell-1 text-align-right\"><\/div>\n<div class=\"cita-artigos\"><\/div>\n<p><strong>Artigos completos publicados em peri\u00f3dicos<\/strong><\/p>\n<ol>\n<li>NORIS, LEOSDAN FIGUEREDO ; PADOVESE, LINILSON RODRIGUES ; TAVARES, S\u00c9RGIO SOUTO MAIOR ;\u00a0PARDAL, JUAN MANUEL\u00a0. Continuous Scanning Technique with Barkhausen Magnetic Noise for Carbon Steel Sheets. MATERIALS RESEARCH, v. 22, p. 1-12, 2019.<\/li>\n<\/ol>\n<ol start=\"2\">\n<li>TAVARES, S.S.M.\u00a0;\u00a0PARDAL, J.M.\u00a0; ALMEIDA, B.B. ; MENDES, M.T. ; FREIRE, J.L.F. ; VIDAL, A.C. . Failure of superduplex stainless steel flange due to inadequate microstructure and fabrication process. ENGINEERING FAILURE ANALYSIS, v. 84, p. 1-10, 2018.<\/li>\n<\/ol>\n<ol start=\"3\">\n<li>TAVARES, S.S.M.\u00a0; ALMEIDA, B.B. ; CORR\u00caA, D.A.L. ;\u00a0PARDAL, J.M.\u00a0. Failure of super 13Cr stainless steel due to excessive hardness in the welded joint. ENGINEERING FAILURE ANALYSIS, v. 91, p. 92-98, 2018.<\/li>\n<\/ol>\n<ol start=\"4\">\n<li>SILVA, VITOR MANOEL A. ; CAMERINI, CESAR G. ;\u00a0PARDAL, JUAN MANUEL\u00a0; BL\u00c1S, JUAN CARLOS G. DE ; PEREIRA, GABRIELA R. . Eddy current characterization of cold-worked AISI 321 stainless steel. Journal of Materials Research and Technology-JMR&amp;T, v. 7, p. 395-401, 2018.<\/li>\n<\/ol>\n<ol start=\"5\">\n<li>PEREIRA, ANDRE ; COSTA, MARCIO ; ANFLOR, CARLA ;\u00a0PARDAL, JUAN\u00a0; LEIDERMAN, RICARDO . Estimating the Effective Elastic Parameters of Nodular Cast Iron from Micro-Tomographic Imaging and Multiscale Finite Elements: Comparison between Numerical and Experimental Results. Metals, v. 8, p. 695, 2018.<\/li>\n<\/ol>\n<ol start=\"6\">\n<li>FERREIRA, MIGUEL LUIZ RIBEIRO ; SILVA, CLAUDIO ALBERTO FORTES DA ;\u00a0PARDAL, JUAN MANUEL\u00a0; TAVARES, S\u00c9RGIO SOUTO MAIOR . Influ\u00eancia dos Gases de Prote\u00e7\u00e3o na Soldagem do A\u00e7o UNS S31803 com Arame E2209-T1\/4 pelo Processo FCAW. REVISTA SOLDAGEM E INSPE\u00c7\u00c3O, v. 23, p. 309-325, 2018.<\/li>\n<\/ol>\n<ol start=\"7\">\n<li>PEREIRA, R. G.\u00a0; MORAES, J. O. C. ;\u00a0PARDAL, J. M.\u00a0. The Influence of Soybean Biodiesel and Diesel on Corrosion of SAE 1020 Carbon Steel. Revista Ibero-americana de Ci\u00eancias Ambientais, v. 9, p. 1-15, 2018.<\/li>\n<\/ol>\n<ol start=\"8\">\n<li style=\"text-align: left\">MOEBUS, F. ;\u00a0PARDAL, J.M.\u00a0; DOS SANTOS, C.A. ;\u00a0TAVARES, S.S.M.\u00a0; LOUZADA, P.A. ;\u00a0BARBOSA, C.\u00a0; DOS SANTOS, D.S. . Failure analysis in high pressure thermoplastic hose fittings submitted to cold forming by swaging process. Engineering Failure Analysis, v. 74, p. 150-158, 2017.<\/li>\n<\/ol>\n<ol start=\"9\">\n<li>Tavares, S. S. M.\u00a0;\u00a0PARDAL, J. M.\u00a0; MARTINS, T. R. B. ;\u00a0DA SILVA, M. R.\u00a0. Influence of Sulfur Content on the Corrosion Resistance of 17-4PH Stainless Steel. Journal of Materials Engineering and Performance, v. 26, p. 2512-2519, 2017.<\/li>\n<\/ol>\n<ol start=\"10\">\n<li>MASOUMI, MOHAMMAD ; TAVARES, S\u00c9RGIO SOUTO MAIOR ;\u00a0PARDAL, JUAN MANUEL\u00a0; MARTINS, TABATTA REGIHNA BRITO ; GOMES DA SILVA, MARCELO JOS\u00c9 ; DE ABREU, HAMILTON FERREIRA GOMES . The role of microstructure and grain orientations on intergranular cracking susceptibility of UNS 17400 martensitic stainless steel. ENGINEERING FAILURE ANALYSIS, v. 79, p. 198-207, 2017.<\/li>\n<\/ol>\n<ol start=\"11\">\n<li>TAVARES, S.S.M.\u00a0; SILVA, M.R. ;\u00a0PARDAL, J.M.\u00a0; SILVA, M.B. ; DE MACEDO, M.C.S. . Influence of heat treatments on the sensitization of a supermartensitic stainless steel. CI\u00caNCIA E TECNOLOGIA DOS MATERIAIS, v. 29, p. e1-e8, 2017.<\/li>\n<\/ol>\n<ol start=\"12\">\n<li>TAVARES, S.S.M.\u00a0;\u00a0PARDAL, J.M.\u00a0; MARTINS, T. R. B. ;\u00a0SCHMITT, V. M.\u00a0; SZLEJF, J. F. V. . Influence of Austenitizing on the Mechanical Properties of Maraging 300 and SAE 4340 Steels &#8211; Comparative Study. Materials Research-Ibero-american Journal of Materials, v. 20, p. 1-8, 2017.<\/li>\n<\/ol>\n<ol start=\"13\">\n<li>MATIAS, JO\u00c3O VITOR SILVA ;\u00a0TAVARES, S.S.M.\u00a0;\u00a0PARDAL, J.M.\u00a0; RIBEIRO, R. S. A. . Embrittlement and Corrosion Decay of a Cast Duplex Stainless Steel. Materials Research-Ibero-american Journal of Materials, v. 20, p. 279-283, 2017.<\/li>\n<\/ol>\n<ol start=\"14\">\n<li>ALVAREZ, T. R.\u00a0;\u00a0PARDAL, J.M.\u00a0; ALMEIDA, B. B. ; LOUZADA, P. A. ;\u00a0TAVARES, S.S.M.\u00a0;\u00a0PONZIO, E. A.\u00a0; MACEDO, M. C. . Nondestructive Microstructural Characterization of Superduplex Stainless Steel by Double Loop Electrochemical Polarization Reactivation Portable Test. Materials Research-Ibero-american Journal of Materials, v. 20, p. 440-446, 2017.<\/li>\n<\/ol>\n<ol start=\"15\">\n<li>FARNEZE, H.N. ;\u00a0TAVARES, S.S.M.\u00a0;\u00a0PARDAL, J.M.\u00a0;\u00a0BARBOSA, C.\u00a0; PEREIRA, O.C. ; CUNHA, R. P. C. . Effects of Aging at 450\u00b0C on the Pitting Corrosion Resistance and Toughness of AISI 317L Steel Welded by GTAW and FSW. Materials Research-Ibero-american Journal of Materials, v. 20, p. 621-629, 2017.<\/li>\n<\/ol>\n<ol start=\"16\">\n<li>FARNEZE, H. N.\u00a0;\u00a0TAVARES, S.S.M.\u00a0;\u00a0PARDAL, J.M.\u00a0; CUNHA, R. P. C. ; VINHOSA, R. A. ; RANGEL, F. L. C. . Microstructural and Fractographic Analysis of AISI 317L Steel Thermally Aged at 450\u00b0C. Acta Microscopica, v. 26, p. 47-48, 2017.<\/li>\n<\/ol>\n<ol start=\"17\">\n<li>ALVAREZ, TATIANA RESENDE ; PAVARINO, MARJORIE ROSEMBACK CORREIA ; DE SOUZA, GUTTEMBERG CHAGAS ;\u00a0PARDAL, JUAN MANUEL\u00a0; TAVARES, S\u00c9RGIO SOUTO MAIOR ; FERREIRA, MIGUEL LUIZ RIBEIRO ; FILHO, ISMAEL CARDOTE . Influence of interpass temperature on the properties of duplex stainless steel during welding by submerged arc welding process. Welding International (Online), v. 30, p. 348-358, 2016.<\/li>\n<\/ol>\n<ol start=\"18\">\n<li>PARDAL, J. M.;\u00a0DA SILVA, M. R.\u00a0; BASTOS, I. N. ; DE MAC\u00caDO, M. C. S. ;\u00a0Tavares, S. S. M.\u00a0. Influence of tempering treatment on microstructure and pitting corrosion resistance of a new super ferritic-martensitic-austenitic stainless steels with 17%Cr. Corrosion Engineering, Science and Technology, v. 51, p. 160122020815008, 2016.<\/li>\n<\/ol>\n<ol start=\"19\">\n<li>TAVARES, S.S.M.\u00a0;\u00a0PARDAL, J.M.\u00a0; DE SOUZA, J.A. ; PEREIRA, O.C. ; LUZ, T.S. . Failure of alloy steel socket-head cap screws used in offshore oil production. Engineering Failure Analysis, v. 70, p. 16-21, 2016.<\/li>\n<\/ol>\n<ol start=\"20\">\n<li>MAINIER, F.B. ;\u00a0PARDAL, J.M.\u00a0; LEITE, P. P. B. ; REIS, M. F. . Passivation of the Zinc Anode of a Crude Oil Vertical Separator Resulting in Corrosion. Journal of Materials Science and Engineering (A&amp;B), v. 6, p. 63, 2016.<\/li>\n<\/ol>\n<\/div>\n<div class=\"artigo-completo\"><\/div>\n<p style=\"text-align: center\"><strong>Para mais informa\u00e7\u00f5es acessar\u00a0<\/strong><\/p>\n<p style=\"text-align: center\"><a href=\"http:\/\/lattes.cnpq.br\/3583921436364162\" target=\"_blank\" rel=\"noopener noreferrer\"><img loading=\"lazy\" decoding=\"async\" class=\"wp-image-821 size-full alignleft\" src=\"http:\/\/www.professores.uff.br\/juanpardal\/wp-content\/uploads\/sites\/177\/2018\/05\/titulo-sistema.png\" alt=\"\" width=\"152\" height=\"25\" srcset=\"https:\/\/www.professores.uff.br\/juanpardal\/wp-content\/uploads\/sites\/177\/2018\/05\/titulo-sistema.png 152w, https:\/\/www.professores.uff.br\/juanpardal\/wp-content\/uploads\/sites\/177\/2018\/05\/titulo-sistema-150x25.png 150w\" sizes=\"auto, (max-width: 152px) 100vw, 152px\" \/><\/a><\/p>\n<p style=\"text-align: center\"><a href=\"https:\/\/www.researchgate.net\/profile\/Juan_Pardal\" target=\"_blank\" rel=\"noopener noreferrer\"><img loading=\"lazy\" decoding=\"async\" class=\"wp-image-876 alignleft\" src=\"http:\/\/www.professores.uff.br\/juanpardal\/wp-content\/uploads\/sites\/177\/2019\/03\/download.png\" alt=\"\" width=\"90\" height=\"90\" srcset=\"https:\/\/www.professores.uff.br\/juanpardal\/wp-content\/uploads\/sites\/177\/2019\/03\/download.png 151w, https:\/\/www.professores.uff.br\/juanpardal\/wp-content\/uploads\/sites\/177\/2019\/03\/download-150x150.png 150w\" sizes=\"auto, (max-width: 90px) 100vw, 90px\" \/><\/a><\/p>\n<div style=\"text-align: center\"><a style=\"vertical-align: top\" href=\"https:\/\/orcid.org\/0000-0001-9625-4547\" target=\"orcid.widget\" rel=\"me noopener noreferrer\"><img decoding=\"async\" style=\"width: 1em;margin-right: .5em\" src=\"https:\/\/orcid.org\/sites\/default\/files\/images\/orcid_16x16.png\" alt=\"ORCID iD icon\" \/>https:\/\/orcid.org\/0000-0001-9625-4547<\/a><\/div>\n","protected":false},"excerpt":{"rendered":"<p>Artigos completos publicados em peri\u00f3dicos NORIS, LEOSDAN FIGUEREDO ; PADOVESE, LINILSON RODRIGUES ; TAVARES, S\u00c9RGIO SOUTO MAIOR ;\u00a0PARDAL, JUAN MANUEL\u00a0. Continuous Scanning Technique with Barkhausen Magnetic Noise for Carbon Steel Sheets. MATERIALS RESEARCH, v. 22, p. 1-12, 2019. TAVARES, S.S.M.\u00a0;\u00a0PARDAL, J.M.\u00a0; ALMEIDA, B.B. ; MENDES, M.T. ; FREIRE, J.L.F. ; VIDAL, A.C. . Failure of [&hellip;]<\/p>\n","protected":false},"author":188,"featured_media":0,"parent":0,"menu_order":0,"comment_status":"closed","ping_status":"closed","template":"","meta":{"_exactmetrics_skip_tracking":false,"_exactmetrics_sitenote_active":false,"_exactmetrics_sitenote_note":"","_exactmetrics_sitenote_category":0,"footnotes":""},"categories":[],"tags":[],"class_list":["post-274","page","type-page","status-publish","hentry"],"_links":{"self":[{"href":"https:\/\/www.professores.uff.br\/juanpardal\/wp-json\/wp\/v2\/pages\/274","targetHints":{"allow":["GET"]}}],"collection":[{"href":"https:\/\/www.professores.uff.br\/juanpardal\/wp-json\/wp\/v2\/pages"}],"about":[{"href":"https:\/\/www.professores.uff.br\/juanpardal\/wp-json\/wp\/v2\/types\/page"}],"author":[{"embeddable":true,"href":"https:\/\/www.professores.uff.br\/juanpardal\/wp-json\/wp\/v2\/users\/188"}],"replies":[{"embeddable":true,"href":"https:\/\/www.professores.uff.br\/juanpardal\/wp-json\/wp\/v2\/comments?post=274"}],"version-history":[{"count":16,"href":"https:\/\/www.professores.uff.br\/juanpardal\/wp-json\/wp\/v2\/pages\/274\/revisions"}],"predecessor-version":[{"id":889,"href":"https:\/\/www.professores.uff.br\/juanpardal\/wp-json\/wp\/v2\/pages\/274\/revisions\/889"}],"wp:attachment":[{"href":"https:\/\/www.professores.uff.br\/juanpardal\/wp-json\/wp\/v2\/media?parent=274"}],"wp:term":[{"taxonomy":"category","embeddable":true,"href":"https:\/\/www.professores.uff.br\/juanpardal\/wp-json\/wp\/v2\/categories?post=274"},{"taxonomy":"post_tag","embeddable":true,"href":"https:\/\/www.professores.uff.br\/juanpardal\/wp-json\/wp\/v2\/tags?post=274"}],"curies":[{"name":"wp","href":"https:\/\/api.w.org\/{rel}","templated":true}]}}