{"id":368,"date":"2018-04-08T01:39:28","date_gmt":"2018-04-08T04:39:28","guid":{"rendered":"http:\/\/www.professores.uff.br\/juanpardal\/?page_id=368"},"modified":"2018-05-10T12:24:40","modified_gmt":"2018-05-10T15:24:40","slug":"area-restrita","status":"publish","type":"page","link":"https:\/\/www.professores.uff.br\/juanpardal\/area-restrita\/","title":{"rendered":"\u00c1rea Restrita"},"content":{"rendered":"<p style=\"text-align: center\">Este entorno \u00e9 destinado aos alunos e orientados de modo verificar o seu comparecimento em sala de aula, quadro de notas e verifica\u00e7\u00f5es de aprendizado, assim como auxiliar no processo de aprendizado com material did\u00e1tico adicional de diversas fontes de consulta. Al\u00e9m disso \u00e9 poss\u00edvel efetuar cadastros em visitas t\u00e9cnicas a serem realizadas ao longo do per\u00edodo. Por fim, uma agenda com reuni\u00f5es peri\u00f3dicas com cada orientado\u00a0\u00e9 lan\u00e7ada no sistema com o intuito de maximizar a intera\u00e7\u00e3o entre as partes.<\/p>\n","protected":false},"excerpt":{"rendered":"<p>Este entorno \u00e9 destinado aos alunos e orientados de modo verificar o seu comparecimento em sala de aula, quadro de notas e verifica\u00e7\u00f5es de aprendizado, assim como auxiliar no processo de aprendizado com material did\u00e1tico adicional de diversas fontes de consulta. Al\u00e9m disso \u00e9 poss\u00edvel efetuar cadastros em visitas t\u00e9cnicas a serem realizadas ao longo [&hellip;]<\/p>\n","protected":false},"author":188,"featured_media":0,"parent":0,"menu_order":0,"comment_status":"closed","ping_status":"closed","template":"","meta":{"_exactmetrics_skip_tracking":false,"_exactmetrics_sitenote_active":false,"_exactmetrics_sitenote_note":"","_exactmetrics_sitenote_category":0,"footnotes":""},"categories":[],"tags":[],"class_list":["post-368","page","type-page","status-publish","hentry"],"_links":{"self":[{"href":"https:\/\/www.professores.uff.br\/juanpardal\/wp-json\/wp\/v2\/pages\/368","targetHints":{"allow":["GET"]}}],"collection":[{"href":"https:\/\/www.professores.uff.br\/juanpardal\/wp-json\/wp\/v2\/pages"}],"about":[{"href":"https:\/\/www.professores.uff.br\/juanpardal\/wp-json\/wp\/v2\/types\/page"}],"author":[{"embeddable":true,"href":"https:\/\/www.professores.uff.br\/juanpardal\/wp-json\/wp\/v2\/users\/188"}],"replies":[{"embeddable":true,"href":"https:\/\/www.professores.uff.br\/juanpardal\/wp-json\/wp\/v2\/comments?post=368"}],"version-history":[{"count":4,"href":"https:\/\/www.professores.uff.br\/juanpardal\/wp-json\/wp\/v2\/pages\/368\/revisions"}],"predecessor-version":[{"id":759,"href":"https:\/\/www.professores.uff.br\/juanpardal\/wp-json\/wp\/v2\/pages\/368\/revisions\/759"}],"wp:attachment":[{"href":"https:\/\/www.professores.uff.br\/juanpardal\/wp-json\/wp\/v2\/media?parent=368"}],"wp:term":[{"taxonomy":"category","embeddable":true,"href":"https:\/\/www.professores.uff.br\/juanpardal\/wp-json\/wp\/v2\/categories?post=368"},{"taxonomy":"post_tag","embeddable":true,"href":"https:\/\/www.professores.uff.br\/juanpardal\/wp-json\/wp\/v2\/tags?post=368"}],"curies":[{"name":"wp","href":"https:\/\/api.w.org\/{rel}","templated":true}]}}