{"id":48,"date":"2018-04-05T15:59:42","date_gmt":"2018-04-05T18:59:42","guid":{"rendered":"http:\/\/www.professores.uff.br\/juanpardal\/?page_id=48"},"modified":"2018-05-10T12:32:43","modified_gmt":"2018-05-10T15:32:43","slug":"fundicao-e-sinterizacao","status":"publish","type":"page","link":"https:\/\/www.professores.uff.br\/juanpardal\/disciplinas\/graduacao\/fundicao-e-sinterizacao\/","title":{"rendered":"Fundi\u00e7\u00e3o e Sinteriza\u00e7\u00e3o"},"content":{"rendered":"<p><strong>Objetivos:<\/strong><\/p>\n<ul>\n<li>Proporcionar ao aluno o conhecimento da teoria da solidifica\u00e7\u00e3o dos metais e ligas met\u00e1licas, dos processos de moldagem e fundi\u00e7\u00e3o convencionais e recentes.<\/li>\n<li>Fornecer conceitos na \u00e1rea de qualidade dos produtos fundidos.<\/li>\n<li>Proporcionar ao aluno conhecimento das t\u00e9cnicas usadas na obten\u00e7\u00e3o de p\u00f3s met\u00e1licos, dos processos de mistura e de compacta\u00e7\u00e3o dos p\u00f3s e dos tratamentos t\u00e9rmicos de sinteriza\u00e7\u00e3o na obten\u00e7\u00e3o de pe\u00e7as por metalurgia do p\u00f3.<\/li>\n<li>Ao final do curso o aluno dever\u00e1 conhecer as vantagens e desvantagens de um processo em rela\u00e7\u00e3o ao outro, bem como as propriedades e caracter\u00edsticas dos produtos obtidos por fundi\u00e7\u00e3o e por metalurgia do p\u00f3.<\/li>\n<\/ul>\n<p><strong>T\u00f3picos:<\/strong><\/p>\n<ul>\n<li>Solidifica\u00e7\u00e3o de metais e ligas. Forma\u00e7\u00e3o e controle de estrutura de fundidos. Processos de fundi\u00e7\u00e3o: Areia, Shell molding, Cera perdida, Molde permanente. Novos processos de fundi\u00e7\u00e3o. Defeitos de fundi\u00e7\u00e3o. Controle de qualidade de pe\u00e7as fundidas.<\/li>\n<li>Metalurgia do p\u00f3. Diferentes processos de fabrica\u00e7\u00e3o de p\u00f3s. Compacta\u00e7\u00e3o e Sinteriza\u00e7\u00e3o. Fabrica\u00e7\u00e3o e propriedades mec\u00e2nicas de pe\u00e7as: metal duro, refrat\u00e1rios, materiais magn\u00e9ticos e pe\u00e7as porosas. Vantagens e limita\u00e7\u00f5es do processo.<\/li>\n<\/ul>\n<p>&nbsp;<\/p>\n<p style=\"text-align: center\">\r\n\t<div class=\"slideshow_container slideshow_container_style-light\" style=\"height: 200px; \" data-slideshow-id=\"258\" data-style-name=\"style-light\" data-style-version=\"2.3.1\" >\r\n\r\n\t\t\t\t\t<div class=\"slideshow_loading_icon\"><\/div>\r\n\t\t\r\n\t\t<div class=\"slideshow_content\" style=\"display: none;\">\r\n\r\n\t\t\t<div class=\"slideshow_view\">\r\n\t\t\t\t<div class=\"slideshow_slide slideshow_slide_image\">\r\n\t\t\t\t\t<a href=\"https:\/\/drive.google.com\/file\/d\/1pr5EH3IS_T4HewkYF4hsrLmW0wJhkr_x\/view?usp=sharing\" target=\"_blank\" >\t\t\t\t\t\t<img src=\"https:\/\/www.professores.uff.br\/juanpardal\/wp-content\/uploads\/sites\/177\/2018\/04\/Programa\u00e7\u00e3o-Fundi\u00e7\u00e3o-e-Sinteriza\u00e7\u00e3o.jpg\" alt=\"Capa Programa\u00e7\u00e3o\" width=\"3910\" height=\"5720\" \/>\r\n\t\t\t\t\t<\/a>\t\t\t\t\t<div class=\"slideshow_description_box slideshow_transparent\">\r\n\t\t\t\t\t\t\t\t\t\t\t\t\t\t\t\t\t<\/div>\r\n\t\t\t\t<\/div>\r\n\r\n\t\t\t\t\t\t<div style=\"clear: both;\"><\/div><\/div><div class=\"slideshow_view\">\r\n\t\t\t\t<div class=\"slideshow_slide slideshow_slide_image\">\r\n\t\t\t\t\t<a href=\"https:\/\/drive.google.com\/file\/d\/1WJo3BIRr4WeHVxNIbufyFSKw9i8Jgb7v\/view?usp=sharing\" target=\"_blank\" >\t\t\t\t\t\t<img src=\"https:\/\/www.professores.uff.br\/juanpardal\/wp-content\/uploads\/sites\/177\/2018\/04\/Lista-de-Exercicios.jpg\" alt=\"\" width=\"2550\" height=\"3300\" \/>\r\n\t\t\t\t\t<\/a>\t\t\t\t\t<div class=\"slideshow_description_box slideshow_transparent\">\r\n\t\t\t\t\t\t\t\t\t\t\t\t\t\t\t\t\t<\/div>\r\n\t\t\t\t<\/div>\r\n\r\n\t\t\t\t\t\t<div style=\"clear: both;\"><\/div><\/div><div class=\"slideshow_view\">\r\n\t\t\t\t<div class=\"slideshow_slide slideshow_slide_image\">\r\n\t\t\t\t\t<a href=\"https:\/\/drive.google.com\/file\/d\/137H-p7hK9dGig6y4tDk4FVHPJaYAbMGr\/view?usp=sharing\" target=\"_blank\" >\t\t\t\t\t\t<img src=\"https:\/\/www.professores.uff.br\/juanpardal\/wp-content\/uploads\/sites\/177\/2018\/04\/Apresenta\u00e7\u00e3o-FES.jpg\" alt=\"\" width=\"1040\" height=\"720\" \/>\r\n\t\t\t\t\t<\/a>\t\t\t\t\t<div class=\"slideshow_description_box slideshow_transparent\">\r\n\t\t\t\t\t\t\t\t\t\t\t\t\t\t\t\t\t<\/div>\r\n\t\t\t\t<\/div>\r\n\r\n\t\t\t\t\t\t<div style=\"clear: both;\"><\/div><\/div>\r\n\t\t<\/div>\r\n\r\n\t\t<div class=\"slideshow_controlPanel slideshow_transparent\" style=\"display: none;\"><ul><li class=\"slideshow_togglePlay\" data-play-text=\"Acionar\" data-pause-text=\"Pausar\"><\/li><\/ul><\/div>\r\n\r\n\t\t<div class=\"slideshow_button slideshow_previous slideshow_transparent\" role=\"button\" data-previous-text=\"Anterior\" style=\"display: none;\"><\/div>\r\n\t\t<div class=\"slideshow_button slideshow_next slideshow_transparent\" role=\"button\" data-next-text=\"Pr\u00f3ximo\" style=\"display: none;\"><\/div>\r\n\r\n\t\t<div class=\"slideshow_pagination\" style=\"display: none;\" data-go-to-text=\"Ir para o slide\"><div class=\"slideshow_pagination_center\"><\/div><\/div>\r\n\r\n\t\t<!-- WordPress Slideshow Version 2.3.1 -->\r\n\r\n\t\t\t<\/div>\r\n\r\n<\/p>\n<p style=\"text-align: center\">Clique para Descarregar<\/p>\n","protected":false},"excerpt":{"rendered":"<p>Objetivos: Proporcionar ao aluno o conhecimento da teoria da solidifica\u00e7\u00e3o dos metais e ligas met\u00e1licas, dos processos de moldagem e fundi\u00e7\u00e3o convencionais e recentes. Fornecer conceitos na \u00e1rea de qualidade dos produtos fundidos. Proporcionar ao aluno conhecimento das t\u00e9cnicas usadas na obten\u00e7\u00e3o de p\u00f3s met\u00e1licos, dos processos de mistura e de compacta\u00e7\u00e3o dos p\u00f3s e [&hellip;]<\/p>\n","protected":false},"author":188,"featured_media":0,"parent":779,"menu_order":0,"comment_status":"closed","ping_status":"closed","template":"","meta":{"_exactmetrics_skip_tracking":false,"_exactmetrics_sitenote_active":false,"_exactmetrics_sitenote_note":"","_exactmetrics_sitenote_category":0,"footnotes":""},"categories":[],"tags":[],"class_list":["post-48","page","type-page","status-publish","hentry"],"_links":{"self":[{"href":"https:\/\/www.professores.uff.br\/juanpardal\/wp-json\/wp\/v2\/pages\/48","targetHints":{"allow":["GET"]}}],"collection":[{"href":"https:\/\/www.professores.uff.br\/juanpardal\/wp-json\/wp\/v2\/pages"}],"about":[{"href":"https:\/\/www.professores.uff.br\/juanpardal\/wp-json\/wp\/v2\/types\/page"}],"author":[{"embeddable":true,"href":"https:\/\/www.professores.uff.br\/juanpardal\/wp-json\/wp\/v2\/users\/188"}],"replies":[{"embeddable":true,"href":"https:\/\/www.professores.uff.br\/juanpardal\/wp-json\/wp\/v2\/comments?post=48"}],"version-history":[{"count":18,"href":"https:\/\/www.professores.uff.br\/juanpardal\/wp-json\/wp\/v2\/pages\/48\/revisions"}],"predecessor-version":[{"id":261,"href":"https:\/\/www.professores.uff.br\/juanpardal\/wp-json\/wp\/v2\/pages\/48\/revisions\/261"}],"up":[{"embeddable":true,"href":"https:\/\/www.professores.uff.br\/juanpardal\/wp-json\/wp\/v2\/pages\/779"}],"wp:attachment":[{"href":"https:\/\/www.professores.uff.br\/juanpardal\/wp-json\/wp\/v2\/media?parent=48"}],"wp:term":[{"taxonomy":"category","embeddable":true,"href":"https:\/\/www.professores.uff.br\/juanpardal\/wp-json\/wp\/v2\/categories?post=48"},{"taxonomy":"post_tag","embeddable":true,"href":"https:\/\/www.professores.uff.br\/juanpardal\/wp-json\/wp\/v2\/tags?post=48"}],"curies":[{"name":"wp","href":"https:\/\/api.w.org\/{rel}","templated":true}]}}