{"id":51,"date":"2018-04-05T15:59:42","date_gmt":"2018-04-05T18:59:42","guid":{"rendered":"http:\/\/www.professores.uff.br\/juanpardal\/?page_id=51"},"modified":"2019-03-18T13:04:44","modified_gmt":"2019-03-18T16:04:44","slug":"soldagem","status":"publish","type":"page","link":"https:\/\/www.professores.uff.br\/juanpardal\/disciplinas\/graduacao\/soldagem\/","title":{"rendered":"Soldagem"},"content":{"rendered":"<p><strong>Objetivos:<\/strong><\/p>\n<ul>\n<li>Fornecer conceitos de terminologia da soldagem.<\/li>\n<li>Proporcionar ao aluno o conhecimento dos processos de corte.<\/li>\n<li>Proporcionar ao aluno o conhecimento dos processos de soldagem por press\u00e3o ou deforma\u00e7\u00e3o e fus\u00e3o.<\/li>\n<li>Fornecer conhecimentos da metalurgia f\u00edsica da soldagem de a\u00e7os carbono e liga.<\/li>\n<li>Dar conhecimento sobre normativas no controle de qualidade de pe\u00e7as soldadas em fun\u00e7\u00e3o das t\u00e9cnicas de caracteriza\u00e7\u00e3o destrutivas e n\u00e3o destrutivas.<\/li>\n<li>Ao final do curso o aluno dever\u00e1 conhecer as vantagens e desvantagens de cada processo de soldagem, bem como as propriedades, caracter\u00edsticas e normativas de qualidade de juntas soldadas.<\/li>\n<\/ul>\n<p><strong>T\u00f3picos:<\/strong><\/p>\n<ul>\n<li>Introdu\u00e7\u00e3o. Processos de Soldagem e Corte.<\/li>\n<li>Metalurgia F\u00edsica da soldagem de a\u00e7os carbono e a\u00e7os liga. Ensaios destrutivos e n\u00e3o destrutivos em juntas soldadas. Normas de qualifica\u00e7\u00e3o.<\/li>\n<\/ul>\n<p style=\"text-align: center\">\r\n\t<div class=\"slideshow_container slideshow_container_style-light\" style=\"height: 200px; \" data-slideshow-id=\"896\" data-style-name=\"style-light\" data-style-version=\"2.3.1\" >\r\n\r\n\t\t\t\t\t<div class=\"slideshow_loading_icon\"><\/div>\r\n\t\t\r\n\t\t<div class=\"slideshow_content\" style=\"display: none;\">\r\n\r\n\t\t\t<div class=\"slideshow_view\">\r\n\t\t\t\t<div class=\"slideshow_slide slideshow_slide_image\">\r\n\t\t\t\t\t<a href=\"https:\/\/drive.google.com\/file\/d\/1oZrwAGA7QCB32wnC0LdUuCq4ZFHIiTyF\/view?usp=sharing\" target=\"_blank\" >\t\t\t\t\t\t<img src=\"https:\/\/www.professores.uff.br\/juanpardal\/wp-content\/uploads\/sites\/177\/2019\/03\/Programa\u00e7\u00e3o-1.jpg\" alt=\"Programa\u00e7\u00e3o\" width=\"569\" height=\"729\" \/>\r\n\t\t\t\t\t<\/a>\t\t\t\t\t<div class=\"slideshow_description_box slideshow_transparent\">\r\n\t\t\t\t\t\t\t\t\t\t\t\t\t\t\t\t\t<\/div>\r\n\t\t\t\t<\/div>\r\n\r\n\t\t\t\t\t\t<div style=\"clear: both;\"><\/div><\/div><div class=\"slideshow_view\">\r\n\t\t\t\t<div class=\"slideshow_slide slideshow_slide_image\">\r\n\t\t\t\t\t<a href=\"https:\/\/drive.google.com\/file\/d\/12WkyNb7s1hcTG7vYAwXIxxCXf0FO7ZT7\/view?usp=sharing\" target=\"_blank\" >\t\t\t\t\t\t<img src=\"https:\/\/www.professores.uff.br\/juanpardal\/wp-content\/uploads\/sites\/177\/2019\/03\/Soldagem.jpg\" alt=\"\" width=\"1040\" height=\"720\" \/>\r\n\t\t\t\t\t<\/a>\t\t\t\t\t<div class=\"slideshow_description_box slideshow_transparent\">\r\n\t\t\t\t\t\t\t\t\t\t\t\t\t\t\t\t\t<\/div>\r\n\t\t\t\t<\/div>\r\n\r\n\t\t\t\t\t\t<div style=\"clear: both;\"><\/div><\/div>\r\n\t\t<\/div>\r\n\r\n\t\t<div class=\"slideshow_controlPanel slideshow_transparent\" style=\"display: none;\"><ul><li class=\"slideshow_togglePlay\" data-play-text=\"Acionar\" data-pause-text=\"Pausar\"><\/li><\/ul><\/div>\r\n\r\n\t\t<div class=\"slideshow_button slideshow_previous slideshow_transparent\" role=\"button\" data-previous-text=\"Anterior\" style=\"display: none;\"><\/div>\r\n\t\t<div class=\"slideshow_button slideshow_next slideshow_transparent\" role=\"button\" data-next-text=\"Pr\u00f3ximo\" style=\"display: none;\"><\/div>\r\n\r\n\t\t<div class=\"slideshow_pagination\" style=\"display: none;\" data-go-to-text=\"Ir para o slide\"><div class=\"slideshow_pagination_center\"><\/div><\/div>\r\n\r\n\t\t<!-- WordPress Slideshow Version 2.3.1 -->\r\n\r\n\t\t\t<\/div>\r\n\r\n<\/p>\n<p style=\"text-align: center\">Clique para Descarregar<\/p>\n","protected":false},"excerpt":{"rendered":"<p>Objetivos: Fornecer conceitos de terminologia da soldagem. Proporcionar ao aluno o conhecimento dos processos de corte. Proporcionar ao aluno o conhecimento dos processos de soldagem por press\u00e3o ou deforma\u00e7\u00e3o e fus\u00e3o. Fornecer conhecimentos da metalurgia f\u00edsica da soldagem de a\u00e7os carbono e liga. Dar conhecimento sobre normativas no controle de qualidade de pe\u00e7as soldadas em [&hellip;]<\/p>\n","protected":false},"author":188,"featured_media":0,"parent":779,"menu_order":0,"comment_status":"closed","ping_status":"closed","template":"","meta":{"_exactmetrics_skip_tracking":false,"_exactmetrics_sitenote_active":false,"_exactmetrics_sitenote_note":"","_exactmetrics_sitenote_category":0,"footnotes":""},"categories":[],"tags":[],"class_list":["post-51","page","type-page","status-publish","hentry"],"_links":{"self":[{"href":"https:\/\/www.professores.uff.br\/juanpardal\/wp-json\/wp\/v2\/pages\/51","targetHints":{"allow":["GET"]}}],"collection":[{"href":"https:\/\/www.professores.uff.br\/juanpardal\/wp-json\/wp\/v2\/pages"}],"about":[{"href":"https:\/\/www.professores.uff.br\/juanpardal\/wp-json\/wp\/v2\/types\/page"}],"author":[{"embeddable":true,"href":"https:\/\/www.professores.uff.br\/juanpardal\/wp-json\/wp\/v2\/users\/188"}],"replies":[{"embeddable":true,"href":"https:\/\/www.professores.uff.br\/juanpardal\/wp-json\/wp\/v2\/comments?post=51"}],"version-history":[{"count":4,"href":"https:\/\/www.professores.uff.br\/juanpardal\/wp-json\/wp\/v2\/pages\/51\/revisions"}],"predecessor-version":[{"id":902,"href":"https:\/\/www.professores.uff.br\/juanpardal\/wp-json\/wp\/v2\/pages\/51\/revisions\/902"}],"up":[{"embeddable":true,"href":"https:\/\/www.professores.uff.br\/juanpardal\/wp-json\/wp\/v2\/pages\/779"}],"wp:attachment":[{"href":"https:\/\/www.professores.uff.br\/juanpardal\/wp-json\/wp\/v2\/media?parent=51"}],"wp:term":[{"taxonomy":"category","embeddable":true,"href":"https:\/\/www.professores.uff.br\/juanpardal\/wp-json\/wp\/v2\/categories?post=51"},{"taxonomy":"post_tag","embeddable":true,"href":"https:\/\/www.professores.uff.br\/juanpardal\/wp-json\/wp\/v2\/tags?post=51"}],"curies":[{"name":"wp","href":"https:\/\/api.w.org\/{rel}","templated":true}]}}