{"id":52,"date":"2018-04-05T15:59:42","date_gmt":"2018-04-05T18:59:42","guid":{"rendered":"http:\/\/www.professores.uff.br\/juanpardal\/?page_id=52"},"modified":"2020-09-21T08:43:23","modified_gmt":"2020-09-21T11:43:23","slug":"tubulacoes-e-vasos-de-pressao","status":"publish","type":"page","link":"https:\/\/www.professores.uff.br\/juanpardal\/disciplinas\/pos-graduacao\/tubulacoes-e-vasos-de-pressao\/","title":{"rendered":"Tubula\u00e7\u00f5es e Vasos de Press\u00e3o"},"content":{"rendered":"\n<p><strong>Objetivos:<\/strong><\/p>\n\n\n\n<ul class=\"wp-block-list\"><li>Identificar, classificar e mostrar o princ\u00edpio de funcionamento de diversos equipamentos de processo utilizados no segmento industrial.<\/li><li> Capacitar o aluno na especifica\u00e7\u00e3o e utiliza\u00e7\u00e3o dos diversos materiais para tubula\u00e7\u00f5es e vasos de press\u00e3o, denotando a import\u00e2ncia no c\u00e1lculo de componentes segundo os c\u00f3digos de projeto.<\/li><li> Observar os fen\u00f4menos de degrada\u00e7\u00e3o que ocorrem nos materiais para diversas condi\u00e7\u00f5es de projeto. <\/li><li> Verificar os tipos de manuten\u00e7\u00e3o, testes e ensaios realizados em tubula\u00e7\u00f5es e equipamentos de processo. <\/li><li>Ao final do curso o aluno dever\u00e1 conhecer as caracter\u00edsticas de diversos equipamentos e tubula\u00e7\u00f5es de processo, bem como o princ\u00edpio de dimensionamento dos mesmos, atentando para as condi\u00e7\u00f5es de projeto adequadas de acordo com sua funcionalidade em condi\u00e7\u00f5es de contorno extremas.<\/li><\/ul>\n\n\n\n<p><strong>T\u00f3picos:<\/strong><\/p>\n\n\n\n<p><strong>Vasos de Press\u00e3o<\/strong><strong><\/strong><\/p>\n\n\n\n<ol class=\"wp-block-list\"><li><strong>Introdu\u00e7\u00e3o<\/strong><\/li><li><strong>Classifica\u00e7\u00e3o<\/strong><\/li><li><strong>Componentes<\/strong><\/li><li><strong>Acess\u00f3rios<\/strong><\/li><li><strong>Suportes<\/strong><\/li><li><strong>C\u00f3digos\nde projeto<\/strong><\/li><li><strong>Materiais<\/strong><\/li><li><strong>Influ\u00eancia\nda temperatura na sele\u00e7\u00e3o de materiais<\/strong><\/li><li><strong>Par\u00e2metros\nde processo e de projeto<\/strong><\/li><li><strong>Revestimentos<\/strong><\/li><li><strong>Corros\u00e3o e eros\u00e3o<\/strong><\/li><li><strong>Modifica\u00e7\u00f5es metal\u00fargicas durante a fabrica\u00e7\u00e3o e\nopera\u00e7\u00e3o<\/strong><\/li><li><strong>Inspe\u00e7\u00e3o<\/strong><\/li><li><strong>Testes e ensaios<\/strong><\/li><li><strong>C\u00e1lculo de componentes<\/strong><\/li><\/ol>\n\n\n\n<p><strong>Trocadores de Calor<\/strong><\/p>\n\n\n\n<ol class=\"wp-block-list\"><li><strong>Introdu\u00e7\u00e3o<\/strong><\/li><li><strong>Classifica\u00e7\u00e3o<\/strong><\/li><li><strong>Tipos de Permutadores<\/strong><\/li><li><strong>Permutadores de casco e feixe<\/strong><\/li><li><strong>C\u00f3digos de projeto<\/strong><\/li><li><strong>Componentes<\/strong><\/li><li><strong>Tipos de permutadores de casco e feixe<\/strong><\/li><li><strong>Especifica\u00e7\u00e3o de Mat\u00e9rias<\/strong><\/li><li><strong>Crit\u00e9rios no projeto de permutadores de casco e feixe<\/strong><\/li><li><strong>Testes e ensaios<\/strong><\/li><li><strong>C\u00e1lculos de componentes<\/strong><\/li><\/ol>\n\n\n\n<p><strong>Vasos de Press\u00e3o com Fogo<\/strong><\/p>\n\n\n\n<ol class=\"wp-block-list\"><li><strong>Introdu\u00e7\u00e3o<\/strong><\/li><li><strong>Caldeiras el\u00e9tricas<\/strong><\/li><li><strong>Caldeiras flamotubulares e aquotubulares<\/strong><\/li><li><strong>Princ\u00edpio de funcionamento<\/strong><\/li><li><strong>Componentes<\/strong><\/li><li><strong>Equipamentos e dispositivos auxiliares<\/strong><\/li><li><strong>C\u00f3digos de projeto<\/strong><\/li><li><strong>Mecanismos de desgaste e avarias<\/strong><\/li><li><strong>Materiais de constru\u00e7\u00e3o<\/strong><\/li><li><strong>Influ\u00eancia das condi\u00e7\u00f5es de projeto na sele\u00e7\u00e3o de materiais<\/strong><\/li><li><strong>Mecanismos b\u00e1sicos de corros\u00e3o<\/strong><\/li><li><strong>Manuten\u00e7\u00e3o em caldeiras<\/strong><\/li><li><strong>Inspe\u00e7\u00e3o<\/strong><\/li><li><strong>Testes e ensaios<\/strong><\/li><li><strong>C\u00e1lculos de componentes<\/strong><\/li><\/ol>\n\n\n\n<p><strong>Tubula\u00e7\u00f5es<\/strong><\/p>\n\n\n\n<ol class=\"wp-block-list\"><li><strong>Defini\u00e7\u00f5es<\/strong><\/li><li><strong>Classifica\u00e7\u00e3o<\/strong><\/li><li><strong>Processos de fabrica\u00e7\u00e3o<\/strong><\/li><li><strong>Materiais de fabrica\u00e7\u00e3o<\/strong><\/li><li><strong>Meios de liga\u00e7\u00e3o<\/strong><\/li><li><strong>Acess\u00f3rios<\/strong><\/li><li><strong>Deriva\u00e7\u00f5es<\/strong><\/li><li><strong>Suportes<\/strong><\/li><li><strong>Normas de Projeto<\/strong><\/li><li><strong>Inspe\u00e7\u00e3o<\/strong><\/li><li><strong>Testes e ensaios<\/strong><\/li><li><strong>C\u00e1lculos<\/strong><\/li><\/ol>\n\n\n\n\r\n\t<div class=\"slideshow_container slideshow_container_style-light\" style=\"height: 200px; \" data-slideshow-id=\"1045\" data-style-name=\"style-light\" data-style-version=\"2.3.1\" >\r\n\r\n\t\t\t\t\t<div class=\"slideshow_loading_icon\"><\/div>\r\n\t\t\r\n\t\t<div class=\"slideshow_content\" style=\"display: none;\">\r\n\r\n\t\t\t<div class=\"slideshow_view\">\r\n\t\t\t\t<div class=\"slideshow_slide slideshow_slide_image\">\r\n\t\t\t\t\t<a href=\"https:\/\/drive.google.com\/file\/d\/1jGWeuelifn7lZd9i_ZPhCNhA840ZgPI-\/view?usp=sharing\" target=\"_blank\" >\t\t\t\t\t\t<img src=\"https:\/\/www.professores.uff.br\/juanpardal\/wp-content\/uploads\/sites\/177\/2020\/09\/Capa-TVP-Programa.jpg\" alt=\"Capa TVP Programa\" width=\"525\" height=\"740\" \/>\r\n\t\t\t\t\t<\/a>\t\t\t\t\t<div class=\"slideshow_description_box slideshow_transparent\">\r\n\t\t\t\t\t\t\t\t\t\t\t\t\t\t\t\t\t<\/div>\r\n\t\t\t\t<\/div>\r\n\r\n\t\t\t\t\t\t<div style=\"clear: both;\"><\/div><\/div><div class=\"slideshow_view\">\r\n\t\t\t\t<div class=\"slideshow_slide slideshow_slide_image\">\r\n\t\t\t\t\t<a href=\"https:\/\/drive.google.com\/drive\/folders\/1MH7GFJbc4sYxaJo1lWxUINVWrYwmT7K7?usp=sharing\" target=\"_blank\" >\t\t\t\t\t\t<img src=\"https:\/\/www.professores.uff.br\/juanpardal\/wp-content\/uploads\/sites\/177\/2020\/09\/Capa-Disciplina-TVP.jpg\" alt=\"Capa Disciplina TVP\" width=\"1105\" height=\"766\" \/>\r\n\t\t\t\t\t<\/a>\t\t\t\t\t<div class=\"slideshow_description_box slideshow_transparent\">\r\n\t\t\t\t\t\t\t\t\t\t\t\t\t\t\t\t\t<\/div>\r\n\t\t\t\t<\/div>\r\n\r\n\t\t\t\t\t\t<div style=\"clear: both;\"><\/div><\/div><div class=\"slideshow_view\">\r\n\t\t\t\t<div class=\"slideshow_slide slideshow_slide_image\">\r\n\t\t\t\t\t<a href=\"https:\/\/drive.google.com\/drive\/folders\/1o0tFZG8S34e3PCzeeq7_2iDr_Hu9e96s?usp=sharing\" target=\"_blank\" >\t\t\t\t\t\t<img src=\"https:\/\/www.professores.uff.br\/juanpardal\/wp-content\/uploads\/sites\/177\/2018\/04\/Lista-de-Exercicios.jpg\" alt=\"\" width=\"2550\" height=\"3300\" \/>\r\n\t\t\t\t\t<\/a>\t\t\t\t\t<div class=\"slideshow_description_box slideshow_transparent\">\r\n\t\t\t\t\t\t\t\t\t\t\t\t\t\t\t\t\t<\/div>\r\n\t\t\t\t<\/div>\r\n\r\n\t\t\t\t\t\t<div style=\"clear: both;\"><\/div><\/div>\r\n\t\t<\/div>\r\n\r\n\t\t<div class=\"slideshow_controlPanel slideshow_transparent\" style=\"display: none;\"><ul><li class=\"slideshow_togglePlay\" data-play-text=\"Acionar\" data-pause-text=\"Pausar\"><\/li><\/ul><\/div>\r\n\r\n\t\t<div class=\"slideshow_button slideshow_previous slideshow_transparent\" role=\"button\" data-previous-text=\"Anterior\" style=\"display: none;\"><\/div>\r\n\t\t<div class=\"slideshow_button slideshow_next slideshow_transparent\" role=\"button\" data-next-text=\"Pr\u00f3ximo\" style=\"display: none;\"><\/div>\r\n\r\n\t\t<div class=\"slideshow_pagination\" style=\"display: none;\" data-go-to-text=\"Ir para o slide\"><div class=\"slideshow_pagination_center\"><\/div><\/div>\r\n\r\n\t\t<!-- WordPress Slideshow Version 2.3.1 -->\r\n\r\n\t\t\t<\/div>\r\n\r\n\n\n\n\n<p>Clique para Descarregar<\/p>\n","protected":false},"excerpt":{"rendered":"<p>Objetivos: Identificar, classificar e mostrar o princ\u00edpio de funcionamento de diversos equipamentos de processo utilizados no segmento industrial. Capacitar o aluno na especifica\u00e7\u00e3o e utiliza\u00e7\u00e3o dos diversos materiais para tubula\u00e7\u00f5es e vasos de press\u00e3o, denotando a import\u00e2ncia no c\u00e1lculo de componentes segundo os c\u00f3digos de projeto. Observar os fen\u00f4menos de degrada\u00e7\u00e3o que ocorrem nos materiais [&hellip;]<\/p>\n","protected":false},"author":188,"featured_media":0,"parent":781,"menu_order":0,"comment_status":"closed","ping_status":"closed","template":"","meta":{"_exactmetrics_skip_tracking":false,"_exactmetrics_sitenote_active":false,"_exactmetrics_sitenote_note":"","_exactmetrics_sitenote_category":0,"footnotes":""},"categories":[],"tags":[],"class_list":["post-52","page","type-page","status-publish","hentry"],"_links":{"self":[{"href":"https:\/\/www.professores.uff.br\/juanpardal\/wp-json\/wp\/v2\/pages\/52","targetHints":{"allow":["GET"]}}],"collection":[{"href":"https:\/\/www.professores.uff.br\/juanpardal\/wp-json\/wp\/v2\/pages"}],"about":[{"href":"https:\/\/www.professores.uff.br\/juanpardal\/wp-json\/wp\/v2\/types\/page"}],"author":[{"embeddable":true,"href":"https:\/\/www.professores.uff.br\/juanpardal\/wp-json\/wp\/v2\/users\/188"}],"replies":[{"embeddable":true,"href":"https:\/\/www.professores.uff.br\/juanpardal\/wp-json\/wp\/v2\/comments?post=52"}],"version-history":[{"count":3,"href":"https:\/\/www.professores.uff.br\/juanpardal\/wp-json\/wp\/v2\/pages\/52\/revisions"}],"predecessor-version":[{"id":1050,"href":"https:\/\/www.professores.uff.br\/juanpardal\/wp-json\/wp\/v2\/pages\/52\/revisions\/1050"}],"up":[{"embeddable":true,"href":"https:\/\/www.professores.uff.br\/juanpardal\/wp-json\/wp\/v2\/pages\/781"}],"wp:attachment":[{"href":"https:\/\/www.professores.uff.br\/juanpardal\/wp-json\/wp\/v2\/media?parent=52"}],"wp:term":[{"taxonomy":"category","embeddable":true,"href":"https:\/\/www.professores.uff.br\/juanpardal\/wp-json\/wp\/v2\/categories?post=52"},{"taxonomy":"post_tag","embeddable":true,"href":"https:\/\/www.professores.uff.br\/juanpardal\/wp-json\/wp\/v2\/tags?post=52"}],"curies":[{"name":"wp","href":"https:\/\/api.w.org\/{rel}","templated":true}]}}