{"id":53,"date":"2018-04-05T15:59:42","date_gmt":"2018-04-05T18:59:42","guid":{"rendered":"http:\/\/www.professores.uff.br\/juanpardal\/?page_id=53"},"modified":"2018-08-13T08:39:28","modified_gmt":"2018-08-13T11:39:28","slug":"motores-de-combustao-interna","status":"publish","type":"page","link":"https:\/\/www.professores.uff.br\/juanpardal\/disciplinas\/graduacao\/motores-de-combustao-interna\/","title":{"rendered":"Motores de Combust\u00e3o Interna"},"content":{"rendered":"<p><strong>Objetivos:<\/strong><\/p>\n<ul>\n<li>Proporcionar ao aluno o conhecimento da teoria e pr\u00e1tica do funcionamento de motores de combust\u00e3o interna.<\/li>\n<li>Distinguir motores de combust\u00e3o interna e externa. Diferenciar diferentes tipos de motores de combust\u00e3o interna.<\/li>\n<li>Proporcionar ao aluno conhecimento do alicerce das \u00e1reas de intera\u00e7\u00e3o da engenharia mec\u00e2nica no projeto e constru\u00e7\u00e3o de um motor de combust\u00e3o interna. As \u00e1reas envolvidas s\u00e3o: Termoci\u00eancias, Mec\u00e2nica aplicada e Processos de fabrica\u00e7\u00e3o.<\/li>\n<li>Ao final do curso o aluno dever\u00e1 compreender a import\u00e2ncia das \u00e1reas supracitadas no item anterior e sua sinergia no projeto e fabrica\u00e7\u00e3o de um motor de combust\u00e3o interna.<\/li>\n<\/ul>\n<p><strong>T\u00f3picos:<\/strong><\/p>\n<ul>\n<li>Introdu\u00e7\u00e3o. Motores de combust\u00e3o interna e externa. Nomenclatura. Tipos de motores. Motor Wankel ou rotativo. Motores alternativos. Ciclos operativos de 2 e 4 tempos. Motores de igni\u00e7\u00e3o por fa\u00edsca e por compress\u00e3o. Revis\u00e3o de conceitos termodin\u00e2micos. Ciclo Otto. Ciclo Diesel. Ciclo Sabath\u00e9. Ciclo real. Cruzamento de v\u00e1lvulas. Rendimento t\u00e9rmico te\u00f3rico ou termodin\u00e2mico. Coeficiente de qualidade. Rendimento econ\u00f4mico. Cilindrada. Rela\u00e7\u00e3o de compress\u00e3o. Velocidade m\u00e9dia e m\u00e1xima dos pist\u00f5es. Rela\u00e7\u00e3o curso \/di\u00e2metro. Transforma\u00e7\u00e3o do movimento alternativo em circular. For\u00e7as de inercia. Diagrama de for\u00e7a resultante. Distribui\u00e7\u00e3o dos cilindros em motores pluricil\u00edndricos. Coeficiente de irregularidade c\u00edclica. C\u00e1lculo de volante. Curvas caracter\u00edsticas do motor.<\/li>\n<li>Introdu\u00e7\u00e3o a sistemas auxiliares e mecanismos de acoplamento de um motor.<\/li>\n<\/ul>\n<p style=\"text-align: center\">\r\n\t<div class=\"slideshow_container slideshow_container_style-light\" style=\"height: 200px; \" data-slideshow-id=\"842\" data-style-name=\"style-light\" data-style-version=\"2.3.1\" >\r\n\r\n\t\t\t\t\t<div class=\"slideshow_loading_icon\"><\/div>\r\n\t\t\r\n\t\t<div class=\"slideshow_content\" style=\"display: none;\">\r\n\r\n\t\t\t<div class=\"slideshow_view\">\r\n\t\t\t\t<div class=\"slideshow_slide slideshow_slide_image\">\r\n\t\t\t\t\t<a href=\"https:\/\/drive.google.com\/file\/d\/1SNUmsQsmJ8_Kgd9eHvqO3X5rzbi_MT7S\/view?usp=sharing\" target=\"_blank\" >\t\t\t\t\t\t<img src=\"https:\/\/www.professores.uff.br\/juanpardal\/wp-content\/uploads\/sites\/177\/2018\/08\/Apresenta\u00e7\u00e3o-Motores.jpg\" alt=\"Apresenta\u00e7\u00e3o Motores\" width=\"1040\" height=\"720\" \/>\r\n\t\t\t\t\t<\/a>\t\t\t\t\t<div class=\"slideshow_description_box slideshow_transparent\">\r\n\t\t\t\t\t\t\t\t\t\t\t\t\t\t\t\t\t<\/div>\r\n\t\t\t\t<\/div>\r\n\r\n\t\t\t\t\t\t<div style=\"clear: both;\"><\/div><\/div><div class=\"slideshow_view\">\r\n\t\t\t\t<div class=\"slideshow_slide slideshow_slide_image\">\r\n\t\t\t\t\t<a href=\"https:\/\/drive.google.com\/file\/d\/1bpfLgqY7VYv94DRWWt166nwJ8dQjcekk\/view?usp=sharing\" target=\"_blank\" >\t\t\t\t\t\t<img src=\"https:\/\/www.professores.uff.br\/juanpardal\/wp-content\/uploads\/sites\/177\/2018\/08\/Programa\u00e7\u00e3o-Motores.jpg\" alt=\"Programa\u00e7\u00e3o Motores\" width=\"544\" height=\"738\" \/>\r\n\t\t\t\t\t<\/a>\t\t\t\t\t<div class=\"slideshow_description_box slideshow_transparent\">\r\n\t\t\t\t\t\t\t\t\t\t\t\t\t\t\t\t\t<\/div>\r\n\t\t\t\t<\/div>\r\n\r\n\t\t\t\t\t\t<div style=\"clear: both;\"><\/div><\/div><div class=\"slideshow_view\">\r\n\t\t\t\t<div class=\"slideshow_slide slideshow_slide_image\">\r\n\t\t\t\t\t<a href=\"https:\/\/drive.google.com\/file\/d\/1XjzCHhTaANSIB5HbHFgsyi1th-gNCb-W\/view?usp=sharing\" target=\"_blank\" >\t\t\t\t\t\t<img src=\"https:\/\/www.professores.uff.br\/juanpardal\/wp-content\/uploads\/sites\/177\/2018\/04\/Lista-de-Exercicios.jpg\" alt=\"\" width=\"2550\" height=\"3300\" \/>\r\n\t\t\t\t\t<\/a>\t\t\t\t\t<div class=\"slideshow_description_box slideshow_transparent\">\r\n\t\t\t\t\t\t\t\t\t\t\t\t\t\t\t\t\t<\/div>\r\n\t\t\t\t<\/div>\r\n\r\n\t\t\t\t\t\t<div style=\"clear: both;\"><\/div><\/div>\r\n\t\t<\/div>\r\n\r\n\t\t<div class=\"slideshow_controlPanel slideshow_transparent\" style=\"display: none;\"><ul><li class=\"slideshow_togglePlay\" data-play-text=\"Acionar\" data-pause-text=\"Pausar\"><\/li><\/ul><\/div>\r\n\r\n\t\t<div class=\"slideshow_button slideshow_previous slideshow_transparent\" role=\"button\" data-previous-text=\"Anterior\" style=\"display: none;\"><\/div>\r\n\t\t<div class=\"slideshow_button slideshow_next slideshow_transparent\" role=\"button\" data-next-text=\"Pr\u00f3ximo\" style=\"display: none;\"><\/div>\r\n\r\n\t\t<div class=\"slideshow_pagination\" style=\"display: none;\" data-go-to-text=\"Ir para o slide\"><div class=\"slideshow_pagination_center\"><\/div><\/div>\r\n\r\n\t\t<!-- WordPress Slideshow Version 2.3.1 -->\r\n\r\n\t\t\t<\/div>\r\n\r\n<\/p>\n<p style=\"text-align: center\">Clique para Descarregar<\/p>\n","protected":false},"excerpt":{"rendered":"<p>Objetivos: Proporcionar ao aluno o conhecimento da teoria e pr\u00e1tica do funcionamento de motores de combust\u00e3o interna. Distinguir motores de combust\u00e3o interna e externa. Diferenciar diferentes tipos de motores de combust\u00e3o interna. Proporcionar ao aluno conhecimento do alicerce das \u00e1reas de intera\u00e7\u00e3o da engenharia mec\u00e2nica no projeto e constru\u00e7\u00e3o de um motor de combust\u00e3o interna. [&hellip;]<\/p>\n","protected":false},"author":188,"featured_media":0,"parent":779,"menu_order":0,"comment_status":"closed","ping_status":"closed","template":"","meta":{"_exactmetrics_skip_tracking":false,"_exactmetrics_sitenote_active":false,"_exactmetrics_sitenote_note":"","_exactmetrics_sitenote_category":0,"footnotes":""},"categories":[],"tags":[],"class_list":["post-53","page","type-page","status-publish","hentry"],"_links":{"self":[{"href":"https:\/\/www.professores.uff.br\/juanpardal\/wp-json\/wp\/v2\/pages\/53","targetHints":{"allow":["GET"]}}],"collection":[{"href":"https:\/\/www.professores.uff.br\/juanpardal\/wp-json\/wp\/v2\/pages"}],"about":[{"href":"https:\/\/www.professores.uff.br\/juanpardal\/wp-json\/wp\/v2\/types\/page"}],"author":[{"embeddable":true,"href":"https:\/\/www.professores.uff.br\/juanpardal\/wp-json\/wp\/v2\/users\/188"}],"replies":[{"embeddable":true,"href":"https:\/\/www.professores.uff.br\/juanpardal\/wp-json\/wp\/v2\/comments?post=53"}],"version-history":[{"count":5,"href":"https:\/\/www.professores.uff.br\/juanpardal\/wp-json\/wp\/v2\/pages\/53\/revisions"}],"predecessor-version":[{"id":855,"href":"https:\/\/www.professores.uff.br\/juanpardal\/wp-json\/wp\/v2\/pages\/53\/revisions\/855"}],"up":[{"embeddable":true,"href":"https:\/\/www.professores.uff.br\/juanpardal\/wp-json\/wp\/v2\/pages\/779"}],"wp:attachment":[{"href":"https:\/\/www.professores.uff.br\/juanpardal\/wp-json\/wp\/v2\/media?parent=53"}],"wp:term":[{"taxonomy":"category","embeddable":true,"href":"https:\/\/www.professores.uff.br\/juanpardal\/wp-json\/wp\/v2\/categories?post=53"},{"taxonomy":"post_tag","embeddable":true,"href":"https:\/\/www.professores.uff.br\/juanpardal\/wp-json\/wp\/v2\/tags?post=53"}],"curies":[{"name":"wp","href":"https:\/\/api.w.org\/{rel}","templated":true}]}}