{"id":624,"date":"2018-04-13T19:14:19","date_gmt":"2018-04-13T22:14:19","guid":{"rendered":"http:\/\/www.professores.uff.br\/juanpardal\/?page_id=624"},"modified":"2020-03-26T18:52:37","modified_gmt":"2020-03-26T21:52:37","slug":"materiaisdeconstrucaomecanica","status":"publish","type":"page","link":"https:\/\/www.professores.uff.br\/juanpardal\/area-restrita\/quadro-de-frequencia-e-notas\/materiaisdeconstrucaomecanica\/","title":{"rendered":"Materiais  de Constru\u00e7\u00e3o Mec\u00e2nica"},"content":{"rendered":"","protected":true},"excerpt":{"rendered":"","protected":true},"author":188,"featured_media":0,"parent":802,"menu_order":0,"comment_status":"closed","ping_status":"closed","template":"","meta":{"_exactmetrics_skip_tracking":false,"_exactmetrics_sitenote_active":false,"_exactmetrics_sitenote_note":"","_exactmetrics_sitenote_category":0,"footnotes":""},"categories":[],"tags":[],"class_list":["post-624","page","type-page","status-publish","post-password-required","hentry"],"_links":{"self":[{"href":"https:\/\/www.professores.uff.br\/juanpardal\/wp-json\/wp\/v2\/pages\/624","targetHints":{"allow":["GET"]}}],"collection":[{"href":"https:\/\/www.professores.uff.br\/juanpardal\/wp-json\/wp\/v2\/pages"}],"about":[{"href":"https:\/\/www.professores.uff.br\/juanpardal\/wp-json\/wp\/v2\/types\/page"}],"author":[{"embeddable":true,"href":"https:\/\/www.professores.uff.br\/juanpardal\/wp-json\/wp\/v2\/users\/188"}],"replies":[{"embeddable":true,"href":"https:\/\/www.professores.uff.br\/juanpardal\/wp-json\/wp\/v2\/comments?post=624"}],"version-history":[{"count":7,"href":"https:\/\/www.professores.uff.br\/juanpardal\/wp-json\/wp\/v2\/pages\/624\/revisions"}],"predecessor-version":[{"id":999,"href":"https:\/\/www.professores.uff.br\/juanpardal\/wp-json\/wp\/v2\/pages\/624\/revisions\/999"}],"up":[{"embeddable":true,"href":"https:\/\/www.professores.uff.br\/juanpardal\/wp-json\/wp\/v2\/pages\/802"}],"wp:attachment":[{"href":"https:\/\/www.professores.uff.br\/juanpardal\/wp-json\/wp\/v2\/media?parent=624"}],"wp:term":[{"taxonomy":"category","embeddable":true,"href":"https:\/\/www.professores.uff.br\/juanpardal\/wp-json\/wp\/v2\/categories?post=624"},{"taxonomy":"post_tag","embeddable":true,"href":"https:\/\/www.professores.uff.br\/juanpardal\/wp-json\/wp\/v2\/tags?post=624"}],"curies":[{"name":"wp","href":"https:\/\/api.w.org\/{rel}","templated":true}]}}