{"id":802,"date":"2018-05-10T12:52:40","date_gmt":"2018-05-10T15:52:40","guid":{"rendered":"http:\/\/www.professores.uff.br\/juanpardal\/?page_id=802"},"modified":"2020-03-26T16:37:44","modified_gmt":"2020-03-26T19:37:44","slug":"quadro-de-frequencia-e-notas","status":"publish","type":"page","link":"https:\/\/www.professores.uff.br\/juanpardal\/area-restrita\/quadro-de-frequencia-e-notas\/","title":{"rendered":"Quadro de Frequ\u00eancia e Notas"},"content":{"rendered":"\n<p>Neste espa\u00e7o leva-se em considera\u00e7\u00e3o a presen\u00e7a e verifica\u00e7\u00f5es de aprendizado dos alunos<\/p>\n","protected":false},"excerpt":{"rendered":"<p>Neste espa\u00e7o leva-se em considera\u00e7\u00e3o a presen\u00e7a e verifica\u00e7\u00f5es de aprendizado dos alunos<\/p>\n","protected":false},"author":188,"featured_media":0,"parent":368,"menu_order":0,"comment_status":"closed","ping_status":"closed","template":"","meta":{"_exactmetrics_skip_tracking":false,"_exactmetrics_sitenote_active":false,"_exactmetrics_sitenote_note":"","_exactmetrics_sitenote_category":0,"footnotes":""},"categories":[],"tags":[],"class_list":["post-802","page","type-page","status-publish","hentry"],"_links":{"self":[{"href":"https:\/\/www.professores.uff.br\/juanpardal\/wp-json\/wp\/v2\/pages\/802","targetHints":{"allow":["GET"]}}],"collection":[{"href":"https:\/\/www.professores.uff.br\/juanpardal\/wp-json\/wp\/v2\/pages"}],"about":[{"href":"https:\/\/www.professores.uff.br\/juanpardal\/wp-json\/wp\/v2\/types\/page"}],"author":[{"embeddable":true,"href":"https:\/\/www.professores.uff.br\/juanpardal\/wp-json\/wp\/v2\/users\/188"}],"replies":[{"embeddable":true,"href":"https:\/\/www.professores.uff.br\/juanpardal\/wp-json\/wp\/v2\/comments?post=802"}],"version-history":[{"count":5,"href":"https:\/\/www.professores.uff.br\/juanpardal\/wp-json\/wp\/v2\/pages\/802\/revisions"}],"predecessor-version":[{"id":964,"href":"https:\/\/www.professores.uff.br\/juanpardal\/wp-json\/wp\/v2\/pages\/802\/revisions\/964"}],"up":[{"embeddable":true,"href":"https:\/\/www.professores.uff.br\/juanpardal\/wp-json\/wp\/v2\/pages\/368"}],"wp:attachment":[{"href":"https:\/\/www.professores.uff.br\/juanpardal\/wp-json\/wp\/v2\/media?parent=802"}],"wp:term":[{"taxonomy":"category","embeddable":true,"href":"https:\/\/www.professores.uff.br\/juanpardal\/wp-json\/wp\/v2\/categories?post=802"},{"taxonomy":"post_tag","embeddable":true,"href":"https:\/\/www.professores.uff.br\/juanpardal\/wp-json\/wp\/v2\/tags?post=802"}],"curies":[{"name":"wp","href":"https:\/\/api.w.org\/{rel}","templated":true}]}}