{"id":910,"date":"2019-04-12T14:35:37","date_gmt":"2019-04-12T17:35:37","guid":{"rendered":"http:\/\/www.professores.uff.br\/juanpardal\/?page_id=910"},"modified":"2020-03-26T17:47:38","modified_gmt":"2020-03-26T20:47:38","slug":"minicurso-fundamentos-de-metalurgia-da-soldagem","status":"publish","type":"page","link":"https:\/\/www.professores.uff.br\/juanpardal\/area-restrita\/eventos\/minicurso-fundamentos-de-metalurgia-da-soldagem\/","title":{"rendered":"Minicurso: Fundamentos de Metalurgia da Soldagem"},"content":{"rendered":"\n<p> Projeto Pr\u00f3-Estrategia CAPES<br> Palestrante: Professor Carlos Enrique Ni\u00f1o Boh\u00f3rquez<br> Universidade Federal de Santa Catarina<br> Data: 29-04-2019<br> Hor\u00e1rio: 17 \u00e0s 21h<br> Local: Audit\u00f3rio da Escola de Engenharia da UFF  &#8211; Rua Passo da P\u00e1tria 156<br> S\u00e3o Domingos Niter\u00f3i- RJ Sala 330 Bloco D <br> Ser\u00e3o Emitidos Certificados de Presen\u00e7a.<br> Horas Extracurriculares V\u00e1lidas para Alunos de Gradua\u00e7\u00e3o. <\/p>\n\n\n\n<p class=\"has-text-align-center\"><a href=\"https:\/\/drive.google.com\/file\/d\/1Q7UQsBudHRBxBs2NjNQvPRlHcWMFp8yT\/view?usp=sharing\">Acesse Aqui o Material do Minicurso<\/a><\/p>\n","protected":false},"excerpt":{"rendered":"<p>Projeto Pr\u00f3-Estrategia CAPES Palestrante: Professor Carlos Enrique Ni\u00f1o Boh\u00f3rquez Universidade Federal de Santa Catarina Data: 29-04-2019 Hor\u00e1rio: 17 \u00e0s 21h Local: Audit\u00f3rio da Escola de Engenharia da UFF &#8211; Rua Passo da P\u00e1tria 156 S\u00e3o Domingos Niter\u00f3i- RJ Sala 330 Bloco D Ser\u00e3o Emitidos Certificados de Presen\u00e7a. Horas Extracurriculares V\u00e1lidas para Alunos de Gradua\u00e7\u00e3o. Acesse [&hellip;]<\/p>\n","protected":false},"author":188,"featured_media":0,"parent":778,"menu_order":0,"comment_status":"closed","ping_status":"closed","template":"","meta":{"_exactmetrics_skip_tracking":false,"_exactmetrics_sitenote_active":false,"_exactmetrics_sitenote_note":"","_exactmetrics_sitenote_category":0,"footnotes":""},"categories":[],"tags":[],"class_list":["post-910","page","type-page","status-publish","hentry"],"_links":{"self":[{"href":"https:\/\/www.professores.uff.br\/juanpardal\/wp-json\/wp\/v2\/pages\/910","targetHints":{"allow":["GET"]}}],"collection":[{"href":"https:\/\/www.professores.uff.br\/juanpardal\/wp-json\/wp\/v2\/pages"}],"about":[{"href":"https:\/\/www.professores.uff.br\/juanpardal\/wp-json\/wp\/v2\/types\/page"}],"author":[{"embeddable":true,"href":"https:\/\/www.professores.uff.br\/juanpardal\/wp-json\/wp\/v2\/users\/188"}],"replies":[{"embeddable":true,"href":"https:\/\/www.professores.uff.br\/juanpardal\/wp-json\/wp\/v2\/comments?post=910"}],"version-history":[{"count":12,"href":"https:\/\/www.professores.uff.br\/juanpardal\/wp-json\/wp\/v2\/pages\/910\/revisions"}],"predecessor-version":[{"id":976,"href":"https:\/\/www.professores.uff.br\/juanpardal\/wp-json\/wp\/v2\/pages\/910\/revisions\/976"}],"up":[{"embeddable":true,"href":"https:\/\/www.professores.uff.br\/juanpardal\/wp-json\/wp\/v2\/pages\/778"}],"wp:attachment":[{"href":"https:\/\/www.professores.uff.br\/juanpardal\/wp-json\/wp\/v2\/media?parent=910"}],"wp:term":[{"taxonomy":"category","embeddable":true,"href":"https:\/\/www.professores.uff.br\/juanpardal\/wp-json\/wp\/v2\/categories?post=910"},{"taxonomy":"post_tag","embeddable":true,"href":"https:\/\/www.professores.uff.br\/juanpardal\/wp-json\/wp\/v2\/tags?post=910"}],"curies":[{"name":"wp","href":"https:\/\/api.w.org\/{rel}","templated":true}]}}