{"id":184,"date":"2018-12-15T18:30:46","date_gmt":"2018-12-15T20:30:46","guid":{"rendered":"http:\/\/www.professores.uff.br\/juliocesarmedeiros\/?page_id=184"},"modified":"2018-12-15T20:13:26","modified_gmt":"2018-12-15T22:13:26","slug":"escravidao-e-memoria","status":"publish","type":"page","link":"https:\/\/www.professores.uff.br\/juliocesarmedeiros\/pesquisas\/escravidao-e-memoria\/","title":{"rendered":"Escravid\u00e3o e Mem\u00f3ria"},"content":{"rendered":"<p>Esta pesquisa se prop\u00f5e a investigar como viviam os escravizados, nossos antepassados e em quais situa\u00e7\u00f5es se encontram os seus descendentes, nas diversas comunidades afro-descentes a partir de um vi\u00e9s hist\u00f3rico-critico e cultual. Cabe ent\u00e3o ressaltar que, o que ser\u00e1 valorizado ser\u00e1 as experi\u00eancias dos africanos e seus descendentes no Brasil nestes tr\u00eas \u00faltimos s\u00e9culos e seus desdobramentos que culminam, nos dias de hoje, em uma sociedade extremamente desigual e excludente como a brasileira.<\/p>\n<p>A mem\u00f3ria \u00e9 chave fundamental para o resgate deste passado que, passar\u00e1 ser estudado a partir de cada regi\u00e3o, onde poder\u00e1 ser feito estudo. Espera-se que o trabalho desenvolvido possa ajudar a intervir no presente atrav\u00e9s de a\u00e7\u00f5es socioeducativas que visem promover os Direitos Humanos. Assim, poder-se-\u00e1 de forma mais eficaz, e vis\u00edvel, contribuir n\u00e3o apenas para o resgate da mem\u00f3ria dos povos escravizados como, de alguma forma, ajudar a pensar e propor a\u00e7\u00f5es eficazes no combate \u00e0 discrimina\u00e7\u00e3o e o preconceito.<\/p>\n<p>Pesquisa Realizada pelo N\u00facleo Sankofa<\/p>\n","protected":false},"excerpt":{"rendered":"<p>Esta pesquisa se prop\u00f5e a investigar como viviam os escravizados, nossos antepassados e em quais situa\u00e7\u00f5es se encontram os seus descendentes, nas diversas comunidades afro-descentes a partir de um vi\u00e9s hist\u00f3rico-critico e cultual. Cabe ent\u00e3o ressaltar que, o que ser\u00e1 valorizado ser\u00e1 as experi\u00eancias dos africanos e seus descendentes no Brasil nestes tr\u00eas \u00faltimos s\u00e9culos [&hellip;]<\/p>\n","protected":false},"author":209,"featured_media":115,"parent":58,"menu_order":1,"comment_status":"closed","ping_status":"closed","template":"","meta":{"_exactmetrics_skip_tracking":false,"_exactmetrics_sitenote_active":false,"_exactmetrics_sitenote_note":"","_exactmetrics_sitenote_category":0,"footnotes":""},"categories":[22,18],"tags":[],"class_list":["post-184","page","type-page","status-publish","has-post-thumbnail","hentry","category-escravidao-historia","category-negritude"],"_links":{"self":[{"href":"https:\/\/www.professores.uff.br\/juliocesarmedeiros\/wp-json\/wp\/v2\/pages\/184","targetHints":{"allow":["GET"]}}],"collection":[{"href":"https:\/\/www.professores.uff.br\/juliocesarmedeiros\/wp-json\/wp\/v2\/pages"}],"about":[{"href":"https:\/\/www.professores.uff.br\/juliocesarmedeiros\/wp-json\/wp\/v2\/types\/page"}],"author":[{"embeddable":true,"href":"https:\/\/www.professores.uff.br\/juliocesarmedeiros\/wp-json\/wp\/v2\/users\/209"}],"replies":[{"embeddable":true,"href":"https:\/\/www.professores.uff.br\/juliocesarmedeiros\/wp-json\/wp\/v2\/comments?post=184"}],"version-history":[{"count":1,"href":"https:\/\/www.professores.uff.br\/juliocesarmedeiros\/wp-json\/wp\/v2\/pages\/184\/revisions"}],"predecessor-version":[{"id":185,"href":"https:\/\/www.professores.uff.br\/juliocesarmedeiros\/wp-json\/wp\/v2\/pages\/184\/revisions\/185"}],"up":[{"embeddable":true,"href":"https:\/\/www.professores.uff.br\/juliocesarmedeiros\/wp-json\/wp\/v2\/pages\/58"}],"wp:featuredmedia":[{"embeddable":true,"href":"https:\/\/www.professores.uff.br\/juliocesarmedeiros\/wp-json\/wp\/v2\/media\/115"}],"wp:attachment":[{"href":"https:\/\/www.professores.uff.br\/juliocesarmedeiros\/wp-json\/wp\/v2\/media?parent=184"}],"wp:term":[{"taxonomy":"category","embeddable":true,"href":"https:\/\/www.professores.uff.br\/juliocesarmedeiros\/wp-json\/wp\/v2\/categories?post=184"},{"taxonomy":"post_tag","embeddable":true,"href":"https:\/\/www.professores.uff.br\/juliocesarmedeiros\/wp-json\/wp\/v2\/tags?post=184"}],"curies":[{"name":"wp","href":"https:\/\/api.w.org\/{rel}","templated":true}]}}