{"id":203,"date":"2018-12-15T20:40:39","date_gmt":"2018-12-15T22:40:39","guid":{"rendered":"http:\/\/www.professores.uff.br\/juliocesarmedeiros\/?page_id=203"},"modified":"2022-06-23T23:56:32","modified_gmt":"2022-06-24T02:56:32","slug":"nucleo-de-estudo-e-pesquisa-sankofa","status":"publish","type":"page","link":"https:\/\/www.professores.uff.br\/juliocesarmedeiros\/nucleo-de-estudo-e-pesquisa-sankofa\/","title":{"rendered":"N\u00facleo de Estudos e Pesquisas SANKOFA"},"content":{"rendered":"<h2><span style=\"color: #0000ff\">N\u00facleo de Estudos e Pesquisas SANKOFA: Rela\u00e7\u00f5es \u00e9tnico raciais,<\/span><br \/>\n<span style=\"color: #0000ff\"> mem\u00f3ria, cidadania e Direitos Humanos. (Certificado pelo CNPq)<\/span><\/h2>\n<h3>Apresenta\u00e7\u00e3o:<\/h3>\n<p>O grupo de pesquisa SANKOFA: Rela\u00e7\u00f5es \u00e9tnico raciais, mem\u00f3ria, cidadania e Direitos Humanos dever\u00e1 integrar profissionais de diferentes \u00e1reas e campos de atua\u00e7\u00e3o que desejarem compartilhar do nosso mesmo objetivo: estudar como vivem as comunidades afro-descentes a partir do vi\u00e9s hist\u00f3rico que tem como ponto de vista, o passado escravista, instaurado na Am\u00e9rica Portuguesa e Brasil Imp\u00e9rio.<\/p>\n<p>Neste sentido, cabe ressaltar que, o que ser\u00e1 valorizado ser\u00e1 as experi\u00eancias dos africanos e seus descendentes no Brasil nestes tr\u00eas \u00faltimos s\u00e9culos e seus desdobramentos que culminam, nos dias de hoje, em uma sociedade extremamente desigual como a brasileira.<\/p>\n<p>A mem\u00f3ria \u00e9 chave fundamental para o resgate deste passado que, passar\u00e1 ser estudado a partir de cada regi\u00e3o, onde poder\u00e1 ser feito estudo. Espera-se que o trabalho desenvolvido pelo SANKOFA possa ajudar a intervir no presente atrav\u00e9s de a\u00e7\u00f5es socioeducativas que visem promover os Direitos Humanos. Assim, poderemos de forma mais eficaz e vis\u00edvel contribuir n\u00e3o apenas para o resgate da mem\u00f3ria dos povos escravizados como, de alguma forma ajudar a pensar e propor a\u00e7\u00f5es eficazes no combate \u00e0 discrimina\u00e7\u00e3o e o preconceito.<\/p>\n<p>Com isto, espera-se que os estudos desenvolvidos \u00e1reas possam contribuir de forma eficaz para o resgate da cidadania e do respeito \u00e0 dignidade humana, onde a Universidade se transforma atrav\u00e9s da pesquisa, um dos instrumentos capazes em minorar os males sociais atrav\u00e9s da promo\u00e7\u00e3o de estudos, pesquisas, debates e proposi\u00e7\u00f5es de a\u00e7\u00e3o social, visando integrar-se definitivamente ao tecido social hodierno.<\/p>\n<p>O Sankofa desenvolve\u00a0pesquisas que\u00a0possuem como eixo principal, os seguintes itens:<\/p>\n<ul>\n<li>Levantamento de acervo bibliogr\u00e1fico da regi\u00e3o ligada ao per\u00edodo escravista na regi\u00e3o;<\/li>\n<li>Identifica\u00e7\u00e3o e mapeamento dos poss\u00edveis locais de mem\u00f3ria encontrados em Santo Ant\u00f4nio de P\u00e1dua;<\/li>\n<li>Coleta de dados referentes \u00e0 produ\u00e7\u00e3o cafeeira que ajudem a dimensionar o enriquecimento da regi\u00e3o que, como se sabe, baseou-se fartamente no trabalho escravo;<\/li>\n<\/ul>\n<p><span style=\"color: #ff6600\">Grupo de Pesquisa Certificado pelo CNPQ desde 2016<\/span><\/p>\n<p><span style=\"color: #ff0000\"><strong>REUNI\u00c2O EM 13\/08\/2021. \u00e0s 20h<\/strong><\/span><\/p>\n<p><span style=\"color: #ff0000\">Tema a ser estudado: Sa\u00fade e Bem\u00a0 viver<\/span><\/p>\n<p><span style=\"color: #ff0000\">Inscri\u00e7\u00f5es clique no link abaixo<\/span><\/p>\n<p><a href=\"https:\/\/docs.google.com\/forms\/d\/e\/1FAIpQLSeMbivxAyMbuTGPaJ_MrEHw2nlvXcStclQTBAxYpYoLOUBhpA\/viewform?usp=sf_link\" target=\"_blank\" rel=\"noopener noreferrer\">Inscri\u00e7\u00e3o no Grupo de Estudo Sankofa<\/a><\/p>\n<hr \/>\n<p><b>Conhe\u00e7a a nossa Revista Eletr\u00f4nica e\u00a0tenha acesso as nossas publica\u00e7\u00f5es:<\/b><\/p>\n<p><a href=\"http:\/\/Revista do N\u00facleo de Pesquisa e Estudo SANKOFA\">http:\/\/app.periodikos.com.br\/journal\/sankofa<\/a><\/p>\n<p><strong>Visite nosso Instagram<\/strong><\/p>\n<p><a href=\"https:\/\/www.instagram.com\/nucleodepesquisasankofa\/\">https:\/\/www.instagram.com\/nucleodepesquisasankofa\/<\/a><\/p>\n<p>Facebook<\/p>\n<p><a href=\"https:\/\/www.facebook.com\/sancofa\/\">https:\/\/www.facebook.com\/sancofa\/<\/a><\/p>\n","protected":false},"excerpt":{"rendered":"<p>N\u00facleo de Estudos e Pesquisas SANKOFA: Rela\u00e7\u00f5es \u00e9tnico raciais, mem\u00f3ria, cidadania e Direitos Humanos. (Certificado pelo CNPq) Apresenta\u00e7\u00e3o: O grupo de pesquisa SANKOFA: Rela\u00e7\u00f5es \u00e9tnico raciais, mem\u00f3ria, cidadania e Direitos Humanos dever\u00e1 integrar profissionais de diferentes \u00e1reas e campos de atua\u00e7\u00e3o que desejarem compartilhar do nosso mesmo objetivo: estudar como vivem as comunidades afro-descentes a [&hellip;]<\/p>\n","protected":false},"author":209,"featured_media":0,"parent":0,"menu_order":0,"comment_status":"closed","ping_status":"closed","template":"","meta":{"_exactmetrics_skip_tracking":false,"_exactmetrics_sitenote_active":false,"_exactmetrics_sitenote_note":"","_exactmetrics_sitenote_category":0,"footnotes":""},"categories":[11,10,12,200,3,32,20,2,137,43,4,18,27,19,26,28,115],"tags":[],"class_list":["post-203","page","type-page","status-publish","hentry","category-africa-antiga","category-antropologia","category-arqueologia","category-arte-africana","category-ciencias","category-desenvolvimento-academico","category-escravidao","category-historia","category-historia-contemporanea","category-historia-da-ciencia","category-historiografia","category-negritude","category-projeto-de-extensao","category-racismo","category-saude-e-adocimento","category-tempo-comunidade","category-trafico-negreiro"],"_links":{"self":[{"href":"https:\/\/www.professores.uff.br\/juliocesarmedeiros\/wp-json\/wp\/v2\/pages\/203","targetHints":{"allow":["GET"]}}],"collection":[{"href":"https:\/\/www.professores.uff.br\/juliocesarmedeiros\/wp-json\/wp\/v2\/pages"}],"about":[{"href":"https:\/\/www.professores.uff.br\/juliocesarmedeiros\/wp-json\/wp\/v2\/types\/page"}],"author":[{"embeddable":true,"href":"https:\/\/www.professores.uff.br\/juliocesarmedeiros\/wp-json\/wp\/v2\/users\/209"}],"replies":[{"embeddable":true,"href":"https:\/\/www.professores.uff.br\/juliocesarmedeiros\/wp-json\/wp\/v2\/comments?post=203"}],"version-history":[{"count":9,"href":"https:\/\/www.professores.uff.br\/juliocesarmedeiros\/wp-json\/wp\/v2\/pages\/203\/revisions"}],"predecessor-version":[{"id":792,"href":"https:\/\/www.professores.uff.br\/juliocesarmedeiros\/wp-json\/wp\/v2\/pages\/203\/revisions\/792"}],"wp:attachment":[{"href":"https:\/\/www.professores.uff.br\/juliocesarmedeiros\/wp-json\/wp\/v2\/media?parent=203"}],"wp:term":[{"taxonomy":"category","embeddable":true,"href":"https:\/\/www.professores.uff.br\/juliocesarmedeiros\/wp-json\/wp\/v2\/categories?post=203"},{"taxonomy":"post_tag","embeddable":true,"href":"https:\/\/www.professores.uff.br\/juliocesarmedeiros\/wp-json\/wp\/v2\/tags?post=203"}],"curies":[{"name":"wp","href":"https:\/\/api.w.org\/{rel}","templated":true}]}}