{"id":230,"date":"2018-12-15T21:05:38","date_gmt":"2018-12-15T23:05:38","guid":{"rendered":"http:\/\/www.professores.uff.br\/juliocesarmedeiros\/?page_id=230"},"modified":"2018-12-15T21:14:50","modified_gmt":"2018-12-15T23:14:50","slug":"a-escravidao-nos-documentos-paroquiais-em-santo-antonio-de-padua-no-brasil-colonia","status":"publish","type":"page","link":"https:\/\/www.professores.uff.br\/juliocesarmedeiros\/pesquisas\/a-escravidao-nos-documentos-paroquiais-em-santo-antonio-de-padua-no-brasil-colonia\/","title":{"rendered":"A escravid\u00e3o nos documentos paroquiais em Santo Ant\u00f4nio de P\u00e1dua, no Brasil Col\u00f4nia"},"content":{"rendered":"<h1>A escravid\u00e3o nos documentos paroquiais em Santo Ant\u00f4nio de P\u00e1dua, no Brasil Col\u00f4nia<\/h1>\n<p style=\"text-align: right\">(Projeto desenvolvido junto ao Desenvolvomento Acad\u00eamico)<\/p>\n<p>Apresenta\u00e7\u00e3o<\/p>\n<p>Este projeto se prop\u00f5e a um estudo dos registros coevos \u00e0 escravid\u00e3o encontrados nos documentos paroquiais em Santo Ant\u00f4nio de P\u00e1dua<\/p>\n<p>&nbsp;<\/p>\n<ol>\n<li>Aprender acerca dos diversos tipos de registros paroquiais e a sua import\u00e2ncia para o estudo da sociedade brasileira;<\/li>\n<li>Compreender como o negro \u00e9 retratado em tais registros;<\/li>\n<li>Relacionar os principais documentos paroquiais ao per\u00edodo hist\u00f3rico estudado;<\/li>\n<li>identificar os principais registros sobre escravos nas documenta\u00e7\u00f5es paroquiais<\/li>\n<\/ol>\n<p>&nbsp;<\/p>\n<p>Entender como se fazia tais registros e o papel da igreja Cat\u00f3lica como guardi\u00e3 deste mem\u00f3ria;<\/p>\n<p>Ser capaz de produzir um texto final sobre tema<\/p>\n<p>Apresentar a pesquisa na Semana de Desenvolvimento Acad\u00eamico na UFF<\/p>\n<p>&nbsp;<\/p>\n<p>&nbsp;<\/p>\n","protected":false},"excerpt":{"rendered":"<p>A escravid\u00e3o nos documentos paroquiais em Santo Ant\u00f4nio de P\u00e1dua, no Brasil Col\u00f4nia (Projeto desenvolvido junto ao Desenvolvomento Acad\u00eamico) Apresenta\u00e7\u00e3o Este projeto se prop\u00f5e a um estudo dos registros coevos \u00e0 escravid\u00e3o encontrados nos documentos paroquiais em Santo Ant\u00f4nio de P\u00e1dua &nbsp; Aprender acerca dos diversos tipos de registros paroquiais e a sua import\u00e2ncia para [&hellip;]<\/p>\n","protected":false},"author":209,"featured_media":0,"parent":58,"menu_order":3,"comment_status":"closed","ping_status":"closed","template":"","meta":{"_exactmetrics_skip_tracking":false,"_exactmetrics_sitenote_active":false,"_exactmetrics_sitenote_note":"","_exactmetrics_sitenote_category":0,"footnotes":""},"categories":[32,22,2,4],"tags":[],"class_list":["post-230","page","type-page","status-publish","hentry","category-desenvolvimento-academico","category-escravidao-historia","category-historia","category-historiografia"],"_links":{"self":[{"href":"https:\/\/www.professores.uff.br\/juliocesarmedeiros\/wp-json\/wp\/v2\/pages\/230","targetHints":{"allow":["GET"]}}],"collection":[{"href":"https:\/\/www.professores.uff.br\/juliocesarmedeiros\/wp-json\/wp\/v2\/pages"}],"about":[{"href":"https:\/\/www.professores.uff.br\/juliocesarmedeiros\/wp-json\/wp\/v2\/types\/page"}],"author":[{"embeddable":true,"href":"https:\/\/www.professores.uff.br\/juliocesarmedeiros\/wp-json\/wp\/v2\/users\/209"}],"replies":[{"embeddable":true,"href":"https:\/\/www.professores.uff.br\/juliocesarmedeiros\/wp-json\/wp\/v2\/comments?post=230"}],"version-history":[{"count":1,"href":"https:\/\/www.professores.uff.br\/juliocesarmedeiros\/wp-json\/wp\/v2\/pages\/230\/revisions"}],"predecessor-version":[{"id":233,"href":"https:\/\/www.professores.uff.br\/juliocesarmedeiros\/wp-json\/wp\/v2\/pages\/230\/revisions\/233"}],"up":[{"embeddable":true,"href":"https:\/\/www.professores.uff.br\/juliocesarmedeiros\/wp-json\/wp\/v2\/pages\/58"}],"wp:attachment":[{"href":"https:\/\/www.professores.uff.br\/juliocesarmedeiros\/wp-json\/wp\/v2\/media?parent=230"}],"wp:term":[{"taxonomy":"category","embeddable":true,"href":"https:\/\/www.professores.uff.br\/juliocesarmedeiros\/wp-json\/wp\/v2\/categories?post=230"},{"taxonomy":"post_tag","embeddable":true,"href":"https:\/\/www.professores.uff.br\/juliocesarmedeiros\/wp-json\/wp\/v2\/tags?post=230"}],"curies":[{"name":"wp","href":"https:\/\/api.w.org\/{rel}","templated":true}]}}