{"id":323,"date":"2018-12-21T18:02:37","date_gmt":"2018-12-21T20:02:37","guid":{"rendered":"http:\/\/www.professores.uff.br\/juliocesarmedeiros\/?page_id=323"},"modified":"2020-01-15T19:52:40","modified_gmt":"2020-01-15T22:52:40","slug":"youtube","status":"publish","type":"page","link":"https:\/\/www.professores.uff.br\/juliocesarmedeiros\/youtube\/","title":{"rendered":"Videos no Youtube (Hist\u00f3ria+)"},"content":{"rendered":"<p>Videos e document\u00e1rios produzidos no Youtube<\/p>\n<p>\u00a0<\/p>\n\n\n<figure class=\"wp-block-embed-youtube wp-block-embed is-type-video is-provider-youtube wp-embed-aspect-16-9 wp-has-aspect-ratio\"><div class=\"wp-block-embed__wrapper\">\n<iframe loading=\"lazy\" title=\"Entenda o Conflito entre Os Estados Unidos e o Ir\u00e3. Veja neste breve  Resumo\" width=\"500\" height=\"281\" src=\"https:\/\/www.youtube.com\/embed\/U-wAe7w2_so?feature=oembed\" frameborder=\"0\" allow=\"accelerometer; autoplay; clipboard-write; encrypted-media; gyroscope; picture-in-picture; web-share\" referrerpolicy=\"strict-origin-when-cross-origin\" allowfullscreen><\/iframe>\n<\/div><figcaption> Entenda o Conflito entre Os Estados Unidos e o Ir\u00e3. Veja neste breve  Resumo <\/figcaption><\/figure>\n\n\n\n<figure class=\"wp-block-embed-youtube wp-block-embed is-type-video is-provider-youtube wp-embed-aspect-16-9 wp-has-aspect-ratio\"><div class=\"wp-block-embed__wrapper\">\n<iframe loading=\"lazy\" title=\"Document\u00e1rio Sa\u00fade e Vulnerabilidade. Expedi\u00e7\u00e3o no Quilombo do Campinho da Independ\u00eancia em Paraty\" width=\"500\" height=\"281\" src=\"https:\/\/www.youtube.com\/embed\/yhauPVtl-A0?start=4&#038;feature=oembed\" frameborder=\"0\" allow=\"accelerometer; autoplay; clipboard-write; encrypted-media; gyroscope; picture-in-picture; web-share\" referrerpolicy=\"strict-origin-when-cross-origin\" allowfullscreen><\/iframe>\n<\/div><figcaption>Document\u00e1rio sobre os cuidados com a Doen\u00e7a falciforme em Paraty, pelos aluno do Curso Interdisciplinar em Educa\u00e7\u00e3o do Campo, da UFF\/INFES. <\/figcaption><\/figure>\n\n\n\n<figure class=\"wp-block-embed-youtube wp-block-embed is-type-video is-provider-youtube wp-embed-aspect-16-9 wp-has-aspect-ratio\"><div class=\"wp-block-embed__wrapper\">\n<iframe loading=\"lazy\" title=\"Document\u00e1rio Sa\u00fade e Adoecimento de Popula\u00e7\u00f5es quilombolas: Doeen\u00e7a Falciforme\" width=\"500\" height=\"281\" src=\"https:\/\/www.youtube.com\/embed\/G5w0nc4QOuw?start=4&#038;feature=oembed\" frameborder=\"0\" allow=\"accelerometer; autoplay; clipboard-write; encrypted-media; gyroscope; picture-in-picture; web-share\" referrerpolicy=\"strict-origin-when-cross-origin\" allowfullscreen><\/iframe>\n<\/div><figcaption> <br>Documentario produzido pelos alunos do curso de Licenciatura Especial em Educa\u00e7\u00e3o do Campo, da UFF, campus Santo Ant\u00f4nio de P\u00e1dua, como trabalho final do Tempo Comunidade 18.2, sob a coordena\u00e7\u00e3o do Prof. J\u00falio C\u00e9sar Medeiros.  <\/figcaption><\/figure>\n\n\n\n<figure class=\"wp-block-embed-youtube wp-block-embed is-type-video is-provider-youtube wp-embed-aspect-16-9 wp-has-aspect-ratio\"><div class=\"wp-block-embed__wrapper\">\n<iframe loading=\"lazy\" title=\"Document\u00e1rio Grandes Fazendas e escravarias: vestigios da escravid\u00e3o na regi\u00e3o Noroeste\" width=\"500\" height=\"281\" src=\"https:\/\/www.youtube.com\/embed\/EMGWiPTuw_E?feature=oembed\" frameborder=\"0\" allow=\"accelerometer; autoplay; clipboard-write; encrypted-media; gyroscope; picture-in-picture; web-share\" referrerpolicy=\"strict-origin-when-cross-origin\" allowfullscreen><\/iframe>\n<\/div><figcaption> <br>Pesquisa de Investiga\u00e7\u00e3o Hist\u00f3rica na Regi\u00e3o Noroeste (P\u00e1dua) \u00e0 procura das marcas deixadas pelo passado escravista, realizada pelos alunos bolsistas do Projeto Acad\u00eamico da UFF e o N\u00facleo de Estudo Sankofa. (1\u00ba Semestre de 2016) <\/figcaption><\/figure>\n\n\n\n<figure class=\"wp-block-embed-youtube wp-block-embed is-type-video is-provider-youtube wp-embed-aspect-16-9 wp-has-aspect-ratio\"><div class=\"wp-block-embed__wrapper\">\n<iframe loading=\"lazy\" title=\"Afrocentricidade e identidade afro-brasileira (Pensando Com a Hist\u00f3ria)\" width=\"500\" height=\"281\" src=\"https:\/\/www.youtube.com\/embed\/MKXwVj35A94?feature=oembed\" frameborder=\"0\" allow=\"accelerometer; autoplay; clipboard-write; encrypted-media; gyroscope; picture-in-picture; web-share\" referrerpolicy=\"strict-origin-when-cross-origin\" allowfullscreen><\/iframe>\n<\/div><figcaption> <br>rof. Dr. J\u00falio C\u00e9sar Medeiros fala sobre a obra de Sobonfu Som\u00e9, afrocentricidade e identidade afro-brasileira (Pensando Com a Hist\u00f3ria) <\/figcaption><\/figure>\n\n\n\n<figure class=\"wp-block-embed-youtube wp-block-embed is-type-video is-provider-youtube wp-embed-aspect-16-9 wp-has-aspect-ratio\"><div class=\"wp-block-embed__wrapper\">\n<iframe loading=\"lazy\" title=\"O que s\u00e3o Privil\u00e9gios? Jogo do Privil\u00e9gio na UFF\/INFES\" width=\"500\" height=\"281\" src=\"https:\/\/www.youtube.com\/embed\/f00UN6_LwlA?feature=oembed\" frameborder=\"0\" allow=\"accelerometer; autoplay; clipboard-write; encrypted-media; gyroscope; picture-in-picture; web-share\" referrerpolicy=\"strict-origin-when-cross-origin\" allowfullscreen><\/iframe>\n<\/div><figcaption> <br>Prof. Dr. J\u00falio C\u00e9sar Medeiros apresenta um epis\u00f3dio no Hist\u00f3ria + sobre o que s\u00e3o privil\u00e9gios. A aplica\u00e7\u00e3o do jogo dos privil\u00e9gios em sua turma de Oficina de Direitos Humanos e Cidadania no INFES, UFF de Santo Ant\u00f4nio de P\u00e1dua trar\u00e1 profundas reflex\u00f5es sobre as condi\u00e7\u00f5es dos privil\u00e9gios em nossa sociedade <\/figcaption><\/figure>\n","protected":false},"excerpt":{"rendered":"<p>Videos e document\u00e1rios produzidos no Youtube \u00a0<\/p>\n","protected":false},"author":209,"featured_media":219,"parent":0,"menu_order":0,"comment_status":"open","ping_status":"closed","template":"","meta":{"_exactmetrics_skip_tracking":false,"_exactmetrics_sitenote_active":false,"_exactmetrics_sitenote_note":"","_exactmetrics_sitenote_category":0,"footnotes":""},"categories":[20,22,2,43,18,21,23,26,28],"tags":[],"class_list":["post-323","page","type-page","status-publish","has-post-thumbnail","hentry","category-escravidao","category-escravidao-historia","category-historia","category-historia-da-ciencia","category-negritude","category-negritude-historia","category-racismo-historia","category-saude-e-adocimento","category-tempo-comunidade"],"_links":{"self":[{"href":"https:\/\/www.professores.uff.br\/juliocesarmedeiros\/wp-json\/wp\/v2\/pages\/323","targetHints":{"allow":["GET"]}}],"collection":[{"href":"https:\/\/www.professores.uff.br\/juliocesarmedeiros\/wp-json\/wp\/v2\/pages"}],"about":[{"href":"https:\/\/www.professores.uff.br\/juliocesarmedeiros\/wp-json\/wp\/v2\/types\/page"}],"author":[{"embeddable":true,"href":"https:\/\/www.professores.uff.br\/juliocesarmedeiros\/wp-json\/wp\/v2\/users\/209"}],"replies":[{"embeddable":true,"href":"https:\/\/www.professores.uff.br\/juliocesarmedeiros\/wp-json\/wp\/v2\/comments?post=323"}],"version-history":[{"count":16,"href":"https:\/\/www.professores.uff.br\/juliocesarmedeiros\/wp-json\/wp\/v2\/pages\/323\/revisions"}],"predecessor-version":[{"id":506,"href":"https:\/\/www.professores.uff.br\/juliocesarmedeiros\/wp-json\/wp\/v2\/pages\/323\/revisions\/506"}],"wp:featuredmedia":[{"embeddable":true,"href":"https:\/\/www.professores.uff.br\/juliocesarmedeiros\/wp-json\/wp\/v2\/media\/219"}],"wp:attachment":[{"href":"https:\/\/www.professores.uff.br\/juliocesarmedeiros\/wp-json\/wp\/v2\/media?parent=323"}],"wp:term":[{"taxonomy":"category","embeddable":true,"href":"https:\/\/www.professores.uff.br\/juliocesarmedeiros\/wp-json\/wp\/v2\/categories?post=323"},{"taxonomy":"post_tag","embeddable":true,"href":"https:\/\/www.professores.uff.br\/juliocesarmedeiros\/wp-json\/wp\/v2\/tags?post=323"}],"curies":[{"name":"wp","href":"https:\/\/api.w.org\/{rel}","templated":true}]}}