{"id":435,"date":"2019-09-17T11:34:25","date_gmt":"2019-09-17T14:34:25","guid":{"rendered":"http:\/\/www.professores.uff.br\/juliocesarmedeiros\/?page_id=435"},"modified":"2022-06-23T23:55:08","modified_gmt":"2022-06-24T02:55:08","slug":"projeto-de-extensao-saude-e-adoecimento-das-populacoes-quilombolas-e-afro-descendentes-enfase-em-doenca-falciforme","status":"publish","type":"page","link":"https:\/\/www.professores.uff.br\/juliocesarmedeiros\/pesquisas\/projeto-de-extensao-saude-e-adoecimento-das-populacoes-quilombolas-e-afro-descendentes-enfase-em-doenca-falciforme\/","title":{"rendered":"Projeto de extens\u00e3o: \u201cSa\u00fade e Adoecimento das popula\u00e7\u00f5es Quilombolas e Afro-descendentes (\u00eanfase em Doen\u00e7a falciforme)&#8221;"},"content":{"rendered":"\n<p>Cartilha on line, produzida pelos alunos visando esclarecer sobre a doen\u00e7a falciforme e a popula\u00e7\u00e3o afrodescendente<\/p>\n\n\n\n<figure class=\"wp-block-image\"><img loading=\"lazy\" decoding=\"async\" width=\"1024\" height=\"1024\" src=\"http:\/\/www.professores.uff.br\/juliocesarmedeiros\/wp-content\/uploads\/sites\/191\/2019\/09\/Vers\u00e3o-Web-Professor-Julio-1-1024x1024.jpg\" alt=\"\" class=\"wp-image-436\" srcset=\"https:\/\/www.professores.uff.br\/juliocesarmedeiros\/wp-content\/uploads\/sites\/191\/2019\/09\/Vers\u00e3o-Web-Professor-Julio-1-1024x1024.jpg 1024w, https:\/\/www.professores.uff.br\/juliocesarmedeiros\/wp-content\/uploads\/sites\/191\/2019\/09\/Vers\u00e3o-Web-Professor-Julio-1-150x150.jpg 150w, https:\/\/www.professores.uff.br\/juliocesarmedeiros\/wp-content\/uploads\/sites\/191\/2019\/09\/Vers\u00e3o-Web-Professor-Julio-1-300x300.jpg 300w, https:\/\/www.professores.uff.br\/juliocesarmedeiros\/wp-content\/uploads\/sites\/191\/2019\/09\/Vers\u00e3o-Web-Professor-Julio-1-768x768.jpg 768w\" sizes=\"auto, (max-width: 1024px) 100vw, 1024px\" \/><\/figure>\n\n\n\n<figure class=\"wp-block-image\"><img loading=\"lazy\" decoding=\"async\" width=\"1024\" height=\"1024\" src=\"http:\/\/www.professores.uff.br\/juliocesarmedeiros\/wp-content\/uploads\/sites\/191\/2019\/09\/Vers\u00e3o-Web-Professor-Julio-2-1024x1024.jpg\" alt=\"\" class=\"wp-image-437\" srcset=\"https:\/\/www.professores.uff.br\/juliocesarmedeiros\/wp-content\/uploads\/sites\/191\/2019\/09\/Vers\u00e3o-Web-Professor-Julio-2-1024x1024.jpg 1024w, https:\/\/www.professores.uff.br\/juliocesarmedeiros\/wp-content\/uploads\/sites\/191\/2019\/09\/Vers\u00e3o-Web-Professor-Julio-2-150x150.jpg 150w, https:\/\/www.professores.uff.br\/juliocesarmedeiros\/wp-content\/uploads\/sites\/191\/2019\/09\/Vers\u00e3o-Web-Professor-Julio-2-300x300.jpg 300w, https:\/\/www.professores.uff.br\/juliocesarmedeiros\/wp-content\/uploads\/sites\/191\/2019\/09\/Vers\u00e3o-Web-Professor-Julio-2-768x768.jpg 768w\" sizes=\"auto, (max-width: 1024px) 100vw, 1024px\" \/><\/figure>\n\n\n\n<figure class=\"wp-block-image\"><img loading=\"lazy\" decoding=\"async\" width=\"1024\" height=\"1024\" src=\"http:\/\/www.professores.uff.br\/juliocesarmedeiros\/wp-content\/uploads\/sites\/191\/2019\/09\/Vers\u00e3o-Web-Professor-Julio-3-1024x1024.jpg\" alt=\"\" class=\"wp-image-438\" srcset=\"https:\/\/www.professores.uff.br\/juliocesarmedeiros\/wp-content\/uploads\/sites\/191\/2019\/09\/Vers\u00e3o-Web-Professor-Julio-3-1024x1024.jpg 1024w, https:\/\/www.professores.uff.br\/juliocesarmedeiros\/wp-content\/uploads\/sites\/191\/2019\/09\/Vers\u00e3o-Web-Professor-Julio-3-150x150.jpg 150w, https:\/\/www.professores.uff.br\/juliocesarmedeiros\/wp-content\/uploads\/sites\/191\/2019\/09\/Vers\u00e3o-Web-Professor-Julio-3-300x300.jpg 300w, https:\/\/www.professores.uff.br\/juliocesarmedeiros\/wp-content\/uploads\/sites\/191\/2019\/09\/Vers\u00e3o-Web-Professor-Julio-3-768x768.jpg 768w\" sizes=\"auto, (max-width: 1024px) 100vw, 1024px\" \/><\/figure>\n\n\n\n<figure class=\"wp-block-image\"><img loading=\"lazy\" decoding=\"async\" width=\"1024\" height=\"1024\" src=\"http:\/\/www.professores.uff.br\/juliocesarmedeiros\/wp-content\/uploads\/sites\/191\/2019\/09\/Vers\u00e3o-Web-Professor-Julio-4-1024x1024.jpg\" alt=\"\" class=\"wp-image-439\" srcset=\"https:\/\/www.professores.uff.br\/juliocesarmedeiros\/wp-content\/uploads\/sites\/191\/2019\/09\/Vers\u00e3o-Web-Professor-Julio-4-1024x1024.jpg 1024w, https:\/\/www.professores.uff.br\/juliocesarmedeiros\/wp-content\/uploads\/sites\/191\/2019\/09\/Vers\u00e3o-Web-Professor-Julio-4-150x150.jpg 150w, https:\/\/www.professores.uff.br\/juliocesarmedeiros\/wp-content\/uploads\/sites\/191\/2019\/09\/Vers\u00e3o-Web-Professor-Julio-4-300x300.jpg 300w, https:\/\/www.professores.uff.br\/juliocesarmedeiros\/wp-content\/uploads\/sites\/191\/2019\/09\/Vers\u00e3o-Web-Professor-Julio-4-768x768.jpg 768w\" sizes=\"auto, (max-width: 1024px) 100vw, 1024px\" \/><\/figure>\n\n\n\n<figure class=\"wp-block-image\"><img loading=\"lazy\" decoding=\"async\" width=\"1024\" height=\"1024\" src=\"http:\/\/www.professores.uff.br\/juliocesarmedeiros\/wp-content\/uploads\/sites\/191\/2019\/09\/Vers\u00e3o-Web-Professor-Julio-5-1024x1024.jpg\" alt=\"\" class=\"wp-image-440\" srcset=\"https:\/\/www.professores.uff.br\/juliocesarmedeiros\/wp-content\/uploads\/sites\/191\/2019\/09\/Vers\u00e3o-Web-Professor-Julio-5-1024x1024.jpg 1024w, https:\/\/www.professores.uff.br\/juliocesarmedeiros\/wp-content\/uploads\/sites\/191\/2019\/09\/Vers\u00e3o-Web-Professor-Julio-5-150x150.jpg 150w, https:\/\/www.professores.uff.br\/juliocesarmedeiros\/wp-content\/uploads\/sites\/191\/2019\/09\/Vers\u00e3o-Web-Professor-Julio-5-300x300.jpg 300w, https:\/\/www.professores.uff.br\/juliocesarmedeiros\/wp-content\/uploads\/sites\/191\/2019\/09\/Vers\u00e3o-Web-Professor-Julio-5-768x768.jpg 768w\" sizes=\"auto, (max-width: 1024px) 100vw, 1024px\" \/><\/figure>\n\n\n\n<figure class=\"wp-block-image\"><img loading=\"lazy\" decoding=\"async\" width=\"1024\" height=\"1024\" src=\"http:\/\/www.professores.uff.br\/juliocesarmedeiros\/wp-content\/uploads\/sites\/191\/2019\/09\/Vers\u00e3o-Web-Professor-Julio-6-1024x1024.jpg\" alt=\"Cartilha produzida pelos alunos do projeto de extens\u00e3o Saude e adoeciemento das popula\u00e7\u00f5es quillobolas e afrodescendentes (enfasze em doen\u00e7a Falciforme)\" class=\"wp-image-441\" srcset=\"https:\/\/www.professores.uff.br\/juliocesarmedeiros\/wp-content\/uploads\/sites\/191\/2019\/09\/Vers\u00e3o-Web-Professor-Julio-6-1024x1024.jpg 1024w, https:\/\/www.professores.uff.br\/juliocesarmedeiros\/wp-content\/uploads\/sites\/191\/2019\/09\/Vers\u00e3o-Web-Professor-Julio-6-150x150.jpg 150w, https:\/\/www.professores.uff.br\/juliocesarmedeiros\/wp-content\/uploads\/sites\/191\/2019\/09\/Vers\u00e3o-Web-Professor-Julio-6-300x300.jpg 300w, https:\/\/www.professores.uff.br\/juliocesarmedeiros\/wp-content\/uploads\/sites\/191\/2019\/09\/Vers\u00e3o-Web-Professor-Julio-6-768x768.jpg 768w\" sizes=\"auto, (max-width: 1024px) 100vw, 1024px\" \/><\/figure>\n","protected":false},"excerpt":{"rendered":"<p>Cartilha on line, produzida pelos alunos visando esclarecer sobre a doen\u00e7a falciforme e a popula\u00e7\u00e3o afrodescendente<\/p>\n","protected":false},"author":209,"featured_media":436,"parent":58,"menu_order":0,"comment_status":"closed","ping_status":"closed","template":"","meta":{"_exactmetrics_skip_tracking":false,"_exactmetrics_sitenote_active":false,"_exactmetrics_sitenote_note":"","_exactmetrics_sitenote_category":0,"footnotes":""},"categories":[3,22,20,21,27,23,25,26,28],"tags":[319,320,40,99],"class_list":["post-435","page","type-page","status-publish","has-post-thumbnail","hentry","category-ciencias","category-escravidao-historia","category-escravidao","category-negritude-historia","category-projeto-de-extensao","category-racismo-historia","category-saude","category-saude-e-adocimento","category-tempo-comunidade","tag-saudeescravidao","tag-tempocomunidade","tag-tempocomunidade-doencafalciforme","tag-saude"],"_links":{"self":[{"href":"https:\/\/www.professores.uff.br\/juliocesarmedeiros\/wp-json\/wp\/v2\/pages\/435","targetHints":{"allow":["GET"]}}],"collection":[{"href":"https:\/\/www.professores.uff.br\/juliocesarmedeiros\/wp-json\/wp\/v2\/pages"}],"about":[{"href":"https:\/\/www.professores.uff.br\/juliocesarmedeiros\/wp-json\/wp\/v2\/types\/page"}],"author":[{"embeddable":true,"href":"https:\/\/www.professores.uff.br\/juliocesarmedeiros\/wp-json\/wp\/v2\/users\/209"}],"replies":[{"embeddable":true,"href":"https:\/\/www.professores.uff.br\/juliocesarmedeiros\/wp-json\/wp\/v2\/comments?post=435"}],"version-history":[{"count":2,"href":"https:\/\/www.professores.uff.br\/juliocesarmedeiros\/wp-json\/wp\/v2\/pages\/435\/revisions"}],"predecessor-version":[{"id":469,"href":"https:\/\/www.professores.uff.br\/juliocesarmedeiros\/wp-json\/wp\/v2\/pages\/435\/revisions\/469"}],"up":[{"embeddable":true,"href":"https:\/\/www.professores.uff.br\/juliocesarmedeiros\/wp-json\/wp\/v2\/pages\/58"}],"wp:featuredmedia":[{"embeddable":true,"href":"https:\/\/www.professores.uff.br\/juliocesarmedeiros\/wp-json\/wp\/v2\/media\/436"}],"wp:attachment":[{"href":"https:\/\/www.professores.uff.br\/juliocesarmedeiros\/wp-json\/wp\/v2\/media?parent=435"}],"wp:term":[{"taxonomy":"category","embeddable":true,"href":"https:\/\/www.professores.uff.br\/juliocesarmedeiros\/wp-json\/wp\/v2\/categories?post=435"},{"taxonomy":"post_tag","embeddable":true,"href":"https:\/\/www.professores.uff.br\/juliocesarmedeiros\/wp-json\/wp\/v2\/tags?post=435"}],"curies":[{"name":"wp","href":"https:\/\/api.w.org\/{rel}","templated":true}]}}