{"id":455,"date":"2019-11-19T16:39:02","date_gmt":"2019-11-19T19:39:02","guid":{"rendered":"http:\/\/www.professores.uff.br\/juliocesarmedeiros\/?page_id=455"},"modified":"2019-11-19T16:39:02","modified_gmt":"2019-11-19T19:39:02","slug":"eventos-2","status":"publish","type":"page","link":"https:\/\/www.professores.uff.br\/juliocesarmedeiros\/eventos-2\/","title":{"rendered":"Eventos"},"content":{"rendered":"\n<figure class=\"wp-block-image\"><img loading=\"lazy\" decoding=\"async\" width=\"960\" height=\"540\" src=\"http:\/\/www.professores.uff.br\/juliocesarmedeiros\/wp-content\/uploads\/sites\/191\/2019\/11\/evento-vai-ler.jpeg\" alt=\"\" class=\"wp-image-456\" srcset=\"https:\/\/www.professores.uff.br\/juliocesarmedeiros\/wp-content\/uploads\/sites\/191\/2019\/11\/evento-vai-ler.jpeg 960w, https:\/\/www.professores.uff.br\/juliocesarmedeiros\/wp-content\/uploads\/sites\/191\/2019\/11\/evento-vai-ler-300x169.jpeg 300w, https:\/\/www.professores.uff.br\/juliocesarmedeiros\/wp-content\/uploads\/sites\/191\/2019\/11\/evento-vai-ler-768x432.jpeg 768w\" sizes=\"auto, (max-width: 960px) 100vw, 960px\" \/><figcaption>5\u00aa feira de 10h \u00e0s 16h \u00e9 a comemora\u00e7\u00e3o do 1\u00ba ano do Projeto Vai Ler ou Vai Amarelar  no Espa\u00e7o do Hotel Deolinda, no centro de P\u00e1dua\/RJ. <br> \ud83d\udcda Teremos um lanche especial e bolo de anivers\u00e1rio proporcionado por nossos apoiadores! <br> \ud83d\udcda \u00c9 s\u00f3 chegar! \ud83d\udcda<\/figcaption><\/figure>\n\n\n\n<figure class=\"wp-block-image\"><img loading=\"lazy\" decoding=\"async\" width=\"960\" height=\"540\" src=\"http:\/\/www.professores.uff.br\/juliocesarmedeiros\/wp-content\/uploads\/sites\/191\/2019\/11\/mutir\u00e3o.jpeg\" alt=\"\" class=\"wp-image-457\" srcset=\"https:\/\/www.professores.uff.br\/juliocesarmedeiros\/wp-content\/uploads\/sites\/191\/2019\/11\/mutir\u00e3o.jpeg 960w, https:\/\/www.professores.uff.br\/juliocesarmedeiros\/wp-content\/uploads\/sites\/191\/2019\/11\/mutir\u00e3o-300x169.jpeg 300w, https:\/\/www.professores.uff.br\/juliocesarmedeiros\/wp-content\/uploads\/sites\/191\/2019\/11\/mutir\u00e3o-768x432.jpeg 768w\" sizes=\"auto, (max-width: 960px) 100vw, 960px\" \/><figcaption>Conhe\u00e7a um pouco mais da Gradua\u00e7\u00e3o <br> Interdisciplinar em Educa\u00e7\u00e3o do Campo UFF <br> em Santo Ant\u00f4nio de P\u00e1dua\/RJ<br><a href=\"http:\/\/instagram.com\/teialab\">http:\/\/instagram.com\/teialab<\/a><br> #educacaodocampouff<\/figcaption><\/figure>\n","protected":false},"excerpt":{"rendered":"","protected":false},"author":209,"featured_media":458,"parent":0,"menu_order":0,"comment_status":"closed","ping_status":"closed","template":"","meta":{"_exactmetrics_skip_tracking":false,"_exactmetrics_sitenote_active":false,"_exactmetrics_sitenote_note":"","_exactmetrics_sitenote_category":0,"footnotes":""},"categories":[1],"tags":[],"class_list":["post-455","page","type-page","status-publish","has-post-thumbnail","hentry","category-sem-categoria"],"_links":{"self":[{"href":"https:\/\/www.professores.uff.br\/juliocesarmedeiros\/wp-json\/wp\/v2\/pages\/455","targetHints":{"allow":["GET"]}}],"collection":[{"href":"https:\/\/www.professores.uff.br\/juliocesarmedeiros\/wp-json\/wp\/v2\/pages"}],"about":[{"href":"https:\/\/www.professores.uff.br\/juliocesarmedeiros\/wp-json\/wp\/v2\/types\/page"}],"author":[{"embeddable":true,"href":"https:\/\/www.professores.uff.br\/juliocesarmedeiros\/wp-json\/wp\/v2\/users\/209"}],"replies":[{"embeddable":true,"href":"https:\/\/www.professores.uff.br\/juliocesarmedeiros\/wp-json\/wp\/v2\/comments?post=455"}],"version-history":[{"count":1,"href":"https:\/\/www.professores.uff.br\/juliocesarmedeiros\/wp-json\/wp\/v2\/pages\/455\/revisions"}],"predecessor-version":[{"id":460,"href":"https:\/\/www.professores.uff.br\/juliocesarmedeiros\/wp-json\/wp\/v2\/pages\/455\/revisions\/460"}],"wp:featuredmedia":[{"embeddable":true,"href":"https:\/\/www.professores.uff.br\/juliocesarmedeiros\/wp-json\/wp\/v2\/media\/458"}],"wp:attachment":[{"href":"https:\/\/www.professores.uff.br\/juliocesarmedeiros\/wp-json\/wp\/v2\/media?parent=455"}],"wp:term":[{"taxonomy":"category","embeddable":true,"href":"https:\/\/www.professores.uff.br\/juliocesarmedeiros\/wp-json\/wp\/v2\/categories?post=455"},{"taxonomy":"post_tag","embeddable":true,"href":"https:\/\/www.professores.uff.br\/juliocesarmedeiros\/wp-json\/wp\/v2\/tags?post=455"}],"curies":[{"name":"wp","href":"https:\/\/api.w.org\/{rel}","templated":true}]}}