{"id":642,"date":"2021-03-09T19:50:12","date_gmt":"2021-03-09T22:50:12","guid":{"rendered":"http:\/\/www.professores.uff.br\/juliocesarmedeiros\/?page_id=642"},"modified":"2021-03-09T19:50:12","modified_gmt":"2021-03-09T22:50:12","slug":"historia-contemporanea-i","status":"publish","type":"page","link":"https:\/\/www.professores.uff.br\/juliocesarmedeiros\/disciplinas-2\/historia-contemporanea-i\/","title":{"rendered":"Hist\u00f3ria Contempor\u00e2nea I"},"content":{"rendered":"\n<figure class=\"wp-block-image size-large is-resized\"><img loading=\"lazy\" decoding=\"async\" src=\"http:\/\/www.professores.uff.br\/juliocesarmedeiros\/wp-content\/uploads\/sites\/191\/2019\/10\/Liberalismo-1.jpg\" alt=\"\" class=\"wp-image-449\" width=\"367\" height=\"293\" srcset=\"https:\/\/www.professores.uff.br\/juliocesarmedeiros\/wp-content\/uploads\/sites\/191\/2019\/10\/Liberalismo-1.jpg 1000w, https:\/\/www.professores.uff.br\/juliocesarmedeiros\/wp-content\/uploads\/sites\/191\/2019\/10\/Liberalismo-1-300x240.jpg 300w, https:\/\/www.professores.uff.br\/juliocesarmedeiros\/wp-content\/uploads\/sites\/191\/2019\/10\/Liberalismo-1-768x614.jpg 768w\" sizes=\"auto, (max-width: 367px) 100vw, 367px\" \/><\/figure>\n\n\n\n<p>Ementa:<br> O curso pretende abordar processos hist\u00f3ricos fundamentais para a forma\u00e7\u00e3o do mundo contempor\u00e2neo e da sociedade burguesa em suas dimens\u00f5es pol\u00edtica, econ\u00f4mica e cultural. Revolu\u00e7\u00f5es burguesas: industrial e francesa. O avan\u00e7o do capitalismo industrial. O Socialismo e Imperialismo<\/p>\n","protected":false},"excerpt":{"rendered":"<p>Ementa: O curso pretende abordar processos hist\u00f3ricos fundamentais para a forma\u00e7\u00e3o do mundo contempor\u00e2neo e da sociedade burguesa em suas dimens\u00f5es pol\u00edtica, econ\u00f4mica e cultural. Revolu\u00e7\u00f5es burguesas: industrial e francesa. O avan\u00e7o do capitalismo industrial. O Socialismo e Imperialismo<\/p>\n","protected":false},"author":209,"featured_media":449,"parent":639,"menu_order":0,"comment_status":"closed","ping_status":"closed","template":"","meta":{"_exactmetrics_skip_tracking":false,"_exactmetrics_sitenote_active":false,"_exactmetrics_sitenote_note":"","_exactmetrics_sitenote_category":0,"footnotes":""},"categories":[2,137],"tags":[152],"class_list":["post-642","page","type-page","status-publish","has-post-thumbnail","hentry","category-historia","category-historia-contemporanea","tag-historiacontemporanei"],"_links":{"self":[{"href":"https:\/\/www.professores.uff.br\/juliocesarmedeiros\/wp-json\/wp\/v2\/pages\/642","targetHints":{"allow":["GET"]}}],"collection":[{"href":"https:\/\/www.professores.uff.br\/juliocesarmedeiros\/wp-json\/wp\/v2\/pages"}],"about":[{"href":"https:\/\/www.professores.uff.br\/juliocesarmedeiros\/wp-json\/wp\/v2\/types\/page"}],"author":[{"embeddable":true,"href":"https:\/\/www.professores.uff.br\/juliocesarmedeiros\/wp-json\/wp\/v2\/users\/209"}],"replies":[{"embeddable":true,"href":"https:\/\/www.professores.uff.br\/juliocesarmedeiros\/wp-json\/wp\/v2\/comments?post=642"}],"version-history":[{"count":2,"href":"https:\/\/www.professores.uff.br\/juliocesarmedeiros\/wp-json\/wp\/v2\/pages\/642\/revisions"}],"predecessor-version":[{"id":644,"href":"https:\/\/www.professores.uff.br\/juliocesarmedeiros\/wp-json\/wp\/v2\/pages\/642\/revisions\/644"}],"up":[{"embeddable":true,"href":"https:\/\/www.professores.uff.br\/juliocesarmedeiros\/wp-json\/wp\/v2\/pages\/639"}],"wp:featuredmedia":[{"embeddable":true,"href":"https:\/\/www.professores.uff.br\/juliocesarmedeiros\/wp-json\/wp\/v2\/media\/449"}],"wp:attachment":[{"href":"https:\/\/www.professores.uff.br\/juliocesarmedeiros\/wp-json\/wp\/v2\/media?parent=642"}],"wp:term":[{"taxonomy":"category","embeddable":true,"href":"https:\/\/www.professores.uff.br\/juliocesarmedeiros\/wp-json\/wp\/v2\/categories?post=642"},{"taxonomy":"post_tag","embeddable":true,"href":"https:\/\/www.professores.uff.br\/juliocesarmedeiros\/wp-json\/wp\/v2\/tags?post=642"}],"curies":[{"name":"wp","href":"https:\/\/api.w.org\/{rel}","templated":true}]}}