{"id":645,"date":"2021-03-09T19:53:05","date_gmt":"2021-03-09T22:53:05","guid":{"rendered":"http:\/\/www.professores.uff.br\/juliocesarmedeiros\/?page_id=645"},"modified":"2021-03-09T19:53:05","modified_gmt":"2021-03-09T22:53:05","slug":"historia-da-africa-antiga","status":"publish","type":"page","link":"https:\/\/www.professores.uff.br\/juliocesarmedeiros\/disciplinas-2\/historia-da-africa-antiga\/","title":{"rendered":"Hist\u00f3ria da \u00c1frica Antiga"},"content":{"rendered":"\n<p><strong>Ementa<\/strong>:<\/p>\n\n\n\n<figure class=\"wp-block-image size-large\"><img loading=\"lazy\" decoding=\"async\" width=\"600\" height=\"420\" src=\"http:\/\/www.professores.uff.br\/juliocesarmedeiros\/wp-content\/uploads\/sites\/191\/2021\/03\/africa-migra\u00e7\u00f5es.jpg\" alt=\"\" class=\"wp-image-646\" srcset=\"https:\/\/www.professores.uff.br\/juliocesarmedeiros\/wp-content\/uploads\/sites\/191\/2021\/03\/africa-migra\u00e7\u00f5es.jpg 600w, https:\/\/www.professores.uff.br\/juliocesarmedeiros\/wp-content\/uploads\/sites\/191\/2021\/03\/africa-migra\u00e7\u00f5es-300x210.jpg 300w\" sizes=\"auto, (max-width: 600px) 100vw, 600px\" \/><\/figure>\n\n\n\n<p>Este curso tem por objetivo estudar a diversidade das civiliza\u00e7\u00f5es e os processos hist\u00f3ricos do continente africano no per\u00edodo antigo, no tocante a sua din\u00e2mica no terreno pol\u00edtico, econ\u00f4mico, cultural e religioso; abordando, sobretudo, as principais contribui\u00e7\u00f5es do povo africano em di\u00e1spora africana.<\/p>\n","protected":false},"excerpt":{"rendered":"<p>Ementa: Este curso tem por objetivo estudar a diversidade das civiliza\u00e7\u00f5es e os processos hist\u00f3ricos do continente africano no per\u00edodo antigo, no tocante a sua din\u00e2mica no terreno pol\u00edtico, econ\u00f4mico, cultural e religioso; abordando, sobretudo, as principais contribui\u00e7\u00f5es do povo africano em di\u00e1spora africana.<\/p>\n","protected":false},"author":209,"featured_media":646,"parent":639,"menu_order":0,"comment_status":"closed","ping_status":"closed","template":"","meta":{"_exactmetrics_skip_tracking":false,"_exactmetrics_sitenote_active":false,"_exactmetrics_sitenote_note":"","_exactmetrics_sitenote_category":0,"footnotes":""},"categories":[11],"tags":[],"class_list":["post-645","page","type-page","status-publish","has-post-thumbnail","hentry","category-africa-antiga"],"_links":{"self":[{"href":"https:\/\/www.professores.uff.br\/juliocesarmedeiros\/wp-json\/wp\/v2\/pages\/645","targetHints":{"allow":["GET"]}}],"collection":[{"href":"https:\/\/www.professores.uff.br\/juliocesarmedeiros\/wp-json\/wp\/v2\/pages"}],"about":[{"href":"https:\/\/www.professores.uff.br\/juliocesarmedeiros\/wp-json\/wp\/v2\/types\/page"}],"author":[{"embeddable":true,"href":"https:\/\/www.professores.uff.br\/juliocesarmedeiros\/wp-json\/wp\/v2\/users\/209"}],"replies":[{"embeddable":true,"href":"https:\/\/www.professores.uff.br\/juliocesarmedeiros\/wp-json\/wp\/v2\/comments?post=645"}],"version-history":[{"count":1,"href":"https:\/\/www.professores.uff.br\/juliocesarmedeiros\/wp-json\/wp\/v2\/pages\/645\/revisions"}],"predecessor-version":[{"id":647,"href":"https:\/\/www.professores.uff.br\/juliocesarmedeiros\/wp-json\/wp\/v2\/pages\/645\/revisions\/647"}],"up":[{"embeddable":true,"href":"https:\/\/www.professores.uff.br\/juliocesarmedeiros\/wp-json\/wp\/v2\/pages\/639"}],"wp:featuredmedia":[{"embeddable":true,"href":"https:\/\/www.professores.uff.br\/juliocesarmedeiros\/wp-json\/wp\/v2\/media\/646"}],"wp:attachment":[{"href":"https:\/\/www.professores.uff.br\/juliocesarmedeiros\/wp-json\/wp\/v2\/media?parent=645"}],"wp:term":[{"taxonomy":"category","embeddable":true,"href":"https:\/\/www.professores.uff.br\/juliocesarmedeiros\/wp-json\/wp\/v2\/categories?post=645"},{"taxonomy":"post_tag","embeddable":true,"href":"https:\/\/www.professores.uff.br\/juliocesarmedeiros\/wp-json\/wp\/v2\/tags?post=645"}],"curies":[{"name":"wp","href":"https:\/\/api.w.org\/{rel}","templated":true}]}}