{"id":384,"date":"2017-09-05T17:22:44","date_gmt":"2017-09-05T20:22:44","guid":{"rendered":"http:\/\/www.professores.uff.br\/kocsard\/?page_id=384"},"modified":"2022-05-28T13:54:57","modified_gmt":"2022-05-28T16:54:57","slug":"organized-events","status":"publish","type":"page","link":"https:\/\/www.professores.uff.br\/kocsard\/organized-events\/","title":{"rendered":"Organized events"},"content":{"rendered":"<h3>Up-coming<\/h3>\n<ul>\n<li><\/li>\n<\/ul>\n<h3>Past<\/h3>\n<ul>\n<li><a href=\"https:\/\/sites.google.com\/view\/top-din-2022\/p%C3%A1gina-inicial\" target=\"_blank\" rel=\"noopener noreferrer\"><strong>TopDin 2022<\/strong><\/a> (em homenagem ao Saponga): March 9-16, 2022<\/li>\n<li><a href=\"https:\/\/sites.google.com\/view\/topdin-uff\" target=\"_blank\" rel=\"noopener noreferrer\"><strong>TopDin 2020:<\/strong><\/a> February 10-12, 2020<\/li>\n<li><strong><a href=\"http:\/\/www.professores.uff.br\/kocsard\/2019\/09\/19\/sextas-na-pos-e-apos\/\" target=\"_blank\" rel=\"noopener noreferrer\">Col\u00f3quio &#8220;Sextas na P\u00f3s&#8230; e Ap\u00f3s&#8221;<\/a>, <\/strong>13 de dezembro \u00e0s 11:30, Sala 407 do Bloco H<\/li>\n<li><strong><a href=\"https:\/\/sites.google.com\/view\/ebsd2019\/home\" target=\"_blank\" rel=\"noopener noreferrer\">Escola Brasileira de Sistemas Din\u00e2micos<\/a>,<\/strong> October 7-11, 2019 (<a href=\"http:\/\/www.professores.uff.br\/kocsard\/wp-content\/uploads\/sites\/8\/2017\/09\/Poster-EBSD-2019.pdf\" target=\"_blank\" rel=\"noopener noreferrer\">Poster<\/a>)<\/li>\n<li><a href=\"http:\/\/www.professores.uff.br\/kocsard\/2018\/02\/05\/topdin-2018\/\"><strong>TopDin 2018:<\/strong><\/a> February 19-21, 2018. More info in <a href=\"http:\/\/www.topdin.uff.br\/\">TopDin web page<\/a><\/li>\n<li><strong><a href=\"http:\/\/www.impa.br\/opencms\/en\/eventos\/store_2016\/evento_1610\">New Trends in Onedimensional Dynamics, celebrating the 70th birthday of Welington de Melo<\/a>:\u00a0<\/strong>November 14-18, 2016<\/li>\n<li><a href=\"http:\/\/workshop-2016-teresopolis.wikidot.com\/\" target=\"_blank\" rel=\"noopener noreferrer\"><strong>Workshop for young researchers on groups acting on manifolds:<\/strong><\/a> June 20-24, 2016<\/li>\n<li><a href=\"http:\/\/surfaces.ime.usp.br\/\"><strong>Surfaces in Sao Paulo:<\/strong><\/a> April 7-11, 2014<\/li>\n<\/ul>\n","protected":false},"excerpt":{"rendered":"<p>Up-coming Past TopDin 2022 (em homenagem ao Saponga): March 9-16, 2022 TopDin 2020: February 10-12, 2020 Col\u00f3quio &#8220;Sextas na P\u00f3s&#8230; e Ap\u00f3s&#8221;, 13 de dezembro \u00e0s 11:30, Sala 407 do Bloco H Escola Brasileira de Sistemas Din\u00e2micos, October 7-11, 2019 (Poster) TopDin 2018: February 19-21, 2018. More info in TopDin web page New Trends in [&hellip;]<\/p>\n","protected":false},"author":10,"featured_media":0,"parent":0,"menu_order":0,"comment_status":"closed","ping_status":"closed","template":"","meta":{"_exactmetrics_skip_tracking":false,"_exactmetrics_sitenote_active":false,"_exactmetrics_sitenote_note":"","_exactmetrics_sitenote_category":0,"footnotes":""},"categories":[],"tags":[],"class_list":["post-384","page","type-page","status-publish","hentry"],"_links":{"self":[{"href":"https:\/\/www.professores.uff.br\/kocsard\/wp-json\/wp\/v2\/pages\/384","targetHints":{"allow":["GET"]}}],"collection":[{"href":"https:\/\/www.professores.uff.br\/kocsard\/wp-json\/wp\/v2\/pages"}],"about":[{"href":"https:\/\/www.professores.uff.br\/kocsard\/wp-json\/wp\/v2\/types\/page"}],"author":[{"embeddable":true,"href":"https:\/\/www.professores.uff.br\/kocsard\/wp-json\/wp\/v2\/users\/10"}],"replies":[{"embeddable":true,"href":"https:\/\/www.professores.uff.br\/kocsard\/wp-json\/wp\/v2\/comments?post=384"}],"version-history":[{"count":26,"href":"https:\/\/www.professores.uff.br\/kocsard\/wp-json\/wp\/v2\/pages\/384\/revisions"}],"predecessor-version":[{"id":774,"href":"https:\/\/www.professores.uff.br\/kocsard\/wp-json\/wp\/v2\/pages\/384\/revisions\/774"}],"wp:attachment":[{"href":"https:\/\/www.professores.uff.br\/kocsard\/wp-json\/wp\/v2\/media?parent=384"}],"wp:term":[{"taxonomy":"category","embeddable":true,"href":"https:\/\/www.professores.uff.br\/kocsard\/wp-json\/wp\/v2\/categories?post=384"},{"taxonomy":"post_tag","embeddable":true,"href":"https:\/\/www.professores.uff.br\/kocsard\/wp-json\/wp\/v2\/tags?post=384"}],"curies":[{"name":"wp","href":"https:\/\/api.w.org\/{rel}","templated":true}]}}