{"id":699,"date":"2020-09-13T11:53:56","date_gmt":"2020-09-13T14:53:56","guid":{"rendered":"http:\/\/www.professores.uff.br\/kocsard\/?page_id=699"},"modified":"2020-09-13T12:24:07","modified_gmt":"2020-09-13T15:24:07","slug":"talks-and-presentations","status":"publish","type":"page","link":"https:\/\/www.professores.uff.br\/kocsard\/talks-and-presentations\/","title":{"rendered":"Talks and presentations"},"content":{"rendered":"\n<h3 class=\"wp-block-heading\">Research<\/h3>\n\n\n\n<ul class=\"wp-block-list\"><li><strong>Periodic point free homeomorphisms in dimension two<\/strong>,  <a rel=\"noreferrer noopener\" aria-label=\"Resist\u00eancia Din\u00e2mica (opens in a new tab)\" href=\"http:\/\/resistenciadinamica.wikidot.com\/\" target=\"_blank\">Resist\u00eancia Din\u00e2mica<\/a><em> <\/em>(webinar), June 19th, 2020 <a rel=\"noreferrer noopener\" aria-label=\"[Video] (opens in a new tab)\" href=\"https:\/\/www.youtube.com\/watch?v=5aX0PD8moFw&amp;t\" target=\"_blank\">[Video]<\/a> <a href=\"http:\/\/www.professores.uff.br\/kocsard\/wp-content\/uploads\/sites\/8\/2020\/09\/slides-resistencia.pdf\" target=\"_blank\" rel=\"noreferrer noopener\" aria-label=\"[Slides] (opens in a new tab)\">[Slides]<\/a><\/li><\/ul>\n\n\n\n<h3 class=\"wp-block-heading\">Colloquia<\/h3>\n\n\n\n<ul class=\"wp-block-list\"><li><strong>Sincronizaci\u00f3n, <\/strong><a rel=\"noreferrer noopener\" aria-label=\"Cibercoloquio Latinoamericano de Matem\u00e1ticas (opens in a new tab)\" href=\"https:\/\/sites.google.com\/view\/cibercoloquio\" target=\"_blank\">Cibercoloquio Latinoamericano de Matem\u00e1ticas<\/a>, September 11th, 2020 (in Spanish) <a rel=\"noreferrer noopener\" aria-label=\"[Video] (opens in a new tab)\" href=\"https:\/\/www.youtube.com\/watch?v=l--xOVe2m8Y&amp;t\" target=\"_blank\">[Video]<\/a> <a href=\"http:\/\/www.professores.uff.br\/kocsard\/wp-content\/uploads\/sites\/8\/2020\/09\/slides-cibercoloquio.pdf\" target=\"_blank\" rel=\"noreferrer noopener\" aria-label=\"[Slides] (opens in a new tab)\">[Slides]<\/a><\/li><\/ul>\n\n\n\n<h3 class=\"wp-block-heading\">Scientific dissemination<\/h3>\n\n\n\n<ul class=\"wp-block-list\"><li><strong>Matem\u00e1tica: del diccionario al Principito, <\/strong><a href=\"https:\/\/www.youtube.com\/watch?v=lTYegDJDPt4&amp;t=1s\" target=\"_blank\" rel=\"noreferrer noopener\" aria-label=\" (opens in a new tab)\">Ted Talk<\/a> in <a rel=\"noreferrer noopener\" aria-label=\"TedX Rosario (opens in a new tab)\" href=\"http:\/\/tedxrosario.com.ar\/\" target=\"_blank\">TedX Rosario<\/a>, November 19th, 2015 (in Spanish) <a href=\"https:\/\/www.youtube.com\/watch?v=lTYegDJDPt4&amp;t=1s\" target=\"_blank\" rel=\"noreferrer noopener\" aria-label=\"[Video] (opens in a new tab)\">[Video]<\/a><\/li><\/ul>\n\n\n\n<p><\/p>\n","protected":false},"excerpt":{"rendered":"<p>Research Periodic point free homeomorphisms in dimension two, Resist\u00eancia Din\u00e2mica (webinar), June 19th, 2020 [Video] [Slides] Colloquia Sincronizaci\u00f3n, Cibercoloquio Latinoamericano de Matem\u00e1ticas, September 11th, 2020 (in Spanish) [Video] [Slides] Scientific dissemination Matem\u00e1tica: del diccionario al Principito, Ted Talk in TedX Rosario, November 19th, 2015 (in Spanish) [Video]<\/p>\n","protected":false},"author":10,"featured_media":0,"parent":0,"menu_order":0,"comment_status":"closed","ping_status":"closed","template":"","meta":{"_exactmetrics_skip_tracking":false,"_exactmetrics_sitenote_active":false,"_exactmetrics_sitenote_note":"","_exactmetrics_sitenote_category":0,"footnotes":""},"categories":[],"tags":[],"class_list":["post-699","page","type-page","status-publish","hentry"],"_links":{"self":[{"href":"https:\/\/www.professores.uff.br\/kocsard\/wp-json\/wp\/v2\/pages\/699","targetHints":{"allow":["GET"]}}],"collection":[{"href":"https:\/\/www.professores.uff.br\/kocsard\/wp-json\/wp\/v2\/pages"}],"about":[{"href":"https:\/\/www.professores.uff.br\/kocsard\/wp-json\/wp\/v2\/types\/page"}],"author":[{"embeddable":true,"href":"https:\/\/www.professores.uff.br\/kocsard\/wp-json\/wp\/v2\/users\/10"}],"replies":[{"embeddable":true,"href":"https:\/\/www.professores.uff.br\/kocsard\/wp-json\/wp\/v2\/comments?post=699"}],"version-history":[{"count":6,"href":"https:\/\/www.professores.uff.br\/kocsard\/wp-json\/wp\/v2\/pages\/699\/revisions"}],"predecessor-version":[{"id":712,"href":"https:\/\/www.professores.uff.br\/kocsard\/wp-json\/wp\/v2\/pages\/699\/revisions\/712"}],"wp:attachment":[{"href":"https:\/\/www.professores.uff.br\/kocsard\/wp-json\/wp\/v2\/media?parent=699"}],"wp:term":[{"taxonomy":"category","embeddable":true,"href":"https:\/\/www.professores.uff.br\/kocsard\/wp-json\/wp\/v2\/categories?post=699"},{"taxonomy":"post_tag","embeddable":true,"href":"https:\/\/www.professores.uff.br\/kocsard\/wp-json\/wp\/v2\/tags?post=699"}],"curies":[{"name":"wp","href":"https:\/\/api.w.org\/{rel}","templated":true}]}}