{"id":100,"date":"2017-07-31T18:41:47","date_gmt":"2017-07-31T21:41:47","guid":{"rendered":"http:\/\/www.professores.uff.br\/koro\/?page_id=100"},"modified":"2017-07-31T20:04:03","modified_gmt":"2017-07-31T23:04:03","slug":"2-limites-lista-do-stewart","status":"publish","type":"page","link":"https:\/\/www.professores.uff.br\/koro\/aulas\/2-limites-lista-do-stewart\/","title":{"rendered":"2. Limites (Lista do Stewart)"},"content":{"rendered":"<p>Exceto onde indicado, a fonte \u00e9 o Stewart, Volume 1, 7a Edi\u00e7\u00e3o.<\/p>\n<p>2.2: 1, 2, <strong>6<\/strong>, 9, 10, <strong>11<\/strong>, <strong>17<\/strong>, 21, 25, 31, 33, <strong>35<\/strong>, <strong>37<\/strong>, 43, 46, 47<br \/>\n2.3: 1, <strong>2<\/strong>, 7, <strong>9<\/strong>, <strong>10,<\/strong> 15, <strong>17<\/strong>, 19, <strong>21<\/strong>, <strong>23<\/strong>, 25, 27, <strong>29<\/strong>, 31, 37, <strong>39<\/strong>, 40, <strong>43<\/strong>, 45, <strong>53<\/strong>, 54, 55, 57, <strong>60<\/strong>, 62, <strong>63<\/strong>, 64<br \/>\n2.5: 4, 7, 9, <strong>10<\/strong>, 19, 21, 25, <strong>29<\/strong>, <strong>31<\/strong>, <strong>41<\/strong>, <strong>45<\/strong>, <strong>48<\/strong>, <strong>49<\/strong>, 50, <strong>53<\/strong>, 60, 63, <strong>65<\/strong>, <strong>68<\/strong>, <strong>69<\/strong><br \/>\n2.6: 1, 2, <strong>3<\/strong>, <strong>7<\/strong>,<strong> 9<\/strong>, 11, <strong>13<\/strong>, <strong>17<\/strong>, <strong>19<\/strong>, <strong>21<\/strong>, <strong>25<\/strong>, 27, 31, <strong>37<\/strong>, 39c, <strong>43<\/strong>, 49, 51, <strong>57<\/strong>, 62<\/p>\n<p>Quebrando o galho com a 5a edi\u00e7\u00e3o:<\/p>\n<p>2.2: 4, <strong>6,<\/strong> 7, <strong>9<\/strong>, <strong>12<\/strong>, 13, 17,<strong> 23<\/strong>,<strong> 27<\/strong>, 31b, 33, 35, <strong>38<\/strong><br \/>\n2.3: <strong>1<\/strong>, <strong>2<\/strong>, 7, 13, <strong>17<\/strong>, 18, <strong>21<\/strong>, 22, <strong>23<\/strong>, 25, <strong>29<\/strong>, <strong>38<\/strong>, 41, <strong>43<\/strong>, <strong>47<\/strong>, 50, 51, 52, 55, <strong>56<\/strong>, <strong>57<\/strong>, 58, <strong>59<\/strong>, 60<br \/>\n2.5: 5, 7, 8, 15, <strong>17,<\/strong> 19, 21, 25, 32, <strong>35<\/strong>, 39, <strong>44<\/strong>, 45, 49, 53, 56, 62c, <strong>63<\/strong><br \/>\n2.6: 2, <strong>3<\/strong>, <strong>5<\/strong>, 7, <strong>12<\/strong>, 17, 18, <strong>20<\/strong>, <strong>21<\/strong>, <strong>22<\/strong>, <strong>25<\/strong>, 51, 55<\/p>\n<p>Ou com a 6a edi\u00e7\u00e3o:<br \/>\n2.2: 4, <strong>6<\/strong>, 7, <strong>9<\/strong>, <strong>12,<\/strong> 13, 19, <strong>25<\/strong>, <strong>29<\/strong>, 33b, 35, 37, <strong>40<\/strong><br \/>\n2.3: <strong>1<\/strong>, <strong>2<\/strong>, 7, 13, <strong>17<\/strong>, 18, <strong>21<\/strong>, 22, <strong>23<\/strong>, 25, <strong>29<\/strong>, <strong>38<\/strong>, 41, <strong>43<\/strong>, <strong>47<\/strong>, 51, 52, 57, <strong>58<\/strong>, <strong>59<\/strong>, 60, <strong>61<\/strong>, 62<br \/>\n2.5: 5, 7, 8, 15, <strong>17<\/strong>, 20, 21, 25, 32, <strong>35<\/strong>, 39, <strong>44<\/strong>, <strong>45<\/strong>, 49, 51, 56, 64c, <strong>65<\/strong><br \/>\n2.6: 2, <strong>3<\/strong>, <strong>5<\/strong>, 7, <strong>14<\/strong>, 19, 20, <strong>22<\/strong>, <strong>23<\/strong>, <strong>24<\/strong>, <strong>27<\/strong>, 55, 59<\/p>\n<p>Obs: Sele\u00e7\u00e3o de exerc\u00edcios feita pelo professor Ralph.<\/p>\n","protected":false},"excerpt":{"rendered":"<p>Exceto onde indicado, a fonte \u00e9 o Stewart, Volume 1, 7a Edi\u00e7\u00e3o. 2.2: 1, 2, 6, 9, 10, 11, 17, 21, 25, 31, 33, 35, 37, 43, 46, 47 2.3: 1, 2, 7, 9, 10, 15, 17, 19, 21, 23, 25, 27, 29, 31, 37, 39, 40, 43, 45, 53, 54, 55, 57, 60, 62, [&hellip;]<\/p>\n","protected":false},"author":1,"featured_media":0,"parent":17,"menu_order":0,"comment_status":"closed","ping_status":"closed","template":"","meta":{"_exactmetrics_skip_tracking":false,"_exactmetrics_sitenote_active":false,"_exactmetrics_sitenote_note":"","_exactmetrics_sitenote_category":0,"footnotes":""},"categories":[2],"tags":[12,13],"class_list":["post-100","page","type-page","status-publish","hentry","category-disciplinas","tag-limites","tag-lista-do-stewart"],"_links":{"self":[{"href":"https:\/\/www.professores.uff.br\/koro\/wp-json\/wp\/v2\/pages\/100","targetHints":{"allow":["GET"]}}],"collection":[{"href":"https:\/\/www.professores.uff.br\/koro\/wp-json\/wp\/v2\/pages"}],"about":[{"href":"https:\/\/www.professores.uff.br\/koro\/wp-json\/wp\/v2\/types\/page"}],"author":[{"embeddable":true,"href":"https:\/\/www.professores.uff.br\/koro\/wp-json\/wp\/v2\/users\/1"}],"replies":[{"embeddable":true,"href":"https:\/\/www.professores.uff.br\/koro\/wp-json\/wp\/v2\/comments?post=100"}],"version-history":[{"count":2,"href":"https:\/\/www.professores.uff.br\/koro\/wp-json\/wp\/v2\/pages\/100\/revisions"}],"predecessor-version":[{"id":102,"href":"https:\/\/www.professores.uff.br\/koro\/wp-json\/wp\/v2\/pages\/100\/revisions\/102"}],"up":[{"embeddable":true,"href":"https:\/\/www.professores.uff.br\/koro\/wp-json\/wp\/v2\/pages\/17"}],"wp:attachment":[{"href":"https:\/\/www.professores.uff.br\/koro\/wp-json\/wp\/v2\/media?parent=100"}],"wp:term":[{"taxonomy":"category","embeddable":true,"href":"https:\/\/www.professores.uff.br\/koro\/wp-json\/wp\/v2\/categories?post=100"},{"taxonomy":"post_tag","embeddable":true,"href":"https:\/\/www.professores.uff.br\/koro\/wp-json\/wp\/v2\/tags?post=100"}],"curies":[{"name":"wp","href":"https:\/\/api.w.org\/{rel}","templated":true}]}}