{"id":108,"date":"2017-07-31T19:13:54","date_gmt":"2017-07-31T22:13:54","guid":{"rendered":"http:\/\/www.professores.uff.br\/koro\/?page_id=108"},"modified":"2017-07-31T20:03:50","modified_gmt":"2017-07-31T23:03:50","slug":"3-derivadas-lista-do-stewart","status":"publish","type":"page","link":"https:\/\/www.professores.uff.br\/koro\/aulas\/3-derivadas-lista-do-stewart\/","title":{"rendered":"3. Derivadas (Lista do Stewart)"},"content":{"rendered":"<p>Exceto onde indicado, a fonte \u00e9 o Stewart, Volume 1, 7a edi\u00e7\u00e3o; os sublinhados s\u00e3o os mais interessantes.<\/p>\n<p>Na 7a edi\u00e7\u00e3o:<br \/>\n2.7: <strong>3ab<\/strong>, 7, <strong>11<\/strong>, <strong>12<\/strong>, 13, <strong>17<\/strong>, 19, 21, <strong>33<\/strong>, <strong>35<\/strong>, 37, 41, <strong>45<\/strong>, 47, <strong>50<\/strong>, <strong>51<\/strong>, 52, 53, <strong>54<\/strong><br \/>\n2.8: <strong>3<\/strong>, 5, 9, 11, <strong>16<\/strong>, 18, 23, <strong>27<\/strong>, 32, 35, <strong>37<\/strong>, <strong>43<\/strong>, 45, 55, 56, <strong>57<\/strong><br \/>\nProblemas Quentes: 1, 8, 11, 14<br \/>\n3.1: 2, <strong>3<\/strong>, 7, 9, <strong>13<\/strong>, 17, 19, <strong>21<\/strong>, <strong>23<\/strong>, <strong>25<\/strong>, 27, 31, <strong>33<\/strong>, 43, 47, 49, <strong>51<\/strong>, 53, 55, <strong>59<\/strong>, 61, 63, 65, 67, <strong>69<\/strong>, <strong>75<\/strong>, 77, 78, 80<br \/>\n3.2: 1, <strong>3<\/strong>, <strong>5<\/strong>, 7, 9, 13, 17, <strong>19<\/strong>, 23, 25, <strong>27<\/strong>, 32, 35a, 41, 42, <strong>45<\/strong>, <strong>49<\/strong>, <strong>55<\/strong>, <strong>57<\/strong>, <strong>59<\/strong>, 60, 62<br \/>\n3.3: 1, 3, <strong>5<\/strong>, 11, 13, 19, 20, 23, 28a, 29, 31, <strong>35<\/strong>, 37, 39, 41, 42, 43, 44, <strong>47<\/strong>, <strong>49<\/strong>, <strong>51<\/strong>, <strong>55<\/strong><br \/>\n3.4: <strong>1<\/strong>, <strong>3<\/strong>, <strong>5<\/strong>, 9, 13, 15, 21, 23, 25, <strong>29<\/strong>, 31, 39, <strong>49<\/strong>, 53, <strong>59<\/strong>, 61, <strong>63<\/strong>, 64, <strong>65<\/strong>, <strong>69<\/strong>, 71, 72, 75, <strong>76<\/strong>, 77, <strong>85<\/strong>, 86, <strong>91<\/strong>, 92, 95, 97<br \/>\n3.5: 3,<strong> 5<\/strong>, 11, 15, 19, 21, <strong>27<\/strong>, 31, <strong>35<\/strong>, 39, 42b, <strong>43<\/strong>, 45, 46, <strong>51<\/strong>, 53, 57, <strong>63<\/strong>, 71, 73, <strong>77<\/strong>, 78, 79<br \/>\n3.6: <strong>2<\/strong>, 3, 9, <strong>11<\/strong>, 15, 19, 21, 25, 29, 39, <strong>41<\/strong>, <strong>43<\/strong>, 51, 55<br \/>\n3.7: <strong>1<\/strong>, 3, 4, 5, 7, 13, 15, 21, 23, <strong>31<\/strong>, 33, 36, <strong>37<\/strong><br \/>\n3.8: 9, 11, 14, 18a, 19<br \/>\n3.9: <strong>1<\/strong>, 2, 7, 9, 11, 13, 14, 17, 19, 22, <strong>23<\/strong>, 27, 29, 31, 45<br \/>\n3.10: 1, 3, 7, 11, 15, 19, <strong>23<\/strong>, <strong>25<\/strong>, <strong>27<\/strong>, <strong>33<\/strong>, 35, 43. Taylor: 1-6.<\/p>\n<p>Na 5a edi\u00e7\u00e3o:<\/p>\n<p>2.7: <strong>15<\/strong>, 18, <strong>20<\/strong>, 24, <strong>27<\/strong>, 28<br \/>\n2.8: 3, 5, 13, 18, <strong>19<\/strong>, 21, 29, <strong>31<\/strong>, 32, 35, 36<br \/>\n2.9: <strong>1<\/strong>, 4, <strong>8<\/strong>, 9, <strong>11<\/strong>, 21, 25, <strong>26<\/strong>, 29, 31, 35, <strong>37<\/strong>, <strong>43<\/strong>, 44, 45, <strong>47<\/strong><br \/>\n3.1: 2, <strong>3<\/strong>, <strong>4<\/strong>, <strong>5<\/strong>, <strong>12<\/strong>, <strong>13<\/strong>, <strong>17<\/strong>, <strong>25<\/strong>, 26, 27, <strong>39<\/strong>, <strong>41<\/strong>, <strong>45<\/strong>, 47, <strong>49<\/strong>, <strong>53<\/strong>, 55, <strong>57<\/strong>, 60, <strong>61<\/strong><br \/>\n3.2: <strong>3<\/strong>, 5, 7, <strong>13<\/strong>, <strong>15<\/strong>, <strong>17<\/strong>, 19, 21, <strong>22<\/strong>, <strong>25<\/strong>, 26, 27a, <strong>31<\/strong>, 32, <strong>33<\/strong>, <strong>35<\/strong>, <strong>39<\/strong>, 41, <strong>43<\/strong><br \/>\n3.3: 1, 3, 7, 9, <strong>11<\/strong>, <strong>13<\/strong>, 15, <strong>16<\/strong>, 18, 29, 31, 34<br \/>\n3.4: <strong>1<\/strong>, <strong>2<\/strong>, 5, 7, 11, <strong>15<\/strong>, <strong>20<\/strong>, 21, <strong>22<\/strong>, <strong>29<\/strong>, 31, 33, 45<br \/>\n3.5: 1, 3, 5, 7, 9, 13, 14, 15, 18, 21, 23, 24, 39, 40, <strong>43<\/strong>,<strong>44<\/strong>, 51, <strong>53<\/strong>, <strong>55<\/strong>, <strong>56<\/strong>, <strong>57<\/strong>, <strong>61<\/strong>, 62, <strong>64<\/strong>, 65, <strong>70<\/strong>, <strong>75<\/strong>, 77, <strong>79<\/strong>, <strong>80<\/strong>, 81<br \/>\n3.6: 3, 4, 6, 9, 16, 20, <strong>21<\/strong>, 27, 32, 33bc, 34b, 35, <strong>36<\/strong>, <strong>38<\/strong>, 39, 41, 44, 45, <strong>53<\/strong>, <strong>67<\/strong>, <strong>68<\/strong>, 69<br \/>\n3.7: <strong>1<\/strong>, <strong>3<\/strong>, 8, 9, 12, 14, 18, 19,<strong> 25<\/strong>, 33,<strong> 35<\/strong>, 36, 37, 38, 40, 47, <strong>53<\/strong>, 55, <strong>57<\/strong>, 65, 66<br \/>\n3.8: <strong>2<\/strong>, 3, <strong>7<\/strong>, <strong>8<\/strong>, 11, 12, <strong>17<\/strong>, 19, 21, 24, 29, <strong>35<\/strong>, 39, 40, <strong>43<\/strong>, 48, 50, <strong>52<\/strong><br \/>\n3.10: 1, 5, 7a-e, 9a-e, 11, <strong>15<\/strong>, 18, <strong>25<\/strong>, <strong>27<\/strong>, <strong>31<\/strong>, 34, 37, <strong>38<\/strong><br \/>\n3.11: <strong>5<\/strong>, 7, 15, <strong>17<\/strong>, 21, <strong>26<\/strong>, <strong>27<\/strong>, <strong>29<\/strong>, 31, <strong>34<\/strong>, <strong>35<\/strong>, 40a, <strong>41<\/strong>, <strong>43<\/strong>, 46, 47, <strong>49<\/strong>, 50<br \/>\npp.268-269: 1, 2, 3, 4, 5, 6<\/p>\n<p>Na 6a edi\u00e7\u00e3o:<\/p>\n<p>2.7: <strong>11<\/strong>, 14, <strong>16<\/strong>, 17, 19, 25, 30, 31, 33, 41, <strong>43<\/strong>, 44, 45, <strong>47<\/strong>, 48, 51, 52<br \/>\n2.8: <strong>2<\/strong>, 3, <strong>6<\/strong>, 9, <strong>11<\/strong>, 20, 23, <strong>24<\/strong>, 27, 29, 33, <strong>35<\/strong>, <strong>41<\/strong>, 43, <strong>51<\/strong>, 52, 53, <strong>55<\/strong><br \/>\n3.1: 2, <strong>3<\/strong>, <strong>4<\/strong>, <strong>5<\/strong>, <strong>12<\/strong>, <strong>13<\/strong>, <strong>17<\/strong>, <strong>21<\/strong>, <strong>25<\/strong>, 26, 27, <strong>35<\/strong>, <strong>37<\/strong>, 46, <strong>51<\/strong>, 53, <strong>59<\/strong>, <strong>61<\/strong>, <strong>62<\/strong>, <strong>63<\/strong>, 64, 65, 67, <strong>69<\/strong>, 75<br \/>\n3.2: <strong>3<\/strong>, 5, 7, <strong>15<\/strong>, <strong>17<\/strong>, <strong>19<\/strong>, 23, 25, <strong>26<\/strong>, <strong>33<\/strong>, 32, 35a, <strong>43<\/strong>, 46, <strong>45<\/strong>, <strong>47<\/strong>, <strong>53<\/strong>, 51, <strong>55<\/strong>, 56, 57<br \/>\n3.3: <strong>1<\/strong>, <strong>2<\/strong>, 5, 7, 11, <strong>15<\/strong>, <strong>20<\/strong>, 21, <strong>22<\/strong>, 28a, 29, <strong>33<\/strong>, 35, 37, 49<br \/>\n3.4: 1, 3, 5, 7, 9, 13, 14, 15, 18, 23, 24, 40, 42, <strong>47<\/strong>, <strong>52<\/strong>, 59, <strong>61<\/strong>, <strong>63<\/strong>, <strong>64<\/strong>, <strong>65<\/strong>, <strong>67<\/strong>, 68, <strong>69<\/strong>, <strong>74<\/strong>,<strong> 75<\/strong>, 76, 77, <strong>82<\/strong>, <strong>89<\/strong>, 91, <strong>93<\/strong>, <strong>94<\/strong><br \/>\n3.5: 3, 4, 5, 7, 16, 20, <strong>21<\/strong>, 27, 32, 37bc, 38b, 39, <strong>40<\/strong>, <strong>42<\/strong>, 43, 45, 49, 55, <strong>57<\/strong>, <strong>67<\/strong>, <strong>68<\/strong>, 69<br \/>\n3.6: <strong>2<\/strong>, 3, <strong>7<\/strong>, <strong>8<\/strong>, 11, 12, <strong>17<\/strong>, 19, 23, 26, 31, <strong>37<\/strong>, 41, 42, <strong>43<\/strong>, 50, 52, <strong>54<\/strong><br \/>\n3.7: 1, 7, 9, <strong>11<\/strong>, <strong>13<\/strong>, 15, <strong>16<\/strong>, 18, 29, 31, 34, 35<br \/>\n3.8: 2, 5, 11, 13, 19<br \/>\n3.9: 1, 9, 11a-e, 13a-e, 15, <strong>19<\/strong>, 22, <strong>29<\/strong>, <strong>30<\/strong>, <strong>31<\/strong>, 38, 43, <strong>44<\/strong><br \/>\n3.10: <strong>1<\/strong>, 3, <strong>11<\/strong>, 15, <strong>18<\/strong>, 19, <strong>22<\/strong>, 23, <strong>26<\/strong>, <strong>27<\/strong>, 32a, <strong>33<\/strong>, <strong>35<\/strong>, 40, 41, <strong>43<\/strong>, <strong>44<\/strong><br \/>\npp.235-236: 1, 2, 3, 4, 5, 6<\/p>\n<p>Obs: Sele\u00e7\u00e3o de exerc\u00edcios feita pelo professor Ralph.<\/p>\n","protected":false},"excerpt":{"rendered":"<p>Exceto onde indicado, a fonte \u00e9 o Stewart, Volume 1, 7a edi\u00e7\u00e3o; os sublinhados s\u00e3o os mais interessantes. Na 7a edi\u00e7\u00e3o: 2.7: 3ab, 7, 11, 12, 13, 17, 19, 21, 33, 35, 37, 41, 45, 47, 50, 51, 52, 53, 54 2.8: 3, 5, 9, 11, 16, 18, 23, 27, 32, 35, 37, 43, 45, [&hellip;]<\/p>\n","protected":false},"author":1,"featured_media":0,"parent":17,"menu_order":0,"comment_status":"closed","ping_status":"closed","template":"","meta":{"_exactmetrics_skip_tracking":false,"_exactmetrics_sitenote_active":false,"_exactmetrics_sitenote_note":"","_exactmetrics_sitenote_category":0,"footnotes":""},"categories":[2],"tags":[],"class_list":["post-108","page","type-page","status-publish","hentry","category-disciplinas"],"_links":{"self":[{"href":"https:\/\/www.professores.uff.br\/koro\/wp-json\/wp\/v2\/pages\/108","targetHints":{"allow":["GET"]}}],"collection":[{"href":"https:\/\/www.professores.uff.br\/koro\/wp-json\/wp\/v2\/pages"}],"about":[{"href":"https:\/\/www.professores.uff.br\/koro\/wp-json\/wp\/v2\/types\/page"}],"author":[{"embeddable":true,"href":"https:\/\/www.professores.uff.br\/koro\/wp-json\/wp\/v2\/users\/1"}],"replies":[{"embeddable":true,"href":"https:\/\/www.professores.uff.br\/koro\/wp-json\/wp\/v2\/comments?post=108"}],"version-history":[{"count":1,"href":"https:\/\/www.professores.uff.br\/koro\/wp-json\/wp\/v2\/pages\/108\/revisions"}],"predecessor-version":[{"id":109,"href":"https:\/\/www.professores.uff.br\/koro\/wp-json\/wp\/v2\/pages\/108\/revisions\/109"}],"up":[{"embeddable":true,"href":"https:\/\/www.professores.uff.br\/koro\/wp-json\/wp\/v2\/pages\/17"}],"wp:attachment":[{"href":"https:\/\/www.professores.uff.br\/koro\/wp-json\/wp\/v2\/media?parent=108"}],"wp:term":[{"taxonomy":"category","embeddable":true,"href":"https:\/\/www.professores.uff.br\/koro\/wp-json\/wp\/v2\/categories?post=108"},{"taxonomy":"post_tag","embeddable":true,"href":"https:\/\/www.professores.uff.br\/koro\/wp-json\/wp\/v2\/tags?post=108"}],"curies":[{"name":"wp","href":"https:\/\/api.w.org\/{rel}","templated":true}]}}