{"id":111,"date":"2017-07-31T19:29:53","date_gmt":"2017-07-31T22:29:53","guid":{"rendered":"http:\/\/www.professores.uff.br\/koro\/?page_id=111"},"modified":"2017-07-31T20:03:37","modified_gmt":"2017-07-31T23:03:37","slug":"4-aplicacoes-e-otimizacao-lista-do-stewart","status":"publish","type":"page","link":"https:\/\/www.professores.uff.br\/koro\/aulas\/4-aplicacoes-e-otimizacao-lista-do-stewart\/","title":{"rendered":"4. Aplica\u00e7\u00f5es e Otimiza\u00e7\u00e3o (Lista do Stewart)"},"content":{"rendered":"<p>Exceto onde indicado, a fonte \u00e9 o Stewart, Volume 1, 7a Edi\u00e7\u00e3o; os sublinhados s\u00e3o os mais interessantes.<\/p>\n<p>p.231 (Taylor): <strong>1<\/strong>, <strong>2<\/strong>, <strong>3<\/strong>, <strong>4<\/strong>, <strong>5<\/strong>, <strong>6<\/strong><br \/>\n3.11: <strong>1<\/strong>, 3, <strong>7<\/strong>, 8, <strong>9<\/strong>, <strong>11<\/strong>, 15, 16, 19, 21, 24, <strong>31<\/strong>, 35, 39, <strong>51<\/strong>, 52, <strong>54<\/strong>, <strong>55<\/strong>, <strong>59<\/strong><br \/>\n4.1: 1, 3, <strong>7<\/strong>, 9, <strong>11<\/strong>, 17, 23, <strong>25<\/strong>, 33, 35, <strong>39<\/strong>, <strong>41<\/strong>, <strong>43<\/strong>, <strong>49<\/strong>, 53, 57, <strong>59<\/strong>, 61, <strong>63<\/strong>, 70, <strong>73<\/strong>, 75, 77, <strong>78<\/strong><br \/>\n4.2: 1, 3, <strong>5<\/strong>, <strong>7<\/strong>,<strong> 9<\/strong>, 11, 15, <strong>17<\/strong>, <strong>19<\/strong>, <strong>21<\/strong>, 23, <strong>25<\/strong>, 29, <strong>31<\/strong>, 33, <strong>35<\/strong><br \/>\n4.3: <strong>5<\/strong>, 7, <strong>11<\/strong>, <strong>15<\/strong>, 17, 21, 23, <strong>25<\/strong>, 29, 31,<strong> 39<\/strong>, 43, 47, 53, 61, 63, 65, <strong>67<\/strong>, 68, 73, <strong>75<\/strong>, <strong>77<\/strong>,<strong> 79<\/strong>, 81, 83<br \/>\n4.4: <strong>8<\/strong>, 11, 19, <strong>23<\/strong>, <strong>25<\/strong>, 29, 31, 37, 39, 45, 49, 55, <strong>57<\/strong>, <strong>61<\/strong>, 67, <strong>71<\/strong>, <strong>72<\/strong>, 73, 77, 82, 83, 85, <strong>87<\/strong>, 88<br \/>\n4.5: <strong>5<\/strong>, <strong>9<\/strong>, 13, 23, 29, <strong>37<\/strong>, 43, 45, 53, <strong>57<\/strong>, 73<br \/>\n4.7: <strong>3<\/strong>, 7, <strong>11<\/strong>, 13, <strong>15<\/strong>, 17, 19, 21, <strong>23<\/strong>, 29, 31, <strong>32<\/strong>, <strong>35<\/strong>, 44, 45, 51, 53, <strong>57<\/strong>, 59, 63, 68, 70, 72, 74, 77<br \/>\n4.9: 1, 3, 5, <strong>7<\/strong>, 9, 13, <strong>15<\/strong>, 17, 19, 27, 39, <strong>41<\/strong>, <strong>43<\/strong>, 47, 49, <strong>55<\/strong>, 63, 66, 69, <strong>76<\/strong><br \/>\n5.5: 7, <strong>11<\/strong>, 15, 19, <strong>25<\/strong>, <strong>27<\/strong>, 33<\/p>\n<p>6a Edi\u00e7\u00e3o:<\/p>\n<p>pp.235-236: <strong>1<\/strong>,<strong> 2<\/strong>,<strong> 3<\/strong>, <strong>4<\/strong>, <strong>5<\/strong>, <strong>6<\/strong><br \/>\n3.11: <strong>1<\/strong>, 2, <strong>3<\/strong>, <strong>5<\/strong>, 7, 9, <strong>11<\/strong>, <strong>15<\/strong>, 19, 33, <strong>38<\/strong>, 41, 44, <strong>51<\/strong>, <strong>53<\/strong>, <strong>57<\/strong><br \/>\n4.1: 3, 5, <strong>9<\/strong>, 13, 22, 33, <strong>34<\/strong>, 37, <strong>41<\/strong>, <strong>44<\/strong>, 43, 49,<strong> 53<\/strong>, 57, 59, <strong>63<\/strong>, 70, <strong>73<\/strong>, 74, <strong>75<\/strong>, <strong>78<\/strong><br \/>\n4.3: 1, <strong>5<\/strong>, 7, 61,<strong> 9<\/strong>, 13, 16, 21, 25, 35, 43, <strong>47<\/strong>, 49, <strong>63<\/strong>, 64, <strong>66ab<\/strong>, <strong>67<\/strong>, 72, <strong>73<\/strong>, 74, <strong>76<\/strong>, <strong>77<\/strong>, <strong>81<\/strong><br \/>\n4.4: <strong>8<\/strong>, <strong>9<\/strong>, <strong>13<\/strong>, 25, <strong>31<\/strong>, 33, <strong>35<\/strong>, 43, 53, <strong>55<\/strong>, 57, 59,<strong> 56<\/strong>, <strong>73<\/strong>, 72, 77, 78, <strong>79<\/strong>,<strong> 81<\/strong>, <strong>82<\/strong><br \/>\n4.5: <strong>5<\/strong>, 13, <strong>17<\/strong>, 20, 31, <strong>35<\/strong>, 37, 41, <strong>xlnx<\/strong>, 51, 53, 56, 70, 71, 72<br \/>\n4.7: <strong>3<\/strong>, 4, <strong>9<\/strong>, 10, 14, 16, 24, 28, <strong>30<\/strong>, 31, <strong>33,<\/strong> <strong>34<\/strong>, 37, <strong>42<\/strong>, 46, 59, 63, <strong>66<\/strong>,<strong> 68<\/strong>, 70<br \/>\n4.9: <strong>2<\/strong>, 5, 9, <strong>13<\/strong>, 13, 20, <strong>28<\/strong>, 33, <strong>45<\/strong>, 49, <strong>51<\/strong>, <strong>53<\/strong>, <strong>57<\/strong>,<strong> 59<\/strong>, 61, <strong>63<\/strong>, 69, <strong>75<\/strong><br \/>\n5.5: 8, <strong>17<\/strong>, <strong>13<\/strong>, 10, 15, <strong>23<\/strong><\/p>\n<p>5a Edi\u00e7\u00e3o:<\/p>\n<p>pp.268-269: <strong>1<\/strong>, <strong>2<\/strong>, <strong>3<\/strong>, <strong>4<\/strong>, <strong>5<\/strong>, <strong>6<\/strong><br \/>\n3.9: <strong>1<\/strong>, 2,<strong> 3<\/strong>, <strong>5<\/strong>, 7, 9, <strong>11<\/strong>, <strong>15<\/strong>, 19, 31, <strong>33<\/strong>, 35, 44, <strong>49<\/strong>, <strong>51<\/strong>, <strong>55<\/strong><br \/>\n4.1: 3, 5, <strong>9<\/strong>, 13, 22, 35, <strong>37<\/strong>, 39, <strong>43<\/strong>, <strong>45<\/strong>, 46, 49, <strong>53<\/strong>, 57, 59, <strong>63<\/strong>, 70, <strong>73<\/strong>, 74, <strong>75<\/strong>, <strong>78<\/strong><br \/>\n4.3: 1, <strong>5<\/strong>, 7, 10, <strong>11<\/strong>, 15, 17, 23, 27, 35, 43, <strong>47<\/strong>, 49, <strong>59<\/strong>, 60, <strong>62ab<\/strong>, <strong>63<\/strong>, 66, <strong>67<\/strong>, 68, <strong>70<\/strong>, <strong>71<\/strong><br \/>\n4.4: <strong>8<\/strong>, <strong>9<\/strong>, <strong>13<\/strong>, 19,<strong> 29<\/strong>, 33, <strong>35<\/strong>, 41, 51, <strong>53<\/strong>, 55, 57, <strong>59<\/strong>, <strong>69<\/strong>, 70, 71, 72, <strong>73<\/strong>, <strong>75<\/strong>, <strong>76<\/strong><br \/>\n4.5: <strong>5<\/strong>, 13, <strong>17<\/strong>, 21, <strong>29<\/strong>, 31, <strong>37<\/strong>, 39, 41, <strong>43<\/strong>, 51, 54, 68, 69, 70<br \/>\n4.7: <strong>3<\/strong>, 4, <strong>7<\/strong>, 8, 12, 14, 22, 26, <strong>28<\/strong>, 29, <strong>31<\/strong>,<strong> 32<\/strong>, 35, <strong>38<\/strong>, 42, 47, 51,<strong> 54<\/strong>, <strong>56<\/strong>, 58<br \/>\n4.10: <strong>1<\/strong>, 7, <strong>11<\/strong>, 13, 15,<strong> 21<\/strong>, 29, <strong>41<\/strong>, 45, <strong>47<\/strong>, <strong>49<\/strong>, <strong>59<\/strong>,<strong> 61<\/strong>, 63,<strong> 65<\/strong>, 71, <strong>77<\/strong><br \/>\n5.5: 7, <strong>11<\/strong>, <strong>13<\/strong>, 17, 19, <strong>25<\/strong><\/p>\n<p>Obs: Sele\u00e7\u00e3o de exerc\u00edcios feita pelo professor Ralph.<\/p>\n","protected":false},"excerpt":{"rendered":"<p>Exceto onde indicado, a fonte \u00e9 o Stewart, Volume 1, 7a Edi\u00e7\u00e3o; os sublinhados s\u00e3o os mais interessantes. p.231 (Taylor): 1, 2, 3, 4, 5, 6 3.11: 1, 3, 7, 8, 9, 11, 15, 16, 19, 21, 24, 31, 35, 39, 51, 52, 54, 55, 59 4.1: 1, 3, 7, 9, 11, 17, 23, 25, [&hellip;]<\/p>\n","protected":false},"author":1,"featured_media":0,"parent":17,"menu_order":0,"comment_status":"closed","ping_status":"closed","template":"","meta":{"_exactmetrics_skip_tracking":false,"_exactmetrics_sitenote_active":false,"_exactmetrics_sitenote_note":"","_exactmetrics_sitenote_category":0,"footnotes":""},"categories":[2],"tags":[14,15],"class_list":["post-111","page","type-page","status-publish","hentry","category-disciplinas","tag-aplicacoes","tag-otimizacao"],"_links":{"self":[{"href":"https:\/\/www.professores.uff.br\/koro\/wp-json\/wp\/v2\/pages\/111","targetHints":{"allow":["GET"]}}],"collection":[{"href":"https:\/\/www.professores.uff.br\/koro\/wp-json\/wp\/v2\/pages"}],"about":[{"href":"https:\/\/www.professores.uff.br\/koro\/wp-json\/wp\/v2\/types\/page"}],"author":[{"embeddable":true,"href":"https:\/\/www.professores.uff.br\/koro\/wp-json\/wp\/v2\/users\/1"}],"replies":[{"embeddable":true,"href":"https:\/\/www.professores.uff.br\/koro\/wp-json\/wp\/v2\/comments?post=111"}],"version-history":[{"count":1,"href":"https:\/\/www.professores.uff.br\/koro\/wp-json\/wp\/v2\/pages\/111\/revisions"}],"predecessor-version":[{"id":112,"href":"https:\/\/www.professores.uff.br\/koro\/wp-json\/wp\/v2\/pages\/111\/revisions\/112"}],"up":[{"embeddable":true,"href":"https:\/\/www.professores.uff.br\/koro\/wp-json\/wp\/v2\/pages\/17"}],"wp:attachment":[{"href":"https:\/\/www.professores.uff.br\/koro\/wp-json\/wp\/v2\/media?parent=111"}],"wp:term":[{"taxonomy":"category","embeddable":true,"href":"https:\/\/www.professores.uff.br\/koro\/wp-json\/wp\/v2\/categories?post=111"},{"taxonomy":"post_tag","embeddable":true,"href":"https:\/\/www.professores.uff.br\/koro\/wp-json\/wp\/v2\/tags?post=111"}],"curies":[{"name":"wp","href":"https:\/\/api.w.org\/{rel}","templated":true}]}}