{"id":239,"date":"2017-08-04T18:34:33","date_gmt":"2017-08-04T21:34:33","guid":{"rendered":"http:\/\/www.professores.uff.br\/koro\/?page_id=239"},"modified":"2017-08-04T18:34:33","modified_gmt":"2017-08-04T21:34:33","slug":"gma00108-calculo-ia-turma-e1-notas-2008-2","status":"publish","type":"page","link":"https:\/\/www.professores.uff.br\/koro\/gma00108-calculo-ia-turma-e1-notas-2008-2\/","title":{"rendered":"GMA00108 &#8211; C\u00e1lculo IA &#8211; Turma E1 &#8211; Notas &#8211; 2008-2"},"content":{"rendered":"<p><span style=\"color: #ff0000;\"><strong>ATEN\u00c7\u00c3O: A vista da VS poder\u00e1 ser na sexta 19\/12.<\/strong><\/span><br \/>\n<span style=\"color: #ff0000;\"><strong> Os alunos interessados em ver a prova enviem um email para confirmar.<\/strong><\/span><\/p>\n\n<table id=\"tablepress-8\" class=\"tablepress tablepress-id-8\">\n<thead>\n<tr class=\"row-1\">\n\t<th class=\"column-1\">Notas - 2008-2 -  GMA00108 - C\u00e1lculo IA - Turma E1<\/th><td class=\"column-2\"><\/td><td class=\"column-3\"><\/td><td class=\"column-4\"><\/td><td class=\"column-5\"><\/td><td class=\"column-6\"><\/td><td class=\"column-7\"><\/td><td class=\"column-8\"><\/td><td class=\"column-9\"><\/td>\n<\/tr>\n<\/thead>\n<tbody class=\"row-striping row-hover\">\n<tr class=\"row-2\">\n\t<td class=\"column-1\"><strong>Matr\u00edcula<\/strong><\/td><td class=\"column-2\"><strong>Nome<\/strong><\/td><td class=\"column-3\"><strong>VE1<\/strong><\/td><td class=\"column-4\"><strong>VE2<\/strong><\/td><td class=\"column-5\"><strong>VE3<\/strong><\/td><td class=\"column-6\"><strong>VR<\/strong><\/td><td class=\"column-7\"><strong>M\u00e9dia<\/strong><\/td><td class=\"column-8\"><strong>VS<\/strong><\/td><td class=\"column-9\"><strong>Situa\u00e7\u00e3o Final<\/strong><\/td>\n<\/tr>\n<tr class=\"row-3\">\n\t<td class=\"column-1\">20756089<\/td><td class=\"column-2\">ALDEN SALGADO DE MELLO<\/td><td class=\"column-3\">2,7<\/td><td class=\"column-4\">-<\/td><td class=\"column-5\">4,1<\/td><td class=\"column-6\">5,2<\/td><td class=\"column-7\">4,0<\/td><td class=\"column-8\">7,0<\/td><td class=\"column-9\">Aprovado<\/td>\n<\/tr>\n<tr class=\"row-4\">\n\t<td class=\"column-1\">20856056<\/td><td class=\"column-2\">ANA CAROLINA CABRAL MIRANDA<\/td><td class=\"column-3\">4,9<\/td><td class=\"column-4\">8,7<\/td><td class=\"column-5\">6,4<\/td><td class=\"column-6\">-<\/td><td class=\"column-7\">6,6<\/td><td class=\"column-8\">-<\/td><td class=\"column-9\">Aprovado<\/td>\n<\/tr>\n<tr class=\"row-5\">\n\t<td class=\"column-1\">20856083<\/td><td class=\"column-2\">ANDRE CORTES POURCHET DE CARVALHO<\/td><td class=\"column-3\">-<\/td><td class=\"column-4\">-<\/td><td class=\"column-5\">-<\/td><td class=\"column-6\">-<\/td><td class=\"column-7\">0,0<\/td><td class=\"column-8\">-<\/td><td class=\"column-9\">Reprovado<\/td>\n<\/tr>\n<tr class=\"row-6\">\n\t<td class=\"column-1\">20856084<\/td><td class=\"column-2\">BARBARA ARAUJO DA SILVA BORGES<\/td><td class=\"column-3\">3,0<\/td><td class=\"column-4\">4,2<\/td><td class=\"column-5\">4,1<\/td><td class=\"column-6\">4,4<\/td><td class=\"column-7\">4,2<\/td><td class=\"column-8\">6,0<\/td><td class=\"column-9\">Aprovado<\/td>\n<\/tr>\n<tr class=\"row-7\">\n\t<td class=\"column-1\">10856016<\/td><td class=\"column-2\">BERNARDO LESSA DA SILVA COSTA PASSOS<\/td><td class=\"column-3\">4,4<\/td><td class=\"column-4\">6,6<\/td><td class=\"column-5\">3,7<\/td><td class=\"column-6\">-<\/td><td class=\"column-7\">4,7<\/td><td class=\"column-8\">-<\/td><td class=\"column-9\">Reprovado<\/td>\n<\/tr>\n<tr class=\"row-8\">\n\t<td class=\"column-1\">20856057<\/td><td class=\"column-2\">BRUNO FRANCA DA SILVA<\/td><td class=\"column-3\">7,2<\/td><td class=\"column-4\">7,2<\/td><td class=\"column-5\">4,9<\/td><td class=\"column-6\">-<\/td><td class=\"column-7\">6,2<\/td><td class=\"column-8\">-<\/td><td class=\"column-9\">Reprovado<\/td>\n<\/tr>\n<tr class=\"row-9\">\n\t<td class=\"column-1\">10856001<\/td><td class=\"column-2\">CAIO LUZ QUINTAIROS OLIVEIRA<\/td><td class=\"column-3\">4,3<\/td><td class=\"column-4\">6,8<\/td><td class=\"column-5\">8,0<\/td><td class=\"column-6\">-<\/td><td class=\"column-7\">6,6<\/td><td class=\"column-8\">-<\/td><td class=\"column-9\">Aprovado<\/td>\n<\/tr>\n<tr class=\"row-10\">\n\t<td class=\"column-1\">20856058<\/td><td class=\"column-2\">CAMILLA SAYURI TAKAOKA<\/td><td class=\"column-3\">2,2<\/td><td class=\"column-4\">7,9<\/td><td class=\"column-5\">1,2<\/td><td class=\"column-6\">7,3<\/td><td class=\"column-7\">6,0<\/td><td class=\"column-8\">-<\/td><td class=\"column-9\">Aprovado<\/td>\n<\/tr>\n<tr class=\"row-11\">\n\t<td class=\"column-1\">20756077<\/td><td class=\"column-2\">CLARISSE CAMPOS LARA MIGUELOTE<\/td><td class=\"column-3\">4,5<\/td><td class=\"column-4\">9,3<\/td><td class=\"column-5\">2,8<\/td><td class=\"column-6\">6,3<\/td><td class=\"column-7\">6,6<\/td><td class=\"column-8\">-<\/td><td class=\"column-9\">Aprovado<\/td>\n<\/tr>\n<tr class=\"row-12\">\n\t<td class=\"column-1\">20856085<\/td><td class=\"column-2\">DANIEL LINS DE ALBUQUERQUE<\/td><td class=\"column-3\">-<\/td><td class=\"column-4\">-<\/td><td class=\"column-5\">-<\/td><td class=\"column-6\">-<\/td><td class=\"column-7\">0,0<\/td><td class=\"column-8\">-<\/td><td class=\"column-9\">Reprovado<\/td>\n<\/tr>\n<tr class=\"row-13\">\n\t<td class=\"column-1\">20856100<\/td><td class=\"column-2\">DANTON SILVA LEMOS<\/td><td class=\"column-3\">3,9<\/td><td class=\"column-4\">10,0<\/td><td class=\"column-5\">6,7<\/td><td class=\"column-6\">-<\/td><td class=\"column-7\">6,8<\/td><td class=\"column-8\">-<\/td><td class=\"column-9\">Aprovado<\/td>\n<\/tr>\n<tr class=\"row-14\">\n\t<td class=\"column-1\">20856059<\/td><td class=\"column-2\">DAVID DE ANDRADE COSTA<\/td><td class=\"column-3\">5,3<\/td><td class=\"column-4\">7,1<\/td><td class=\"column-5\">6,8<\/td><td class=\"column-6\">-<\/td><td class=\"column-7\">6,5<\/td><td class=\"column-8\">-<\/td><td class=\"column-9\">Aprovado<\/td>\n<\/tr>\n<tr class=\"row-15\">\n\t<td class=\"column-1\">20856060<\/td><td class=\"column-2\">DIEGO GOMES SOARES<\/td><td class=\"column-3\">3,0<\/td><td class=\"column-4\">0,0<\/td><td class=\"column-5\">0,5<\/td><td class=\"column-6\">0,1<\/td><td class=\"column-7\">1,1<\/td><td class=\"column-8\">-<\/td><td class=\"column-9\">Reprovado<\/td>\n<\/tr>\n<tr class=\"row-16\">\n\t<td class=\"column-1\">20856086<\/td><td class=\"column-2\">FAUSTO DE SOUSA CAMPOS DE MENEZES<\/td><td class=\"column-3\">3,0<\/td><td class=\"column-4\">-<\/td><td class=\"column-5\">-<\/td><td class=\"column-6\">-<\/td><td class=\"column-7\">0,9<\/td><td class=\"column-8\">-<\/td><td class=\"column-9\">Reprovado<\/td>\n<\/tr>\n<tr class=\"row-17\">\n\t<td class=\"column-1\">20856063<\/td><td class=\"column-2\">FELIPE AUGUSTO MOREIRA DO AMARAL<\/td><td class=\"column-3\">6,8<\/td><td class=\"column-4\">10,0<\/td><td class=\"column-5\">9,5<\/td><td class=\"column-6\">-<\/td><td class=\"column-7\">8,9<\/td><td class=\"column-8\">-<\/td><td class=\"column-9\">Reprovado<\/td>\n<\/tr>\n<tr class=\"row-18\">\n\t<td class=\"column-1\">20856102<\/td><td class=\"column-2\">FELIPE DOS SANTOS MORENO<\/td><td class=\"column-3\">2,5<\/td><td class=\"column-4\">3,8<\/td><td class=\"column-5\">3,7<\/td><td class=\"column-6\">4,7<\/td><td class=\"column-7\">4,0<\/td><td class=\"column-8\">4,7<\/td><td class=\"column-9\">Reprovado<\/td>\n<\/tr>\n<tr class=\"row-19\">\n\t<td class=\"column-1\">20756055<\/td><td class=\"column-2\">GABRIEL MACEDO FROTA DOS SANTOS<\/td><td class=\"column-3\">4,3<\/td><td class=\"column-4\">5,4<\/td><td class=\"column-5\">3,3<\/td><td class=\"column-6\">3,5<\/td><td class=\"column-7\">4,3<\/td><td class=\"column-8\">3,8<\/td><td class=\"column-9\">Reprovado<\/td>\n<\/tr>\n<tr class=\"row-20\">\n\t<td class=\"column-1\">20856089<\/td><td class=\"column-2\">GABRIELA FARINHA VAZ E ALVES<\/td><td class=\"column-3\">4,0<\/td><td class=\"column-4\">6,3<\/td><td class=\"column-5\">7,2<\/td><td class=\"column-6\">-<\/td><td class=\"column-7\">6,0<\/td><td class=\"column-8\">-<\/td><td class=\"column-9\">Aprovado<\/td>\n<\/tr>\n<tr class=\"row-21\">\n\t<td class=\"column-1\">20856065<\/td><td class=\"column-2\">GIANFRANCESCO SANTOS PALERMO<\/td><td class=\"column-3\">2,4<\/td><td class=\"column-4\">6,9<\/td><td class=\"column-5\">7,8<\/td><td class=\"column-6\">-<\/td><td class=\"column-7\">6,0<\/td><td class=\"column-8\">-<\/td><td class=\"column-9\">Reprovado<\/td>\n<\/tr>\n<tr class=\"row-22\">\n\t<td class=\"column-1\">20856066<\/td><td class=\"column-2\">GLORIA HARA OKAMURA<\/td><td class=\"column-3\">4,1<\/td><td class=\"column-4\">6,4<\/td><td class=\"column-5\">7,0<\/td><td class=\"column-6\">-<\/td><td class=\"column-7\">6,0<\/td><td class=\"column-8\">-<\/td><td class=\"column-9\">Aprovado<\/td>\n<\/tr>\n<tr class=\"row-23\">\n\t<td class=\"column-1\">10856050<\/td><td class=\"column-2\">GUILHERME FRANCO IECKER BRAVO<\/td><td class=\"column-3\">9,4<\/td><td class=\"column-4\">10,0<\/td><td class=\"column-5\">8,1<\/td><td class=\"column-6\">-<\/td><td class=\"column-7\">9,0<\/td><td class=\"column-8\">-<\/td><td class=\"column-9\">Aprovado<\/td>\n<\/tr>\n<tr class=\"row-24\">\n\t<td class=\"column-1\">20856067<\/td><td class=\"column-2\">GUSTAVO ESCRIVA DE CARVALHO<\/td><td class=\"column-3\">6,2<\/td><td class=\"column-4\">10,0<\/td><td class=\"column-5\">4,8<\/td><td class=\"column-6\">-<\/td><td class=\"column-7\">6,7<\/td><td class=\"column-8\">-<\/td><td class=\"column-9\">Aprovado<\/td>\n<\/tr>\n<tr class=\"row-25\">\n\t<td class=\"column-1\">20856090<\/td><td class=\"column-2\">HUGO SANTAREM DE ARAUJO<\/td><td class=\"column-3\">3,9<\/td><td class=\"column-4\">9,8<\/td><td class=\"column-5\">6,3<\/td><td class=\"column-6\">-<\/td><td class=\"column-7\">6,6<\/td><td class=\"column-8\">-<\/td><td class=\"column-9\">Aprovado<\/td>\n<\/tr>\n<tr class=\"row-26\">\n\t<td class=\"column-1\">20856068<\/td><td class=\"column-2\">JOAO PEDRO LOPES HENRIQUES<\/td><td class=\"column-3\">4,5<\/td><td class=\"column-4\">7,3<\/td><td class=\"column-5\">3,0<\/td><td class=\"column-6\">3,6<\/td><td class=\"column-7\">4,9<\/td><td class=\"column-8\">-<\/td><td class=\"column-9\">Reprovado<\/td>\n<\/tr>\n<tr class=\"row-27\">\n\t<td class=\"column-1\">10856008<\/td><td class=\"column-2\">JOAO VITOR MEIRELLES DE MIRANDA<\/td><td class=\"column-3\">6,8<\/td><td class=\"column-4\">7,6<\/td><td class=\"column-5\">6,8<\/td><td class=\"column-6\">-<\/td><td class=\"column-7\">7,0<\/td><td class=\"column-8\">-<\/td><td class=\"column-9\">Aprovado<\/td>\n<\/tr>\n<tr class=\"row-28\">\n\t<td class=\"column-1\">20856096<\/td><td class=\"column-2\">JOICE FRANCESCONI DA COSTA BRAGA<\/td><td class=\"column-3\">4,1<\/td><td class=\"column-4\">4,0<\/td><td class=\"column-5\">3,3<\/td><td class=\"column-6\">2,4<\/td><td class=\"column-7\">3,3<\/td><td class=\"column-8\">-<\/td><td class=\"column-9\">Reprovado<\/td>\n<\/tr>\n<tr class=\"row-29\">\n\t<td class=\"column-1\">20856069<\/td><td class=\"column-2\">JOSE GUILHERME LEOPOLDO DE MELO<\/td><td class=\"column-3\">3,9<\/td><td class=\"column-4\">6,4<\/td><td class=\"column-5\">8,5<\/td><td class=\"column-6\">-<\/td><td class=\"column-7\">6,6<\/td><td class=\"column-8\">-<\/td><td class=\"column-9\">Aprovado<\/td>\n<\/tr>\n<tr class=\"row-30\">\n\t<td class=\"column-1\">20856070<\/td><td class=\"column-2\">JUAN FELIPPE SANTIAGO DE VASCONCELLOS<\/td><td class=\"column-3\">4,1<\/td><td class=\"column-4\">5,6<\/td><td class=\"column-5\">6,3<\/td><td class=\"column-6\">6,4<\/td><td class=\"column-7\">6,1<\/td><td class=\"column-8\">-<\/td><td class=\"column-9\">Aprovado<\/td>\n<\/tr>\n<tr class=\"row-31\">\n\t<td class=\"column-1\">20856097<\/td><td class=\"column-2\">LEONARDO TRISTAO CHARGEL<\/td><td class=\"column-3\">1,8<\/td><td class=\"column-4\">6,2<\/td><td class=\"column-5\">0,0<\/td><td class=\"column-6\">-<\/td><td class=\"column-7\">2,3<\/td><td class=\"column-8\">-<\/td><td class=\"column-9\">Reprovado<\/td>\n<\/tr>\n<tr class=\"row-32\">\n\t<td class=\"column-1\">10856010<\/td><td class=\"column-2\">LUCAS BASTOS DE OLIVEIRA<\/td><td class=\"column-3\">6,0<\/td><td class=\"column-4\">9,2<\/td><td class=\"column-5\">7,2<\/td><td class=\"column-6\">-<\/td><td class=\"column-7\">7,4<\/td><td class=\"column-8\">-<\/td><td class=\"column-9\">Aprovado<\/td>\n<\/tr>\n<tr class=\"row-33\">\n\t<td class=\"column-1\">20856071<\/td><td class=\"column-2\">LUIS FERNANDO KRAEMER BULSING<\/td><td class=\"column-3\">7,8<\/td><td class=\"column-4\">10,0<\/td><td class=\"column-5\">5,2<\/td><td class=\"column-6\">-<\/td><td class=\"column-7\">7,3<\/td><td class=\"column-8\">-<\/td><td class=\"column-9\">Aprovado<\/td>\n<\/tr>\n<tr class=\"row-34\">\n\t<td class=\"column-1\">20856107<\/td><td class=\"column-2\">LUISA RANGEL DE MORAES<\/td><td class=\"column-3\">0,0<\/td><td class=\"column-4\">0,0<\/td><td class=\"column-5\">0,2<\/td><td class=\"column-6\"><\/td><td class=\"column-7\">0,1<\/td><td class=\"column-8\">-<\/td><td class=\"column-9\">reprovado<\/td>\n<\/tr>\n<tr class=\"row-35\">\n\t<td class=\"column-1\">20856101<\/td><td class=\"column-2\">NATALIA DE SA BRAGANCA<\/td><td class=\"column-3\">-<\/td><td class=\"column-4\">-<\/td><td class=\"column-5\">0,0<\/td><td class=\"column-6\">1,7<\/td><td class=\"column-7\">0,7<\/td><td class=\"column-8\">-<\/td><td class=\"column-9\">Reprovado<\/td>\n<\/tr>\n<tr class=\"row-36\">\n\t<td class=\"column-1\">20856074<\/td><td class=\"column-2\">NATALIA RENTE NUNES<\/td><td class=\"column-3\">7,4<\/td><td class=\"column-4\">10,0<\/td><td class=\"column-5\">6,9<\/td><td class=\"column-6\">-<\/td><td class=\"column-7\">7,9<\/td><td class=\"column-8\">-<\/td><td class=\"column-9\">Aprovado<\/td>\n<\/tr>\n<tr class=\"row-37\">\n\t<td class=\"column-1\">20856091<\/td><td class=\"column-2\">NATHALIA MARQUES SILVA<\/td><td class=\"column-3\">2,6<\/td><td class=\"column-4\">8,0<\/td><td class=\"column-5\">5,7<\/td><td class=\"column-6\">7,5<\/td><td class=\"column-7\">6,9<\/td><td class=\"column-8\">-<\/td><td class=\"column-9\">Aprovado<\/td>\n<\/tr>\n<tr class=\"row-38\">\n\t<td class=\"column-1\">20856092<\/td><td class=\"column-2\">NATHUR DUARTE PEREIRA JUNIOR<\/td><td class=\"column-3\">3,8<\/td><td class=\"column-4\">4,7<\/td><td class=\"column-5\">7,0<\/td><td class=\"column-6\">4,1<\/td><td class=\"column-7\">5,5<\/td><td class=\"column-8\">6,0<\/td><td class=\"column-9\">Aprovado<\/td>\n<\/tr>\n<tr class=\"row-39\">\n\t<td class=\"column-1\">30856105<\/td><td class=\"column-2\">PEDRO RUBENS VIEIRA MIL HOMENS COSTA<\/td><td class=\"column-3\">4,2<\/td><td class=\"column-4\">0,0<\/td><td class=\"column-5\">0,0<\/td><td class=\"column-6\">-<\/td><td class=\"column-7\">1,2<\/td><td class=\"column-8\">-<\/td><td class=\"column-9\">Reprovado<\/td>\n<\/tr>\n<tr class=\"row-40\">\n\t<td class=\"column-1\">20856076<\/td><td class=\"column-2\">PRISCILLA NOVELLO<\/td><td class=\"column-3\">6,6<\/td><td class=\"column-4\">0,0<\/td><td class=\"column-5\">5,1<\/td><td class=\"column-6\">2,9<\/td><td class=\"column-7\">4,9<\/td><td class=\"column-8\">6,0<\/td><td class=\"column-9\">Aprovado<\/td>\n<\/tr>\n<tr class=\"row-41\">\n\t<td class=\"column-1\">10856046<\/td><td class=\"column-2\">RAFAEL DE ALMEIDA CARNEIRO<\/td><td class=\"column-3\">8,0<\/td><td class=\"column-4\">7,2<\/td><td class=\"column-5\">6,1<\/td><td class=\"column-6\">-<\/td><td class=\"column-7\">7,0<\/td><td class=\"column-8\">-<\/td><td class=\"column-9\">Aprovado<\/td>\n<\/tr>\n<tr class=\"row-42\">\n\t<td class=\"column-1\">20856077<\/td><td class=\"column-2\">RAPHAEL JOSE MARTINS DE CASTRO<\/td><td class=\"column-3\">4,3<\/td><td class=\"column-4\">0,0<\/td><td class=\"column-5\">-<\/td><td class=\"column-6\">-<\/td><td class=\"column-7\">1,2<\/td><td class=\"column-8\">-<\/td><td class=\"column-9\">Reprovado<\/td>\n<\/tr>\n<tr class=\"row-43\">\n\t<td class=\"column-1\">10856014<\/td><td class=\"column-2\">RENATO HOLETZ RAMOS<\/td><td class=\"column-3\">6,9<\/td><td class=\"column-4\">8,1<\/td><td class=\"column-5\">6,9<\/td><td class=\"column-6\">-<\/td><td class=\"column-7\">7,2<\/td><td class=\"column-8\">-<\/td><td class=\"column-9\">Aprovado<\/td>\n<\/tr>\n<tr class=\"row-44\">\n\t<td class=\"column-1\">20856078<\/td><td class=\"column-2\">RODRIGO DEROSSI ALVIM<\/td><td class=\"column-3\">7,4<\/td><td class=\"column-4\">10,0<\/td><td class=\"column-5\">7,6<\/td><td class=\"column-6\">-<\/td><td class=\"column-7\">8,2<\/td><td class=\"column-8\">-<\/td><td class=\"column-9\">Aprovado<\/td>\n<\/tr>\n<tr class=\"row-45\">\n\t<td class=\"column-1\">20856079<\/td><td class=\"column-2\">RODRIGO SANGUEDO BAPTISTA<\/td><td class=\"column-3\">3,7<\/td><td class=\"column-4\">9,5<\/td><td class=\"column-5\">6,5<\/td><td class=\"column-6\">-<\/td><td class=\"column-7\">6,6<\/td><td class=\"column-8\">-<\/td><td class=\"column-9\">Aprovado<\/td>\n<\/tr>\n<tr class=\"row-46\">\n\t<td class=\"column-1\">20856094<\/td><td class=\"column-2\">SAMUEL MUYLAERT CAMARGO DA SILVA<\/td><td class=\"column-3\">5,5<\/td><td class=\"column-4\">9,7<\/td><td class=\"column-5\">8,6<\/td><td class=\"column-6\">-<\/td><td class=\"column-7\">8,0<\/td><td class=\"column-8\">-<\/td><td class=\"column-9\">Aprovado<\/td>\n<\/tr>\n<tr class=\"row-47\">\n\t<td class=\"column-1\">20856080<\/td><td class=\"column-2\">SUELEN SILVA TRINDADE<\/td><td class=\"column-3\">4,6<\/td><td class=\"column-4\">9,5<\/td><td class=\"column-5\">5,6<\/td><td class=\"column-6\">-<\/td><td class=\"column-7\">6,4<\/td><td class=\"column-8\">-<\/td><td class=\"column-9\">Aprovado<\/td>\n<\/tr>\n<tr class=\"row-48\">\n\t<td class=\"column-1\">20756072<\/td><td class=\"column-2\">THYAGO TROCILO ARAUJO<\/td><td class=\"column-3\">6,2<\/td><td class=\"column-4\">6,8<\/td><td class=\"column-5\">5,4<\/td><td class=\"column-6\">-<\/td><td class=\"column-7\">6,0<\/td><td class=\"column-8\">-<\/td><td class=\"column-9\">Aprovado<\/td>\n<\/tr>\n<tr class=\"row-49\">\n\t<td class=\"column-1\">20856081<\/td><td class=\"column-2\">TIAGO GAMA DA SILVA RODRIGUES<\/td><td class=\"column-3\">7,2<\/td><td class=\"column-4\">10,0<\/td><td class=\"column-5\">6,8<\/td><td class=\"column-6\">-<\/td><td class=\"column-7\">7,8<\/td><td class=\"column-8\">-<\/td><td class=\"column-9\">Aprovado<\/td>\n<\/tr>\n<tr class=\"row-50\">\n\t<td class=\"column-1\">Alunos<\/td><td class=\"column-2\"><\/td><td class=\"column-3\">44<\/td><td class=\"column-4\">42<\/td><td class=\"column-5\">43<\/td><td class=\"column-6\">14<\/td><td class=\"column-7\">47<\/td><td class=\"column-8\">6<\/td><td class=\"column-9\"><\/td>\n<\/tr>\n<tr class=\"row-51\">\n\t<td class=\"column-1\">M\u00e9dia<\/td><td class=\"column-2\"><\/td><td class=\"column-3\">4,8<\/td><td class=\"column-4\">6,8<\/td><td class=\"column-5\">5,2<\/td><td class=\"column-6\">4,3<\/td><td class=\"column-7\">5,3<\/td><td class=\"column-8\">5,5<\/td><td class=\"column-9\"><\/td>\n<\/tr>\n<\/tbody>\n<\/table>\n<!-- #tablepress-8 from cache -->\n<p>Aprovados 33 &#8211; 70%<\/p>\n<p>Reprovados 14 &#8211; 30%<\/p>\n<p>Total 47<\/p>\n<p>&nbsp;<\/p>\n","protected":false},"excerpt":{"rendered":"<p>ATEN\u00c7\u00c3O: A vista da VS poder\u00e1 ser na sexta 19\/12. Os alunos interessados em ver a prova enviem um email para confirmar. Aprovados 33 &#8211; 70% Reprovados 14 &#8211; 30% Total 47 &nbsp;<\/p>\n","protected":false},"author":1,"featured_media":0,"parent":0,"menu_order":0,"comment_status":"closed","ping_status":"closed","template":"","meta":{"_exactmetrics_skip_tracking":false,"_exactmetrics_sitenote_active":false,"_exactmetrics_sitenote_note":"","_exactmetrics_sitenote_category":0,"footnotes":""},"categories":[2],"tags":[24,16,29,25,30],"class_list":["post-239","page","type-page","status-publish","hentry","category-disciplinas","tag-2008-2","tag-calculo-ia","tag-gma00108","tag-notas","tag-turma-e1"],"_links":{"self":[{"href":"https:\/\/www.professores.uff.br\/koro\/wp-json\/wp\/v2\/pages\/239","targetHints":{"allow":["GET"]}}],"collection":[{"href":"https:\/\/www.professores.uff.br\/koro\/wp-json\/wp\/v2\/pages"}],"about":[{"href":"https:\/\/www.professores.uff.br\/koro\/wp-json\/wp\/v2\/types\/page"}],"author":[{"embeddable":true,"href":"https:\/\/www.professores.uff.br\/koro\/wp-json\/wp\/v2\/users\/1"}],"replies":[{"embeddable":true,"href":"https:\/\/www.professores.uff.br\/koro\/wp-json\/wp\/v2\/comments?post=239"}],"version-history":[{"count":2,"href":"https:\/\/www.professores.uff.br\/koro\/wp-json\/wp\/v2\/pages\/239\/revisions"}],"predecessor-version":[{"id":243,"href":"https:\/\/www.professores.uff.br\/koro\/wp-json\/wp\/v2\/pages\/239\/revisions\/243"}],"wp:attachment":[{"href":"https:\/\/www.professores.uff.br\/koro\/wp-json\/wp\/v2\/media?parent=239"}],"wp:term":[{"taxonomy":"category","embeddable":true,"href":"https:\/\/www.professores.uff.br\/koro\/wp-json\/wp\/v2\/categories?post=239"},{"taxonomy":"post_tag","embeddable":true,"href":"https:\/\/www.professores.uff.br\/koro\/wp-json\/wp\/v2\/tags?post=239"}],"curies":[{"name":"wp","href":"https:\/\/api.w.org\/{rel}","templated":true}]}}