{"id":368,"date":"2017-08-09T16:46:15","date_gmt":"2017-08-09T19:46:15","guid":{"rendered":"http:\/\/www.professores.uff.br\/koro\/?page_id=368"},"modified":"2017-08-11T08:46:12","modified_gmt":"2017-08-11T11:46:12","slug":"notas-2010-2-juncao-com-gma06074-calculo-diferencial-e-integral-aplicado-ii-turma-d2","status":"publish","type":"page","link":"https:\/\/www.professores.uff.br\/koro\/notas-2010-2-juncao-com-gma06074-calculo-diferencial-e-integral-aplicado-ii-turma-d2\/","title":{"rendered":"Notas &#8211; 2010-2 &#8211; JUN\u00c7\u00c3O COM GMA06074 C\u00e1lculo Diferencial e Integral Aplicado II  &#8211; Turma D2"},"content":{"rendered":"","protected":true},"excerpt":{"rendered":"","protected":true},"author":1,"featured_media":0,"parent":0,"menu_order":0,"comment_status":"closed","ping_status":"closed","template":"","meta":{"_exactmetrics_skip_tracking":false,"_exactmetrics_sitenote_active":false,"_exactmetrics_sitenote_note":"","_exactmetrics_sitenote_category":0,"footnotes":""},"categories":[2],"tags":[43,40,41,25,42],"class_list":["post-368","page","type-page","status-publish","post-password-required","hentry","category-disciplinas","tag-2010-2","tag-gma06074-calculo-diferencial","tag-integral-aplicado-ii","tag-notas","tag-turma-d2"],"_links":{"self":[{"href":"https:\/\/www.professores.uff.br\/koro\/wp-json\/wp\/v2\/pages\/368","targetHints":{"allow":["GET"]}}],"collection":[{"href":"https:\/\/www.professores.uff.br\/koro\/wp-json\/wp\/v2\/pages"}],"about":[{"href":"https:\/\/www.professores.uff.br\/koro\/wp-json\/wp\/v2\/types\/page"}],"author":[{"embeddable":true,"href":"https:\/\/www.professores.uff.br\/koro\/wp-json\/wp\/v2\/users\/1"}],"replies":[{"embeddable":true,"href":"https:\/\/www.professores.uff.br\/koro\/wp-json\/wp\/v2\/comments?post=368"}],"version-history":[{"count":1,"href":"https:\/\/www.professores.uff.br\/koro\/wp-json\/wp\/v2\/pages\/368\/revisions"}],"predecessor-version":[{"id":370,"href":"https:\/\/www.professores.uff.br\/koro\/wp-json\/wp\/v2\/pages\/368\/revisions\/370"}],"wp:attachment":[{"href":"https:\/\/www.professores.uff.br\/koro\/wp-json\/wp\/v2\/media?parent=368"}],"wp:term":[{"taxonomy":"category","embeddable":true,"href":"https:\/\/www.professores.uff.br\/koro\/wp-json\/wp\/v2\/categories?post=368"},{"taxonomy":"post_tag","embeddable":true,"href":"https:\/\/www.professores.uff.br\/koro\/wp-json\/wp\/v2\/tags?post=368"}],"curies":[{"name":"wp","href":"https:\/\/api.w.org\/{rel}","templated":true}]}}