{"id":863,"date":"2020-04-09T13:12:55","date_gmt":"2020-04-09T16:12:55","guid":{"rendered":"http:\/\/www.professores.uff.br\/koro\/?page_id=863"},"modified":"2020-08-06T15:01:09","modified_gmt":"2020-08-06T18:01:09","slug":"introducao-aos-sistemas-dinamicos","status":"publish","type":"page","link":"https:\/\/www.professores.uff.br\/koro\/introducao-aos-sistemas-dinamicos\/","title":{"rendered":"Introdu\u00e7\u00e3o aos Sistemas Din\u00e2micos"},"content":{"rendered":"\n<p>As reuni\u00f5es por Google Hangouts Meet ser\u00e3o nas quintas-feiras \u00e0s 17 hs.<\/p>\n\n\n\n<p>Mat\u00e9ria para a terceira semana: Se\u00e7\u00f5es 1.6-1.7 do Devaney<\/p>\n\n\n\n<p>Mat\u00e9ria para a segunda semana: Se\u00e7\u00e3o 1.5 do Devaney<\/p>\n\n\n\n<p>Mat\u00e9ria para a primeira semana: Se\u00e7\u00f5es 1.1-1.4 do Devaney.<\/p>\n\n\n\n<p>Mat\u00e9ria at\u00e9 12\/5: At\u00e9 se\u00e7\u00e3o 1.9 do Devaney.<\/p>\n\n\n\n<p><a href=\"https:\/\/drive.google.com\/drive\/folders\/1moEETZgQI2ActDEOz5NXCiOUkSO8xdFn?usp=sharing\">Pasta com as notas de aula<\/a><\/p>\n\n\n\n<p>Aplicativo online para visualizar a din\u00e2mica da familia quadr\u00e1tica: <a href=\"https:\/\/www.desmos.com\/calculator\/unan9xh0og\">https:\/\/www.desmos.com\/calculator\/unan9xh0og<\/a><\/p>\n\n\n\n<p><a href=\"http:\/\/www.pgmat.uff.br\/images\/Disciplinas\/Mestrado\/Optativas\/IntrodSistemasDinamicos.pdf\">Ementa da disciplina<\/a><\/p>\n\n\n\n<p><\/p>\n","protected":false},"excerpt":{"rendered":"<p>As reuni\u00f5es por Google Hangouts Meet ser\u00e3o nas quintas-feiras \u00e0s 17 hs. Mat\u00e9ria para a terceira semana: Se\u00e7\u00f5es 1.6-1.7 do Devaney Mat\u00e9ria para a segunda semana: Se\u00e7\u00e3o 1.5 do Devaney Mat\u00e9ria para a primeira semana: Se\u00e7\u00f5es 1.1-1.4 do Devaney. Mat\u00e9ria at\u00e9 12\/5: At\u00e9 se\u00e7\u00e3o 1.9 do Devaney. Pasta com as notas de aula Aplicativo online [&hellip;]<\/p>\n","protected":false},"author":25,"featured_media":0,"parent":0,"menu_order":0,"comment_status":"closed","ping_status":"closed","template":"","meta":{"_exactmetrics_skip_tracking":false,"_exactmetrics_sitenote_active":false,"_exactmetrics_sitenote_note":"","_exactmetrics_sitenote_category":0,"footnotes":""},"categories":[],"tags":[],"class_list":["post-863","page","type-page","status-publish","hentry"],"_links":{"self":[{"href":"https:\/\/www.professores.uff.br\/koro\/wp-json\/wp\/v2\/pages\/863","targetHints":{"allow":["GET"]}}],"collection":[{"href":"https:\/\/www.professores.uff.br\/koro\/wp-json\/wp\/v2\/pages"}],"about":[{"href":"https:\/\/www.professores.uff.br\/koro\/wp-json\/wp\/v2\/types\/page"}],"author":[{"embeddable":true,"href":"https:\/\/www.professores.uff.br\/koro\/wp-json\/wp\/v2\/users\/25"}],"replies":[{"embeddable":true,"href":"https:\/\/www.professores.uff.br\/koro\/wp-json\/wp\/v2\/comments?post=863"}],"version-history":[{"count":11,"href":"https:\/\/www.professores.uff.br\/koro\/wp-json\/wp\/v2\/pages\/863\/revisions"}],"predecessor-version":[{"id":896,"href":"https:\/\/www.professores.uff.br\/koro\/wp-json\/wp\/v2\/pages\/863\/revisions\/896"}],"wp:attachment":[{"href":"https:\/\/www.professores.uff.br\/koro\/wp-json\/wp\/v2\/media?parent=863"}],"wp:term":[{"taxonomy":"category","embeddable":true,"href":"https:\/\/www.professores.uff.br\/koro\/wp-json\/wp\/v2\/categories?post=863"},{"taxonomy":"post_tag","embeddable":true,"href":"https:\/\/www.professores.uff.br\/koro\/wp-json\/wp\/v2\/tags?post=863"}],"curies":[{"name":"wp","href":"https:\/\/api.w.org\/{rel}","templated":true}]}}