{"id":97,"date":"2017-07-31T18:26:47","date_gmt":"2017-07-31T21:26:47","guid":{"rendered":"http:\/\/www.professores.uff.br\/koro\/?page_id=97"},"modified":"2017-07-31T20:04:14","modified_gmt":"2017-07-31T23:04:14","slug":"1-funcoes-e-modelos-lista-do-stewart","status":"publish","type":"page","link":"https:\/\/www.professores.uff.br\/koro\/aulas\/1-funcoes-e-modelos-lista-do-stewart\/","title":{"rendered":"1. Fun\u00e7\u00f5es e Modelos (Lista do Stewart)"},"content":{"rendered":"<p>Exceto onde indicado, a fonte \u00e9 o Stewart, Volume 1, 7\u00aa Edi\u00e7\u00e3o; os sublinhados s\u00e3o os mais interessantes.<\/p>\n<p>1.1: <strong>1<\/strong>, <strong>2<\/strong>, 4, 7-10, <strong>14<\/strong>,<strong> 25<\/strong>, <strong>29<\/strong>, 35, <strong>38<\/strong>, 43, <strong>49<\/strong>, <strong>56<\/strong>, 57, <strong>63<\/strong>, 67, 69, <strong>70<\/strong>, <strong>73<\/strong>, 79, <strong>80<\/strong><br \/>\n1.2: <strong>4<\/strong>, <strong>5<\/strong>, 8, <strong>10<\/strong>, 16, <strong>26<\/strong><br \/>\n1.3: <strong>1<\/strong>,<strong> 3<\/strong>, 13, 17, <strong>21<\/strong>, <strong>27<\/strong>, 28, 33, <strong>41<\/strong>, 49, 51, 57, <strong>59<\/strong>, 61, <strong>63<\/strong>, <strong>64<\/strong><br \/>\n1.5: 4, 13, 19, <strong>21<\/strong>, <strong>23<\/strong><br \/>\n1.6: 5, 7, 9, 11, 19, <strong>21<\/strong>, <strong>23<\/strong>, 25, 29, 31, 39, 48, 53, 61, <strong>63<\/strong>, 65, 67, <strong>69<\/strong>, 71<br \/>\np.73: 3, 7, 9, 12, <strong>13<\/strong>, 15, <strong>16<\/strong><\/p>\n<p>D\u00e1 para quebrar o galho com a 6a edi\u00e7\u00e3o:<\/p>\n<p>1.1: 5-8, 31, 44, 59, 61,62,63, 65, 67, 69<br \/>\n1.2: 3, 4, 5, 6, 13<br \/>\n1.3: 3, 4, 5, 6, 7, 11, 13, 21, 23, 27, 28, 35, 57, 61, 65, 66<br \/>\n1.5: 7, 8, 13, 14, 17, 25<br \/>\n1.6: 5, 7, 11, 14, 19, 23, 26, 30, 37, 48, 50, 51, 53, 57, 73<br \/>\np.70: 3, 7, 9, 12, 13, 14, 15<\/p>\n<p>Ou com a 5a:<br \/>\n1.1: 5-8, 27, 40, 55, 57, 58, 59, 60, 61, 63, 65<br \/>\n1.2: 3, 4, 5, 6, 9<br \/>\n1.3: 3, 4, 5, 6, 7, 11, 13, 21, 23, 27, 28, 39, 59, 60, 61, 63, 64<br \/>\n1.5: 7, 8, 13, 14, 17, 25<br \/>\n1.6: 5, 7, 11, 14, 21, 25, 28, 32, 39, 50, 52, 53, 55, 59, 62<br \/>\np. 85: 3, 7, 9, 12, 13, 14, 15<\/p>\n<p>Obs: Sele\u00e7\u00e3o de exercicios feita pelo professor Ralph.<\/p>\n","protected":false},"excerpt":{"rendered":"<p>Exceto onde indicado, a fonte \u00e9 o Stewart, Volume 1, 7\u00aa Edi\u00e7\u00e3o; os sublinhados s\u00e3o os mais interessantes. 1.1: 1, 2, 4, 7-10, 14, 25, 29, 35, 38, 43, 49, 56, 57, 63, 67, 69, 70, 73, 79, 80 1.2: 4, 5, 8, 10, 16, 26 1.3: 1, 3, 13, 17, 21, 27, 28, 33, [&hellip;]<\/p>\n","protected":false},"author":1,"featured_media":0,"parent":17,"menu_order":0,"comment_status":"closed","ping_status":"closed","template":"","meta":{"_exactmetrics_skip_tracking":false,"_exactmetrics_sitenote_active":false,"_exactmetrics_sitenote_note":"","_exactmetrics_sitenote_category":0,"footnotes":""},"categories":[2],"tags":[10,11],"class_list":["post-97","page","type-page","status-publish","hentry","category-disciplinas","tag-funcoes","tag-modelos"],"_links":{"self":[{"href":"https:\/\/www.professores.uff.br\/koro\/wp-json\/wp\/v2\/pages\/97","targetHints":{"allow":["GET"]}}],"collection":[{"href":"https:\/\/www.professores.uff.br\/koro\/wp-json\/wp\/v2\/pages"}],"about":[{"href":"https:\/\/www.professores.uff.br\/koro\/wp-json\/wp\/v2\/types\/page"}],"author":[{"embeddable":true,"href":"https:\/\/www.professores.uff.br\/koro\/wp-json\/wp\/v2\/users\/1"}],"replies":[{"embeddable":true,"href":"https:\/\/www.professores.uff.br\/koro\/wp-json\/wp\/v2\/comments?post=97"}],"version-history":[{"count":1,"href":"https:\/\/www.professores.uff.br\/koro\/wp-json\/wp\/v2\/pages\/97\/revisions"}],"predecessor-version":[{"id":98,"href":"https:\/\/www.professores.uff.br\/koro\/wp-json\/wp\/v2\/pages\/97\/revisions\/98"}],"up":[{"embeddable":true,"href":"https:\/\/www.professores.uff.br\/koro\/wp-json\/wp\/v2\/pages\/17"}],"wp:attachment":[{"href":"https:\/\/www.professores.uff.br\/koro\/wp-json\/wp\/v2\/media?parent=97"}],"wp:term":[{"taxonomy":"category","embeddable":true,"href":"https:\/\/www.professores.uff.br\/koro\/wp-json\/wp\/v2\/categories?post=97"},{"taxonomy":"post_tag","embeddable":true,"href":"https:\/\/www.professores.uff.br\/koro\/wp-json\/wp\/v2\/tags?post=97"}],"curies":[{"name":"wp","href":"https:\/\/api.w.org\/{rel}","templated":true}]}}