{"id":144,"date":"2017-08-20T11:03:49","date_gmt":"2017-08-20T14:03:49","guid":{"rendered":"http:\/\/www.professores.uff.br\/kowada\/?page_id=144"},"modified":"2022-03-18T12:48:24","modified_gmt":"2022-03-18T15:48:24","slug":"orientacao","status":"publish","type":"page","link":"https:\/\/www.professores.uff.br\/kowada\/orientacao\/","title":{"rendered":"Orienta\u00e7\u00f5es"},"content":{"rendered":"<p><span style=\"font-size: x-large\">Orienta\u00e7\u00f5es em andamento<\/span><\/p>\n<ul>\n<li><strong>Doutorado<\/strong>\n<ul>\n<li>Daniel Chicayban Bastos. Fatora\u00e7\u00e3o usando Computa\u00e7\u00e3o Qu\u00e2ntica. In\u00edcio: 2019. (UFF)<\/li>\n<li>Raphael Bernardino Ferreira Lima. Seguran\u00e7a em Internet das Coisas. In\u00edcio: 2019. (UFF)<\/li>\n<li>Gabriel Cardoso de Carvalho. Criptan\u00e1lise de Cifras de Bloco usando GPUs. In\u00edcio: 2019. (UFF)<\/li>\n<li>F\u00e1bio Gomes. In\u00edcio: 2020 (UFF)<\/li>\n<\/ul>\n<\/li>\n<li><strong>Inicia\u00e7\u00e3o Cient\u00edfica<\/strong>\n<ul>\n<li>Raian Pierre Machado. Simula\u00e7\u00e3o de Algoritmos Qu\u00e2nticos. (2022).<\/li>\n<\/ul>\n<\/li>\n<\/ul>\n<p><span style=\"font-size: x-large\">Orienta\u00e7\u00f5es conclu\u00eddas<\/span><\/p>\n<ul>\n<li><strong>Doutorado<\/strong>\n<ul>\n<li>Caroline da Silva Reis Patr\u00e3o. Colora\u00e7\u00e3o Total de Grafos de Cayley. 2017 (UFRJ). Em colabora\u00e7\u00e3o com Celina M. H. de Figueiredo.<\/li>\n<li>Edinel\u00e7o Dalcumune. S\u00edntese de Circuitos Revers\u00edveis. (2017) Em colabora\u00e7\u00e3o com Franklin Marquezino.<\/li>\n<li>Lu\u00eds Felipe Ign\u00e1cio Cunha. Rearranjo de Genomas: Algoritmos e Complexidade. 2017. UFRJ. Em colabora\u00e7\u00e3o com Celina M. H. de Figueiredo.<\/li>\n<li>Andr\u00e9 da Cunha Ribeiro. SOBRE GRAFOS DE CAYLEY, PERMUTA\u00c7\u00d5ES E CIRCUITOS REVERS\u00cdVEIS. 2013. UFRJ. Em colabora\u00e7\u00e3o com Celina M. H. de Figueiredo.<\/li>\n<\/ul>\n<\/li>\n<li><strong>Mestrado<\/strong>\n<ul>\n<li>\n<div class=\"layout-cell layout-cell-11\">\n<div class=\"layout-cell-pad-5\">Raphael Bernardino Ferreira Lima. Uma biblioteca na linguagem revers\u00edvel Janus para implementa\u00e7\u00e3o de procedimentos criptogr\u00e1ficos. 2019. UFF.<\/div>\n<\/div>\n<\/li>\n<li>Gabriel Cardoso de Carvalho. Criptan\u00e1lise de Cifras de Bloco usando GPUs. 2019. UFF.<\/li>\n<li>Daniel Chicayban Bastos. Uma vers\u00e3o qu\u00e2ntica do algoritmo R\u00f4 de Pollard. 2019.UFF.<\/li>\n<li>Jo\u00e3o Miguel Barbosa Brand\u00e3o. Algoritmo Qu\u00e2ntico para Encontrar a Moda Estat\u00edstica. 2018.UFF.<\/li>\n<li>Alexandre Santiago. TESSELA\u00c7\u00d5ES EM GRAFOS E SUAS APLICA\u00c7\u00d5ES EM COMPUTA\u00c7\u00c3O QU\u00c2NTICA. 2017. UFRJ. Em colabora\u00e7\u00e3o com Franklin da Silva Marquezino.<\/li>\n<li>Lu\u00eds Felipe Ign\u00e1cio Cunha. Rearranjo de Genomas e Diametro de Transposi\u00e7\u00e3o. 2012. UFRJ. Em colabora\u00e7\u00e3o com Celina M. H. de Figueiredo.<\/li>\n<li>Marcelo Pereira Lopes. Dist\u00e2ncia de transposi\u00e7\u00e3o atrav\u00e9s da transforma\u00e7\u00e3o em permuta\u00e7\u00e3o simples. 2011. UFRJ. Em colabora\u00e7\u00e3o com Celina M. H. de Figueiredo.<\/li>\n<li>Caroline da Silva Reis. Ciclo Hamiltoniano em grafos de rearranjo de genomas por transposi\u00e7\u00f5es pr\u00e9-fixadas. 2009. UFRJ. Em colabora\u00e7\u00e3o com Celina M. H. de Figueiredo.<\/li>\n<\/ul>\n<\/li>\n<li><strong>Especializa\u00e7\u00e3o<\/strong>\n<ul>\n<li>Luciana Leal Ambr\u00f3sio. CRIPTOGRAFIA QU\u00c2NTICA: UMA COMPARA\u00c7\u00c3O ENTRE O PROTOCOLO DE BASES CONJUGADAS E O PROTOCOLO SEMI-QU\u00c2NTICO. 2008. Monografia. (Aperfei\u00e7oamento\/Especializa\u00e7\u00e3o em Criptografia e Seguran\u00e7a em Redes) &#8211; UFF.<\/li>\n<\/ul>\n<\/li>\n<li><strong>Trabalho de Conclus\u00e3o de Curso de Gradua\u00e7\u00e3o<\/strong>\n<ul>\n<li>Vlamir Dias de Campos. Gest\u00e3o de sistemas seguran\u00e7a da informa\u00e7\u00e3o nas empresas &#8211; padr\u00f5es, regulamenta\u00e7\u00f5es e normas t\u00e9cnicas. 2019. Trabalho de Conclus\u00e3o de Curso. (Gradua\u00e7\u00e3o em Sistemas de Computa\u00e7\u00e3o) &#8211; Universidade Federal Fluminense.<\/li>\n<li>Tadeu Moreira Oliveira UMA APLICA\u00c7\u00c3O DESCENTRALIZADA, AUT\u00d4NOMA E TRANSPARENTE PARA PROVER VIAGENS EM TRANSPORTE COLETIVO. 2018. Trabalho de Conclus\u00e3o de Curso. (Gradua\u00e7\u00e3o em Ci\u00eancia da Computa\u00e7\u00e3o) &#8211; Universidade Federal Fluminense.<\/li>\n<li>Igor Palmieri Antunes. Explorando o Sistema de Criptografia Signal Protocol em Grupos do WhatsApp. 2018. Trabalho de Conclus\u00e3o de Curso. (Gradua\u00e7\u00e3o em Ci\u00eancia da Computa\u00e7\u00e3o) &#8211; Universidade Federal Fluminense.<\/li>\n<li>Mauro Sergio Lopes dos Santos Junior. Seguran\u00e7a em troca de mensagens na Internet das Coisas (IoT). 2018. Trabalho de Conclus\u00e3o de Curso. (Gradua\u00e7\u00e3o em Ci\u00eancia da Computa\u00e7\u00e3o) &#8211; Universidade Federal Fluminense.<\/li>\n<li>Omar Vinicius Matos Rolim. AN\u00c1LISE DE SEGURAN\u00c7A DO BLUETOOTH NO CONTEXTO DE INTERNET DAS COISAS. 2018. Trabalho de Conclus\u00e3o de Curso. (Gradua\u00e7\u00e3o em Ci\u00eancia da Computa\u00e7\u00e3o) &#8211; Universidade Federal Fluminense.<\/li>\n<li>Vin\u00edcius de Carvalho Brum. Compilador para a Linguagem Revers\u00edvel Janus. 2017. (Gradua\u00e7\u00e3o em Ci\u00eancia da Computa\u00e7\u00e3o) &#8211; UFF<\/li>\n<li>Julius Cesar Rubio Caffaro. Detec\u00e7\u00e3o autom\u00e1tica de melodias. 2016. (Gradua\u00e7\u00e3o em Ci\u00eancia da Computa\u00e7\u00e3o) &#8211; UFF<\/li>\n<li>Raphael Bernardino Ferreira Lima e Igor Gon\u00e7alves Agarra Galv\u00e3o. Ensino de criptografia. 2016. Trabalho de Conclus\u00e3o de Curso. (Gradua\u00e7\u00e3o em Ci\u00eancia da Computa\u00e7\u00e3o) &#8211; Universidade Federal Fluminense.<\/li>\n<li>Gabriel Cardoso de Carvalho. CRIPTAN\u00c1LISE APLICADA AO DES: COMPARA\u00c7\u00c3O E APLICA\u00c7\u00c3O DE M\u00c9TODOS EM GPU. 2016. Trabalho de Conclus\u00e3o de Curso. (Gradua\u00e7\u00e3o em Ci\u00eancia da Computa\u00e7\u00e3o) &#8211; Universidade Federal Fluminense.<\/li>\n<li>ELIAQUIM DOS SANTOS MAURICIO e AYLTON VIEIRA DA SILVA NAZ\u00c1RIO. ALGORITMOS DE APRENDIZADO E SISTEMAS INTELIGENTES. 2016. Trabalho de Conclus\u00e3o de Curso. (Gradua\u00e7\u00e3o em Sistemas de Computa\u00e7\u00e3o) &#8211; Universidade Federal Fluminense. Em colabora\u00e7\u00e3o com Lu\u00eds Felipe Ign\u00e1cio Cunha<\/li>\n<li>Roberto Sampaio. M\u00e9todos e T\u00e9cnicas de S\u00edntese de Circuitos Revers\u00edveis. 2014. Trabalho de Conclus\u00e3o de Curso. (Gradua\u00e7\u00e3o em Ci\u00eancia da Computa\u00e7\u00e3o) &#8211; Universidade Federal Fluminense.<\/li>\n<li>Alexandre Santiago e Matheus Manzolli. Simula\u00e7\u00e3o de algoritmos qu\u00e2nticos. 2014. Trabalho de Conclus\u00e3o de Curso. (Gradua\u00e7\u00e3o em Ci\u00eancia da Computa\u00e7\u00e3o) &#8211; Universidade Federal Fluminense.<\/li>\n<\/ul>\n<\/li>\n<li><strong>Inicia\u00e7\u00e3o Cient\u00edfica<\/strong>\n<ul>\n<li>Reiner Henrique dos Santos Filho. Criptan\u00e1lise de Cifras de Bloco.\u00a0 Inicia\u00e7\u00e3o Cient\u00edfica. (Graduando em Engenharia de Telecomunica\u00e7\u00f5es) &#8211; Universidade Federal Fluminensebolsista FAPERJ<\/li>\n<li>Ramon Rocha Rezende. Criptan\u00e1lise de Cifras de Bloco usando GPUs. nicia\u00e7\u00e3o Cient\u00edfica. (Graduando em Computa\u00e7\u00e3o) &#8211; Universidade Federal Fluminense. bolsista UFF-PIBIC<\/li>\n<li>Gabriel Cardoso de Carvalho. Criptan\u00e1lise Linear do DES. 2015. Inicia\u00e7\u00e3o Cient\u00edfica. (Graduando em Ci\u00eancia da Computa\u00e7\u00e3o) &#8211; Universidade Federal Fluminense, bolsista PIBIC-CNPq.<\/li>\n<li>Walace Leal Bastos Pereira. USO DE TEMPLATES PARA P\u00d3S-S\u00cdNTESE DE CIRCUITOS REVERS\u00cdVEIS. 2014. Inicia\u00e7\u00e3o Cient\u00edfica. (Graduando em Computa\u00e7\u00e3o) &#8211; Universidade Federal Fluminense, bolsista PIBIC-CNPq.<\/li>\n<li>Alexandre Brito de Souza. S\u00edntese de Circuitos Revers\u00edveis. 2013. Inicia\u00e7\u00e3o Cient\u00edfica. (Graduando em Engenharia de Telecomunica\u00e7\u00f5es) &#8211; Universidade Federal Fluminense, bolsista FAPERJ.<\/li>\n<li>Alexandre Brito. S\u00edntese de Circuitos Revers\u00edveis e Rearranjo de Transposi\u00e7\u00e3o. 2012. Inicia\u00e7\u00e3o Cient\u00edfica. (Graduando em Engenharia de Telecomunica\u00e7\u00f5es) &#8211; Universidade Federal Fluminense, bolsista PIBIC-CNPq.<\/li>\n<li>CL\u00c1UDIO SANTOS DE SOUZA JUNIOR. S\u00cdNTESE DE CIRCUITOS REVERS\u00cdVEIS POR DIST\u00c2NCIA DE HAMMING. 2012. Inicia\u00e7\u00e3o Cient\u00edfica. (Graduando em Ci\u00eancia da Computa\u00e7\u00e3o) &#8211; Universidade Federal Fluminense, bolsista PIBIC-CNPq.<\/li>\n<li>Roberto Sampaio. S\u00edntese de Circuitos Revers\u00edveis. 2011. Inicia\u00e7\u00e3o Cient\u00edfica. (Graduando em Bacharelado em Ci\u00eancia da Computa\u00e7\u00e3o) &#8211; Universidade Federal Fluminense, bolsista PIBIC-UFF.<\/li>\n<li>Lu\u00eds Felipe Ign\u00e1cio Cunha. Dist\u00e2ncia de transposi\u00e7\u00e3o em Rearranjo de genomas. 2010. Inicia\u00e7\u00e3o Cient\u00edfica. (Graduando em Licenciatura em Matem\u00e1tica) &#8211; Universidade Federal Fluminense, bolsista FAPERJ.<br \/>\nPhilipe Carvalho. Rearranjo de Genomas por Transposi\u00e7\u00e3o. 2010. Inicia\u00e7\u00e3o Cient\u00edfica. (Graduando em Engenharia de Telecomunica\u00e7\u00f5es) &#8211; Universidade Federal Fluminense, bolsista PIBIC-UFF.<\/li>\n<\/ul>\n<\/li>\n<\/ul>\n","protected":false},"excerpt":{"rendered":"<p>Orienta\u00e7\u00f5es em andamento Doutorado Daniel Chicayban Bastos. Fatora\u00e7\u00e3o usando Computa\u00e7\u00e3o Qu\u00e2ntica. In\u00edcio: 2019. (UFF) Raphael Bernardino Ferreira Lima. Seguran\u00e7a em Internet das Coisas. In\u00edcio: 2019. (UFF) Gabriel Cardoso de Carvalho. Criptan\u00e1lise de Cifras de Bloco usando GPUs. In\u00edcio: 2019. (UFF) F\u00e1bio Gomes. In\u00edcio: 2020 (UFF) Inicia\u00e7\u00e3o Cient\u00edfica Raian Pierre Machado. Simula\u00e7\u00e3o de Algoritmos Qu\u00e2nticos. (2022). [&hellip;]<\/p>\n","protected":false},"author":66,"featured_media":0,"parent":0,"menu_order":0,"comment_status":"closed","ping_status":"closed","template":"","meta":{"_exactmetrics_skip_tracking":false,"_exactmetrics_sitenote_active":false,"_exactmetrics_sitenote_note":"","_exactmetrics_sitenote_category":0,"footnotes":""},"categories":[5],"tags":[],"class_list":["post-144","page","type-page","status-publish","hentry","category-pesquisa"],"_links":{"self":[{"href":"https:\/\/www.professores.uff.br\/kowada\/wp-json\/wp\/v2\/pages\/144","targetHints":{"allow":["GET"]}}],"collection":[{"href":"https:\/\/www.professores.uff.br\/kowada\/wp-json\/wp\/v2\/pages"}],"about":[{"href":"https:\/\/www.professores.uff.br\/kowada\/wp-json\/wp\/v2\/types\/page"}],"author":[{"embeddable":true,"href":"https:\/\/www.professores.uff.br\/kowada\/wp-json\/wp\/v2\/users\/66"}],"replies":[{"embeddable":true,"href":"https:\/\/www.professores.uff.br\/kowada\/wp-json\/wp\/v2\/comments?post=144"}],"version-history":[{"count":12,"href":"https:\/\/www.professores.uff.br\/kowada\/wp-json\/wp\/v2\/pages\/144\/revisions"}],"predecessor-version":[{"id":236,"href":"https:\/\/www.professores.uff.br\/kowada\/wp-json\/wp\/v2\/pages\/144\/revisions\/236"}],"wp:attachment":[{"href":"https:\/\/www.professores.uff.br\/kowada\/wp-json\/wp\/v2\/media?parent=144"}],"wp:term":[{"taxonomy":"category","embeddable":true,"href":"https:\/\/www.professores.uff.br\/kowada\/wp-json\/wp\/v2\/categories?post=144"},{"taxonomy":"post_tag","embeddable":true,"href":"https:\/\/www.professores.uff.br\/kowada\/wp-json\/wp\/v2\/tags?post=144"}],"curies":[{"name":"wp","href":"https:\/\/api.w.org\/{rel}","templated":true}]}}