{"id":108,"date":"2023-04-13T16:32:17","date_gmt":"2023-04-13T19:32:17","guid":{"rendered":"http:\/\/www.professores.uff.br\/leonardossantos\/?page_id=108"},"modified":"2024-12-04T20:45:01","modified_gmt":"2024-12-04T23:45:01","slug":"docencia","status":"publish","type":"page","link":"https:\/\/www.professores.uff.br\/leonardossantos\/docencia\/","title":{"rendered":"Doc\u00eancia"},"content":{"rendered":"\n<p class=\"has-medium-font-size\"><em><strong>Cursos na UFF<\/strong><\/em>:<\/p>\n\n\n\n<p> <strong>02\/2024<\/strong> <\/p>\n\n\n\n<p>Pensamento Decolonial<\/p>\n\n\n\n<p> Brasil Rep\u00fablica <\/p>\n\n\n\n<p><strong><em> <\/em>01\/2024<\/strong><\/p>\n\n\n\n<p>Brasil Rep\u00fablica<\/p>\n\n\n\n<p>Debate sobre Quest\u00e3o Agr\u00e1ria<\/p>\n\n\n\n<p> <em><strong>02\/2023<\/strong><\/em> <\/p>\n\n\n<p><a href=\"https:\/\/drive.google.com\/file\/d\/1wlaggBJvP5wuiJQKiWzuNwW3i7WEl4GG\/view?usp=drive_link\">Metodologia da Pesquisa Hist\u00f3rica<\/a><\/p>\n<p><a href=\"https:\/\/drive.google.com\/file\/d\/1zXJ4r5ELXiEkR2L7nUbQC9dl2yhQZRor\/view?usp=drive_link\">Hist\u00f3ria dos Movimentos Sociais no campo, Brasil &#8211; S\u00e9culo XX<\/a><\/p>\n<p><\/p>\n<p><!--StartFragment--><\/p>\n\n\n<p><em><strong>01\/2023<\/strong><\/em><\/p>\n\n\n\n<p>Metodologia de Pesquisa Hist\u00f3rica<\/p>\n\n\n\n<p>Te\u00f3ricos do Capitalismo no Brasil<\/p>\n\n\n\n\n\n<p class=\"has-medium-font-size\"><strong>Outros cursos&#8230;..<\/strong><\/p>\n\n\n\n<p><a href=\"https:\/\/www.academia.edu\/44165310\/Apostila_o_M%C3%A9todo_dos_gregos_a_Kant_\">Constru\u00e7\u00e3o do Pensamento Hist\u00f3rico<\/a><\/p>\n\n\n\n<p><a href=\"https:\/\/docs.google.com\/document\/d\/1IiHK3ecyHUX9UfJLmnpfcwJAi1IKPtxh\/edit?usp=sharing&amp;ouid=108568903705939037739&amp;rtpof=true&amp;sd=true\">Pensamento Autorit\u00e1rio Brasileiro<\/a><\/p>\n\n\n\n<p><a href=\"https:\/\/docs.google.com\/document\/d\/1_mxzSvG3Gi8ySS0HZSQvuBDnc3CX8URw\/edit\">I Rep\u00fablica no Brasil<\/a><\/p>\n\n\n\n<p class=\"has-medium-font-size\"><strong><em>Mini-cursos:<\/em><\/strong><\/p>\n\n\n\n<p><a href=\"https:\/\/www.academia.edu\/11184841\/Apostila_sobre_futebol\">Futebol oper\u00e1rio no Brasil e no Mundo<\/a><\/p>\n\n\n\n<p><a href=\"https:\/\/www.even3.com.br\/pensamento-racial-critico-no-trabalho-de-gilberto-freyre-e-o-papel-do-conceito-de-raca-337568\/\">Pensamento Racial Cr\u00edtico: de Andr\u00e9 Rebou\u00e7as a Alberto Torres (23 e 30\/05)<\/a><\/p>\n\n\n\n<p><a href=\"https:\/\/docs.google.com\/document\/d\/1DcXAWbByQ-rti-1vHAaHWgMleRIu7ZuR\/edit\"> Hist\u00f3ria Oral (fevereiro) <\/a><\/p>\n\n\n\n<p><a href=\"https:\/\/www.academia.edu\/97693770\/APOSTILA_Lutas_por_terra_no_Sert%C3%A3o_Carioca_\"> Luta pela terra no Sert\u00e3o Carioca (fevereiro) <\/a><\/p>\n\n\n\n<p>Ra\u00e7a e Pensamento social no Brasil (mar\u00e7o)<\/p>\n\n\n\n<p>Quem s\u00e3o os brasileiros? Algumas leituras do pensamento conservador (25\/04)<\/p>\n\n\n\n<p><a href=\"https:\/\/drive.google.com\/file\/d\/1HdVC4bTicu2lzAUwcwhN1Bw6N7trAMmP\/view?usp=sharing\">A Quest\u00e3o Agr\u00e1ria e o PCB (anos 1950)<\/a><\/p>\n\n\n\n<p>Pensamento Racial Cr\u00edtico: de Andr\u00e9 Rebou\u00e7as a Alberto Torres.<\/p>\n\n\n\n<p><\/p>\n\n\n\n<p><\/p>\n","protected":false},"excerpt":{"rendered":"<p>Cursos na UFF: 02\/2024 Pensamento Decolonial Brasil Rep\u00fablica 01\/2024 Brasil Rep\u00fablica Debate sobre Quest\u00e3o Agr\u00e1ria 02\/2023 Metodologia da Pesquisa Hist\u00f3rica Hist\u00f3ria dos Movimentos Sociais no campo, Brasil &#8211; S\u00e9culo XX 01\/2023 Metodologia de Pesquisa Hist\u00f3rica Te\u00f3ricos do Capitalismo no Brasil Outros cursos&#8230;.. Constru\u00e7\u00e3o do Pensamento Hist\u00f3rico Pensamento Autorit\u00e1rio Brasileiro I Rep\u00fablica no Brasil Mini-cursos: Futebol [&hellip;]<\/p>\n","protected":false},"author":29,"featured_media":0,"parent":0,"menu_order":0,"comment_status":"closed","ping_status":"closed","template":"","meta":{"_exactmetrics_skip_tracking":false,"_exactmetrics_sitenote_active":false,"_exactmetrics_sitenote_note":"","_exactmetrics_sitenote_category":0,"footnotes":""},"categories":[1],"tags":[],"class_list":["post-108","page","type-page","status-publish","hentry","category-sem-categoria"],"_links":{"self":[{"href":"https:\/\/www.professores.uff.br\/leonardossantos\/wp-json\/wp\/v2\/pages\/108","targetHints":{"allow":["GET"]}}],"collection":[{"href":"https:\/\/www.professores.uff.br\/leonardossantos\/wp-json\/wp\/v2\/pages"}],"about":[{"href":"https:\/\/www.professores.uff.br\/leonardossantos\/wp-json\/wp\/v2\/types\/page"}],"author":[{"embeddable":true,"href":"https:\/\/www.professores.uff.br\/leonardossantos\/wp-json\/wp\/v2\/users\/29"}],"replies":[{"embeddable":true,"href":"https:\/\/www.professores.uff.br\/leonardossantos\/wp-json\/wp\/v2\/comments?post=108"}],"version-history":[{"count":25,"href":"https:\/\/www.professores.uff.br\/leonardossantos\/wp-json\/wp\/v2\/pages\/108\/revisions"}],"predecessor-version":[{"id":443,"href":"https:\/\/www.professores.uff.br\/leonardossantos\/wp-json\/wp\/v2\/pages\/108\/revisions\/443"}],"wp:attachment":[{"href":"https:\/\/www.professores.uff.br\/leonardossantos\/wp-json\/wp\/v2\/media?parent=108"}],"wp:term":[{"taxonomy":"category","embeddable":true,"href":"https:\/\/www.professores.uff.br\/leonardossantos\/wp-json\/wp\/v2\/categories?post=108"},{"taxonomy":"post_tag","embeddable":true,"href":"https:\/\/www.professores.uff.br\/leonardossantos\/wp-json\/wp\/v2\/tags?post=108"}],"curies":[{"name":"wp","href":"https:\/\/api.w.org\/{rel}","templated":true}]}}