{"id":183,"date":"2023-04-17T00:52:54","date_gmt":"2023-04-17T03:52:54","guid":{"rendered":"http:\/\/www.professores.uff.br\/leonardossantos\/?page_id=183"},"modified":"2025-12-08T21:18:46","modified_gmt":"2025-12-09T00:18:46","slug":"pesquisas","status":"publish","type":"page","link":"https:\/\/www.professores.uff.br\/leonardossantos\/pesquisas\/","title":{"rendered":"Pesquisas"},"content":{"rendered":"\n<p class=\"has-text-align-left has-medium-font-size\"><strong>&#8212; A atua\u00e7\u00e3o do PCB no sindicalismo rural internacional (1949 e 1979)<\/strong><\/p>\n\n\n\n<p class=\"has-text-align-left has-medium-font-size\"><strong>&#8212; Entre papeis, vozes, luta  e trabalho &#8211; organiza\u00e7\u00e3o do Centro de Documenta\u00e7\u00e3o Popular de Campos dos Goytacazes<\/strong><\/p>\n\n\n\n<p class=\"has-medium-font-size\"><strong><a href=\"https:\/\/www.professores.uff.br\/leonardossantos\/2025\/05\/11\/textos-publicados\/\">&#8212; Luta pela terra, grilagem e repress\u00e3o pol\u00edtica no Sert\u00e3o Carioca (1964-1985): o caso da Baixada de Jacarepagu\u00e1. <\/a><\/strong><\/p>\n\n\n\n<p><\/p>\n\n\n\n<p class=\"has-large-font-size\">Pesquisas recentes (e j\u00e1 finalizadas)<\/p>\n\n\n\n<p class=\"has-medium-font-size\"> <a href=\"https:\/\/journals.openedition.org\/nuevomundo\/69678?lang=pt\">&#8212; <strong><em>Quest\u00e3o Agr\u00e1ria e a constru\u00e7\u00e3o de redes sindicais e militantes entre os Partidos Comunistas de It\u00e1lia e Brasil no s\u00e9culo XX<\/em><\/strong>.<\/a> <\/p>\n\n\n\n<p class=\"has-medium-font-size\"><a href=\"https:\/\/www.professores.uff.br\/leonardossantos\/2025\/12\/08\/textos-publicados-2\/\"><strong>&#8212; Quem eram e o que faziam os &#8220;seguidores de Moscou&#8221; em terra goitac\u00e1: a atua\u00e7\u00e3o e as organiza\u00e7\u00f5es de militantes comunistas em Campos (1928-1964)<\/strong><\/a><\/p>\n\n\n\n<p class=\"has-medium-font-size\"> &#8212; <strong>Di\u00e1logos entre passado, presente e futuro: proposta para cria\u00e7\u00e3o de acervo de Mem\u00f3ria Institucional em Hospitais Universit\u00e1rios. <\/strong> <\/p>\n\n\n\n<p class=\"has-medium-font-size\"><a href=\"https:\/\/camposdehistorias.blogspot.com\/2025\/05\/artigo-fruto-do-projeto-os-times-de.html\"><strong><em>&#8212; Os &#8220;times de usina&#8221; em Campos dos Goytacazes, 1918-1995. (2023) <\/em><\/strong> <\/a><\/p>\n\n\n\n<p class=\"has-medium-font-size\"><strong><a href=\"https:\/\/www.amazon.com.br\/Camponesas-Partido-Comunista-Brasil-1928-1954\/dp\/6525027225\">&#8212; Hist\u00f3ria das Ligas Camponesas no Brasil, 1927-1948. (2021)<\/a><\/strong><\/p>\n\n\n\n<p class=\"has-medium-font-size\"> &#8212; <strong>A Forma\u00e7\u00e3o da Classe de Trabalhadores Rurais de Campos dos Goytacazes, 1933-1972: mobiliza\u00e7\u00e3o, organiza\u00e7\u00e3o e lutas.  <\/strong> <\/p>\n","protected":false},"excerpt":{"rendered":"<p>&#8212; A atua\u00e7\u00e3o do PCB no sindicalismo rural internacional (1949 e 1979) &#8212; Entre papeis, vozes, luta e trabalho &#8211; organiza\u00e7\u00e3o do Centro de Documenta\u00e7\u00e3o Popular de Campos dos Goytacazes &#8212; Luta pela terra, grilagem e repress\u00e3o pol\u00edtica no Sert\u00e3o Carioca (1964-1985): o caso da Baixada de Jacarepagu\u00e1. Pesquisas recentes (e j\u00e1 finalizadas) &#8212; Quest\u00e3o [&hellip;]<\/p>\n","protected":false},"author":29,"featured_media":0,"parent":0,"menu_order":0,"comment_status":"closed","ping_status":"closed","template":"","meta":{"_exactmetrics_skip_tracking":false,"_exactmetrics_sitenote_active":false,"_exactmetrics_sitenote_note":"","_exactmetrics_sitenote_category":0,"footnotes":""},"categories":[],"tags":[],"class_list":["post-183","page","type-page","status-publish","hentry"],"_links":{"self":[{"href":"https:\/\/www.professores.uff.br\/leonardossantos\/wp-json\/wp\/v2\/pages\/183","targetHints":{"allow":["GET"]}}],"collection":[{"href":"https:\/\/www.professores.uff.br\/leonardossantos\/wp-json\/wp\/v2\/pages"}],"about":[{"href":"https:\/\/www.professores.uff.br\/leonardossantos\/wp-json\/wp\/v2\/types\/page"}],"author":[{"embeddable":true,"href":"https:\/\/www.professores.uff.br\/leonardossantos\/wp-json\/wp\/v2\/users\/29"}],"replies":[{"embeddable":true,"href":"https:\/\/www.professores.uff.br\/leonardossantos\/wp-json\/wp\/v2\/comments?post=183"}],"version-history":[{"count":30,"href":"https:\/\/www.professores.uff.br\/leonardossantos\/wp-json\/wp\/v2\/pages\/183\/revisions"}],"predecessor-version":[{"id":501,"href":"https:\/\/www.professores.uff.br\/leonardossantos\/wp-json\/wp\/v2\/pages\/183\/revisions\/501"}],"wp:attachment":[{"href":"https:\/\/www.professores.uff.br\/leonardossantos\/wp-json\/wp\/v2\/media?parent=183"}],"wp:term":[{"taxonomy":"category","embeddable":true,"href":"https:\/\/www.professores.uff.br\/leonardossantos\/wp-json\/wp\/v2\/categories?post=183"},{"taxonomy":"post_tag","embeddable":true,"href":"https:\/\/www.professores.uff.br\/leonardossantos\/wp-json\/wp\/v2\/tags?post=183"}],"curies":[{"name":"wp","href":"https:\/\/api.w.org\/{rel}","templated":true}]}}