{"id":199,"date":"2023-04-17T00:56:27","date_gmt":"2023-04-17T03:56:27","guid":{"rendered":"http:\/\/www.professores.uff.br\/leonardossantos\/?page_id=199"},"modified":"2023-11-21T11:10:06","modified_gmt":"2023-11-21T14:10:06","slug":"capitulos-de-livros","status":"publish","type":"page","link":"https:\/\/www.professores.uff.br\/leonardossantos\/capitulos-de-livros\/","title":{"rendered":"Cap\u00edtulos de livros"},"content":{"rendered":"\n<p> <strong><a rel=\"noreferrer noopener\" href=\"http:\/\/lattes.cnpq.br\/9434859110436133\" target=\"_blank\">SANTOS, L. S.<\/a><\/strong>. &#8220;Commemoraciones de la Revoluci\u00f3n Bolchevique en los comunistas brasile\u00f1os (1917-1935)&#8221;, In: Ar\u00e1nguiz Pinto, Santiago (org). <em>Ecos de la Gran Revoluci\u00f3n Proletaria<\/em>. Commemoraciones de la Revoluci\u00f3n de Octubre en Am\u00e9rica Latina, 1917-2017. Santiago de Chile: FCE, 2023.<\/p>\n\n\n\n<p><strong><a rel=\"noreferrer noopener\" href=\"http:\/\/lattes.cnpq.br\/9434859110436133\" target=\"_blank\">SANTOS, L. S.<\/a><\/strong>. A Zona Rural para al\u00e9m do papel: o exemplo do Rio de Janeiro (1917-1935). In: Sandra de S\u00e1 Carneiro e Rafael Mattoso. (Org.). Sub\u00farbios: espa\u00e7os plurais e m\u00faltiplos do Rio de Janeiro. 1ed.RIO DE JANEIRO: Autografia, 2023, v. 1, p. 181-214. <\/p>\n\n\n\n<p><\/p>\n\n\n\n<p><strong><a rel=\"noreferrer noopener\" href=\"http:\/\/lattes.cnpq.br\/9434859110436133\" target=\"_blank\">SANTOS, L. S.<\/a><\/strong>. De &#8220;afilhado de Padre C\u00edcero&#8221; a &#8220;comunista subversivo&#8221;: a trajet\u00f3ria militante de Pedro Coutinho Filho. In: Jayme Lucio Fernandes e Vivian Zampa. (Org.). Os comunistas e o seu partido. Um s\u00e9culo de hist\u00f3ria (1922-2022). 1ed.RIO DE JANEIRO: Chal\u00e9 editorial, 2022, v. 1, p. 143-164.<\/p>\n\n\n\n<p><\/p>\n\n\n\n<p><\/p>\n\n\n\n<p><\/p>\n\n\n\n<p><a rel=\"noreferrer noopener\" href=\"http:\/\/lattes.cnpq.br\/7912207789774220\" target=\"_blank\">SIZILIO, R.<\/a>&nbsp;;&nbsp;<strong><a rel=\"noreferrer noopener\" href=\"http:\/\/lattes.cnpq.br\/9434859110436133\" target=\"_blank\">SANTOS, L. S.<\/a><\/strong>&nbsp;. &#8220;O monop\u00f3lio da terra \u00e9 a causa do nosso atraso?&#8221; A quest\u00e3o agr\u00e1ria no pensamento pol\u00edtico de Carlos Marighella. In: Cairo Barbosa, Henrique Gaio, Rodrigo Perez. (Org.). O signo do atraso no pensamento social brasileiro. 1ed.RIO DE JANEIRO: Autografia, 2021, v. 01, p. 127-164.<\/p>\n\n\n\n<p><br><strong><a rel=\"noreferrer noopener\" href=\"http:\/\/lattes.cnpq.br\/9434859110436133\" target=\"_blank\">SANTOS, L. S.<\/a><\/strong>. Comunistas e Quest\u00e3o Agr\u00e1ria em Campos dos Goytacazes (1926-1935). In: Maria do Socorro, Erika V.M.Santos, Vanuza S. P. Ney. (Org.). Quest\u00e3o Agr\u00e1ria, Pol\u00edticas P\u00fablicas e Desenvolvimento Regional. 01ed.Rio de Janeiro: Autografia, 2021, v. 01, p. 37-62.<\/p>\n\n\n\n<p><strong><a rel=\"noreferrer noopener\" href=\"http:\/\/lattes.cnpq.br\/9434859110436133\" target=\"_blank\">SANTOS, L. S.<\/a><\/strong>. A Zona Rural do Rio de Janeiro: a evolu\u00e7\u00e3o de um debate (1834- 1937). In: Denise de Alcantara Pereira, Marcio Rufino Silva. (Org.). Reflex\u00f5es em Desenvolvimento Territorial: limites, viv\u00eancias e pol\u00edticas no Oeste Metropolitano do Rio de Janeiro. 1ed.Rio de Janeiro: Morula, 2020, v. 1, p. 1-12.<\/p>\n\n\n\n<p><br><strong><a rel=\"noreferrer noopener\" href=\"http:\/\/lattes.cnpq.br\/9434859110436133\" target=\"_blank\">SANTOS, L. S.<\/a><\/strong>. A cruzada contra a cidade do &#8220;Velho Mem&#8221;. In: TERRA, P. C. ; ABREU, M. (Org.) ; MAGALHAES, M. S.. (Org.). Os poderes municipais e a cidade: Imp\u00e9rio e Rep\u00fablica.. 1ed.Rio de Janeiro: Mauad, 2019, v. 1, p. 363-388.<\/p>\n\n\n\n<p><br><strong><a rel=\"noreferrer noopener\" href=\"http:\/\/lattes.cnpq.br\/9434859110436133\" target=\"_blank\">SANTOS, L. S.<\/a><\/strong>. Os pequenos lavradores no processo de urbaniza\u00e7\u00e3o do Sert\u00e3o Carioca: lutas por terra e pol\u00edtica social (1945 ? 1964). In: Liliana Lyra Jubilut; Fernanda de Magalh\u00e3es Dias Frinhani; Rachel de Oliveira Lopes. (Org.). DIREITOS HUMANOS E VULNERABILIDADE EM POL\u00cdTICAS P\u00daBLICAS. 1ed.Santos: Editora Universit\u00e1ria Leopoldianum, 2017, v. 1, p. 171-188.<\/p>\n\n\n\n<p><br><strong><a rel=\"noreferrer noopener\" href=\"http:\/\/lattes.cnpq.br\/9434859110436133\" target=\"_blank\">SANTOS, L. S.<\/a><\/strong>. Os valores de uma luta por direitos: conflitos de terra no Sert\u00e3o Carioca (1945-1964). In: MOTTA, M\u00e1rcia; PICCOLO, Monica. (Org.). O dom\u00ednio de outrem: propriedade e direitos no Brasil (s\u00e9culos XIX e XX). 1ed.S\u00e3o Luiz: EDUEMA, 2017, v. 2, p. 147-172.<\/p>\n\n\n\n<p><br><strong><a rel=\"noreferrer noopener\" href=\"http:\/\/lattes.cnpq.br\/9434859110436133\" target=\"_blank\">SANTOS, L. S.<\/a><\/strong>; DORIA, R. S. . ?O filho do povo? de Jacarepagu\u00e1: o m\u00e9dico da Col\u00f4nia e as lutas sociais no Sert\u00e3o Carioca (1945-1962)&#8221;. In: Venancio, Ana Teresa A. ; Potengy, Gis\u00e9lia F.. (Org.). O Asilo e a Cidade: hist\u00f3rias da Col\u00f4nia Juliano Moreira.. 1ed.Rio de Janeiro: Garamond, 2015, v. 2, p. 217-252.<\/p>\n\n\n\n<p><br><strong><a rel=\"noreferrer noopener\" href=\"http:\/\/lattes.cnpq.br\/9434859110436133\" target=\"_blank\">SANTOS, L. S.<\/a><\/strong>. Zona, sert\u00e3o ou celeiro? A constitui\u00e7\u00e3o do cintur\u00e3o verde na cidade do Rio de Janeiro e seus impasses, 1890-1956. In: SANGLARD, Gisele; ARA\u00daJO, Carlos Eduardo Moreira de; SIQUEIRA, Jos\u00e9 Jorge.. (Org.). Hist\u00f3ria urbana: mem\u00f3ria, cultura e sociedade. 1ed.Rio de Janeiro: FGV, 2013, v. , p. 251-277.<\/p>\n\n\n\n<p><strong><a rel=\"noreferrer noopener\" href=\"http:\/\/lattes.cnpq.br\/9434859110436133\" target=\"_blank\">SANTOS, L. S.<\/a><\/strong>. &#8220;A desruraliza\u00e7\u00e3o da cidade como express\u00e3o da ruptura do metabolismo entre cidade e campo: o exemplo do Rio de Janeiro de fins do s\u00e9culo XIX&#8221;. In: FRIDMAN, Fania. (Org.). De Cidades e Territ\u00f3rios. 1ed.Rio de Janeiro: PoD, 2010, v. 1, p. 13-30.<\/p>\n\n\n\n<p><br><strong><a rel=\"noreferrer noopener\" href=\"http:\/\/lattes.cnpq.br\/9434859110436133\" target=\"_blank\">SANTOS, L. S.<\/a><\/strong>; SANTOS, Leonardo Soares dos. . &#8220;O Sert\u00e3o como um direito: o movimento de luta pela terra na zona rural da cidade do Rio de Janeiro (1945-1964)&#8221;. In: M\u00e1rcia Motta e Paulo Zarth. (Org.). Formas de resist\u00eancia camponesa: visibilidade e diversidade de conflitos ao longo da hist\u00f3ria: concep\u00e7\u00f5es de justi\u00e7a e resist\u00eancia nas rep\u00fablicas do passado (1930-1960). 1ed.S\u00e3o Paulo; Bras\u00edlia: UNESP; NEAD, 2009, v. II, p. 175-198. <\/p>\n\n\n\n<p><\/p>\n","protected":false},"excerpt":{"rendered":"<p>SANTOS, L. S.. &#8220;Commemoraciones de la Revoluci\u00f3n Bolchevique en los comunistas brasile\u00f1os (1917-1935)&#8221;, In: Ar\u00e1nguiz Pinto, Santiago (org). Ecos de la Gran Revoluci\u00f3n Proletaria. Commemoraciones de la Revoluci\u00f3n de Octubre en Am\u00e9rica Latina, 1917-2017. Santiago de Chile: FCE, 2023. SANTOS, L. S.. A Zona Rural para al\u00e9m do papel: o exemplo do Rio de Janeiro [&hellip;]<\/p>\n","protected":false},"author":29,"featured_media":0,"parent":0,"menu_order":0,"comment_status":"closed","ping_status":"closed","template":"","meta":{"_exactmetrics_skip_tracking":false,"_exactmetrics_sitenote_active":false,"_exactmetrics_sitenote_note":"","_exactmetrics_sitenote_category":0,"footnotes":""},"categories":[],"tags":[],"class_list":["post-199","page","type-page","status-publish","hentry"],"_links":{"self":[{"href":"https:\/\/www.professores.uff.br\/leonardossantos\/wp-json\/wp\/v2\/pages\/199","targetHints":{"allow":["GET"]}}],"collection":[{"href":"https:\/\/www.professores.uff.br\/leonardossantos\/wp-json\/wp\/v2\/pages"}],"about":[{"href":"https:\/\/www.professores.uff.br\/leonardossantos\/wp-json\/wp\/v2\/types\/page"}],"author":[{"embeddable":true,"href":"https:\/\/www.professores.uff.br\/leonardossantos\/wp-json\/wp\/v2\/users\/29"}],"replies":[{"embeddable":true,"href":"https:\/\/www.professores.uff.br\/leonardossantos\/wp-json\/wp\/v2\/comments?post=199"}],"version-history":[{"count":11,"href":"https:\/\/www.professores.uff.br\/leonardossantos\/wp-json\/wp\/v2\/pages\/199\/revisions"}],"predecessor-version":[{"id":375,"href":"https:\/\/www.professores.uff.br\/leonardossantos\/wp-json\/wp\/v2\/pages\/199\/revisions\/375"}],"wp:attachment":[{"href":"https:\/\/www.professores.uff.br\/leonardossantos\/wp-json\/wp\/v2\/media?parent=199"}],"wp:term":[{"taxonomy":"category","embeddable":true,"href":"https:\/\/www.professores.uff.br\/leonardossantos\/wp-json\/wp\/v2\/categories?post=199"},{"taxonomy":"post_tag","embeddable":true,"href":"https:\/\/www.professores.uff.br\/leonardossantos\/wp-json\/wp\/v2\/tags?post=199"}],"curies":[{"name":"wp","href":"https:\/\/api.w.org\/{rel}","templated":true}]}}