{"id":257,"date":"2023-04-19T10:51:38","date_gmt":"2023-04-19T13:51:38","guid":{"rendered":"http:\/\/www.professores.uff.br\/leonardossantos\/?page_id=257"},"modified":"2025-11-06T19:37:18","modified_gmt":"2025-11-06T22:37:18","slug":"bio","status":"publish","type":"page","link":"https:\/\/www.professores.uff.br\/leonardossantos\/bio\/","title":{"rendered":"Biografia"},"content":{"rendered":"\n\n\n<p class=\"has-medium-font-size\">Professor Associado IV da Universidade Federal Fluminense. Graduado (2003) em Hist\u00f3ria pela Universidade Federal Fluminense, onde realizou tamb\u00e9m meu mestrado (2005) e doutorado (2009) em Hist\u00f3ria Social. Suas pesquisas versam basicamente sobre as rela\u00e7\u00f5es entre o espa\u00e7o rural e urbano e suas implica\u00e7\u00f5es em termos de pol\u00edticas p\u00fablicas e configura\u00e7\u00e3o de grupos sociais. Atualmente trabalha como professor e pesquisador no Departamento de Fundamentos da Sociedade do Instituto de Ci\u00eancias da Sociedade e Desenvolvimento Regional, da Universidade Fluminense Fluminense localizado em Campos dos Goytacazes. Nesta institui\u00e7\u00e3o ministro disciplinas no curso de Hist\u00f3ria, al\u00e9m de desenvolver projetos e cursos de extens\u00e3o. Al\u00e9m disso, desenvolve pesquisas relativas \u00e0 quest\u00e3o agr\u00e1ria, com \u00eanfase nos casos de Campos dos Goytacazes, Sert\u00e3o Carioca, Espanha e It\u00e1lia. Tamb\u00e9m \u00e9 um dos editores-chefe da Revista Converg\u00eancia Cr\u00edtica, ligada ao N\u00facleo de Pesquisa e Estudo em Teoria Social (NEPETS). <\/p>\n\n\n\n<p class=\"has-medium-font-size\">\u00c9 professor tamb\u00e9m do Programa de Mestrado, tamb\u00e9m em Pol\u00edticas P\u00fablicas, do Instituto Interdisciplinar da UFF\/Campos e pesquisador do Instituto Hist\u00f3rico-Geogr\u00e1fico da Baixada de Jacarepagu\u00e1.<strong>&nbsp;<\/strong> <\/p>\n\n\n\n<p class=\"has-medium-font-size\">Tamb\u00e9m desenvolve, junto ao Instituto Astrojildo Pereira, pesquisas sobre movimentos sociais, Quest\u00e3o Agr\u00e1ria e movimento Comunista nacional e internacional.<\/p>\n\n\n\n<p class=\"has-medium-font-size\">E ainda coordena junto com Renata Cotrim o Grupo de Pesquisa &#8220;Hist\u00f3ria, Mem\u00f3ria e Luta de Classes&#8221; (dgp.cnpq.br\/dgp\/espelhogrupo\/785608).<\/p>\n\n\n\n<p><\/p>\n\n\n\n<p><\/p>\n\n\n\n<p><\/p>\n\n\n\n<p><\/p>\n\n\n\n<h2 class=\"wp-block-heading\"><strong>\u00c1REAS DE INTERESSE:<\/strong><\/h2>\n\n\n\n<ul class=\"wp-block-list\">\n<li><strong>MOVIMENTOS SOCIAIS DO CAMPO<\/strong><\/li>\n<\/ul>\n\n\n\n<p><\/p>\n\n\n\n<ul class=\"wp-block-list\">\n<li><strong>PARTIDOS POL\u00cdTICOS<\/strong>  <strong>E QUEST\u00c3O AGR\u00c1RIA<\/strong> <\/li>\n<\/ul>\n\n\n\n<p><\/p>\n\n\n\n<ul class=\"wp-block-list\">\n<li><strong>PROJETOS DE REFORMA AGR\u00c1RIA<\/strong><\/li>\n<\/ul>\n\n\n\n<p><\/p>\n\n\n\n<ul class=\"wp-block-list\">\n<li><strong>PENSAMENTO SOCIAL E QUEST\u00c3O AGR\u00c1RIA<\/strong><\/li>\n<\/ul>\n\n\n\n<p><\/p>\n\n\n\n<ul class=\"wp-block-list\">\n<li><strong>HIST\u00d3RIA DO MOVIMENTO COMUNISTA<\/strong><\/li>\n<\/ul>\n\n\n\n<p><\/p>\n\n\n\n<p class=\"has-large-font-size\"><strong><em>Contato: leonardo_dos@id.uff.br<\/em><\/strong><\/p>\n","protected":false},"excerpt":{"rendered":"<p>Professor Associado IV da Universidade Federal Fluminense. Graduado (2003) em Hist\u00f3ria pela Universidade Federal Fluminense, onde realizou tamb\u00e9m meu mestrado (2005) e doutorado (2009) em Hist\u00f3ria Social. Suas pesquisas versam basicamente sobre as rela\u00e7\u00f5es entre o espa\u00e7o rural e urbano e suas implica\u00e7\u00f5es em termos de pol\u00edticas p\u00fablicas e configura\u00e7\u00e3o de grupos sociais. Atualmente trabalha [&hellip;]<\/p>\n","protected":false},"author":29,"featured_media":0,"parent":0,"menu_order":0,"comment_status":"closed","ping_status":"closed","template":"","meta":{"_exactmetrics_skip_tracking":false,"_exactmetrics_sitenote_active":false,"_exactmetrics_sitenote_note":"","_exactmetrics_sitenote_category":0,"footnotes":""},"categories":[],"tags":[],"class_list":["post-257","page","type-page","status-publish","hentry"],"_links":{"self":[{"href":"https:\/\/www.professores.uff.br\/leonardossantos\/wp-json\/wp\/v2\/pages\/257","targetHints":{"allow":["GET"]}}],"collection":[{"href":"https:\/\/www.professores.uff.br\/leonardossantos\/wp-json\/wp\/v2\/pages"}],"about":[{"href":"https:\/\/www.professores.uff.br\/leonardossantos\/wp-json\/wp\/v2\/types\/page"}],"author":[{"embeddable":true,"href":"https:\/\/www.professores.uff.br\/leonardossantos\/wp-json\/wp\/v2\/users\/29"}],"replies":[{"embeddable":true,"href":"https:\/\/www.professores.uff.br\/leonardossantos\/wp-json\/wp\/v2\/comments?post=257"}],"version-history":[{"count":19,"href":"https:\/\/www.professores.uff.br\/leonardossantos\/wp-json\/wp\/v2\/pages\/257\/revisions"}],"predecessor-version":[{"id":491,"href":"https:\/\/www.professores.uff.br\/leonardossantos\/wp-json\/wp\/v2\/pages\/257\/revisions\/491"}],"wp:attachment":[{"href":"https:\/\/www.professores.uff.br\/leonardossantos\/wp-json\/wp\/v2\/media?parent=257"}],"wp:term":[{"taxonomy":"category","embeddable":true,"href":"https:\/\/www.professores.uff.br\/leonardossantos\/wp-json\/wp\/v2\/categories?post=257"},{"taxonomy":"post_tag","embeddable":true,"href":"https:\/\/www.professores.uff.br\/leonardossantos\/wp-json\/wp\/v2\/tags?post=257"}],"curies":[{"name":"wp","href":"https:\/\/api.w.org\/{rel}","templated":true}]}}