{"id":27,"date":"2018-09-19T00:47:26","date_gmt":"2018-09-19T03:47:26","guid":{"rendered":"http:\/\/www.professores.uff.br\/leonardossantos\/?page_id=27"},"modified":"2024-01-01T12:43:48","modified_gmt":"2024-01-01T15:43:48","slug":"artigos","status":"publish","type":"page","link":"https:\/\/www.professores.uff.br\/leonardossantos\/artigos\/","title":{"rendered":"Artigos"},"content":{"rendered":"\n<p><strong>&#8220;<\/strong>O debate sobre a ocupa\u00e7\u00e3o do Imb\u00e9 na C\u00e2mara Municipal de Campos dos Goytacazes, 1963&#8243;. <em>Contempor\u00e2neos: Revista de Artes e Humanidades<\/em> (Online), v. 22, p. 1-27, 2022.<\/p>\n\n\n\n<p><br>&#8220;O Celeiro da Cidade: a zona rural do Rio de Janeiro e seus impasses (1890-1956)&#8221;. <em>Ch\u00e3o Urbano <\/em>(Online), v. 5, p. 01-20, 2021.<\/p>\n\n\n\n<p><br>As Ligas Camponesas do Partido Comunista do Brasil (1947-48). <em>Izquierdas<\/em> (Santiago), v. 50, p. 1-26, 2021.<\/p>\n\n\n\n<p><br>As Ligas Camponesas do PCB: a trajet\u00f3ria de um debate (1926-1945). <em>Revista Sem Aspas<\/em>, v. 10, p. 01-18, 2021.<\/p>\n\n\n\n<p><br>&#8220;A implanta\u00e7\u00e3o da zona rural como um &#8220;Celeiro da Capital&#8221;, <em>Espacialidades<\/em>, v. 17, p. 479-505, 2021.<\/p>\n\n\n\n<p><br>&#8220;Sub\u00farbios&#8221; e &#8220;arrabaldes&#8221; no olhar dos viajantes do XIX. Ch\u00e3o Urbano (Online), v. 20, p. 1-25, 2020.<\/p>\n\n\n\n<p><br>&#8220;Comunistas e Ligas Camponesas em Campos dos Goytacazes: o caso da ocupa\u00e7\u00e3o das terras do Imb\u00e9 (1962-1963)&#8221;, <em>Revista Eletr\u00f4nica Discente Hist\u00f3ria.com<\/em>, v. 7, p. 18-33, 2020.<\/p>\n\n\n\n<p><br>&#8220;Os desvios da Mem\u00f3ria: os relatos sobre a ocupa\u00e7\u00e3o das terras do Imb\u00e9, Campos dos Goytacazes\/RJ (1963)&#8221;, <em>Territ\u00f3rios e Fronteiras (UFMT. Online)<\/em>, v. 13, p. 349-379, 2020.<\/p>\n\n\n\n<p><br>A experi\u00eancia da teoria das &#8216;teses&#8217; na pr\u00e1tica da lavoura: pequenos lavradores, militantes comunistas e luta pela terra no Sert\u00e3o Carioca (1945-1964). TEMPOS HIST\u00d3RICOS (EDUNIOESTE), v. 23, p. 375-409, 2019.<\/p>\n\n\n\n<p><\/p>\n\n\n\n<p>Evolu\u00e7\u00e3o urbana e segrega\u00e7\u00e3o espacial em Itaperuna (RJ). PETR\u00d3LEO, ROYALTIES E REGI\u00c3O, v. XVII, p. 32-40, 2018. (Com Ruy Junior Santos)<\/p>\n\n\n\n<p><br>A luta contra os ?tubar\u00f5es do Mercado Municipal? do Rio de Janeiro: com\u00e9rcio de g\u00eaneros e os pequenos lavradores do Sert\u00e3o Carioca. Sociabilidades Urbanas Revista de Antropologia e Sociologia, v. v.1, p. 117-136, 2017.<\/p>\n\n\n\n<p><br>Os times de usina de Campos dos Goytacazes\/RJ (1917-1980). PETR\u00d3LEO, ROYALTIES E REGI\u00c3O, v. XV, p. 25-31, 2017.<\/p>\n\n\n\n<p><br>A constru\u00e7\u00e3o da rede sindical rural entre os PCs de It\u00e1lia e Brasil (1955-1965)The construction of rural trade network by communist parties of Italy and Brazil (1955-1965). NUEVO MUNDO-MUNDOS NUEVOS, p. 1-30, 2016.<\/p>\n\n\n\n<p><br>Un peque\u00f1o balance de la literatura sobre el Partido Comunista de Brasil!. BOLET\u00cdN DE LA SECCI\u00d3N DE HISTORIA DE LA FIM, v. 01, p. 08-20, 2015.<\/p>\n\n\n\n<p><br>De arrabaldes a sub\u00farbios: a geografia social do Rio de Janeiro a partir dos textos de seus cronistas. Locus (UFJF), v. 21, p. 51-78, 2015.<\/p>\n\n\n\n<p><br>Governo Pereira Passos e a persegui\u00e7\u00e3o aos usos rurais na cidade do Rio de Janeiro (1903-06). Revista Converg\u00eancia Cr\u00edtica, v. 3, p. 80-80, 2014.<\/p>\n\n\n\n<p><\/p>\n\n\n\n<p><br>Os socialistas v\u00e3o ao Sert\u00e3o: o jornal O Popular na cobertura dos conflitos de terra na zona rural carioca (1951-1954). Confluenze (Bologna), v. 6, p. 149-166, 2014.<\/p>\n\n\n\n<p><\/p>\n\n\n\n<p><br>&#8220;Essa terra \u00e9 minha&#8221;: Identidades, processos de legitima\u00e7\u00e3o e conflitos de terra no Sert\u00e3o Carioca (1945-64). ANOS 90 (ONLINE) (PORTO ALEGRE), v. 20, p. 295-325, 2013.<\/p>\n\n\n\n<p><\/p>\n\n\n\n<p><br>A milit\u00e2ncia de um comunista negro: o caso do m\u00e9dico Jacinto da Col\u00f4nia Juliano Moreira. REVISTA CONVERG\u00caNCIA CR\u00cdTICA, v. 2, p. 194-214, 2013.<\/p>\n\n\n\n<p><br>Do Sert\u00e3o Carioca ao centro metropolitano: as disputas por terra na zona oeste do Rio de Janeiro 1940 ? 2010. Mneme (Caic\u00f3. Online), v. 14, p. 36-72, 2013. (Com Renato D\u00f3ria)<\/p>\n\n\n\n<p><br>A desruraliza\u00e7\u00e3o do urbano: a repress\u00e3o aos usos rurais durante as reformas urbanas no Rio da Belle \u00c9poque. Cadernos IPPUR\/UFRJ, v. 23, p. 103-124, 2012.<\/p>\n\n\n\n<p><br>A DESRURALIZA\u00c7\u00c3O DA CIDADE NUM CONTEXTO DE ALTERA\u00c7\u00c3O DO METABOLISMO SOCIAL: o exemplo do Rio de Janeiro de 1890-1910. Trabalho Necess\u00e1rio, v. 14, p. 1-21, 2012.<\/p>\n\n\n\n<p><br>Expans\u00e3o urbana, mercado imobili\u00e1rio e conflitos de terra: o exemplo do Sert\u00e3o Carioca (1940-1964). Confluenze (Bologna), v. 4, p. 263-281, 2012.<\/p>\n\n\n\n<p><br>O Desmanche de uma tradi\u00e7\u00e3o: Reformas urbanas e heran\u00e7a medieval no Rio de Janeiro de fins do XIX. Revista Mundo Antigo, v. 1, p. 86-115, 2012.<\/p>\n\n\n\n<p><br>Das folhas de jornal para a realidade: lutas pela terra no Sert\u00e3o Carioca, pequenos lavradores e imprensa comunista (1945-1964). Revista Converg\u00eancia Cr\u00edtica, v. 1, p. 1-21, 2012.<\/p>\n\n\n\n<p><br>A cidade est\u00e1 chegando: expans\u00e3o urbana na Zona Rural do Rio de Janeiro (1890-1940). Revista Cr\u00edtica Hist\u00f3rica, v. 1, p. 114-137, 2011.<\/p>\n\n\n\n<p><br>A constitui\u00e7\u00e3o do sub\u00farbio na cidade do Rio de Janeiro na virada do s\u00e9culo XIX: um passeio pela literatura. Ch\u00e3o Urbano (Online), v. 1, p. 1-17, 2011.<\/p>\n\n\n\n<p><br>Um espa\u00e7o que atrai ? Os significados das manifesta\u00e7\u00f5es de pequenos lavradores cariocas no centro da cidade (1945-1964). Revista Urut\u00e1gua (Online), v. 24, p. 59-72, 2011.<\/p>\n\n\n\n<p><br>Onde se trabalha, tamb\u00e9m se bebe e se conversa: o cotidiano dos pequenos lavradores do Sert\u00e3o Carioca. Revista de Hist\u00f3ria Regional, v. 16, p. 323-350, 2011.<\/p>\n\n\n\n<p><br>Os sub\u00farbios do Rio de Janeiro no in\u00ed\u00adcio do s\u00e9culo XX. Mneme (Caic\u00f3. Online), v. 12, p. 257-280, 2011.<\/p>\n\n\n\n<p><br>A produ\u00e7\u00e3o social do indesej\u00e1vel: Reformas urbanas e atividades rurais no Rio de Janeiro do in\u00edcio do s\u00e9culo XX. Hist\u00f3ria e-Hist\u00f3ria, v. 21\/09, p. 1-1, 2010.<\/p>\n\n\n\n<p><br>Do que &#8220;os Livros Diziam&#8221; \u00e0 Rua da Gl\u00f3ria, n. 52: o PCB e a &#8220;quest\u00e3o camponesa&#8221; (1927-1947). <em>Revista IDEAS<\/em>, v. 3, p. 389-424, 2009.<\/p>\n\n\n\n<p><br>&#8220;Unidos na Luta e na Resist\u00eancia: as rela\u00e7\u00f5es entre os movimentos urbanos e rurais no Distrito Federal (1945-64)&#8221;. <em>Verinotio <\/em>(Belo Horizonte), v. 6, p. 1, 2007.<\/p>\n\n\n\n<p><br>&#8221;&#8217;A terra de nossos filhos&#8217;. O movimento de luta pela terra no Sert\u00e3o carioca (1945-1964)&#8221;. <em>Hispania Nova<\/em>, v. 7, p. 1, 2007.<\/p>\n\n\n\n<p class=\"has-normal-font-size\"><br>&#8220;O querer vender quer dizer: urbaniza\u00e7\u00e3o e conflitos de terra atrav\u00e9s dos classificados imobili\u00e1rios do Sert\u00e3o Carioca (1927-1964)&#8221;. <em>Revista IDEAS<\/em>, v. VOL. 1, p. 62-74, 2007.(Com Jayme L\u00facio Fernandes)<\/p>\n\n\n\n<p><\/p>\n\n\n\n<p>&#8220;O projeto democr\u00e1tico do PSB diante da democracia brasileira (1947-1964)&#8221;,  <em>Rio Total<\/em>, Rio de Janeiro, v. 470, p. 1, 2006.<\/p>\n\n\n\n<p><br><strong>&#8220;<\/strong>As lutas pela terra no Sert\u00e3o Carioca (1945-1964)&#8221;. <em>Rio Total<\/em>, Rio de Janeiro, v. 462, p. 1-25, 2006.<\/p>\n\n\n\n<p><br>&#8220;Revolu\u00e7\u00e3o e Inoc\u00eancia: o perfil pol\u00edtico do campesinato brasileiro por Jos\u00e9 de Souza Martins&#8221;. Sociedade e Cultura, v. 9, p. 187-202, 2006.<\/p>\n\n\n\n<p><br>&#8220;Os valores de uma luta: a economia moral do movimento pela terra dos pequenos lavradores do Sert\u00e3o Carioca nos dif\u00edceis anos de 1945-1964&#8221;. <em>Mundo Agr\u00e1rio <\/em>(La Plata), v. 12, p. 1, 2006.<\/p>\n\n\n\n<p><br>&#8220;Olhos de papel: a cobertura do jornal O Globo sobre a luta pela terra no Sert\u00e3o Carioca (1951-1954)&#8221;. <em>Reforma Agr\u00e1ria<\/em>, v. 33, p. 227-241, 2006.<\/p>\n\n\n\n<p><br>&#8220;As Ligas Camponesas do PCB: a transforma\u00e7\u00e3o da quest\u00e3o agr\u00e1ria em a\u00e7\u00e3o pol\u00edtica (1928-1947)&#8221;. <em>Trocadero_ Revista de Historia de la Universidad de C\u00e1diz<\/em>, v. 17, p. 77-98, 2005. <\/p>\n\n\n\n<p><\/p>\n\n\n\n<p><\/p>\n\n\n\n<p><\/p>\n\n\n\n<p><\/p>\n","protected":false},"excerpt":{"rendered":"<p>&#8220;O debate sobre a ocupa\u00e7\u00e3o do Imb\u00e9 na C\u00e2mara Municipal de Campos dos Goytacazes, 1963&#8243;. Contempor\u00e2neos: Revista de Artes e Humanidades (Online), v. 22, p. 1-27, 2022. &#8220;O Celeiro da Cidade: a zona rural do Rio de Janeiro e seus impasses (1890-1956)&#8221;. Ch\u00e3o Urbano (Online), v. 5, p. 01-20, 2021. As Ligas Camponesas do Partido [&hellip;]<\/p>\n","protected":false},"author":29,"featured_media":0,"parent":0,"menu_order":0,"comment_status":"closed","ping_status":"closed","template":"","meta":{"_exactmetrics_skip_tracking":false,"_exactmetrics_sitenote_active":false,"_exactmetrics_sitenote_note":"","_exactmetrics_sitenote_category":0,"footnotes":""},"categories":[1],"tags":[],"class_list":["post-27","page","type-page","status-publish","hentry","category-sem-categoria"],"_links":{"self":[{"href":"https:\/\/www.professores.uff.br\/leonardossantos\/wp-json\/wp\/v2\/pages\/27","targetHints":{"allow":["GET"]}}],"collection":[{"href":"https:\/\/www.professores.uff.br\/leonardossantos\/wp-json\/wp\/v2\/pages"}],"about":[{"href":"https:\/\/www.professores.uff.br\/leonardossantos\/wp-json\/wp\/v2\/types\/page"}],"author":[{"embeddable":true,"href":"https:\/\/www.professores.uff.br\/leonardossantos\/wp-json\/wp\/v2\/users\/29"}],"replies":[{"embeddable":true,"href":"https:\/\/www.professores.uff.br\/leonardossantos\/wp-json\/wp\/v2\/comments?post=27"}],"version-history":[{"count":15,"href":"https:\/\/www.professores.uff.br\/leonardossantos\/wp-json\/wp\/v2\/pages\/27\/revisions"}],"predecessor-version":[{"id":410,"href":"https:\/\/www.professores.uff.br\/leonardossantos\/wp-json\/wp\/v2\/pages\/27\/revisions\/410"}],"wp:attachment":[{"href":"https:\/\/www.professores.uff.br\/leonardossantos\/wp-json\/wp\/v2\/media?parent=27"}],"wp:term":[{"taxonomy":"category","embeddable":true,"href":"https:\/\/www.professores.uff.br\/leonardossantos\/wp-json\/wp\/v2\/categories?post=27"},{"taxonomy":"post_tag","embeddable":true,"href":"https:\/\/www.professores.uff.br\/leonardossantos\/wp-json\/wp\/v2\/tags?post=27"}],"curies":[{"name":"wp","href":"https:\/\/api.w.org\/{rel}","templated":true}]}}