{"id":28,"date":"2018-09-19T00:47:26","date_gmt":"2018-09-19T03:47:26","guid":{"rendered":"http:\/\/www.professores.uff.br\/leonardossantos\/?page_id=28"},"modified":"2023-12-30T19:48:58","modified_gmt":"2023-12-30T22:48:58","slug":"livros","status":"publish","type":"page","link":"https:\/\/www.professores.uff.br\/leonardossantos\/livros\/","title":{"rendered":"Livros"},"content":{"rendered":"\n<p><\/p>\n\n\n\n<p><\/p>\n\n\n\n<p class=\"has-medium-font-size\"><strong>1.<a rel=\"noreferrer noopener\" href=\"http:\/\/lattes.cnpq.br\/9434859110436133\" target=\"_blank\">SANTOS, L. S.<\/a><\/strong>. As Ligas Camponesas do Partido Comunista do Brasil (1928-1954). 1. ed. Curitiba: Appris, 2022. v. 1. 189p<\/p>\n\n\n\n<figure class=\"wp-block-image size-large\"><img loading=\"lazy\" decoding=\"async\" width=\"458\" height=\"652\" src=\"https:\/\/www.professores.uff.br\/leonardossantos\/wp-content\/uploads\/sites\/27\/2023\/04\/61njxYc006L.jpg\" alt=\"\" class=\"wp-image-308\" srcset=\"https:\/\/www.professores.uff.br\/leonardossantos\/wp-content\/uploads\/sites\/27\/2023\/04\/61njxYc006L.jpg 458w, https:\/\/www.professores.uff.br\/leonardossantos\/wp-content\/uploads\/sites\/27\/2023\/04\/61njxYc006L-211x300.jpg 211w\" sizes=\"auto, (max-width: 458px) 100vw, 458px\" \/><\/figure>\n\n\n\n<p><\/p>\n\n\n\n<p class=\"has-medium-font-size\"><br><strong>2.<a rel=\"noreferrer noopener\" href=\"http:\/\/lattes.cnpq.br\/9434859110436133\" target=\"_blank\">SANTOS, L. S.<\/a><\/strong>. A vida rural das cidades: As atividades agr\u00edcolas no Rio de Janeiro do s\u00e9culo XIX. 1. ed. Rio de Janeiro: Amazon, 2020. v. 1. 110p .<img loading=\"lazy\" decoding=\"async\" width=\"178\" height=\"283\" class=\"wp-image-264\" style=\"width: 600px\" src=\"http:\/\/www.professores.uff.br\/leonardossantos\/wp-content\/uploads\/sites\/27\/2023\/04\/baixados-1.jpg\" alt=\"\"><\/p>\n\n\n\n<p><\/p>\n\n\n\n\n\n<p><\/p>\n\n\n\n<p class=\"has-medium-font-size\"><br><\/p>\n\n\n\n<p class=\"has-medium-font-size\"><strong>3.<a rel=\"noreferrer noopener\" href=\"http:\/\/lattes.cnpq.br\/9434859110436133\" target=\"_blank\">SANTOS, L. S.<\/a><\/strong>. A Zona Rural do Munic\u00edpio do Rio de Janeiro. 1. ed. Rio de Janeiro: Agbook, 2020. v. 1. 312p .<\/p>\n\n\n\n<figure class=\"wp-block-image size-large\"><img loading=\"lazy\" decoding=\"async\" width=\"453\" height=\"643\" src=\"https:\/\/www.professores.uff.br\/leonardossantos\/wp-content\/uploads\/sites\/27\/2023\/04\/cover_front_big.jpg\" alt=\"\" class=\"wp-image-310\" srcset=\"https:\/\/www.professores.uff.br\/leonardossantos\/wp-content\/uploads\/sites\/27\/2023\/04\/cover_front_big.jpg 453w, https:\/\/www.professores.uff.br\/leonardossantos\/wp-content\/uploads\/sites\/27\/2023\/04\/cover_front_big-211x300.jpg 211w\" sizes=\"auto, (max-width: 453px) 100vw, 453px\" \/><\/figure>\n\n\n\n<p><\/p>\n\n\n\n<p><\/p>\n\n\n\n<p class=\"has-medium-font-size\"><br><strong>4.<a rel=\"noreferrer noopener\" href=\"http:\/\/lattes.cnpq.br\/9434859110436133\" target=\"_blank\">SANTOS, L. S.<\/a><\/strong>. Um Sert\u00e3o entre muitas certezas: a luta pela terra na zona rural da cidade do Rio de Janeiro (1945-1964). 1. ed. Rio de Janeiro: Agbook, 2018. v. 1. 292p . <\/p>\n\n\n\n<figure class=\"wp-block-image size-large\"><img loading=\"lazy\" decoding=\"async\" width=\"640\" height=\"441\" src=\"https:\/\/www.professores.uff.br\/leonardossantos\/wp-content\/uploads\/sites\/27\/2023\/04\/Sem-t\u00edtulo-1.jpg\" alt=\"\" class=\"wp-image-305\" srcset=\"https:\/\/www.professores.uff.br\/leonardossantos\/wp-content\/uploads\/sites\/27\/2023\/04\/Sem-t\u00edtulo-1.jpg 640w, https:\/\/www.professores.uff.br\/leonardossantos\/wp-content\/uploads\/sites\/27\/2023\/04\/Sem-t\u00edtulo-1-300x207.jpg 300w\" sizes=\"auto, (max-width: 640px) 100vw, 640px\" \/><\/figure>\n\n\n\n<p><\/p>\n\n\n\n<p><\/p>\n\n\n\n<p class=\"has-text-align-left has-medium-font-size\">5. LUIGI, R. SANTOS, L.S., SANTOS, L. B., SANTOS, V. M., LIMA, M. S. B. <strong>Construindo territ\u00f3rios: projetos de domina\u00e7\u00e3o e resist\u00eancia dos povos do sul global<\/strong>. 1. ed. RIO DE JANEIRO: Consequ\u00eancia, 2023. v. 1. 271p .<\/p>\n\n\n\n<figure class=\"wp-block-image\"><img decoding=\"async\" src=\"https:\/\/i1.rgstatic.net\/publication\/374641023_Construindo_territorios_projetos_de_dominacao_e_resistencia_dos_povos_do_sul_global\/links\/6527f1533fa934104b1acaca\/largepreview.png\" alt=\"PDF) Construindo territ\u00f3rios: projetos de domina\u00e7\u00e3o e resist\u00eancia dos povos  do sul global\" \/><\/figure>\n\n\n\n<p><\/p>\n","protected":false},"excerpt":{"rendered":"<p>1.SANTOS, L. S.. As Ligas Camponesas do Partido Comunista do Brasil (1928-1954). 1. ed. Curitiba: Appris, 2022. v. 1. 189p 2.SANTOS, L. S.. A vida rural das cidades: As atividades agr\u00edcolas no Rio de Janeiro do s\u00e9culo XIX. 1. ed. Rio de Janeiro: Amazon, 2020. v. 1. 110p . 3.SANTOS, L. S.. A Zona Rural [&hellip;]<\/p>\n","protected":false},"author":29,"featured_media":0,"parent":0,"menu_order":0,"comment_status":"closed","ping_status":"closed","template":"","meta":{"_exactmetrics_skip_tracking":false,"_exactmetrics_sitenote_active":false,"_exactmetrics_sitenote_note":"","_exactmetrics_sitenote_category":0,"footnotes":""},"categories":[],"tags":[],"class_list":["post-28","page","type-page","status-publish","hentry"],"_links":{"self":[{"href":"https:\/\/www.professores.uff.br\/leonardossantos\/wp-json\/wp\/v2\/pages\/28","targetHints":{"allow":["GET"]}}],"collection":[{"href":"https:\/\/www.professores.uff.br\/leonardossantos\/wp-json\/wp\/v2\/pages"}],"about":[{"href":"https:\/\/www.professores.uff.br\/leonardossantos\/wp-json\/wp\/v2\/types\/page"}],"author":[{"embeddable":true,"href":"https:\/\/www.professores.uff.br\/leonardossantos\/wp-json\/wp\/v2\/users\/29"}],"replies":[{"embeddable":true,"href":"https:\/\/www.professores.uff.br\/leonardossantos\/wp-json\/wp\/v2\/comments?post=28"}],"version-history":[{"count":13,"href":"https:\/\/www.professores.uff.br\/leonardossantos\/wp-json\/wp\/v2\/pages\/28\/revisions"}],"predecessor-version":[{"id":389,"href":"https:\/\/www.professores.uff.br\/leonardossantos\/wp-json\/wp\/v2\/pages\/28\/revisions\/389"}],"wp:attachment":[{"href":"https:\/\/www.professores.uff.br\/leonardossantos\/wp-json\/wp\/v2\/media?parent=28"}],"wp:term":[{"taxonomy":"category","embeddable":true,"href":"https:\/\/www.professores.uff.br\/leonardossantos\/wp-json\/wp\/v2\/categories?post=28"},{"taxonomy":"post_tag","embeddable":true,"href":"https:\/\/www.professores.uff.br\/leonardossantos\/wp-json\/wp\/v2\/tags?post=28"}],"curies":[{"name":"wp","href":"https:\/\/api.w.org\/{rel}","templated":true}]}}